{"id":26566,"date":"2021-01-15T15:29:15","date_gmt":"2021-01-15T15:29:15","guid":{"rendered":"https:\/\/www.showdowndisplays.eu\/parcel-shipping-price-conditions\/"},"modified":"2026-04-01T07:04:35","modified_gmt":"2026-04-01T07:04:35","slug":"parcel-shipping-price-conditions","status":"publish","type":"page","link":"https:\/\/www.showdowndisplays.eu\/es\/parcel-shipping-price-conditions\/","title":{"rendered":"Condiciones de precios de env\u00edo de paquetes"},"content":{"rendered":"\n<h2 class=\"wp-block-heading\">Resumen de env\u00edos de paquetes por pa\u00eds desde el 1 de abril de 2026<\/h2>\n\n\n\n<style>\ntable.GeneratedTable {\n  width: 100%;\n  background-color: #ffffff;\n  border-collapse: collapse;\n  border-width: 2px;\n  border-color: #4b6ea5;\n  border-style: solid;\n  color: #000000;\n}\n\ntable.GeneratedTable td, table.GeneratedTable th {\n  border-width: 2px;\n  border-color: #4b6ea5;\n  border-style: solid;\n  padding: 3px;\n}\n\ntable.GeneratedTable thead {\n  background-color: #4b6ea5;\n}\n<\/style>\n\n<table class=\"GeneratedTable\">\n  <thead>\n    <tr>\n      <th>Pa\u00eds<\/th>\n      <th>\u20ac 0,- to 250,-<\/th>\n      <th>\u20ac 250,01 to 500,- <\/th>\n      <th>\u20ac 500,01 to 750,- <\/th>\n      <th>\u20ac 750,01 to 1000,- <\/th>\n      <th>Recargo 1: Paquete  gran tama\u00f1o* <\/th>\n      <th>Recargo 2: Palet* <\/th>\n      <th>Recargo 3: Palet XL* <\/th>\n\n    <\/tr>\n  <\/thead>\n  <tbody>\n    <tr>\n      <td>Alemania<\/td>\n      <td>\u20ac 10,07<\/td>\n      <td>\u20ac 16,11<\/td>\n      <td>\u20ac 30,21<\/td>\n      <td>\u20ac 60,42<\/td>\n      <td>\u20ac 37,00<\/td>\n      <td>\u20ac 77,00<\/td>\n      <td>\u20ac 152,00<\/td>\n    <\/tr>    \n<tr>\n      <td>Austria<\/td>\n      <td>\u20ac 10,49<\/td>\n      <td>\u20ac 16,78<\/td>\n      <td>\u20ac 31,47<\/td>\n      <td>\u20ac 62,94<\/td>\n      <td>\u20ac 32,00<\/td>\n      <td>\u20ac 94,00<\/td>\n      <td>\u20ac 223,00<\/td>\n    <\/tr>\n    <tr>\n      <td>B\u00e9lgica<\/td>\n      <td>\u20ac 12,61<\/td>\n      <td>\u20ac 20,18<\/td>\n      <td>\u20ac 37,83<\/td>\n      <td>\u20ac 75,66<\/td>\n      <td>\u20ac 32,00<\/td>\n      <td>\u20ac 105,00<\/td>\n      <td>\u20ac 187,00<\/td>\n    <\/tr>\n    <tr>\n      <td>Croacia<\/td>\n      <td>\u20ac 15,90<\/td>\n      <td>\u20ac 25,44<\/td>\n      <td>\u20ac 47,70<\/td>\n      <td>\u20ac 95,40<\/td>\n      <td>\u20ac 48,00<\/td>\n      <td>\u20ac 165,00<\/td>\n      <td>\u20ac 457,00<\/td>\n    <\/tr>\n    <tr>\n      <td>Dinamarca<\/td>\n      <td>\u20ac 11,13<\/td>\n      <td>\u20ac 17,81<\/td>\n      <td>\u20ac 33,39<\/td>\n      <td>\u20ac 66,78<\/td>\n      <td>\u20ac 41,00<\/td>\n      <td>\u20ac 132,00<\/td>\n      <td>\u20ac 455,00<\/td>\n    <\/tr>\n    <tr>\n      <td>Eslovenia<\/td>\n      <td>\u20ac 13,78<\/td>\n      <td>\u20ac 22,05<\/td>\n      <td>\u20ac 41,34<\/td>\n      <td>\u20ac 82,68<\/td>\n      <td>\u20ac 45,00<\/td>\n      <td>\u20ac 132,00<\/td>\n      <td>\u20ac 381,00<\/td>\n    <\/tr>\n    <tr>\n      <td>Eslovaquia<\/td>\n      <td>\u20ac 10,59<\/td>\n      <td>\u20ac 16,94<\/td>\n      <td>\u20ac 31,77<\/td>\n      <td>\u20ac 63,54<\/td>\n      <td>\u20ac 31,00<\/td>\n      <td>\u20ac 94,00<\/td>\n      <td>\u20ac 184,00<\/td>\n    <\/tr>\n    <tr>\n      <td>Espa\u00f1a<\/td>\n      <td>\u20ac 15,90<\/td>\n      <td>\u20ac 25,44<\/td>\n      <td>\u20ac 47,70<\/td>\n      <td>\u20ac 95,40<\/td>\n      <td>\u20ac 48,00<\/td>\n      <td>\u20ac 143,00<\/td>\n      <td>\u20ac 485,00<\/td>\n    <\/tr>\n    <tr>\n      <td>Estonia<\/td>\n      <td>\u20ac 26,50<\/td>\n      <td>\u20ac 42,40<\/td>\n      <td>\u20ac 79,50<\/td>\n      <td>\u20ac 159,00<\/td>\n      <td>\u20ac 48,00<\/td>\n      <td>\u20ac 187,00<\/td>\n      <td>\u20ac 455,00<\/td>\n    <\/tr>\n    <tr>\n      <td>Finlandia<\/td>\n      <td>\u20ac 18,97<\/td>\n      <td>\u20ac 30,35<\/td>\n      <td>\u20ac 56,91<\/td>\n      <td>\u20ac 113,82<\/td>\n      <td>\u20ac 52,00<\/td>\n      <td>\u20ac 209,00<\/td>\n      <td>\u20ac 733,00<\/td>\n    <\/tr>\n    <tr>\n      <td>Francia<\/td>\n      <td>\u20ac 13,67<\/td>\n      <td>\u20ac 21,87<\/td>\n      <td>\u20ac 41,01<\/td>\n      <td>\u20ac 82,02<\/td>\n      <td>\u20ac 43,00<\/td>\n      <td>\u20ac 154,00<\/td>\n      <td>\u20ac 319,00<\/td>\n    <\/tr>\n    <tr>\n      <td>Gran Breta\u00f1a<\/td>\n      <td>\u20ac 22,26<\/td>\n      <td>\u20ac 35,62<\/td>\n      <td>\u20ac 66,78<\/td>\n      <td>\u20ac 133,56<\/td>\n      <td>\u20ac 84,00<\/td>\n      <td>\u20ac 231,00<\/td>\n      <td>\u20ac 721,00<\/td>\n    <\/tr>\n    <tr>\n      <td>Grecia<\/td>\n      <td>\u20ac 21,09<\/td>\n      <td>\u20ac 33,74<\/td>\n      <td>\u20ac 63,27<\/td>\n      <td>\u20ac 126,54<\/td>\n      <td>\u20ac 84,00<\/td>\n      <td>\u20ac 176,00<\/td>\n      <td>\u20ac 469,00<\/td>\n    <\/tr>\n    <tr>\n      <td>Hungr\u00eda<\/td>\n      <td>\u20ac 11,13<\/td>\n      <td>\u20ac 17,81<\/td>\n      <td>\u20ac 33,39<\/td>\n      <td>\u20ac 66,78<\/td>\n      <td>\u20ac 37,00<\/td>\n      <td>\u20ac 110,00<\/td>\n      <td>\u20ac 381,00<\/td>\n    <\/tr>\n    <tr>\n      <td>Irlanda<\/td>\n      <td>\u20ac 21,20<\/td>\n      <td>\u20ac 33,92<\/td>\n      <td>\u20ac 63,60<\/td>\n      <td>\u20ac 127,20<\/td>\n      <td>\u20ac 48,00<\/td>\n      <td>\u20ac 264,00<\/td>\n      <td>\u20ac 719,00<\/td>\n    <\/tr>\n    <tr>\n      <td>Italia<\/td>\n      <td>\u20ac 10,59<\/td>\n      <td>\u20ac 16,94<\/td>\n      <td>\u20ac 31,77<\/td>\n      <td>\u20ac 63,54<\/td>\n      <td>\u20ac 41,00<\/td>\n      <td>\u20ac 154,00<\/td>\n      <td>\u20ac 325,00<\/td>\n    <\/tr>\n    <tr>\n      <td>Letonia<\/td>\n      <td>\u20ac 21,09<\/td>\n      <td>\u20ac 33,75<\/td>\n      <td>\u20ac 63,27<\/td>\n      <td>\u20ac 126,54<\/td>\n      <td>\u20ac 45,00<\/td>\n      <td>\u20ac 187,00<\/td>\n      <td>\u20ac 455,00<\/td>\n    <\/tr>\n    <tr>\n      <td>Liechtenstein<\/td>\n      <td>\u20ac 28,62<\/td>\n      <td>\u20ac 45,79<\/td>\n      <td>\u20ac 85,86<\/td>\n      <td>\u20ac 171,72<\/td>\n      <td>\u20ac 78,00<\/td>\n      <td>\u20ac 105,00<\/td>\n      <td>\u20ac 223,00<\/td>\n    <\/tr>\n    <tr>\n      <td>Lituania<\/td>\n      <td>\u20ac 21,09<\/td>\n      <td>\u20ac 33,74<\/td>\n      <td>\u20ac 63,27<\/td>\n      <td>\u20ac 126,54<\/td>\n      <td>\u20ac 45,00<\/td>\n      <td>\u20ac 187,00<\/td>\n      <td>\u20ac 455,00<\/td>\n    <\/tr>\n    <tr>\n      <td>Luxemburgo<\/td>\n      <td>\u20ac 15,90<\/td>\n      <td>\u20ac 25,44<\/td>\n      <td>\u20ac 47,70<\/td>\n      <td>\u20ac 95,40<\/td>\n      <td>\u20ac 41,00<\/td>\n      <td>\u20ac 105,00<\/td>\n      <td>\u20ac 354,00<\/td>\n    <\/tr>\n    <tr>\n      <td>Noruega<\/td>\n      <td>\u20ac 37,10<\/td>\n      <td>\u20ac 59,36<\/td>\n      <td>\u20ac 111,30<\/td>\n      <td>\u20ac 222,60<\/td>\n      <td>\u20ac 78,00<\/td>\n      <td>\u20ac 209,00<\/td>\n      <td>\u20ac 756,00<\/td>\n    <\/tr>\n    <tr>\n      <td>Pa\u00edses Bajos<\/td>\n      <td>\u20ac 9,43<\/td>\n      <td>\u20ac 15,09<\/td>\n      <td>\u20ac 28,29<\/td>\n      <td>\u20ac 56,58<\/td>\n      <td>\u20ac 39,00<\/td>\n      <td>\u20ac 105,00<\/td>\n      <td>\u20ac 182,00<\/td>\n    <\/tr>\n    <tr>\n      <td>Polonia<\/td>\n      <td>\u20ac 10,49<\/td>\n      <td>\u20ac 16,78<\/td>\n      <td>\u20ac 31,47<\/td>\n      <td>\u20ac 62,94<\/td>\n      <td>\u20ac 34,00<\/td>\n      <td>\u20ac 77,00<\/td>\n      <td>\u20ac 221,00<\/td>\n    <\/tr>\n    <tr>\n      <td>Portugal<\/td>\n      <td>\u20ac 17,91<\/td>\n      <td>\u20ac 28,66<\/td>\n      <td>\u20ac 53,73<\/td>\n      <td>\u20ac 107,46<\/td>\n      <td>\u20ac 48,00<\/td>\n      <td>\u20ac 187,00<\/td>\n      <td>\u20ac 616,00<\/td>\n    <\/tr>\n    <tr>\n      <td>Rep\u00fablica Checa<\/td>\n      <td>\u20ac 8,37<\/td>\n      <td>\u20ac 13,39<\/td>\n      <td>\u20ac 25,11<\/td>\n      <td>\u20ac 50,22<\/td>\n      <td>\u20ac 34,00<\/td>\n      <td>\u20ac 44,00<\/td>\n      <td>\u20ac 106,00<\/td>\n    <\/tr>\n    <tr>\n      <td>Rumania<\/td>\n      <td>\u20ac 13,78<\/td>\n      <td>\u20ac 22,05<\/td>\n      <td>\u20ac 41,34<\/td>\n      <td>\u20ac 82,68<\/td>\n      <td>\u20ac 45,00<\/td>\n      <td>\u20ac 132,00<\/td>\n      <td>\u20ac 485,00<\/td>\n    <\/tr>\n    <tr>\n      <td>Suecia<\/td>\n      <td>\u20ac 19,08<\/td>\n      <td>\u20ac 30,53<\/td>\n      <td>\u20ac 57,24<\/td>\n      <td>\u20ac 114,48<\/td>\n      <td>\u20ac 43,00<\/td>\n      <td>\u20ac 209,00<\/td>\n      <td>\u20ac 591,00<\/td>\n    <\/tr>   \n <tr>\n      <td>Suiza<\/td>\n      <td>\u20ac 26,50<\/td>\n      <td>\u20ac 42,40<\/td>\n      <td>\u20ac 79,50<\/td>\n      <td>\u20ac 159,00<\/td>\n      <td>\u20ac 78,00<\/td>\n      <td>\u20ac 176,00<\/td>\n      <td>\u20ac 436,00<\/td>\n    <\/tr>\n  <\/tbody>\n<\/table>\n\n\n\n<p>Todos los precios no incluyen IVA<\/p>\n\n\n\n<blockquote class=\"wp-block-quote is-layout-flow wp-block-quote-is-layout-flow\">\n<p><em>*Las tarifas de env\u00edo est\u00e1ndar se aplican a todos los pedidos realizados en Showdown Displays Europe.<br>Los recargos por env\u00edo de art\u00edculos de gran tama\u00f1o que se muestran arriba se aplican \u00fanicamente a los pedidos realizados a trav\u00e9s de la tienda online.<\/em><\/p>\n<\/blockquote>\n\n\n\n\n\n\n\n<blockquote class=\"wp-block-quote is-layout-flow wp-block-quote-is-layout-flow\">\n<p><em>Si se env\u00eda en palet EU u XL, se agregar\u00e1 el <a href=\"https:\/\/www.showdowndisplays.eu\/es\/costos-de-palets\/\">coste por palet<\/a> en la confirmaci\u00f3n<\/em>.<em> En caso de que desee saber los costos de los pallets por adelantado, comun\u00edquese con su vendedor.<\/em><\/p>\n<\/blockquote>\n\n\n\n\n\n\n\n<h2 class=\"wp-block-heading\">Dimensiones del paquete<\/h2>\n\n\n\n\n\n\n\n<h4 class=\"wp-block-heading\">Dimensiones m\u00e1ximas de los env\u00edos de paquetes<\/h4>\n\n\n\n<style>\ntable.GeneratedTable {\n  width: 100%;\n  background-color: #ffffff;\n  border-collapse: collapse;\n  border-width: 2px;\n  border-color: #4b6ea5;\n  border-style: solid;\n  color: #000000;\n}\n\ntable.GeneratedTable td, table.GeneratedTable th {\n  border-width: 2px;\n  border-color: #4b6ea5;\n  border-style: solid;\n  padding: 3px;\n}\n\ntable.GeneratedTable thead {\n  background-color: #4b6ea5;\n}\n<\/style>\n\n<table class=\"GeneratedTable\">\n  <thead>\n    <tr>\n      <th>L\u00edmites de la empresa transportista<\/th>\n      <th>Paquete est\u00e1ndar<\/th>\n      <th>Paquete de gran tama\u00f1o<\/th>\n      <th>Paquete extra grande<\/th>\n    <\/tr>\n  <\/thead>\n  <tbody>\n    <tr>\n      <td>Peso m\u00e1ximo (KG)<\/td>\n      <td><31,5<\/td>\n      <td>70<\/td>\n      <td>> 70<\/td>\n    <\/tr>\n    <tr>\n      <td>Lado m\u00e1s largo (cm)<\/td>\n      <td>< 150<\/td>\n      <td>< 274<\/td>\n      <td>> 274<\/td>\n    <\/tr>\n    <tr>\n      <td>M\u00e1x. ancho 1 (cm)<\/td>\n      <td>80<\/td>\n      <td>80<\/td>\n      <td>> 80<\/td>\n    <\/tr>\n    <tr>\n      <td>M\u00e1x. ancho 2 (cm)<\/td>\n      <td>80<\/td>\n      <td>80<\/td>\n      <td>> 80<\/td>\n    <\/tr>\n    <tr>\n      <td>Circunferencia (Girth)<\/td>\n      <td>330<\/td>\n      <td>400<\/td>\n      <td>> 400<\/td>\n    <\/tr>\n  <\/tbody>\n<\/table>\n\n\n\n<div style=\"height:20px\" aria-hidden=\"true\" class=\"wp-block-spacer\"><\/div>\n\n\n\n<div style=\"height:20px\" aria-hidden=\"true\" class=\"wp-block-spacer\"><\/div>\n\n\n\n<h4 class=\"wp-block-heading\"><\/h4>\n","protected":false},"excerpt":{"rendered":"<p>Resumen de env\u00edos de paquetes por pa\u00eds desde el 1 de abril de 2026 Pa\u00eds \u20ac 0,- to 250,- \u20ac&#8230;<\/p>\n","protected":false},"author":3,"featured_media":0,"parent":0,"menu_order":0,"comment_status":"closed","ping_status":"closed","template":"","meta":{"_acf_changed":false,"footnotes":""},"class_list":["post-26566","page","type-page","status-publish","hentry"],"acf":[],"_links":{"self":[{"href":"https:\/\/www.showdowndisplays.eu\/es\/wp-json\/wp\/v2\/pages\/26566","targetHints":{"allow":["GET"]}}],"collection":[{"href":"https:\/\/www.showdowndisplays.eu\/es\/wp-json\/wp\/v2\/pages"}],"about":[{"href":"https:\/\/www.showdowndisplays.eu\/es\/wp-json\/wp\/v2\/types\/page"}],"author":[{"embeddable":true,"href":"https:\/\/www.showdowndisplays.eu\/es\/wp-json\/wp\/v2\/users\/3"}],"replies":[{"embeddable":true,"href":"https:\/\/www.showdowndisplays.eu\/es\/wp-json\/wp\/v2\/comments?post=26566"}],"version-history":[{"count":46,"href":"https:\/\/www.showdowndisplays.eu\/es\/wp-json\/wp\/v2\/pages\/26566\/revisions"}],"predecessor-version":[{"id":55954,"href":"https:\/\/www.showdowndisplays.eu\/es\/wp-json\/wp\/v2\/pages\/26566\/revisions\/55954"}],"wp:attachment":[{"href":"https:\/\/www.showdowndisplays.eu\/es\/wp-json\/wp\/v2\/media?parent=26566"}],"curies":[{"name":"wp","href":"https:\/\/api.w.org\/{rel}","templated":true}]}}