{"id":22531,"date":"2022-07-11T12:21:47","date_gmt":"2022-07-11T12:21:47","guid":{"rendered":"https:\/\/www.showdowndisplays.eu\/?page_id=22531"},"modified":"2026-04-15T07:20:20","modified_gmt":"2026-04-15T07:20:20","slug":"servicio-de-visualizacion-de-impresion","status":"publish","type":"page","link":"https:\/\/www.showdowndisplays.eu\/es\/apoyo-en-marketing\/contenido-inspirador\/servicio-de-visualizacion-de-impresion\/","title":{"rendered":"Servicio de visualizaci\u00f3n de impresi\u00f3n"},"content":{"rendered":"\n<div class=\"wp-block-group block-white-background\"><div class=\"wp-block-group__inner-container is-layout-flow wp-block-group-is-layout-flow\">\n<h2 class=\"wp-block-heading\">\u00bfC\u00f3mo puede acceder a la visualizaci\u00f3n de impresi\u00f3n?<\/h2>\n\n\n\n<p>Le proporcionamos nuestro apoyo en todo el proceso de venta a trav\u00e9s de la completa visualizaci\u00f3n del producto que quiere vender a sus clientes. Imag\u00ednese una impresi\u00f3n o un producto entero con impresi\u00f3n incluida. Gracias a nuestra visualizaci\u00f3n sus clientes dispondr\u00e1n de una idea m\u00e1s clara de c\u00f3mo ser\u00e1 su producto elegido.<\/p>\n\n\n\n<div class=\"wp-block-media-text alignwide has-media-on-the-right is-stacked-on-mobile\"><div class=\"wp-block-media-text__content\">\n<p>\u00bfC\u00f3mo puede acceder a la visualizaci\u00f3n de impresi\u00f3n? Descargue la plantilla de impresi\u00f3n, cree el dise\u00f1o solicitado por su cliente en esta plantilla y<strong><mark style=\"background-color:rgba(0, 0, 0, 0);color:#5a7daf\" class=\"has-inline-color\">env\u00ede esta plantilla de impresi\u00f3n<\/mark><\/strong>a su contacto de ventas. H\u00e1gales saber qu\u00e9 producto le gustar\u00eda ver en la visualizaci\u00f3n gr\u00e1fica. Por ahora podemos ofrecer este servicio solo para las <a href=\"https:\/\/shop.showdowndisplays.eu\/outdoor\/outdoor-flags\" target=\"_blank\" rel=\"noreferrer noopener\">Banderas<\/a>, <a href=\"https:\/\/shop.showdowndisplays.eu\/table-cover-standing-round\" data-type=\"link\" data-id=\"https:\/\/shop.showdowndisplays.eu\/table-cover-standing-round\" target=\"_blank\" rel=\"noreferrer noopener\">Mantel para Mesa de Pie Redonda<\/a>, <a href=\"https:\/\/shop.showdowndisplays.eu\/parasol-horeca-slide-surslide200bl\" target=\"_blank\" data-type=\"link\" data-id=\"https:\/\/shop.showdowndisplays.eu\/parasol-horeca-slide-surslide200bl\" rel=\"noreferrer noopener\">Parasol Horeca Slide<\/a>, <a href=\"https:\/\/shop.showdowndisplays.eu\/tent-steel?path_id=211\" target=\"_blank\" rel=\"noreferrer noopener\">Carpa de Acero<\/a> y la<a href=\"https:\/\/shop.showdowndisplays.eu\/tent-alu-with-canopy?path_id=211\" target=\"_blank\" rel=\"noreferrer noopener\">Carpa Publicitaria<\/a> incluyendo la opci\u00f3n con paredes. Prepararemos una visualizaci\u00f3n de c\u00f3mo quedar\u00eda su dise\u00f1o en el producto y se la enviaremos. Gracias a esta visualizaci\u00f3n puede f\u00e1cilmente convencer al cliente que compre el producto con impresi\u00f3n.<\/p>\n\n\n\n<div style=\"height:24px\" aria-hidden=\"true\" class=\"wp-block-spacer\"><\/div>\n\n\n\n<div class=\"wp-block-buttons is-layout-flex wp-block-buttons-is-layout-flex\">\n<div class=\"wp-block-button\"><a class=\"wp-block-button__link wp-element-button\" href=\"mailto:marketing@showdowndisplays.eu\">Pida la visualizaci\u00f3n de su dise\u00f1o gratis<\/a><\/div>\n<\/div>\n<\/div><figure class=\"wp-block-media-text__media\"><img data-aspectratio=\"450\/288\" src=\"data:image\/gif;base64,R0lGODlhAQABAIAAAAAAAP\/\/\/yH5BAEAAAAALAAAAAABAAEAAAIBRAA7\" decoding=\"async\" width=\"450\" height=\"288\" data-src=\"https:\/\/www.showdowndisplays.eu\/wp-content\/uploads\/2022\/07\/Graphic_Visualisation_Service_Example-ES.gif\" alt=\"\" class=\"wp-image-23120 size-full lazyload\"\/><noscript><img decoding=\"async\" width=\"450\" height=\"288\" src=\"https:\/\/www.showdowndisplays.eu\/wp-content\/uploads\/2022\/07\/Graphic_Visualisation_Service_Example-ES.gif\" alt=\"\" class=\"wp-image-23120 size-full\"\/><\/noscript><\/figure><\/div>\n\n\n\n<p><strong>Nota:<\/strong> La visualizaci\u00f3n de impresi\u00f3n muestra c\u00f3mo quedar\u00eda su dise\u00f1o en el producto. Los datos de impresi\u00f3n subidos en su pedido prevalecen para el proceso de producci\u00f3n ante la visualizaci\u00f3n.<\/p>\n<\/div><\/div>\n","protected":false},"excerpt":{"rendered":"<p>\u00bfC\u00f3mo puede acceder a la visualizaci\u00f3n de impresi\u00f3n? Le proporcionamos nuestro apoyo en todo el proceso de venta a trav\u00e9s&#8230;<\/p>\n","protected":false},"author":14,"featured_media":0,"parent":9314,"menu_order":0,"comment_status":"closed","ping_status":"closed","template":"","meta":{"_acf_changed":false,"footnotes":""},"class_list":["post-22531","page","type-page","status-publish","hentry"],"acf":[],"_links":{"self":[{"href":"https:\/\/www.showdowndisplays.eu\/es\/wp-json\/wp\/v2\/pages\/22531","targetHints":{"allow":["GET"]}}],"collection":[{"href":"https:\/\/www.showdowndisplays.eu\/es\/wp-json\/wp\/v2\/pages"}],"about":[{"href":"https:\/\/www.showdowndisplays.eu\/es\/wp-json\/wp\/v2\/types\/page"}],"author":[{"embeddable":true,"href":"https:\/\/www.showdowndisplays.eu\/es\/wp-json\/wp\/v2\/users\/14"}],"replies":[{"embeddable":true,"href":"https:\/\/www.showdowndisplays.eu\/es\/wp-json\/wp\/v2\/comments?post=22531"}],"version-history":[{"count":10,"href":"https:\/\/www.showdowndisplays.eu\/es\/wp-json\/wp\/v2\/pages\/22531\/revisions"}],"predecessor-version":[{"id":56018,"href":"https:\/\/www.showdowndisplays.eu\/es\/wp-json\/wp\/v2\/pages\/22531\/revisions\/56018"}],"up":[{"embeddable":true,"href":"https:\/\/www.showdowndisplays.eu\/es\/wp-json\/wp\/v2\/pages\/9314"}],"wp:attachment":[{"href":"https:\/\/www.showdowndisplays.eu\/es\/wp-json\/wp\/v2\/media?parent=22531"}],"curies":[{"name":"wp","href":"https:\/\/api.w.org\/{rel}","templated":true}]}}