{"id":1476,"date":"2020-05-27T11:43:27","date_gmt":"2020-05-27T11:43:27","guid":{"rendered":"https:\/\/www.showdowndisplays.eu\/vacancies\/"},"modified":"2023-06-01T13:36:50","modified_gmt":"2023-06-01T13:36:50","slug":"vacantes","status":"publish","type":"page","link":"https:\/\/www.showdowndisplays.eu\/es\/vacantes\/","title":{"rendered":"Vacantes"},"content":{"rendered":"\n\n\n\n\n<h2 class=\"wp-block-heading\"><strong><strong>Encuentra tu reto en Showdown Displays Europe<\/strong><\/strong><\/h2>\n\n\n\n<p>Showdown Displays Europe est\u00e1 en auge, por eso estamos en busca cont\u00ednua de nuevos compa\u00f1eros entusiastas y animados para unirse al equipo. \u00a1A\u00f1ade nuestra p\u00e1gina web a tus favoritos y siguenos de cerca para conocer los puestos y oportunidades que tenemos para ofrecerte!<\/p>\n\n\n\n<p><strong><strong>\u00bfQuieres unirte a nuestro equipo?<\/strong><\/strong><\/p>\n\n\n\n<p>\u00bfEst\u00e1s interesado en alguna de nuestras vacantes? \u00bfNo encuentras tu nuevo rol entre las vacantes que anunciamos? \u00bfO tienes alguna pregunta? Enviarme tus preguntas a <a rel=\"noreferrer noopener\" href=\"mailto:talent@showdowndisplays.eu\" target=\"_blank\">talent@showdowndisplays.eu<\/a>.<\/p>\n\n\n\n<p>\u00bfNo has encontrado el puesto para t\u00ed entre nuestras vacantes? No dudes en enviarme una candidatura abierta. Responder\u00e9 a tu correo electr\u00f3nico lo antes posible.<\/p>\n\n\n\n<p>\u00a1Estamos deseando escuchar de ti!<\/p>\n","protected":false},"excerpt":{"rendered":"<p>Encuentra tu reto en Showdown Displays Europe Showdown Displays Europe est\u00e1 en auge, por eso estamos en busca cont\u00ednua de&#8230;<\/p>\n","protected":false},"author":3,"featured_media":0,"parent":0,"menu_order":0,"comment_status":"closed","ping_status":"closed","template":"template-pages\/vacancies.php","meta":{"_acf_changed":false,"footnotes":""},"class_list":["post-1476","page","type-page","status-publish","hentry"],"acf":[],"_links":{"self":[{"href":"https:\/\/www.showdowndisplays.eu\/es\/wp-json\/wp\/v2\/pages\/1476","targetHints":{"allow":["GET"]}}],"collection":[{"href":"https:\/\/www.showdowndisplays.eu\/es\/wp-json\/wp\/v2\/pages"}],"about":[{"href":"https:\/\/www.showdowndisplays.eu\/es\/wp-json\/wp\/v2\/types\/page"}],"author":[{"embeddable":true,"href":"https:\/\/www.showdowndisplays.eu\/es\/wp-json\/wp\/v2\/users\/3"}],"replies":[{"embeddable":true,"href":"https:\/\/www.showdowndisplays.eu\/es\/wp-json\/wp\/v2\/comments?post=1476"}],"version-history":[{"count":11,"href":"https:\/\/www.showdowndisplays.eu\/es\/wp-json\/wp\/v2\/pages\/1476\/revisions"}],"predecessor-version":[{"id":28197,"href":"https:\/\/www.showdowndisplays.eu\/es\/wp-json\/wp\/v2\/pages\/1476\/revisions\/28197"}],"wp:attachment":[{"href":"https:\/\/www.showdowndisplays.eu\/es\/wp-json\/wp\/v2\/media?parent=1476"}],"curies":[{"name":"wp","href":"https:\/\/api.w.org\/{rel}","templated":true}]}}