{"id":1464,"date":"2020-05-27T11:43:52","date_gmt":"2020-05-27T11:43:52","guid":{"rendered":"https:\/\/www.showdowndisplays.eu\/partnership\/"},"modified":"2024-03-01T08:47:07","modified_gmt":"2024-03-01T08:47:07","slug":"colaboracion","status":"publish","type":"page","link":"https:\/\/www.showdowndisplays.eu\/es\/colaboracion\/","title":{"rendered":"Colaboraci\u00f3n"},"content":{"rendered":"\n<div class=\"wp-block-media-text alignwide has-media-on-the-right is-stacked-on-mobile is-image-fill image-text-2\" style=\"grid-template-columns:auto 56%\"><div class=\"wp-block-media-text__content\">\n<h2 class=\"wp-block-heading\"><strong>\u00a1Colaboremos!<\/strong><\/h2>\n\n\n\n<p>\u00a1Colaboraci\u00f3n fomenta el crecimiento! Somos su asesor personal que le apoya en cada paso que da en su camino. Conocemos sus necesidades y le ofrecemos los recursos necesarios para que su negocio tenga \u00e9xito !<\/p>\n\n\n\n<p>Somos su tienda integral de se\u00f1alizaci\u00f3n publicitaria, de sistemas de comunicaci\u00f3n visual y material de PLV. Le facilitamos productos completos y f\u00e1ciles de usar, siendo tanto el hardware como la impresi\u00f3n de gr\u00e1ficas.<\/p>\n\n\n\n<p>Siendo l\u00edder en la industria dejamos a su total disposici\u00f3n nuestros productos, nuestra experiencia en fabricaci\u00f3n, los servicios de impresi\u00f3n, los recursos de marketing creativos, el soporte log\u00edstico, la atenci\u00f3n al cliente y muchos m\u00e1s. \u00a1Trabajemos y crezcamos juntos!<\/p>\n\n\n\n<p><strong>Solo para revendedores<\/strong><\/p>\n<\/div><figure class=\"wp-block-media-text__media\" style=\"background-image:url(https:\/\/www.showdowndisplays.eu\/wp-content\/uploads\/2022\/05\/Lets_Partner_FR-e1709282415851.jpg);background-position:50% 50%\"><img data-aspectratio=\"307\/399\" src=\"data:image\/gif;base64,R0lGODlhAQABAIAAAAAAAP\/\/\/yH5BAEAAAAALAAAAAABAAEAAAIBRAA7\" decoding=\"async\" width=\"307\" height=\"399\" data-src=\"https:\/\/www.showdowndisplays.eu\/wp-content\/uploads\/2022\/05\/Lets_Partner_FR-e1709282415851.jpg\" alt=\"Showdown-French-team\" class=\"wp-image-19144 size-full lazyload\" data-srcset=\"https:\/\/www.showdowndisplays.eu\/wp-content\/uploads\/2022\/05\/Lets_Partner_FR-e1709282415851.jpg 307w, https:\/\/www.showdowndisplays.eu\/wp-content\/uploads\/2022\/05\/Lets_Partner_FR-e1709282415851-208x270.jpg 208w, https:\/\/www.showdowndisplays.eu\/wp-content\/uploads\/2022\/05\/Lets_Partner_FR-e1709282415851-96x125.jpg 96w, https:\/\/www.showdowndisplays.eu\/wp-content\/uploads\/2022\/05\/Lets_Partner_FR-e1709282415851-154x200.jpg 154w\" sizes=\"(max-width: 307px) 100vw, 307px\" \/><noscript><img decoding=\"async\" width=\"307\" height=\"399\" src=\"https:\/\/www.showdowndisplays.eu\/wp-content\/uploads\/2022\/05\/Lets_Partner_FR-e1709282415851.jpg\" alt=\"Showdown-French-team\" class=\"wp-image-19144 size-full\" srcset=\"https:\/\/www.showdowndisplays.eu\/wp-content\/uploads\/2022\/05\/Lets_Partner_FR-e1709282415851.jpg 307w, https:\/\/www.showdowndisplays.eu\/wp-content\/uploads\/2022\/05\/Lets_Partner_FR-e1709282415851-208x270.jpg 208w, https:\/\/www.showdowndisplays.eu\/wp-content\/uploads\/2022\/05\/Lets_Partner_FR-e1709282415851-96x125.jpg 96w, https:\/\/www.showdowndisplays.eu\/wp-content\/uploads\/2022\/05\/Lets_Partner_FR-e1709282415851-154x200.jpg 154w\" sizes=\"(max-width: 307px) 100vw, 307px\" \/><\/noscript><\/figure><\/div>\n\n\n\n<h3 class=\"wp-block-heading\"><strong><strong>Acertado y a tiempo<\/strong><\/strong><\/h3>\n\n\n\n<ol class=\"wp-block-list\">\n<li>Deje que le asesoremos como su socio personal creativo con experiencia y conocimiento de producto, la zona y el mercado para poder valorar las nuevas oportunidades de venta<\/li>\n\n\n\n<li>Puede confiar en nosotros a lo largo de todo el proceso, desde la fabricaci\u00f3n del producto hasta la entrega an\u00f3nima a sus clientes<\/li>\n\n\n\n<li>Descubra y responda a las tendencias y novedades gracias a nuestros servicios de producci\u00f3n e impresi\u00f3n internos a nivel europeo<\/li>\n\n\n\n<li>\u00a1Dele un empuj\u00f3n a su negocio con la ayuda que le ofrece nuestro equipo de marketing support y d\u00edganos en qu\u00e9 podemos ayudarle!<\/li>\n\n\n\n<li>Haga su pedido donde y cuando quiera gracias a nuestra plataforma Online Reseller Platform<\/li>\n<\/ol>\n\n\n\n<div class=\"wp-block-buttons is-layout-flex wp-block-buttons-is-layout-flex\">\n<div class=\"wp-block-button\"><a class=\"wp-block-button__link wp-element-button\" href=\"https:\/\/shop.showdowndisplays.eu\/index.php?route=account\/register\" target=\"_blank\" rel=\"noreferrer noopener\">Crear cuenta<\/a><\/div>\n<\/div>\n\n\n\n<div class=\"wp-block-columns columns-with-background is-layout-flex wp-container-core-columns-is-layout-9d6595d7 wp-block-columns-is-layout-flex\">\n<div class=\"wp-block-column is-layout-flow wp-block-column-is-layout-flow\"><div class=\"wp-block-image\">\n<figure class=\"aligncenter size-large is-resized\"><img data-aspectratio=\"400\/400\" src=\"data:image\/gif;base64,R0lGODlhAQABAIAAAAAAAP\/\/\/yH5BAEAAAAALAAAAAABAAEAAAIBRAA7\" decoding=\"async\" width=\"400\" height=\"400\" data-src=\"https:\/\/www.showdowndisplays.eu\/wp-content\/uploads\/2021\/02\/Icon_1.png\" alt=\"\" class=\"wp-image-7149 lazyload\" style=\"width:90px;height:90px\" data-srcset=\"https:\/\/www.showdowndisplays.eu\/wp-content\/uploads\/2021\/02\/Icon_1.png 400w, https:\/\/www.showdowndisplays.eu\/wp-content\/uploads\/2021\/02\/Icon_1-270x270.png 270w, https:\/\/www.showdowndisplays.eu\/wp-content\/uploads\/2021\/02\/Icon_1-380x380.png 380w, https:\/\/www.showdowndisplays.eu\/wp-content\/uploads\/2021\/02\/Icon_1-96x96.png 96w, https:\/\/www.showdowndisplays.eu\/wp-content\/uploads\/2021\/02\/Icon_1-200x200.png 200w\" sizes=\"(max-width: 400px) 100vw, 400px\" \/><noscript><img decoding=\"async\" width=\"400\" height=\"400\" src=\"https:\/\/www.showdowndisplays.eu\/wp-content\/uploads\/2021\/02\/Icon_1.png\" alt=\"\" class=\"wp-image-7149\" style=\"width:90px;height:90px\" srcset=\"https:\/\/www.showdowndisplays.eu\/wp-content\/uploads\/2021\/02\/Icon_1.png 400w, https:\/\/www.showdowndisplays.eu\/wp-content\/uploads\/2021\/02\/Icon_1-270x270.png 270w, https:\/\/www.showdowndisplays.eu\/wp-content\/uploads\/2021\/02\/Icon_1-380x380.png 380w, https:\/\/www.showdowndisplays.eu\/wp-content\/uploads\/2021\/02\/Icon_1-96x96.png 96w, https:\/\/www.showdowndisplays.eu\/wp-content\/uploads\/2021\/02\/Icon_1-200x200.png 200w\" sizes=\"(max-width: 400px) 100vw, 400px\" \/><\/noscript><\/figure>\n<\/div>\n\n\n<h4 class=\"wp-block-heading has-text-align-center\"><strong>1. Registraci\u00f3n<\/strong><\/h4>\n\n\n\n<p class=\"has-text-align-center\">Reg\u00edstrese. Por favor, cumplimente todos los campos y env\u00ede su petici\u00f3n de registro.<\/p>\n\n\n\n<div style=\"height:20px\" aria-hidden=\"true\" class=\"wp-block-spacer\"><\/div>\n\n\n\n<div class=\"wp-block-buttons is-content-justification-center is-layout-flex wp-container-core-buttons-is-layout-16018d1d wp-block-buttons-is-layout-flex\">\n<div class=\"wp-block-button\"><a class=\"wp-block-button__link has-black-color has-luminous-vivid-amber-background-color has-text-color has-background wp-element-button\" href=\"https:\/\/shop.showdowndisplays.eu\/index.php?route=account\/register\" target=\"_blank\" rel=\"noreferrer noopener\">Registrarse<\/a><\/div>\n<\/div>\n<\/div>\n\n\n\n<div class=\"wp-block-column is-layout-flow wp-block-column-is-layout-flow\"><div class=\"wp-block-image\">\n<figure class=\"aligncenter size-large is-resized\"><img data-aspectratio=\"400\/400\" src=\"data:image\/gif;base64,R0lGODlhAQABAIAAAAAAAP\/\/\/yH5BAEAAAAALAAAAAABAAEAAAIBRAA7\" decoding=\"async\" width=\"400\" height=\"400\" data-src=\"https:\/\/www.showdowndisplays.eu\/wp-content\/uploads\/2021\/02\/Icon_2.png\" alt=\"\" class=\"wp-image-7156 lazyload\" style=\"width:90px;height:90px\" data-srcset=\"https:\/\/www.showdowndisplays.eu\/wp-content\/uploads\/2021\/02\/Icon_2.png 400w, https:\/\/www.showdowndisplays.eu\/wp-content\/uploads\/2021\/02\/Icon_2-270x270.png 270w, https:\/\/www.showdowndisplays.eu\/wp-content\/uploads\/2021\/02\/Icon_2-380x380.png 380w, https:\/\/www.showdowndisplays.eu\/wp-content\/uploads\/2021\/02\/Icon_2-96x96.png 96w, https:\/\/www.showdowndisplays.eu\/wp-content\/uploads\/2021\/02\/Icon_2-200x200.png 200w\" sizes=\"(max-width: 400px) 100vw, 400px\" \/><noscript><img decoding=\"async\" width=\"400\" height=\"400\" src=\"https:\/\/www.showdowndisplays.eu\/wp-content\/uploads\/2021\/02\/Icon_2.png\" alt=\"\" class=\"wp-image-7156\" style=\"width:90px;height:90px\" srcset=\"https:\/\/www.showdowndisplays.eu\/wp-content\/uploads\/2021\/02\/Icon_2.png 400w, https:\/\/www.showdowndisplays.eu\/wp-content\/uploads\/2021\/02\/Icon_2-270x270.png 270w, https:\/\/www.showdowndisplays.eu\/wp-content\/uploads\/2021\/02\/Icon_2-380x380.png 380w, https:\/\/www.showdowndisplays.eu\/wp-content\/uploads\/2021\/02\/Icon_2-96x96.png 96w, https:\/\/www.showdowndisplays.eu\/wp-content\/uploads\/2021\/02\/Icon_2-200x200.png 200w\" sizes=\"(max-width: 400px) 100vw, 400px\" \/><\/noscript><\/figure>\n<\/div>\n\n\n<h4 class=\"wp-block-heading has-text-align-center\"><strong>2. Verificaci\u00f3n de la cuenta<\/strong><\/h4>\n\n\n\n<p class=\"has-text-align-center\">Su petici\u00f3n ser\u00e1 asignada a su equipo de ventas personal. Revisar\u00e1n su petici\u00f3n y comprobar\u00e1n que la informaci\u00f3n se haya vinculado correctamente a su perfil.<\/p>\n<\/div>\n\n\n\n<div class=\"wp-block-column is-layout-flow wp-block-column-is-layout-flow\"><div class=\"wp-block-image\">\n<figure class=\"aligncenter size-large is-resized\"><img data-aspectratio=\"400\/400\" src=\"data:image\/gif;base64,R0lGODlhAQABAIAAAAAAAP\/\/\/yH5BAEAAAAALAAAAAABAAEAAAIBRAA7\" decoding=\"async\" width=\"400\" height=\"400\" data-src=\"https:\/\/www.showdowndisplays.eu\/wp-content\/uploads\/2021\/02\/Icon_3.png\" alt=\"\" class=\"wp-image-7163 lazyload\" style=\"width:90px;height:90px\" data-srcset=\"https:\/\/www.showdowndisplays.eu\/wp-content\/uploads\/2021\/02\/Icon_3.png 400w, https:\/\/www.showdowndisplays.eu\/wp-content\/uploads\/2021\/02\/Icon_3-270x270.png 270w, https:\/\/www.showdowndisplays.eu\/wp-content\/uploads\/2021\/02\/Icon_3-380x380.png 380w, https:\/\/www.showdowndisplays.eu\/wp-content\/uploads\/2021\/02\/Icon_3-96x96.png 96w, https:\/\/www.showdowndisplays.eu\/wp-content\/uploads\/2021\/02\/Icon_3-200x200.png 200w\" sizes=\"(max-width: 400px) 100vw, 400px\" \/><noscript><img decoding=\"async\" width=\"400\" height=\"400\" src=\"https:\/\/www.showdowndisplays.eu\/wp-content\/uploads\/2021\/02\/Icon_3.png\" alt=\"\" class=\"wp-image-7163\" style=\"width:90px;height:90px\" srcset=\"https:\/\/www.showdowndisplays.eu\/wp-content\/uploads\/2021\/02\/Icon_3.png 400w, https:\/\/www.showdowndisplays.eu\/wp-content\/uploads\/2021\/02\/Icon_3-270x270.png 270w, https:\/\/www.showdowndisplays.eu\/wp-content\/uploads\/2021\/02\/Icon_3-380x380.png 380w, https:\/\/www.showdowndisplays.eu\/wp-content\/uploads\/2021\/02\/Icon_3-96x96.png 96w, https:\/\/www.showdowndisplays.eu\/wp-content\/uploads\/2021\/02\/Icon_3-200x200.png 200w\" sizes=\"(max-width: 400px) 100vw, 400px\" \/><\/noscript><\/figure>\n<\/div>\n\n\n<h4 class=\"wp-block-heading has-text-align-center\"><strong>3. Confirmaci\u00f3n<\/strong><\/h4>\n\n\n\n<p class=\"has-text-align-center\">Recibir\u00e1 una confirmaci\u00f3n cuando su cuenta est\u00e9 completa. Despu\u00e9s podr\u00e1 ver todos nuestros productos, consultar precios y ver informaci\u00f3n sobre el stock, y descargar nuestros materiales adicionales. \u00a1Y a comprar!<\/p>\n<\/div>\n<\/div>\n\n\n\n<div class=\"wp-block-media-text alignwide is-stacked-on-mobile is-image-fill image-text-2\" style=\"grid-template-columns:53% auto\"><figure class=\"wp-block-media-text__media\" style=\"background-image:url(https:\/\/www.showdowndisplays.eu\/wp-content\/uploads\/2021\/05\/Foto-website-marketing-materials.jpg);background-position:95% 51%\"><img data-aspectratio=\"1024\/768\" src=\"data:image\/gif;base64,R0lGODlhAQABAIAAAAAAAP\/\/\/yH5BAEAAAAALAAAAAABAAEAAAIBRAA7\" decoding=\"async\" width=\"1024\" height=\"768\" data-src=\"https:\/\/www.showdowndisplays.eu\/wp-content\/uploads\/2021\/05\/Foto-website-marketing-materials.jpg\" alt=\"\" class=\"wp-image-11174 size-full lazyload\" data-srcset=\"https:\/\/www.showdowndisplays.eu\/wp-content\/uploads\/2021\/05\/Foto-website-marketing-materials.jpg 1024w, https:\/\/www.showdowndisplays.eu\/wp-content\/uploads\/2021\/05\/Foto-website-marketing-materials-360x270.jpg 360w, https:\/\/www.showdowndisplays.eu\/wp-content\/uploads\/2021\/05\/Foto-website-marketing-materials-768x576.jpg 768w, https:\/\/www.showdowndisplays.eu\/wp-content\/uploads\/2021\/05\/Foto-website-marketing-materials-380x285.jpg 380w, https:\/\/www.showdowndisplays.eu\/wp-content\/uploads\/2021\/05\/Foto-website-marketing-materials-96x72.jpg 96w, https:\/\/www.showdowndisplays.eu\/wp-content\/uploads\/2021\/05\/Foto-website-marketing-materials-200x150.jpg 200w\" sizes=\"(max-width: 1024px) 100vw, 1024px\" \/><noscript><img decoding=\"async\" width=\"1024\" height=\"768\" src=\"https:\/\/www.showdowndisplays.eu\/wp-content\/uploads\/2021\/05\/Foto-website-marketing-materials.jpg\" alt=\"\" class=\"wp-image-11174 size-full\" srcset=\"https:\/\/www.showdowndisplays.eu\/wp-content\/uploads\/2021\/05\/Foto-website-marketing-materials.jpg 1024w, https:\/\/www.showdowndisplays.eu\/wp-content\/uploads\/2021\/05\/Foto-website-marketing-materials-360x270.jpg 360w, https:\/\/www.showdowndisplays.eu\/wp-content\/uploads\/2021\/05\/Foto-website-marketing-materials-768x576.jpg 768w, https:\/\/www.showdowndisplays.eu\/wp-content\/uploads\/2021\/05\/Foto-website-marketing-materials-380x285.jpg 380w, https:\/\/www.showdowndisplays.eu\/wp-content\/uploads\/2021\/05\/Foto-website-marketing-materials-96x72.jpg 96w, https:\/\/www.showdowndisplays.eu\/wp-content\/uploads\/2021\/05\/Foto-website-marketing-materials-200x150.jpg 200w\" sizes=\"(max-width: 1024px) 100vw, 1024px\" \/><\/noscript><\/figure><div class=\"wp-block-media-text__content\">\n<h3 class=\"wp-block-heading\"><strong><strong>Su pedido cu\u00e1ndo y d\u00f3nde quiera<\/strong><\/strong><\/h3>\n\n\n\n<p>Nuestra plataforma online le permite encontrar productos y hacer pedidos d\u00f3nde y cu\u00e1ndo quiera. La plataforma le proporciona toda la informaci\u00f3n que necesita: nuestro portafolio completo, stock disponible y fechas de env\u00edo estimadas. Todo visible al momento.<\/p>\n\n\n\n<p>Con su cuenta personal tambi\u00e9n tiene acceso a varios materiales de marketing: las fotos de los productos, tutoriales, fichas de producto, plantillas de impresi\u00f3n y muchos m\u00e1s. \u00a1Encuentre su producto!<\/p>\n\n\n\n<p>\u00bfTiene preguntas o desea conseguir m\u00e1s informaci\u00f3n acerca de lo que podemos hacer el uno por el otro? Ll\u00e1menos a <a href=\"tel:+31 (0)85-0660350\">+31 (0)85-0660350<\/a> o env\u00edenos un correo electr\u00f3nico a <a href=\"mailto:quotation@showdowndisplays.eu\">quotation@showdowndisplays.eu<\/a>.<\/p>\n<\/div><\/div>\n\n\n\n<div style=\"height:20px\" aria-hidden=\"true\" class=\"wp-block-spacer\"><\/div>\n\n\n\n<h2 class=\"wp-block-heading has-text-align-center\">P\u00e1ginas relacionadas<\/h2>\n\n\n    <div class=\"marketing\">\r\n                                <div class=\"marketing__item marketing__item--3\">\r\n\r\n                <div class=\"marketing__image\">\r\n                    <img data-aspectratio=\"380\/238\" decoding=\"async\" width=\"380\" height=\"238\" data-aspectratio=\"380\/238\" src=\"data:image\/gif;base64,R0lGODlhAQABAIAAAAAAAP\/\/\/yH5BAEAAAAALAAAAAABAAEAAAIBRAA7\" data-src=\"https:\/\/www.showdowndisplays.eu\/wp-content\/uploads\/2021\/08\/Customisation_Related-pages-380x238.jpg\" class=\"attachment-about-us size-about-us lazyload\" alt=\"Showdown-customisation\" data-srcset=\"https:\/\/www.showdowndisplays.eu\/wp-content\/uploads\/2021\/08\/Customisation_Related-pages-380x238.jpg 380w, https:\/\/www.showdowndisplays.eu\/wp-content\/uploads\/2021\/08\/Customisation_Related-pages-432x270.jpg 432w, https:\/\/www.showdowndisplays.eu\/wp-content\/uploads\/2021\/08\/Customisation_Related-pages-768x480.jpg 768w, https:\/\/www.showdowndisplays.eu\/wp-content\/uploads\/2021\/08\/Customisation_Related-pages-96x60.jpg 96w, https:\/\/www.showdowndisplays.eu\/wp-content\/uploads\/2021\/08\/Customisation_Related-pages-200x125.jpg 200w, https:\/\/www.showdowndisplays.eu\/wp-content\/uploads\/2021\/08\/Customisation_Related-pages.jpg 800w\" sizes=\"(max-width: 380px) 100vw, 380px\" \/><noscript><img decoding=\"async\" width=\"380\" height=\"238\" data-aspectratio=\"380\/238\" src=\"data:image\/gif;base64,R0lGODlhAQABAIAAAAAAAP\/\/\/yH5BAEAAAAALAAAAAABAAEAAAIBRAA7\" data-src=\"https:\/\/www.showdowndisplays.eu\/wp-content\/uploads\/2021\/08\/Customisation_Related-pages-380x238.jpg\" class=\"attachment-about-us size-about-us lazyload\" alt=\"Showdown-customisation\" data-srcset=\"https:\/\/www.showdowndisplays.eu\/wp-content\/uploads\/2021\/08\/Customisation_Related-pages-380x238.jpg 380w, https:\/\/www.showdowndisplays.eu\/wp-content\/uploads\/2021\/08\/Customisation_Related-pages-432x270.jpg 432w, https:\/\/www.showdowndisplays.eu\/wp-content\/uploads\/2021\/08\/Customisation_Related-pages-768x480.jpg 768w, https:\/\/www.showdowndisplays.eu\/wp-content\/uploads\/2021\/08\/Customisation_Related-pages-96x60.jpg 96w, https:\/\/www.showdowndisplays.eu\/wp-content\/uploads\/2021\/08\/Customisation_Related-pages-200x125.jpg 200w, https:\/\/www.showdowndisplays.eu\/wp-content\/uploads\/2021\/08\/Customisation_Related-pages.jpg 800w\" sizes=\"(max-width: 380px) 100vw, 380px\" \/><\/noscript>                <\/div>\r\n                <div class=\"marketing__content-wrapper global-style\">\r\n                                            <div class=\"marketing__title-wrapper\">\r\n                            <h3>Personalizaci\u00f3n<\/h3>\r\n                        <\/div>\r\n                                        <div class=\"marketing__content\">\r\n                                            <\/div>\r\n                <\/div>\r\n\r\n                                    <a href=\"https:\/\/www.showdowndisplays.eu\/es\/personalizacion\/\"  class=\"marketing__read-more link-with-arrow link-with-arrow--blue\">Le\u00e9r mas<\/a>\r\n                \r\n            <\/div>\r\n\r\n                                <div class=\"marketing__item marketing__item--3\">\r\n\r\n                <div class=\"marketing__image\">\r\n                    <img data-aspectratio=\"380\/238\" decoding=\"async\" width=\"380\" height=\"238\" data-aspectratio=\"380\/238\" src=\"data:image\/gif;base64,R0lGODlhAQABAIAAAAAAAP\/\/\/yH5BAEAAAAALAAAAAABAAEAAAIBRAA7\" data-src=\"https:\/\/www.showdowndisplays.eu\/wp-content\/uploads\/2021\/01\/Product-photos-and-videos-3-380x238.jpg\" class=\"attachment-about-us size-about-us lazyload\" alt=\" width\" data-srcset=\"https:\/\/www.showdowndisplays.eu\/wp-content\/uploads\/2021\/01\/Product-photos-and-videos-3-380x238.jpg 380w, https:\/\/www.showdowndisplays.eu\/wp-content\/uploads\/2021\/01\/Product-photos-and-videos-3-432x270.jpg 432w, https:\/\/www.showdowndisplays.eu\/wp-content\/uploads\/2021\/01\/Product-photos-and-videos-3-1024x640.jpg 1024w, https:\/\/www.showdowndisplays.eu\/wp-content\/uploads\/2021\/01\/Product-photos-and-videos-3-768x480.jpg 768w, https:\/\/www.showdowndisplays.eu\/wp-content\/uploads\/2021\/01\/Product-photos-and-videos-3-1536x960.jpg 1536w, https:\/\/www.showdowndisplays.eu\/wp-content\/uploads\/2021\/01\/Product-photos-and-videos-3-96x60.jpg 96w, https:\/\/www.showdowndisplays.eu\/wp-content\/uploads\/2021\/01\/Product-photos-and-videos-3-200x125.jpg 200w, https:\/\/www.showdowndisplays.eu\/wp-content\/uploads\/2021\/01\/Product-photos-and-videos-3.jpg 1600w\" sizes=\"(max-width: 380px) 100vw, 380px\" \/><noscript><img decoding=\"async\" width=\"380\" height=\"238\" data-aspectratio=\"380\/238\" src=\"data:image\/gif;base64,R0lGODlhAQABAIAAAAAAAP\/\/\/yH5BAEAAAAALAAAAAABAAEAAAIBRAA7\" data-src=\"https:\/\/www.showdowndisplays.eu\/wp-content\/uploads\/2021\/01\/Product-photos-and-videos-3-380x238.jpg\" class=\"attachment-about-us size-about-us lazyload\" alt=\" width\" data-srcset=\"https:\/\/www.showdowndisplays.eu\/wp-content\/uploads\/2021\/01\/Product-photos-and-videos-3-380x238.jpg 380w, https:\/\/www.showdowndisplays.eu\/wp-content\/uploads\/2021\/01\/Product-photos-and-videos-3-432x270.jpg 432w, https:\/\/www.showdowndisplays.eu\/wp-content\/uploads\/2021\/01\/Product-photos-and-videos-3-1024x640.jpg 1024w, https:\/\/www.showdowndisplays.eu\/wp-content\/uploads\/2021\/01\/Product-photos-and-videos-3-768x480.jpg 768w, https:\/\/www.showdowndisplays.eu\/wp-content\/uploads\/2021\/01\/Product-photos-and-videos-3-1536x960.jpg 1536w, https:\/\/www.showdowndisplays.eu\/wp-content\/uploads\/2021\/01\/Product-photos-and-videos-3-96x60.jpg 96w, https:\/\/www.showdowndisplays.eu\/wp-content\/uploads\/2021\/01\/Product-photos-and-videos-3-200x125.jpg 200w, https:\/\/www.showdowndisplays.eu\/wp-content\/uploads\/2021\/01\/Product-photos-and-videos-3.jpg 1600w\" sizes=\"(max-width: 380px) 100vw, 380px\" \/><\/noscript>                <\/div>\r\n                <div class=\"marketing__content-wrapper global-style\">\r\n                                            <div class=\"marketing__title-wrapper\">\r\n                            <h3>Apoyo en marketing<\/h3>\r\n                        <\/div>\r\n                                        <div class=\"marketing__content\">\r\n                                            <\/div>\r\n                <\/div>\r\n\r\n                                    <a href=\"https:\/\/www.showdowndisplays.eu\/es\/apoyo-en-marketing\/\"  class=\"marketing__read-more link-with-arrow link-with-arrow--blue\">Le\u00e9r mas<\/a>\r\n                \r\n            <\/div>\r\n\r\n                                <div class=\"marketing__item marketing__item--3\">\r\n\r\n                <div class=\"marketing__image\">\r\n                    <img data-aspectratio=\"380\/238\" decoding=\"async\" width=\"380\" height=\"238\" data-aspectratio=\"380\/238\" src=\"data:image\/gif;base64,R0lGODlhAQABAIAAAAAAAP\/\/\/yH5BAEAAAAALAAAAAABAAEAAAIBRAA7\" data-src=\"https:\/\/www.showdowndisplays.eu\/wp-content\/uploads\/2022\/06\/MicrosoftTeams-image-74.jpg\" class=\"attachment-about-us size-about-us lazyload\" alt=\"Wind Turbines In Oiz Eolic Park. Basque Country\" data-srcset=\"https:\/\/www.showdowndisplays.eu\/wp-content\/uploads\/2022\/06\/MicrosoftTeams-image-74.jpg 380w, https:\/\/www.showdowndisplays.eu\/wp-content\/uploads\/2022\/06\/MicrosoftTeams-image-74-96x60.jpg 96w, https:\/\/www.showdowndisplays.eu\/wp-content\/uploads\/2022\/06\/MicrosoftTeams-image-74-200x125.jpg 200w\" sizes=\"(max-width: 380px) 100vw, 380px\" \/><noscript><img decoding=\"async\" width=\"380\" height=\"238\" data-aspectratio=\"380\/238\" src=\"data:image\/gif;base64,R0lGODlhAQABAIAAAAAAAP\/\/\/yH5BAEAAAAALAAAAAABAAEAAAIBRAA7\" data-src=\"https:\/\/www.showdowndisplays.eu\/wp-content\/uploads\/2022\/06\/MicrosoftTeams-image-74.jpg\" class=\"attachment-about-us size-about-us lazyload\" alt=\"Wind Turbines In Oiz Eolic Park. Basque Country\" data-srcset=\"https:\/\/www.showdowndisplays.eu\/wp-content\/uploads\/2022\/06\/MicrosoftTeams-image-74.jpg 380w, https:\/\/www.showdowndisplays.eu\/wp-content\/uploads\/2022\/06\/MicrosoftTeams-image-74-96x60.jpg 96w, https:\/\/www.showdowndisplays.eu\/wp-content\/uploads\/2022\/06\/MicrosoftTeams-image-74-200x125.jpg 200w\" sizes=\"(max-width: 380px) 100vw, 380px\" \/><\/noscript>                <\/div>\r\n                <div class=\"marketing__content-wrapper global-style\">\r\n                                            <div class=\"marketing__title-wrapper\">\r\n                            <h3>Responsabilidad Social Corporativa<\/h3>\r\n                        <\/div>\r\n                                        <div class=\"marketing__content\">\r\n                                            <\/div>\r\n                <\/div>\r\n\r\n                                    <a href=\"https:\/\/www.showdowndisplays.eu\/es\/csr\/\"  class=\"marketing__read-more link-with-arrow link-with-arrow--blue\">Le\u00e9r mas<\/a>\r\n                \r\n            <\/div>\r\n\r\n            <\/div>\r\n","protected":false},"excerpt":{"rendered":"<p>\u00a1Colaboremos! \u00a1Colaboraci\u00f3n fomenta el crecimiento! Somos su asesor personal que le apoya en cada paso que da en su camino&#8230;.<\/p>\n","protected":false},"author":3,"featured_media":0,"parent":0,"menu_order":0,"comment_status":"closed","ping_status":"closed","template":"","meta":{"_acf_changed":false,"footnotes":""},"class_list":["post-1464","page","type-page","status-publish","hentry"],"acf":[],"_links":{"self":[{"href":"https:\/\/www.showdowndisplays.eu\/es\/wp-json\/wp\/v2\/pages\/1464","targetHints":{"allow":["GET"]}}],"collection":[{"href":"https:\/\/www.showdowndisplays.eu\/es\/wp-json\/wp\/v2\/pages"}],"about":[{"href":"https:\/\/www.showdowndisplays.eu\/es\/wp-json\/wp\/v2\/types\/page"}],"author":[{"embeddable":true,"href":"https:\/\/www.showdowndisplays.eu\/es\/wp-json\/wp\/v2\/users\/3"}],"replies":[{"embeddable":true,"href":"https:\/\/www.showdowndisplays.eu\/es\/wp-json\/wp\/v2\/comments?post=1464"}],"version-history":[{"count":35,"href":"https:\/\/www.showdowndisplays.eu\/es\/wp-json\/wp\/v2\/pages\/1464\/revisions"}],"predecessor-version":[{"id":33978,"href":"https:\/\/www.showdowndisplays.eu\/es\/wp-json\/wp\/v2\/pages\/1464\/revisions\/33978"}],"wp:attachment":[{"href":"https:\/\/www.showdowndisplays.eu\/es\/wp-json\/wp\/v2\/media?parent=1464"}],"curies":[{"name":"wp","href":"https:\/\/api.w.org\/{rel}","templated":true}]}}