{"id":12328,"date":"2021-04-30T12:56:55","date_gmt":"2021-04-30T12:56:55","guid":{"rendered":"https:\/\/www.showdowndisplays.eu\/services\/"},"modified":"2025-12-17T14:41:31","modified_gmt":"2025-12-17T14:41:31","slug":"servicios","status":"publish","type":"page","link":"https:\/\/www.showdowndisplays.eu\/es\/servicios\/","title":{"rendered":"Servicios"},"content":{"rendered":"\n<div class=\"wp-block-group\"><div class=\"wp-block-group__inner-container is-layout-flow wp-block-group-is-layout-flow\">\n<h6 class=\"wp-block-heading has-text-align-center\"><a href=\"#print-services\">Servicios de impresi\u00f3n<\/a>  \u2022  <a href=\"#drop-shipment\">Servicio de env\u00edo directo<\/a>  \u2022  <a href=\"#marketing-support\">Apoyo en marketing<\/a>  \u2022  <a href=\"#customisation\">Personalizaci\u00f3n<\/a><\/h6>\n\n\n\n\n<\/div><\/div>\n\n\n\n<div style=\"height:30px\" aria-hidden=\"true\" class=\"wp-block-spacer\"><\/div>\n\n\n\n<div class=\"wp-block-media-text alignwide has-media-on-the-right is-stacked-on-mobile is-image-fill-element image-text-2\"><div class=\"wp-block-media-text__content\">\n<div style=\"height:20px\" aria-hidden=\"true\" class=\"wp-block-spacer\"><\/div>\n\n\n\n<h4 class=\"wp-block-heading\" id=\"print-services\">Servicios de impresi\u00f3n<\/h4>\n\n\n\n<h2 class=\"wp-block-heading\">Somos la tienda que ofrece todo en uno y le entrega productos listos para usar<\/h2>\n\n\n\n<p>Reciba su producto listo para usar, suministrado por su \u00fanico socio y enviado desde la misma ubicaci\u00f3n. Gracias a nuestra propia planta de producci\u00f3n e impresi\u00f3n en la Rep\u00fablica Checa somos capaces de satisfacer sus necesidades de productos visuales y de impresi\u00f3n.<\/p>\n\n\n\n<div class=\"wp-block-buttons is-layout-flex wp-block-buttons-is-layout-flex\">\n<div class=\"wp-block-button\"><a class=\"wp-block-button__link wp-element-button\" href=\"https:\/\/www.showdowndisplays.eu\/es\/servicios\/print-services-2\/\" target=\"_blank\" rel=\"noreferrer noopener\">Descubra m\u00e1s sobre nuestros servicios de impresi\u00f3n<\/a><\/div>\n<\/div>\n\n\n\n<div style=\"height:20px\" aria-hidden=\"true\" class=\"wp-block-spacer\"><\/div>\n<\/div><figure class=\"wp-block-media-text__media\"><img data-aspectratio=\"1024\/683\" src=\"data:image\/gif;base64,R0lGODlhAQABAIAAAAAAAP\/\/\/yH5BAEAAAAALAAAAAABAAEAAAIBRAA7\" decoding=\"async\" width=\"1024\" height=\"683\" data-src=\"https:\/\/www.showdowndisplays.eu\/wp-content\/uploads\/2022\/07\/Print-services_landscape_up.jpg\" alt=\"\" class=\"wp-image-23961 size-full lazyload\" style=\"object-position:50% 50%\" data-srcset=\"https:\/\/www.showdowndisplays.eu\/wp-content\/uploads\/2022\/07\/Print-services_landscape_up.jpg 1024w, https:\/\/www.showdowndisplays.eu\/wp-content\/uploads\/2022\/07\/Print-services_landscape_up-405x270.jpg 405w, https:\/\/www.showdowndisplays.eu\/wp-content\/uploads\/2022\/07\/Print-services_landscape_up-768x512.jpg 768w, https:\/\/www.showdowndisplays.eu\/wp-content\/uploads\/2022\/07\/Print-services_landscape_up-380x253.jpg 380w, https:\/\/www.showdowndisplays.eu\/wp-content\/uploads\/2022\/07\/Print-services_landscape_up-96x64.jpg 96w, https:\/\/www.showdowndisplays.eu\/wp-content\/uploads\/2022\/07\/Print-services_landscape_up-200x133.jpg 200w\" sizes=\"(max-width: 1024px) 100vw, 1024px\" \/><noscript><img decoding=\"async\" width=\"1024\" height=\"683\" src=\"https:\/\/www.showdowndisplays.eu\/wp-content\/uploads\/2022\/07\/Print-services_landscape_up.jpg\" alt=\"\" class=\"wp-image-23961 size-full\" style=\"object-position:50% 50%\" srcset=\"https:\/\/www.showdowndisplays.eu\/wp-content\/uploads\/2022\/07\/Print-services_landscape_up.jpg 1024w, https:\/\/www.showdowndisplays.eu\/wp-content\/uploads\/2022\/07\/Print-services_landscape_up-405x270.jpg 405w, https:\/\/www.showdowndisplays.eu\/wp-content\/uploads\/2022\/07\/Print-services_landscape_up-768x512.jpg 768w, https:\/\/www.showdowndisplays.eu\/wp-content\/uploads\/2022\/07\/Print-services_landscape_up-380x253.jpg 380w, https:\/\/www.showdowndisplays.eu\/wp-content\/uploads\/2022\/07\/Print-services_landscape_up-96x64.jpg 96w, https:\/\/www.showdowndisplays.eu\/wp-content\/uploads\/2022\/07\/Print-services_landscape_up-200x133.jpg 200w\" sizes=\"(max-width: 1024px) 100vw, 1024px\" \/><\/noscript><\/figure><\/div>\n\n\n\n<div style=\"height:20px\" aria-hidden=\"true\" class=\"wp-block-spacer\"><\/div>\n\n\n\n<div class=\"wp-block-media-text alignwide is-stacked-on-mobile is-image-fill-element\"><figure class=\"wp-block-media-text__media\"><img data-aspectratio=\"1024\/683\" src=\"data:image\/gif;base64,R0lGODlhAQABAIAAAAAAAP\/\/\/yH5BAEAAAAALAAAAAABAAEAAAIBRAA7\" decoding=\"async\" width=\"1024\" height=\"683\" data-src=\"https:\/\/www.showdowndisplays.eu\/wp-content\/uploads\/2023\/01\/Dropshipment-7.jpg\" alt=\"\" class=\"wp-image-26192 size-full lazyload\" style=\"object-position:44% 48%\" data-srcset=\"https:\/\/www.showdowndisplays.eu\/wp-content\/uploads\/2023\/01\/Dropshipment-7.jpg 1024w, https:\/\/www.showdowndisplays.eu\/wp-content\/uploads\/2023\/01\/Dropshipment-7-405x270.jpg 405w, https:\/\/www.showdowndisplays.eu\/wp-content\/uploads\/2023\/01\/Dropshipment-7-768x512.jpg 768w, https:\/\/www.showdowndisplays.eu\/wp-content\/uploads\/2023\/01\/Dropshipment-7-380x253.jpg 380w, https:\/\/www.showdowndisplays.eu\/wp-content\/uploads\/2023\/01\/Dropshipment-7-96x64.jpg 96w, https:\/\/www.showdowndisplays.eu\/wp-content\/uploads\/2023\/01\/Dropshipment-7-200x133.jpg 200w\" sizes=\"(max-width: 1024px) 100vw, 1024px\" \/><noscript><img decoding=\"async\" width=\"1024\" height=\"683\" src=\"https:\/\/www.showdowndisplays.eu\/wp-content\/uploads\/2023\/01\/Dropshipment-7.jpg\" alt=\"\" class=\"wp-image-26192 size-full\" style=\"object-position:44% 48%\" srcset=\"https:\/\/www.showdowndisplays.eu\/wp-content\/uploads\/2023\/01\/Dropshipment-7.jpg 1024w, https:\/\/www.showdowndisplays.eu\/wp-content\/uploads\/2023\/01\/Dropshipment-7-405x270.jpg 405w, https:\/\/www.showdowndisplays.eu\/wp-content\/uploads\/2023\/01\/Dropshipment-7-768x512.jpg 768w, https:\/\/www.showdowndisplays.eu\/wp-content\/uploads\/2023\/01\/Dropshipment-7-380x253.jpg 380w, https:\/\/www.showdowndisplays.eu\/wp-content\/uploads\/2023\/01\/Dropshipment-7-96x64.jpg 96w, https:\/\/www.showdowndisplays.eu\/wp-content\/uploads\/2023\/01\/Dropshipment-7-200x133.jpg 200w\" sizes=\"(max-width: 1024px) 100vw, 1024px\" \/><\/noscript><\/figure><div class=\"wp-block-media-text__content\">\n<div style=\"height:20px\" aria-hidden=\"true\" class=\"wp-block-spacer\"><\/div>\n\n\n\n<h4 class=\"wp-block-heading\" id=\"drop-shipment\">Servicio de env\u00edo directo<\/h4>\n\n\n\n<h2 class=\"wp-block-heading\">Acorte los plazos de entrega con nuestro servicio de env\u00edo directo<\/h2>\n\n\n\n<p>Con nuestro servicio de env\u00edo directo puede servirle los productos a sus clientes todav\u00eda m\u00e1s r\u00e1pido. Enviamos su pedido directamente a su cliente sin que usted tenga que intervenir. Incluso le ofrecemos la opci\u00f3n de a\u00f1adir el albar\u00e1n con su propio logo si as\u00ed lo desea.<\/p>\n\n\n\n<div class=\"wp-block-buttons is-layout-flex wp-block-buttons-is-layout-flex\">\n<div class=\"wp-block-button\"><a class=\"wp-block-button__link wp-element-button\" href=\"https:\/\/www.showdowndisplays.eu\/es\/drop-shipment-service-voor-resellers\/\">Descubra m\u00e1s sobre el env\u00edo directo<\/a><\/div>\n<\/div>\n<\/div><\/div>\n\n\n\n<div style=\"height:20px\" aria-hidden=\"true\" class=\"wp-block-spacer\"><\/div>\n\n\n\n<div class=\"wp-block-media-text alignwide has-media-on-the-right is-stacked-on-mobile is-image-fill-element image-text-2\"><div class=\"wp-block-media-text__content\">\n<div style=\"height:20px\" aria-hidden=\"true\" class=\"wp-block-spacer\"><\/div>\n\n\n\n<h4 class=\"wp-block-heading\" id=\"marketing-support\">Apoyo en marketing<\/h4>\n\n\n\n<h2 class=\"wp-block-heading\">Perm\u00edtanos ayudarle con los materiales de marketing<\/h2>\n\n\n\n<p>Le facilitaremos todo lo que necesita para promocionar nuestros productos a sus clientes y le ayudaremos a venderlos. Siendo nuestro cliente dispone de acceso a varias herramientas y servicios para potenciar sus ventas.<\/p>\n\n\n\n<div class=\"wp-block-buttons is-layout-flex wp-block-buttons-is-layout-flex\">\n<div class=\"wp-block-button\"><a class=\"wp-block-button__link wp-element-button\" href=\"https:\/\/www.showdowndisplays.eu\/es\/apoyo-en-marketing\/\">Descubra nuestro apoyo en marketing<\/a><\/div>\n<\/div>\n\n\n\n<div style=\"height:20px\" aria-hidden=\"true\" class=\"wp-block-spacer\"><\/div>\n<\/div><figure class=\"wp-block-media-text__media\"><img data-aspectratio=\"1024\/591\" src=\"data:image\/gif;base64,R0lGODlhAQABAIAAAAAAAP\/\/\/yH5BAEAAAAALAAAAAABAAEAAAIBRAA7\" decoding=\"async\" width=\"1024\" height=\"591\" data-src=\"https:\/\/www.showdowndisplays.eu\/wp-content\/uploads\/2021\/06\/marketing-support-1024x591.jpg\" alt=\"\" class=\"wp-image-12108 size-full lazyload\" style=\"object-position:72% 48%\"\/><noscript><img decoding=\"async\" width=\"1024\" height=\"591\" src=\"https:\/\/www.showdowndisplays.eu\/wp-content\/uploads\/2021\/06\/marketing-support-1024x591.jpg\" alt=\"\" class=\"wp-image-12108 size-full\" style=\"object-position:72% 48%\"\/><\/noscript><\/figure><\/div>\n\n\n\n<div style=\"height:20px\" aria-hidden=\"true\" class=\"wp-block-spacer\"><\/div>\n\n\n\n<div class=\"wp-block-media-text alignwide is-stacked-on-mobile is-image-fill-element\" id=\"customisation\"><figure class=\"wp-block-media-text__media\"><img data-aspectratio=\"1024\/683\" src=\"data:image\/gif;base64,R0lGODlhAQABAIAAAAAAAP\/\/\/yH5BAEAAAAALAAAAAABAAEAAAIBRAA7\" decoding=\"async\" width=\"1024\" height=\"683\" data-src=\"https:\/\/www.showdowndisplays.eu\/wp-content\/uploads\/2020\/12\/IMG_5980_edit_res-1-1024x683.jpg\" alt=\"\" class=\"wp-image-5842 size-full lazyload\" style=\"object-position:50% 50%\" data-srcset=\"https:\/\/www.showdowndisplays.eu\/wp-content\/uploads\/2020\/12\/IMG_5980_edit_res-1-1024x683.jpg 1024w, https:\/\/www.showdowndisplays.eu\/wp-content\/uploads\/2020\/12\/IMG_5980_edit_res-1-405x270.jpg 405w, https:\/\/www.showdowndisplays.eu\/wp-content\/uploads\/2020\/12\/IMG_5980_edit_res-1-768x512.jpg 768w, https:\/\/www.showdowndisplays.eu\/wp-content\/uploads\/2020\/12\/IMG_5980_edit_res-1-380x253.jpg 380w, https:\/\/www.showdowndisplays.eu\/wp-content\/uploads\/2020\/12\/IMG_5980_edit_res-1-96x64.jpg 96w, https:\/\/www.showdowndisplays.eu\/wp-content\/uploads\/2020\/12\/IMG_5980_edit_res-1-200x133.jpg 200w, https:\/\/www.showdowndisplays.eu\/wp-content\/uploads\/2020\/12\/IMG_5980_edit_res-1.jpg 1296w\" sizes=\"(max-width: 1024px) 100vw, 1024px\" \/><noscript><img decoding=\"async\" width=\"1024\" height=\"683\" src=\"https:\/\/www.showdowndisplays.eu\/wp-content\/uploads\/2020\/12\/IMG_5980_edit_res-1-1024x683.jpg\" alt=\"\" class=\"wp-image-5842 size-full\" style=\"object-position:50% 50%\" srcset=\"https:\/\/www.showdowndisplays.eu\/wp-content\/uploads\/2020\/12\/IMG_5980_edit_res-1-1024x683.jpg 1024w, https:\/\/www.showdowndisplays.eu\/wp-content\/uploads\/2020\/12\/IMG_5980_edit_res-1-405x270.jpg 405w, https:\/\/www.showdowndisplays.eu\/wp-content\/uploads\/2020\/12\/IMG_5980_edit_res-1-768x512.jpg 768w, https:\/\/www.showdowndisplays.eu\/wp-content\/uploads\/2020\/12\/IMG_5980_edit_res-1-380x253.jpg 380w, https:\/\/www.showdowndisplays.eu\/wp-content\/uploads\/2020\/12\/IMG_5980_edit_res-1-96x64.jpg 96w, https:\/\/www.showdowndisplays.eu\/wp-content\/uploads\/2020\/12\/IMG_5980_edit_res-1-200x133.jpg 200w, https:\/\/www.showdowndisplays.eu\/wp-content\/uploads\/2020\/12\/IMG_5980_edit_res-1.jpg 1296w\" sizes=\"(max-width: 1024px) 100vw, 1024px\" \/><\/noscript><\/figure><div class=\"wp-block-media-text__content\">\n<div style=\"height:20px\" aria-hidden=\"true\" class=\"wp-block-spacer\"><\/div>\n\n\n\n<h4 class=\"wp-block-heading\" id=\"customisation\">Personalizaci\u00f3n<\/h4>\n\n\n\n<h2 class=\"wp-block-heading\">\u00a1Atr\u00e9vase a destacar!<\/h2>\n\n\n\n<p>Aunque disponemos de uno de los portafolios m\u00e1s amplios de toda Europa, tambi\u00e9n estamos dispuestos a valorar sus necesidades espec\u00edficas para ofrecerle una soluci\u00f3n personalizada. \u00a1Es hora de destacar entre la multitud!<\/p>\n\n\n\n<div class=\"wp-block-buttons is-layout-flex wp-block-buttons-is-layout-flex\">\n<div class=\"wp-block-button\"><a class=\"wp-block-button__link wp-element-button\" href=\"https:\/\/www.showdowndisplays.eu\/es\/personalizacion\/\">Saber m\u00e1s sobre la personalizaci\u00f3n<\/a><\/div>\n<\/div>\n\n\n\n<div style=\"height:35px\" aria-hidden=\"true\" class=\"wp-block-spacer\"><\/div>\n<\/div><\/div>\n\n\n\n\n","protected":false},"excerpt":{"rendered":"<p>Servicios de impresi\u00f3n \u2022 Servicio de env\u00edo directo \u2022 Apoyo en marketing \u2022 Personalizaci\u00f3n<\/p>\n","protected":false},"author":3,"featured_media":0,"parent":0,"menu_order":1,"comment_status":"closed","ping_status":"closed","template":"","meta":{"_acf_changed":false,"footnotes":""},"class_list":["post-12328","page","type-page","status-publish","hentry"],"acf":[],"_links":{"self":[{"href":"https:\/\/www.showdowndisplays.eu\/es\/wp-json\/wp\/v2\/pages\/12328","targetHints":{"allow":["GET"]}}],"collection":[{"href":"https:\/\/www.showdowndisplays.eu\/es\/wp-json\/wp\/v2\/pages"}],"about":[{"href":"https:\/\/www.showdowndisplays.eu\/es\/wp-json\/wp\/v2\/types\/page"}],"author":[{"embeddable":true,"href":"https:\/\/www.showdowndisplays.eu\/es\/wp-json\/wp\/v2\/users\/3"}],"replies":[{"embeddable":true,"href":"https:\/\/www.showdowndisplays.eu\/es\/wp-json\/wp\/v2\/comments?post=12328"}],"version-history":[{"count":10,"href":"https:\/\/www.showdowndisplays.eu\/es\/wp-json\/wp\/v2\/pages\/12328\/revisions"}],"predecessor-version":[{"id":51888,"href":"https:\/\/www.showdowndisplays.eu\/es\/wp-json\/wp\/v2\/pages\/12328\/revisions\/51888"}],"wp:attachment":[{"href":"https:\/\/www.showdowndisplays.eu\/es\/wp-json\/wp\/v2\/media?parent=12328"}],"curies":[{"name":"wp","href":"https:\/\/api.w.org\/{rel}","templated":true}]}}