{"id":11659,"date":"2021-05-04T08:04:06","date_gmt":"2021-05-04T08:04:06","guid":{"rendered":"https:\/\/www.showdowndisplays.eu\/foya-living\/"},"modified":"2021-06-10T06:56:18","modified_gmt":"2021-06-10T06:56:18","slug":"foya-living","status":"publish","type":"page","link":"https:\/\/www.showdowndisplays.eu\/es\/foya-living\/","title":{"rendered":"Decoraci\u00f3n del Hogar"},"content":{"rendered":"\n<div class=\"wp-block-media-text alignwide is-stacked-on-mobile is-image-fill image-text-2\" style=\"grid-template-columns:54% auto\"><figure class=\"wp-block-media-text__media\" style=\"background-image:url(https:\/\/www.showdowndisplays.eu\/wp-content\/uploads\/2021\/06\/SDE_hd_01-wallart_vis09-5-7-1024x853.jpg);background-position:50% 50%\"><img data-aspectratio=\"1024\/853\" src=\"data:image\/gif;base64,R0lGODlhAQABAIAAAAAAAP\/\/\/yH5BAEAAAAALAAAAAABAAEAAAIBRAA7\" decoding=\"async\" width=\"1024\" height=\"853\" data-src=\"https:\/\/www.showdowndisplays.eu\/wp-content\/uploads\/2021\/06\/SDE_hd_01-wallart_vis09-5-7-1024x853.jpg\" alt=\"\" class=\"wp-image-12098 lazyload\" data-srcset=\"https:\/\/www.showdowndisplays.eu\/wp-content\/uploads\/2021\/06\/SDE_hd_01-wallart_vis09-5-7-1024x853.jpg 1024w, https:\/\/www.showdowndisplays.eu\/wp-content\/uploads\/2021\/06\/SDE_hd_01-wallart_vis09-5-7-324x270.jpg 324w, https:\/\/www.showdowndisplays.eu\/wp-content\/uploads\/2021\/06\/SDE_hd_01-wallart_vis09-5-7-768x640.jpg 768w, https:\/\/www.showdowndisplays.eu\/wp-content\/uploads\/2021\/06\/SDE_hd_01-wallart_vis09-5-7-380x316.jpg 380w, https:\/\/www.showdowndisplays.eu\/wp-content\/uploads\/2021\/06\/SDE_hd_01-wallart_vis09-5-7-96x80.jpg 96w, https:\/\/www.showdowndisplays.eu\/wp-content\/uploads\/2021\/06\/SDE_hd_01-wallart_vis09-5-7-200x167.jpg 200w, https:\/\/www.showdowndisplays.eu\/wp-content\/uploads\/2021\/06\/SDE_hd_01-wallart_vis09-5-7.jpg 1340w\" sizes=\"(max-width: 1024px) 100vw, 1024px\" \/><noscript><img decoding=\"async\" width=\"1024\" height=\"853\" src=\"https:\/\/www.showdowndisplays.eu\/wp-content\/uploads\/2021\/06\/SDE_hd_01-wallart_vis09-5-7-1024x853.jpg\" alt=\"\" class=\"wp-image-12098\" srcset=\"https:\/\/www.showdowndisplays.eu\/wp-content\/uploads\/2021\/06\/SDE_hd_01-wallart_vis09-5-7-1024x853.jpg 1024w, https:\/\/www.showdowndisplays.eu\/wp-content\/uploads\/2021\/06\/SDE_hd_01-wallart_vis09-5-7-324x270.jpg 324w, https:\/\/www.showdowndisplays.eu\/wp-content\/uploads\/2021\/06\/SDE_hd_01-wallart_vis09-5-7-768x640.jpg 768w, https:\/\/www.showdowndisplays.eu\/wp-content\/uploads\/2021\/06\/SDE_hd_01-wallart_vis09-5-7-380x316.jpg 380w, https:\/\/www.showdowndisplays.eu\/wp-content\/uploads\/2021\/06\/SDE_hd_01-wallart_vis09-5-7-96x80.jpg 96w, https:\/\/www.showdowndisplays.eu\/wp-content\/uploads\/2021\/06\/SDE_hd_01-wallart_vis09-5-7-200x167.jpg 200w, https:\/\/www.showdowndisplays.eu\/wp-content\/uploads\/2021\/06\/SDE_hd_01-wallart_vis09-5-7.jpg 1340w\" sizes=\"(max-width: 1024px) 100vw, 1024px\" \/><\/noscript><\/figure><div class=\"wp-block-media-text__content\">\n<h2 class=\"wp-block-heading\"><strong><strong><strong>Expr\u00e9sese en su propio ambiente<\/strong><\/strong><\/strong><\/h2>\n\n\n\n<p>Exponga su propio gusto con productos decorativos. Para usted como persona, para usted como revendedor y para usted como familia. Imag\u00ednese personalizando una pizarra en el sal\u00f3n u organizando su agenda semanal en un tablero de planificaci\u00f3n en la cocina. <\/p>\n\n\n\n<p>En el \u00faltimo a\u00f1o han cambiado muchas cosas. Todos pasamos m\u00e1s tiempo en casa, muchos de nosotros seguimos trabajando desde nuestros hogares y la demanda de productos de decoraci\u00f3n para el hogar se ha disparado literalmente. Por estas razones, hemos decidido entrar en este nuevo mercado y estamos encantados de compartir con ustedes nuestra nueva l\u00ednea de productos.<\/p>\n<\/div><\/div>\n\n\n\n<h2 class=\"wp-block-heading\"><strong><strong><strong>Nueva l\u00ednea de productos de decoraci\u00f3n del hogar de Showdown Displays Europe<\/strong><\/strong><\/strong><\/h2>\n\n\n\n<p>Foya Living es la nueva l\u00ednea de productos de decoraci\u00f3n del hogar de Showdown Displays Europe, su nuevo socio para productos de decoraci\u00f3n del hogar. Siguiendo las tendencias de la decoraci\u00f3n del hogar y el dise\u00f1o de interiores, le ofrecemos las \u00faltimas tendencias y productos para su negocio. Con nuestra propia producci\u00f3n europea y centro de impresi\u00f3n interno, somos su socio para la decoraci\u00f3n del hogar, dentro y fuera de la casa. Personalizados, con las fotos o el dise\u00f1o de sus clientes. Nuestro equipo interno de desarrollo de productos trabaja continuamente en nuevos productos, siguiendo las tendencias de la decoraci\u00f3n del hogar y el dise\u00f1o de interiores.<\/p>\n\n\n\n<figure class=\"wp-block-gallery columns-3 is-cropped wp-block-gallery-1 is-layout-flex wp-block-gallery-is-layout-flex\"><ul class=\"blocks-gallery-grid\"><li class=\"blocks-gallery-item\"><figure><img data-aspectratio=\"1024\/818\" src=\"data:image\/gif;base64,R0lGODlhAQABAIAAAAAAAP\/\/\/yH5BAEAAAAALAAAAAABAAEAAAIBRAA7\" decoding=\"async\" width=\"1024\" height=\"818\" data-src=\"https:\/\/www.showdowndisplays.eu\/wp-content\/uploads\/2021\/05\/FOYA_01-wallart_vis08_res-1-1024x818.jpg\" alt=\"\" data-id=\"10537\" data-full-url=\"https:\/\/www.showdowndisplays.eu\/wp-content\/uploads\/2021\/05\/FOYA_01-wallart_vis08_res-1.jpg\" data-link=\"https:\/\/www.showdowndisplays.eu\/foya-living\/foya_01-wallart_vis08_res-2\/\" class=\"wp-image-10537 lazyload\" data-srcset=\"https:\/\/www.showdowndisplays.eu\/wp-content\/uploads\/2021\/05\/FOYA_01-wallart_vis08_res-1-1024x818.jpg 1024w, https:\/\/www.showdowndisplays.eu\/wp-content\/uploads\/2021\/05\/FOYA_01-wallart_vis08_res-1-338x270.jpg 338w, https:\/\/www.showdowndisplays.eu\/wp-content\/uploads\/2021\/05\/FOYA_01-wallart_vis08_res-1-768x614.jpg 768w, https:\/\/www.showdowndisplays.eu\/wp-content\/uploads\/2021\/05\/FOYA_01-wallart_vis08_res-1-380x304.jpg 380w, https:\/\/www.showdowndisplays.eu\/wp-content\/uploads\/2021\/05\/FOYA_01-wallart_vis08_res-1-96x77.jpg 96w, https:\/\/www.showdowndisplays.eu\/wp-content\/uploads\/2021\/05\/FOYA_01-wallart_vis08_res-1-200x160.jpg 200w, https:\/\/www.showdowndisplays.eu\/wp-content\/uploads\/2021\/05\/FOYA_01-wallart_vis08_res-1.jpg 1200w\" sizes=\"(max-width: 1024px) 100vw, 1024px\" \/><noscript><img decoding=\"async\" width=\"1024\" height=\"818\" src=\"https:\/\/www.showdowndisplays.eu\/wp-content\/uploads\/2021\/05\/FOYA_01-wallart_vis08_res-1-1024x818.jpg\" alt=\"\" data-id=\"10537\" data-full-url=\"https:\/\/www.showdowndisplays.eu\/wp-content\/uploads\/2021\/05\/FOYA_01-wallart_vis08_res-1.jpg\" data-link=\"https:\/\/www.showdowndisplays.eu\/foya-living\/foya_01-wallart_vis08_res-2\/\" class=\"wp-image-10537\" srcset=\"https:\/\/www.showdowndisplays.eu\/wp-content\/uploads\/2021\/05\/FOYA_01-wallart_vis08_res-1-1024x818.jpg 1024w, https:\/\/www.showdowndisplays.eu\/wp-content\/uploads\/2021\/05\/FOYA_01-wallart_vis08_res-1-338x270.jpg 338w, https:\/\/www.showdowndisplays.eu\/wp-content\/uploads\/2021\/05\/FOYA_01-wallart_vis08_res-1-768x614.jpg 768w, https:\/\/www.showdowndisplays.eu\/wp-content\/uploads\/2021\/05\/FOYA_01-wallart_vis08_res-1-380x304.jpg 380w, https:\/\/www.showdowndisplays.eu\/wp-content\/uploads\/2021\/05\/FOYA_01-wallart_vis08_res-1-96x77.jpg 96w, https:\/\/www.showdowndisplays.eu\/wp-content\/uploads\/2021\/05\/FOYA_01-wallart_vis08_res-1-200x160.jpg 200w, https:\/\/www.showdowndisplays.eu\/wp-content\/uploads\/2021\/05\/FOYA_01-wallart_vis08_res-1.jpg 1200w\" sizes=\"(max-width: 1024px) 100vw, 1024px\" \/><\/noscript><\/figure><\/li><li class=\"blocks-gallery-item\"><figure><img data-aspectratio=\"1000\/667\" src=\"data:image\/gif;base64,R0lGODlhAQABAIAAAAAAAP\/\/\/yH5BAEAAAAALAAAAAABAAEAAAIBRAA7\" decoding=\"async\" width=\"1000\" height=\"667\" data-src=\"https:\/\/www.showdowndisplays.eu\/wp-content\/uploads\/2021\/05\/foya_visual_02-textile_room_divider_deco-cherry_blossom_beige_up_res.jpg\" alt=\"\" data-id=\"10572\" data-full-url=\"https:\/\/www.showdowndisplays.eu\/wp-content\/uploads\/2021\/05\/foya_visual_02-textile_room_divider_deco-cherry_blossom_beige_up_res.jpg\" data-link=\"https:\/\/www.showdowndisplays.eu\/foya-living\/foya_visual_02-textile_room_divider_deco-cherry_blossom_beige_up_res\/\" class=\"wp-image-10572 lazyload\" data-srcset=\"https:\/\/www.showdowndisplays.eu\/wp-content\/uploads\/2021\/05\/foya_visual_02-textile_room_divider_deco-cherry_blossom_beige_up_res.jpg 1000w, https:\/\/www.showdowndisplays.eu\/wp-content\/uploads\/2021\/05\/foya_visual_02-textile_room_divider_deco-cherry_blossom_beige_up_res-405x270.jpg 405w, https:\/\/www.showdowndisplays.eu\/wp-content\/uploads\/2021\/05\/foya_visual_02-textile_room_divider_deco-cherry_blossom_beige_up_res-768x512.jpg 768w, https:\/\/www.showdowndisplays.eu\/wp-content\/uploads\/2021\/05\/foya_visual_02-textile_room_divider_deco-cherry_blossom_beige_up_res-380x253.jpg 380w, https:\/\/www.showdowndisplays.eu\/wp-content\/uploads\/2021\/05\/foya_visual_02-textile_room_divider_deco-cherry_blossom_beige_up_res-96x64.jpg 96w, https:\/\/www.showdowndisplays.eu\/wp-content\/uploads\/2021\/05\/foya_visual_02-textile_room_divider_deco-cherry_blossom_beige_up_res-200x133.jpg 200w\" sizes=\"(max-width: 1000px) 100vw, 1000px\" \/><noscript><img decoding=\"async\" width=\"1000\" height=\"667\" src=\"https:\/\/www.showdowndisplays.eu\/wp-content\/uploads\/2021\/05\/foya_visual_02-textile_room_divider_deco-cherry_blossom_beige_up_res.jpg\" alt=\"\" data-id=\"10572\" data-full-url=\"https:\/\/www.showdowndisplays.eu\/wp-content\/uploads\/2021\/05\/foya_visual_02-textile_room_divider_deco-cherry_blossom_beige_up_res.jpg\" data-link=\"https:\/\/www.showdowndisplays.eu\/foya-living\/foya_visual_02-textile_room_divider_deco-cherry_blossom_beige_up_res\/\" class=\"wp-image-10572\" srcset=\"https:\/\/www.showdowndisplays.eu\/wp-content\/uploads\/2021\/05\/foya_visual_02-textile_room_divider_deco-cherry_blossom_beige_up_res.jpg 1000w, https:\/\/www.showdowndisplays.eu\/wp-content\/uploads\/2021\/05\/foya_visual_02-textile_room_divider_deco-cherry_blossom_beige_up_res-405x270.jpg 405w, https:\/\/www.showdowndisplays.eu\/wp-content\/uploads\/2021\/05\/foya_visual_02-textile_room_divider_deco-cherry_blossom_beige_up_res-768x512.jpg 768w, https:\/\/www.showdowndisplays.eu\/wp-content\/uploads\/2021\/05\/foya_visual_02-textile_room_divider_deco-cherry_blossom_beige_up_res-380x253.jpg 380w, https:\/\/www.showdowndisplays.eu\/wp-content\/uploads\/2021\/05\/foya_visual_02-textile_room_divider_deco-cherry_blossom_beige_up_res-96x64.jpg 96w, https:\/\/www.showdowndisplays.eu\/wp-content\/uploads\/2021\/05\/foya_visual_02-textile_room_divider_deco-cherry_blossom_beige_up_res-200x133.jpg 200w\" sizes=\"(max-width: 1000px) 100vw, 1000px\" \/><\/noscript><\/figure><\/li><li class=\"blocks-gallery-item\"><figure><img data-aspectratio=\"1000\/699\" src=\"data:image\/gif;base64,R0lGODlhAQABAIAAAAAAAP\/\/\/yH5BAEAAAAALAAAAAABAAEAAAIBRAA7\" decoding=\"async\" width=\"1000\" height=\"699\" data-src=\"https:\/\/www.showdowndisplays.eu\/wp-content\/uploads\/2021\/05\/PM_visual_main_avocado_res-1.jpg\" alt=\"\" data-id=\"10545\" data-full-url=\"https:\/\/www.showdowndisplays.eu\/wp-content\/uploads\/2021\/05\/PM_visual_main_avocado_res-1.jpg\" data-link=\"https:\/\/www.showdowndisplays.eu\/foya-living\/pm_visual_main_avocado_res-1\/\" class=\"wp-image-10545 lazyload\" data-srcset=\"https:\/\/www.showdowndisplays.eu\/wp-content\/uploads\/2021\/05\/PM_visual_main_avocado_res-1.jpg 1000w, https:\/\/www.showdowndisplays.eu\/wp-content\/uploads\/2021\/05\/PM_visual_main_avocado_res-1-386x270.jpg 386w, https:\/\/www.showdowndisplays.eu\/wp-content\/uploads\/2021\/05\/PM_visual_main_avocado_res-1-768x537.jpg 768w, https:\/\/www.showdowndisplays.eu\/wp-content\/uploads\/2021\/05\/PM_visual_main_avocado_res-1-380x266.jpg 380w, https:\/\/www.showdowndisplays.eu\/wp-content\/uploads\/2021\/05\/PM_visual_main_avocado_res-1-96x67.jpg 96w, https:\/\/www.showdowndisplays.eu\/wp-content\/uploads\/2021\/05\/PM_visual_main_avocado_res-1-200x140.jpg 200w\" sizes=\"(max-width: 1000px) 100vw, 1000px\" \/><noscript><img decoding=\"async\" width=\"1000\" height=\"699\" src=\"https:\/\/www.showdowndisplays.eu\/wp-content\/uploads\/2021\/05\/PM_visual_main_avocado_res-1.jpg\" alt=\"\" data-id=\"10545\" data-full-url=\"https:\/\/www.showdowndisplays.eu\/wp-content\/uploads\/2021\/05\/PM_visual_main_avocado_res-1.jpg\" data-link=\"https:\/\/www.showdowndisplays.eu\/foya-living\/pm_visual_main_avocado_res-1\/\" class=\"wp-image-10545\" srcset=\"https:\/\/www.showdowndisplays.eu\/wp-content\/uploads\/2021\/05\/PM_visual_main_avocado_res-1.jpg 1000w, https:\/\/www.showdowndisplays.eu\/wp-content\/uploads\/2021\/05\/PM_visual_main_avocado_res-1-386x270.jpg 386w, https:\/\/www.showdowndisplays.eu\/wp-content\/uploads\/2021\/05\/PM_visual_main_avocado_res-1-768x537.jpg 768w, https:\/\/www.showdowndisplays.eu\/wp-content\/uploads\/2021\/05\/PM_visual_main_avocado_res-1-380x266.jpg 380w, https:\/\/www.showdowndisplays.eu\/wp-content\/uploads\/2021\/05\/PM_visual_main_avocado_res-1-96x67.jpg 96w, https:\/\/www.showdowndisplays.eu\/wp-content\/uploads\/2021\/05\/PM_visual_main_avocado_res-1-200x140.jpg 200w\" sizes=\"(max-width: 1000px) 100vw, 1000px\" \/><\/noscript><\/figure><\/li><\/ul><\/figure>\n\n\n\n<div class=\"wp-block-media-text alignwide has-media-on-the-right is-stacked-on-mobile is-vertically-aligned-top is-image-fill image-text-2\"><figure class=\"wp-block-media-text__media\" style=\"background-image:url(https:\/\/www.showdowndisplays.eu\/wp-content\/uploads\/2021\/05\/Foya-lookbook-1024x683.png);background-position:50% 50%\"><img data-aspectratio=\"1024\/683\" src=\"data:image\/gif;base64,R0lGODlhAQABAIAAAAAAAP\/\/\/yH5BAEAAAAALAAAAAABAAEAAAIBRAA7\" decoding=\"async\" width=\"1024\" height=\"683\" data-src=\"https:\/\/www.showdowndisplays.eu\/wp-content\/uploads\/2021\/05\/Foya-lookbook-1024x683.png\" alt=\"\" class=\"wp-image-10564 lazyload\" data-srcset=\"https:\/\/www.showdowndisplays.eu\/wp-content\/uploads\/2021\/05\/Foya-lookbook-1024x683.png 1024w, https:\/\/www.showdowndisplays.eu\/wp-content\/uploads\/2021\/05\/Foya-lookbook-405x270.png 405w, https:\/\/www.showdowndisplays.eu\/wp-content\/uploads\/2021\/05\/Foya-lookbook-768x512.png 768w, https:\/\/www.showdowndisplays.eu\/wp-content\/uploads\/2021\/05\/Foya-lookbook-380x253.png 380w, https:\/\/www.showdowndisplays.eu\/wp-content\/uploads\/2021\/05\/Foya-lookbook-96x64.png 96w, https:\/\/www.showdowndisplays.eu\/wp-content\/uploads\/2021\/05\/Foya-lookbook-200x133.png 200w, https:\/\/www.showdowndisplays.eu\/wp-content\/uploads\/2021\/05\/Foya-lookbook.png 1368w\" sizes=\"(max-width: 1024px) 100vw, 1024px\" \/><noscript><img decoding=\"async\" width=\"1024\" height=\"683\" src=\"https:\/\/www.showdowndisplays.eu\/wp-content\/uploads\/2021\/05\/Foya-lookbook-1024x683.png\" alt=\"\" class=\"wp-image-10564\" srcset=\"https:\/\/www.showdowndisplays.eu\/wp-content\/uploads\/2021\/05\/Foya-lookbook-1024x683.png 1024w, https:\/\/www.showdowndisplays.eu\/wp-content\/uploads\/2021\/05\/Foya-lookbook-405x270.png 405w, https:\/\/www.showdowndisplays.eu\/wp-content\/uploads\/2021\/05\/Foya-lookbook-768x512.png 768w, https:\/\/www.showdowndisplays.eu\/wp-content\/uploads\/2021\/05\/Foya-lookbook-380x253.png 380w, https:\/\/www.showdowndisplays.eu\/wp-content\/uploads\/2021\/05\/Foya-lookbook-96x64.png 96w, https:\/\/www.showdowndisplays.eu\/wp-content\/uploads\/2021\/05\/Foya-lookbook-200x133.png 200w, https:\/\/www.showdowndisplays.eu\/wp-content\/uploads\/2021\/05\/Foya-lookbook.png 1368w\" sizes=\"(max-width: 1024px) 100vw, 1024px\" \/><\/noscript><\/figure><div class=\"wp-block-media-text__content\">\n<h2 class=\"wp-block-heading\"><strong><strong><strong>Echa un vistazo a nuestro cat\u00e1logo<\/strong><\/strong><\/strong>!<\/h2>\n\n\n\n<p>Nos complace presentarle nuestro primer Lookbook de Foya Living. Arte para paredes, decoraci\u00f3n de mesa, decoraci\u00f3n de jard\u00edn, separadores de ambientes. \u00a1Puede encontrarlo todo aqu\u00ed!<\/p>\n\n\n\n<div class=\"wp-block-buttons is-layout-flex wp-block-buttons-is-layout-flex\">\n<div class=\"wp-block-button\"><a class=\"wp-block-button__link\">Ver nuestro Lookbook de decoraci\u00f3n del hogar<\/a><\/div>\n<\/div>\n\n\n\n<div style=\"height:33px\" aria-hidden=\"true\" class=\"wp-block-spacer\"><\/div>\n\n\n\n\n<\/div><\/div>\n\n\n\n<div class=\"wp-block-columns is-layout-flex wp-container-core-columns-is-layout-9d6595d7 wp-block-columns-is-layout-flex\">\n<div class=\"wp-block-column is-layout-flow wp-block-column-is-layout-flow\">\n<figure class=\"wp-block-image size-large\"><img data-aspectratio=\"1024\/768\" src=\"data:image\/gif;base64,R0lGODlhAQABAIAAAAAAAP\/\/\/yH5BAEAAAAALAAAAAABAAEAAAIBRAA7\" decoding=\"async\" width=\"1024\" height=\"768\" data-src=\"https:\/\/www.showdowndisplays.eu\/wp-content\/uploads\/2021\/05\/FOYA_01-wallart_vis13_res-1024x768.jpg\" alt=\"\" class=\"wp-image-10432 lazyload\" data-srcset=\"https:\/\/www.showdowndisplays.eu\/wp-content\/uploads\/2021\/05\/FOYA_01-wallart_vis13_res-1024x768.jpg 1024w, https:\/\/www.showdowndisplays.eu\/wp-content\/uploads\/2021\/05\/FOYA_01-wallart_vis13_res-360x270.jpg 360w, https:\/\/www.showdowndisplays.eu\/wp-content\/uploads\/2021\/05\/FOYA_01-wallart_vis13_res-768x576.jpg 768w, https:\/\/www.showdowndisplays.eu\/wp-content\/uploads\/2021\/05\/FOYA_01-wallart_vis13_res-380x285.jpg 380w, https:\/\/www.showdowndisplays.eu\/wp-content\/uploads\/2021\/05\/FOYA_01-wallart_vis13_res-96x72.jpg 96w, https:\/\/www.showdowndisplays.eu\/wp-content\/uploads\/2021\/05\/FOYA_01-wallart_vis13_res-200x150.jpg 200w, https:\/\/www.showdowndisplays.eu\/wp-content\/uploads\/2021\/05\/FOYA_01-wallart_vis13_res.jpg 1200w\" sizes=\"(max-width: 1024px) 100vw, 1024px\" \/><noscript><img decoding=\"async\" width=\"1024\" height=\"768\" src=\"https:\/\/www.showdowndisplays.eu\/wp-content\/uploads\/2021\/05\/FOYA_01-wallart_vis13_res-1024x768.jpg\" alt=\"\" class=\"wp-image-10432\" srcset=\"https:\/\/www.showdowndisplays.eu\/wp-content\/uploads\/2021\/05\/FOYA_01-wallart_vis13_res-1024x768.jpg 1024w, https:\/\/www.showdowndisplays.eu\/wp-content\/uploads\/2021\/05\/FOYA_01-wallart_vis13_res-360x270.jpg 360w, https:\/\/www.showdowndisplays.eu\/wp-content\/uploads\/2021\/05\/FOYA_01-wallart_vis13_res-768x576.jpg 768w, https:\/\/www.showdowndisplays.eu\/wp-content\/uploads\/2021\/05\/FOYA_01-wallart_vis13_res-380x285.jpg 380w, https:\/\/www.showdowndisplays.eu\/wp-content\/uploads\/2021\/05\/FOYA_01-wallart_vis13_res-96x72.jpg 96w, https:\/\/www.showdowndisplays.eu\/wp-content\/uploads\/2021\/05\/FOYA_01-wallart_vis13_res-200x150.jpg 200w, https:\/\/www.showdowndisplays.eu\/wp-content\/uploads\/2021\/05\/FOYA_01-wallart_vis13_res.jpg 1200w\" sizes=\"(max-width: 1024px) 100vw, 1024px\" \/><\/noscript><\/figure>\n<\/div>\n\n\n\n<div class=\"wp-block-column is-layout-flow wp-block-column-is-layout-flow\">\n<figure class=\"wp-block-image size-large\"><img data-aspectratio=\"1024\/775\" src=\"data:image\/gif;base64,R0lGODlhAQABAIAAAAAAAP\/\/\/yH5BAEAAAAALAAAAAABAAEAAAIBRAA7\" decoding=\"async\" width=\"1024\" height=\"775\" data-src=\"https:\/\/www.showdowndisplays.eu\/wp-content\/uploads\/2021\/05\/FOYA_04-garden_decor_vis05_res-1024x775.jpg\" alt=\"\" class=\"wp-image-10449 lazyload\" data-srcset=\"https:\/\/www.showdowndisplays.eu\/wp-content\/uploads\/2021\/05\/FOYA_04-garden_decor_vis05_res-1024x775.jpg 1024w, https:\/\/www.showdowndisplays.eu\/wp-content\/uploads\/2021\/05\/FOYA_04-garden_decor_vis05_res-357x270.jpg 357w, https:\/\/www.showdowndisplays.eu\/wp-content\/uploads\/2021\/05\/FOYA_04-garden_decor_vis05_res-768x581.jpg 768w, https:\/\/www.showdowndisplays.eu\/wp-content\/uploads\/2021\/05\/FOYA_04-garden_decor_vis05_res-380x288.jpg 380w, https:\/\/www.showdowndisplays.eu\/wp-content\/uploads\/2021\/05\/FOYA_04-garden_decor_vis05_res-96x73.jpg 96w, https:\/\/www.showdowndisplays.eu\/wp-content\/uploads\/2021\/05\/FOYA_04-garden_decor_vis05_res-200x151.jpg 200w, https:\/\/www.showdowndisplays.eu\/wp-content\/uploads\/2021\/05\/FOYA_04-garden_decor_vis05_res.jpg 1200w\" sizes=\"(max-width: 1024px) 100vw, 1024px\" \/><noscript><img decoding=\"async\" width=\"1024\" height=\"775\" src=\"https:\/\/www.showdowndisplays.eu\/wp-content\/uploads\/2021\/05\/FOYA_04-garden_decor_vis05_res-1024x775.jpg\" alt=\"\" class=\"wp-image-10449\" srcset=\"https:\/\/www.showdowndisplays.eu\/wp-content\/uploads\/2021\/05\/FOYA_04-garden_decor_vis05_res-1024x775.jpg 1024w, https:\/\/www.showdowndisplays.eu\/wp-content\/uploads\/2021\/05\/FOYA_04-garden_decor_vis05_res-357x270.jpg 357w, https:\/\/www.showdowndisplays.eu\/wp-content\/uploads\/2021\/05\/FOYA_04-garden_decor_vis05_res-768x581.jpg 768w, https:\/\/www.showdowndisplays.eu\/wp-content\/uploads\/2021\/05\/FOYA_04-garden_decor_vis05_res-380x288.jpg 380w, https:\/\/www.showdowndisplays.eu\/wp-content\/uploads\/2021\/05\/FOYA_04-garden_decor_vis05_res-96x73.jpg 96w, https:\/\/www.showdowndisplays.eu\/wp-content\/uploads\/2021\/05\/FOYA_04-garden_decor_vis05_res-200x151.jpg 200w, https:\/\/www.showdowndisplays.eu\/wp-content\/uploads\/2021\/05\/FOYA_04-garden_decor_vis05_res.jpg 1200w\" sizes=\"(max-width: 1024px) 100vw, 1024px\" \/><\/noscript><\/figure>\n<\/div>\n<\/div>\n\n\n\n<h2 class=\"wp-block-heading\"><strong><strong><strong>Pr\u00f3ximamente<\/strong><\/strong><\/strong><\/h2>\n\n\n\n<p>Seguiremos desarrollando nuestra gama de productos de decoraci\u00f3n del hogar a lo largo de 2021. En una segunda etapa, ampliaremos nuestra cartera con pizarras de planificaci\u00f3n del hogar, pizarras blancas combinadas, tableros de mensajes, decoraciones de pared, calcoman\u00edas y revestimientos para puertas. En una tercera fase, a\u00f1adiremos a nuestra gama cojines personalizables, mantas, lienzos y otros tipos de arte mural. Todas las opciones de personalizaci\u00f3n e impresi\u00f3n se ofrecer\u00e1n desde nuestra propia f\u00e1brica y centro de impresi\u00f3n con gran cuidado y atenci\u00f3n a los detalles.<\/p>\n\n\n\n<div class=\"wp-block-media-text alignwide is-stacked-on-mobile is-image-fill image-text-2\"><figure class=\"wp-block-media-text__media\" style=\"background-image:url(https:\/\/www.showdowndisplays.eu\/wp-content\/uploads\/2021\/05\/foya_visual_01-textile_room_divider-hexagon_grey_res-1024x683.jpg);background-position:50% 50%\"><img data-aspectratio=\"1024\/683\" src=\"data:image\/gif;base64,R0lGODlhAQABAIAAAAAAAP\/\/\/yH5BAEAAAAALAAAAAABAAEAAAIBRAA7\" decoding=\"async\" width=\"1024\" height=\"683\" data-src=\"https:\/\/www.showdowndisplays.eu\/wp-content\/uploads\/2021\/05\/foya_visual_01-textile_room_divider-hexagon_grey_res-1024x683.jpg\" alt=\"\" class=\"wp-image-10628 lazyload\" data-srcset=\"https:\/\/www.showdowndisplays.eu\/wp-content\/uploads\/2021\/05\/foya_visual_01-textile_room_divider-hexagon_grey_res-1024x683.jpg 1024w, https:\/\/www.showdowndisplays.eu\/wp-content\/uploads\/2021\/05\/foya_visual_01-textile_room_divider-hexagon_grey_res-405x270.jpg 405w, https:\/\/www.showdowndisplays.eu\/wp-content\/uploads\/2021\/05\/foya_visual_01-textile_room_divider-hexagon_grey_res-768x512.jpg 768w, https:\/\/www.showdowndisplays.eu\/wp-content\/uploads\/2021\/05\/foya_visual_01-textile_room_divider-hexagon_grey_res-380x253.jpg 380w, https:\/\/www.showdowndisplays.eu\/wp-content\/uploads\/2021\/05\/foya_visual_01-textile_room_divider-hexagon_grey_res-96x64.jpg 96w, https:\/\/www.showdowndisplays.eu\/wp-content\/uploads\/2021\/05\/foya_visual_01-textile_room_divider-hexagon_grey_res-200x133.jpg 200w, https:\/\/www.showdowndisplays.eu\/wp-content\/uploads\/2021\/05\/foya_visual_01-textile_room_divider-hexagon_grey_res.jpg 1500w\" sizes=\"(max-width: 1024px) 100vw, 1024px\" \/><noscript><img decoding=\"async\" width=\"1024\" height=\"683\" src=\"https:\/\/www.showdowndisplays.eu\/wp-content\/uploads\/2021\/05\/foya_visual_01-textile_room_divider-hexagon_grey_res-1024x683.jpg\" alt=\"\" class=\"wp-image-10628\" srcset=\"https:\/\/www.showdowndisplays.eu\/wp-content\/uploads\/2021\/05\/foya_visual_01-textile_room_divider-hexagon_grey_res-1024x683.jpg 1024w, https:\/\/www.showdowndisplays.eu\/wp-content\/uploads\/2021\/05\/foya_visual_01-textile_room_divider-hexagon_grey_res-405x270.jpg 405w, https:\/\/www.showdowndisplays.eu\/wp-content\/uploads\/2021\/05\/foya_visual_01-textile_room_divider-hexagon_grey_res-768x512.jpg 768w, https:\/\/www.showdowndisplays.eu\/wp-content\/uploads\/2021\/05\/foya_visual_01-textile_room_divider-hexagon_grey_res-380x253.jpg 380w, https:\/\/www.showdowndisplays.eu\/wp-content\/uploads\/2021\/05\/foya_visual_01-textile_room_divider-hexagon_grey_res-96x64.jpg 96w, https:\/\/www.showdowndisplays.eu\/wp-content\/uploads\/2021\/05\/foya_visual_01-textile_room_divider-hexagon_grey_res-200x133.jpg 200w, https:\/\/www.showdowndisplays.eu\/wp-content\/uploads\/2021\/05\/foya_visual_01-textile_room_divider-hexagon_grey_res.jpg 1500w\" sizes=\"(max-width: 1024px) 100vw, 1024px\" \/><\/noscript><\/figure><div class=\"wp-block-media-text__content\">\n<h2 class=\"wp-block-heading\"><strong><strong><strong>\u00a1Empieza!<\/strong><\/strong><\/strong><\/h2>\n\n\n\n<p>Tenemos todo preparado para lanzar la primera gama de productos de decoraci\u00f3n del hogar. Podemos proporcionarle cat\u00e1logos, listas de precios, im\u00e1genes neutras de los productos, im\u00e1genes en uso, datos de los productos y descripciones adicionales de los mismos. D\u00edganos qu\u00e9 m\u00e1s necesita de nosotros. Estaremos encantados de ayudarle.<\/p>\n\n\n\n<div class=\"wp-block-buttons is-layout-flex wp-block-buttons-is-layout-flex\">\n<div class=\"wp-block-button\"><a class=\"wp-block-button__link\" href=\"mailto:orders@showdowndisplays.eu\" target=\"_blank\" rel=\"noreferrer noopener\">Sea nuestro distribuidor!<\/a><\/div>\n<\/div>\n<\/div><\/div>\n","protected":false},"excerpt":{"rendered":"<p>Expr\u00e9sese en su propio ambiente Exponga su propio gusto con productos decorativos. Para usted como persona, para usted como revendedor&#8230;<\/p>\n","protected":false},"author":3,"featured_media":10446,"parent":0,"menu_order":0,"comment_status":"closed","ping_status":"closed","template":"","meta":{"_acf_changed":false,"footnotes":""},"class_list":["post-11659","page","type-page","status-publish","has-post-thumbnail","hentry"],"acf":[],"_links":{"self":[{"href":"https:\/\/www.showdowndisplays.eu\/es\/wp-json\/wp\/v2\/pages\/11659","targetHints":{"allow":["GET"]}}],"collection":[{"href":"https:\/\/www.showdowndisplays.eu\/es\/wp-json\/wp\/v2\/pages"}],"about":[{"href":"https:\/\/www.showdowndisplays.eu\/es\/wp-json\/wp\/v2\/types\/page"}],"author":[{"embeddable":true,"href":"https:\/\/www.showdowndisplays.eu\/es\/wp-json\/wp\/v2\/users\/3"}],"replies":[{"embeddable":true,"href":"https:\/\/www.showdowndisplays.eu\/es\/wp-json\/wp\/v2\/comments?post=11659"}],"version-history":[{"count":9,"href":"https:\/\/www.showdowndisplays.eu\/es\/wp-json\/wp\/v2\/pages\/11659\/revisions"}],"predecessor-version":[{"id":12178,"href":"https:\/\/www.showdowndisplays.eu\/es\/wp-json\/wp\/v2\/pages\/11659\/revisions\/12178"}],"wp:featuredmedia":[{"embeddable":true,"href":"https:\/\/www.showdowndisplays.eu\/es\/wp-json\/wp\/v2\/media\/10446"}],"wp:attachment":[{"href":"https:\/\/www.showdowndisplays.eu\/es\/wp-json\/wp\/v2\/media?parent=11659"}],"curies":[{"name":"wp","href":"https:\/\/api.w.org\/{rel}","templated":true}]}}