{"id":9328,"date":"2021-02-25T16:00:59","date_gmt":"2021-02-25T16:00:59","guid":{"rendered":"https:\/\/www.showdowndisplays.eu\/marketing-support\/praktische-informatie\/"},"modified":"2023-04-18T12:48:27","modified_gmt":"2023-04-18T12:48:27","slug":"praktische-informationen","status":"publish","type":"page","link":"https:\/\/www.showdowndisplays.eu\/de\/marketing-support\/praktische-informationen\/","title":{"rendered":"Praktische Informationen"},"content":{"rendered":"\n<div class=\"wp-block-media-text alignwide is-stacked-on-mobile is-image-fill image-text-2\"><figure class=\"wp-block-media-text__media\" style=\"background-image:url(https:\/\/www.showdowndisplays.eu\/wp-content\/uploads\/2021\/04\/Visual-4-Gebruikershandleidingen-853x1024.jpg);background-position:48% 43%\"><img data-aspectratio=\"853\/1024\" src=\"data:image\/gif;base64,R0lGODlhAQABAIAAAAAAAP\/\/\/yH5BAEAAAAALAAAAAABAAEAAAIBRAA7\" decoding=\"async\" width=\"853\" height=\"1024\" data-src=\"https:\/\/www.showdowndisplays.eu\/wp-content\/uploads\/2021\/04\/Visual-4-Gebruikershandleidingen-853x1024.jpg\" alt=\"\" class=\"wp-image-9136 size-full lazyload\" data-srcset=\"https:\/\/www.showdowndisplays.eu\/wp-content\/uploads\/2021\/04\/Visual-4-Gebruikershandleidingen-853x1024.jpg 853w, https:\/\/www.showdowndisplays.eu\/wp-content\/uploads\/2021\/04\/Visual-4-Gebruikershandleidingen-225x270.jpg 225w, https:\/\/www.showdowndisplays.eu\/wp-content\/uploads\/2021\/04\/Visual-4-Gebruikershandleidingen-768x922.jpg 768w, https:\/\/www.showdowndisplays.eu\/wp-content\/uploads\/2021\/04\/Visual-4-Gebruikershandleidingen-367x440.jpg 367w, https:\/\/www.showdowndisplays.eu\/wp-content\/uploads\/2021\/04\/Visual-4-Gebruikershandleidingen-96x115.jpg 96w, https:\/\/www.showdowndisplays.eu\/wp-content\/uploads\/2021\/04\/Visual-4-Gebruikershandleidingen-167x200.jpg 167w, https:\/\/www.showdowndisplays.eu\/wp-content\/uploads\/2021\/04\/Visual-4-Gebruikershandleidingen.jpg 1000w\" sizes=\"(max-width: 853px) 100vw, 853px\" \/><noscript><img decoding=\"async\" width=\"853\" height=\"1024\" src=\"https:\/\/www.showdowndisplays.eu\/wp-content\/uploads\/2021\/04\/Visual-4-Gebruikershandleidingen-853x1024.jpg\" alt=\"\" class=\"wp-image-9136 size-full\" srcset=\"https:\/\/www.showdowndisplays.eu\/wp-content\/uploads\/2021\/04\/Visual-4-Gebruikershandleidingen-853x1024.jpg 853w, https:\/\/www.showdowndisplays.eu\/wp-content\/uploads\/2021\/04\/Visual-4-Gebruikershandleidingen-225x270.jpg 225w, https:\/\/www.showdowndisplays.eu\/wp-content\/uploads\/2021\/04\/Visual-4-Gebruikershandleidingen-768x922.jpg 768w, https:\/\/www.showdowndisplays.eu\/wp-content\/uploads\/2021\/04\/Visual-4-Gebruikershandleidingen-367x440.jpg 367w, https:\/\/www.showdowndisplays.eu\/wp-content\/uploads\/2021\/04\/Visual-4-Gebruikershandleidingen-96x115.jpg 96w, https:\/\/www.showdowndisplays.eu\/wp-content\/uploads\/2021\/04\/Visual-4-Gebruikershandleidingen-167x200.jpg 167w, https:\/\/www.showdowndisplays.eu\/wp-content\/uploads\/2021\/04\/Visual-4-Gebruikershandleidingen.jpg 1000w\" sizes=\"(max-width: 853px) 100vw, 853px\" \/><\/noscript><\/figure><div class=\"wp-block-media-text__content\">\n<h2 class=\"wp-block-heading\">Aufbauanleitungen<\/h2>\n\n\n\n<p>Die meisten Produkte in unserem Sortiment erfordern mehrere Aufbauschritte. Manche Produkte sind im Handumdrehen fertig, andere brauchen etwas mehr Zeit.<\/p>\n\n\n\n<p>Um Ihren Kunden so gut wie m\u00f6glich zu helfen, haben wir f\u00fcr eine Gro\u00dfzahl an Produkten Bedienungsanleitungen erstellt. Diese erkl\u00e4ren Schritt f\u00fcr Schritt, wie das Produkt mit Hilfe von begleitenden Fotos oder Zeichnungen einzurichten ist. Das macht die Installation des Produkts zu einem Kinderspiel!<\/p>\n<\/div><\/div>\n\n\n\n<div class=\"wp-block-media-text alignwide has-media-on-the-right is-stacked-on-mobile is-image-fill image-text-2\"><div class=\"wp-block-media-text__content\">\n<h2 class=\"wp-block-heading\">Produktdatenbl\u00e4tter<\/h2>\n\n\n\n<p>Sie m\u00f6chten alle Informationen zu einem bestimmten Produkt in einem Dokument zusammengefasst sehen? Dann k\u00f6nnen Sie unsere Produktbl\u00e4tter nutzen. Hier finden Sie alle Artikelcodes des Produkts zusammen mit allen notwendigen Produktinformationen: vom Gewicht bis zu den verf\u00fcgbaren Farben.<\/p>\n\n\n\n<p>Auf dem Produktblatt finden Sie auch Zeichnungen und Fotos des Produkts. So erhalten Sie ein vollst\u00e4ndiges Bild davon, was das Produkt genau beinhaltet.<\/p>\n\n\n\n<p>Unsere Produktbl\u00e4tter finden Sie auf unserer Online-Plattform bei dem entsprechenden Produkt. Gibt es f\u00fcr Ihr Produkt noch kein Produktblatt? Dann arbeiten wir noch daran.<\/p>\n<\/div><figure class=\"wp-block-media-text__media\" style=\"background-image:url(https:\/\/www.showdowndisplays.eu\/wp-content\/uploads\/2021\/02\/Product-sheet-3.png);background-position:4% 4%\"><img data-aspectratio=\"525\/584\" src=\"data:image\/gif;base64,R0lGODlhAQABAIAAAAAAAP\/\/\/yH5BAEAAAAALAAAAAABAAEAAAIBRAA7\" decoding=\"async\" width=\"525\" height=\"584\" data-src=\"https:\/\/www.showdowndisplays.eu\/wp-content\/uploads\/2021\/02\/Product-sheet-3.png\" alt=\"\" class=\"wp-image-8082 size-full lazyload\" data-srcset=\"https:\/\/www.showdowndisplays.eu\/wp-content\/uploads\/2021\/02\/Product-sheet-3.png 525w, https:\/\/www.showdowndisplays.eu\/wp-content\/uploads\/2021\/02\/Product-sheet-3-243x270.png 243w, https:\/\/www.showdowndisplays.eu\/wp-content\/uploads\/2021\/02\/Product-sheet-3-380x423.png 380w, https:\/\/www.showdowndisplays.eu\/wp-content\/uploads\/2021\/02\/Product-sheet-3-96x107.png 96w, https:\/\/www.showdowndisplays.eu\/wp-content\/uploads\/2021\/02\/Product-sheet-3-180x200.png 180w\" sizes=\"(max-width: 525px) 100vw, 525px\" \/><noscript><img decoding=\"async\" width=\"525\" height=\"584\" src=\"https:\/\/www.showdowndisplays.eu\/wp-content\/uploads\/2021\/02\/Product-sheet-3.png\" alt=\"\" class=\"wp-image-8082 size-full\" srcset=\"https:\/\/www.showdowndisplays.eu\/wp-content\/uploads\/2021\/02\/Product-sheet-3.png 525w, https:\/\/www.showdowndisplays.eu\/wp-content\/uploads\/2021\/02\/Product-sheet-3-243x270.png 243w, https:\/\/www.showdowndisplays.eu\/wp-content\/uploads\/2021\/02\/Product-sheet-3-380x423.png 380w, https:\/\/www.showdowndisplays.eu\/wp-content\/uploads\/2021\/02\/Product-sheet-3-96x107.png 96w, https:\/\/www.showdowndisplays.eu\/wp-content\/uploads\/2021\/02\/Product-sheet-3-180x200.png 180w\" sizes=\"(max-width: 525px) 100vw, 525px\" \/><\/noscript><\/figure><\/div>\n\n\n\n<div class=\"wp-block-media-text alignwide is-stacked-on-mobile is-image-fill image-text-2\"><figure class=\"wp-block-media-text__media\" style=\"background-image:url(https:\/\/www.showdowndisplays.eu\/wp-content\/uploads\/2021\/02\/Print-template-4-1.png);background-position:50% 50%\"><img data-aspectratio=\"650\/531\" src=\"data:image\/gif;base64,R0lGODlhAQABAIAAAAAAAP\/\/\/yH5BAEAAAAALAAAAAABAAEAAAIBRAA7\" decoding=\"async\" width=\"650\" height=\"531\" data-src=\"https:\/\/www.showdowndisplays.eu\/wp-content\/uploads\/2021\/02\/Print-template-4-1.png\" alt=\"\" class=\"wp-image-8052 size-full lazyload\" data-srcset=\"https:\/\/www.showdowndisplays.eu\/wp-content\/uploads\/2021\/02\/Print-template-4-1.png 650w, https:\/\/www.showdowndisplays.eu\/wp-content\/uploads\/2021\/02\/Print-template-4-1-331x270.png 331w, https:\/\/www.showdowndisplays.eu\/wp-content\/uploads\/2021\/02\/Print-template-4-1-380x310.png 380w, https:\/\/www.showdowndisplays.eu\/wp-content\/uploads\/2021\/02\/Print-template-4-1-96x78.png 96w, https:\/\/www.showdowndisplays.eu\/wp-content\/uploads\/2021\/02\/Print-template-4-1-200x163.png 200w\" sizes=\"(max-width: 650px) 100vw, 650px\" \/><noscript><img decoding=\"async\" width=\"650\" height=\"531\" src=\"https:\/\/www.showdowndisplays.eu\/wp-content\/uploads\/2021\/02\/Print-template-4-1.png\" alt=\"\" class=\"wp-image-8052 size-full\" srcset=\"https:\/\/www.showdowndisplays.eu\/wp-content\/uploads\/2021\/02\/Print-template-4-1.png 650w, https:\/\/www.showdowndisplays.eu\/wp-content\/uploads\/2021\/02\/Print-template-4-1-331x270.png 331w, https:\/\/www.showdowndisplays.eu\/wp-content\/uploads\/2021\/02\/Print-template-4-1-380x310.png 380w, https:\/\/www.showdowndisplays.eu\/wp-content\/uploads\/2021\/02\/Print-template-4-1-96x78.png 96w, https:\/\/www.showdowndisplays.eu\/wp-content\/uploads\/2021\/02\/Print-template-4-1-200x163.png 200w\" sizes=\"(max-width: 650px) 100vw, 650px\" \/><\/noscript><\/figure><div class=\"wp-block-media-text__content\">\n<h2 class=\"wp-block-heading\">Druckvorlagen<\/h2>\n\n\n\n<p>Viele unserer Produkte sind ohne eine Grafik nicht vollst\u00e4ndig. Deshalb k\u00fcmmern wir uns gerne um Ihr vollst\u00e4ndiges Produkt: Der passende Druck zum Display ist ein Service, den wir ebenfalls anbieten. Damit Ihre Grafik gut aussieht, haben wir f\u00fcr alle Produkte mit Grafik Druckvorlagen erstellt.<\/p>\n\n\n\n<p>Auf dieser Vorlage k\u00f6nnen Sie genau sehen, in welchem Bereich Sie die Texte und Logos platzieren m\u00fcssen, damit Ihre Botschaft die Aufmerksamkeit bekommt, die sie verdient. So wird Ihre Grafik genau so aussehen, wie Sie es sich vorgestellt haben!<\/p>\n<\/div><\/div>\n\n\n\n<div style=\"height:20px\" aria-hidden=\"true\" class=\"wp-block-spacer\"><\/div>\n\n\n\n<h2 class=\"has-text-align-center wp-block-heading\">Weitere Seiten<\/h2>\n\n\n    <div class=\"marketing\">\r\n                                <div class=\"marketing__item marketing__item--4\">\r\n\r\n                <div class=\"marketing__image\">\r\n                    <img data-aspectratio=\"380\/238\" decoding=\"async\" width=\"380\" height=\"238\" data-aspectratio=\"380\/238\" src=\"data:image\/gif;base64,R0lGODlhAQABAIAAAAAAAP\/\/\/yH5BAEAAAAALAAAAAABAAEAAAIBRAA7\" data-src=\"https:\/\/www.showdowndisplays.eu\/wp-content\/uploads\/2021\/01\/Product-photos-and-videos-3-380x238.jpg\" class=\"attachment-about-us size-about-us lazyload\" alt=\" width\" data-srcset=\"https:\/\/www.showdowndisplays.eu\/wp-content\/uploads\/2021\/01\/Product-photos-and-videos-3-380x238.jpg 380w, https:\/\/www.showdowndisplays.eu\/wp-content\/uploads\/2021\/01\/Product-photos-and-videos-3-432x270.jpg 432w, https:\/\/www.showdowndisplays.eu\/wp-content\/uploads\/2021\/01\/Product-photos-and-videos-3-1024x640.jpg 1024w, https:\/\/www.showdowndisplays.eu\/wp-content\/uploads\/2021\/01\/Product-photos-and-videos-3-768x480.jpg 768w, https:\/\/www.showdowndisplays.eu\/wp-content\/uploads\/2021\/01\/Product-photos-and-videos-3-1536x960.jpg 1536w, https:\/\/www.showdowndisplays.eu\/wp-content\/uploads\/2021\/01\/Product-photos-and-videos-3-96x60.jpg 96w, https:\/\/www.showdowndisplays.eu\/wp-content\/uploads\/2021\/01\/Product-photos-and-videos-3-200x125.jpg 200w, https:\/\/www.showdowndisplays.eu\/wp-content\/uploads\/2021\/01\/Product-photos-and-videos-3.jpg 1600w\" sizes=\"(max-width: 380px) 100vw, 380px\" \/><noscript><img decoding=\"async\" width=\"380\" height=\"238\" data-aspectratio=\"380\/238\" src=\"data:image\/gif;base64,R0lGODlhAQABAIAAAAAAAP\/\/\/yH5BAEAAAAALAAAAAABAAEAAAIBRAA7\" data-src=\"https:\/\/www.showdowndisplays.eu\/wp-content\/uploads\/2021\/01\/Product-photos-and-videos-3-380x238.jpg\" class=\"attachment-about-us size-about-us lazyload\" alt=\" width\" data-srcset=\"https:\/\/www.showdowndisplays.eu\/wp-content\/uploads\/2021\/01\/Product-photos-and-videos-3-380x238.jpg 380w, https:\/\/www.showdowndisplays.eu\/wp-content\/uploads\/2021\/01\/Product-photos-and-videos-3-432x270.jpg 432w, https:\/\/www.showdowndisplays.eu\/wp-content\/uploads\/2021\/01\/Product-photos-and-videos-3-1024x640.jpg 1024w, https:\/\/www.showdowndisplays.eu\/wp-content\/uploads\/2021\/01\/Product-photos-and-videos-3-768x480.jpg 768w, https:\/\/www.showdowndisplays.eu\/wp-content\/uploads\/2021\/01\/Product-photos-and-videos-3-1536x960.jpg 1536w, https:\/\/www.showdowndisplays.eu\/wp-content\/uploads\/2021\/01\/Product-photos-and-videos-3-96x60.jpg 96w, https:\/\/www.showdowndisplays.eu\/wp-content\/uploads\/2021\/01\/Product-photos-and-videos-3-200x125.jpg 200w, https:\/\/www.showdowndisplays.eu\/wp-content\/uploads\/2021\/01\/Product-photos-and-videos-3.jpg 1600w\" sizes=\"(max-width: 380px) 100vw, 380px\" \/><\/noscript>                <\/div>\r\n                <div class=\"marketing__content-wrapper global-style\">\r\n                                            <div class=\"marketing__title-wrapper\">\r\n                            <h3>Produktfotos und -videos<\/h3>\r\n                        <\/div>\r\n                                        <div class=\"marketing__content\">\r\n                                            <\/div>\r\n                <\/div>\r\n\r\n                                    <a href=\"https:\/\/www.showdowndisplays.eu\/de\/marketing-support\/produktbilder-und-videos\/\"  class=\"marketing__read-more link-with-arrow link-with-arrow--blue\">Weiterlesen<\/a>\r\n                \r\n            <\/div>\r\n\r\n                                <div class=\"marketing__item marketing__item--4\">\r\n\r\n                <div class=\"marketing__image\">\r\n                    <img data-aspectratio=\"380\/241\" decoding=\"async\" width=\"380\" height=\"241\" data-aspectratio=\"380\/241\" src=\"data:image\/gif;base64,R0lGODlhAQABAIAAAAAAAP\/\/\/yH5BAEAAAAALAAAAAABAAEAAAIBRAA7\" data-src=\"https:\/\/www.showdowndisplays.eu\/wp-content\/uploads\/2021\/01\/Your-own-catalogue-and-brochures-3-380x241.png\" class=\"attachment-about-us size-about-us lazyload\" alt=\" width\" data-srcset=\"https:\/\/www.showdowndisplays.eu\/wp-content\/uploads\/2021\/01\/Your-own-catalogue-and-brochures-3-380x241.png 380w, https:\/\/www.showdowndisplays.eu\/wp-content\/uploads\/2021\/01\/Your-own-catalogue-and-brochures-3-425x270.png 425w, https:\/\/www.showdowndisplays.eu\/wp-content\/uploads\/2021\/01\/Your-own-catalogue-and-brochures-3-1024x650.png 1024w, https:\/\/www.showdowndisplays.eu\/wp-content\/uploads\/2021\/01\/Your-own-catalogue-and-brochures-3-768x488.png 768w, https:\/\/www.showdowndisplays.eu\/wp-content\/uploads\/2021\/01\/Your-own-catalogue-and-brochures-3-1536x975.png 1536w, https:\/\/www.showdowndisplays.eu\/wp-content\/uploads\/2021\/01\/Your-own-catalogue-and-brochures-3-96x61.png 96w, https:\/\/www.showdowndisplays.eu\/wp-content\/uploads\/2021\/01\/Your-own-catalogue-and-brochures-3-200x127.png 200w, https:\/\/www.showdowndisplays.eu\/wp-content\/uploads\/2021\/01\/Your-own-catalogue-and-brochures-3.png 1575w\" sizes=\"(max-width: 380px) 100vw, 380px\" \/><noscript><img decoding=\"async\" width=\"380\" height=\"241\" data-aspectratio=\"380\/241\" src=\"data:image\/gif;base64,R0lGODlhAQABAIAAAAAAAP\/\/\/yH5BAEAAAAALAAAAAABAAEAAAIBRAA7\" data-src=\"https:\/\/www.showdowndisplays.eu\/wp-content\/uploads\/2021\/01\/Your-own-catalogue-and-brochures-3-380x241.png\" class=\"attachment-about-us size-about-us lazyload\" alt=\" width\" data-srcset=\"https:\/\/www.showdowndisplays.eu\/wp-content\/uploads\/2021\/01\/Your-own-catalogue-and-brochures-3-380x241.png 380w, https:\/\/www.showdowndisplays.eu\/wp-content\/uploads\/2021\/01\/Your-own-catalogue-and-brochures-3-425x270.png 425w, https:\/\/www.showdowndisplays.eu\/wp-content\/uploads\/2021\/01\/Your-own-catalogue-and-brochures-3-1024x650.png 1024w, https:\/\/www.showdowndisplays.eu\/wp-content\/uploads\/2021\/01\/Your-own-catalogue-and-brochures-3-768x488.png 768w, https:\/\/www.showdowndisplays.eu\/wp-content\/uploads\/2021\/01\/Your-own-catalogue-and-brochures-3-1536x975.png 1536w, https:\/\/www.showdowndisplays.eu\/wp-content\/uploads\/2021\/01\/Your-own-catalogue-and-brochures-3-96x61.png 96w, https:\/\/www.showdowndisplays.eu\/wp-content\/uploads\/2021\/01\/Your-own-catalogue-and-brochures-3-200x127.png 200w, https:\/\/www.showdowndisplays.eu\/wp-content\/uploads\/2021\/01\/Your-own-catalogue-and-brochures-3.png 1575w\" sizes=\"(max-width: 380px) 100vw, 380px\" \/><\/noscript>                <\/div>\r\n                <div class=\"marketing__content-wrapper global-style\">\r\n                                            <div class=\"marketing__title-wrapper\">\r\n                            <h3>Ihre eigenener Katalog und eigenen Brosch\u00fcren<\/h3>\r\n                        <\/div>\r\n                                        <div class=\"marketing__content\">\r\n                                            <\/div>\r\n                <\/div>\r\n\r\n                                    <a href=\"https:\/\/www.showdowndisplays.eu\/de\/marketing-support\/ihr-eigener-katalog-und-ihre-eigenen-broschuren\/\"  class=\"marketing__read-more link-with-arrow link-with-arrow--blue\">Weiterlesen<\/a>\r\n                \r\n            <\/div>\r\n\r\n                                <div class=\"marketing__item marketing__item--4\">\r\n\r\n                <div class=\"marketing__image\">\r\n                    <img data-aspectratio=\"380\/238\" decoding=\"async\" width=\"380\" height=\"238\" data-aspectratio=\"380\/238\" src=\"data:image\/gif;base64,R0lGODlhAQABAIAAAAAAAP\/\/\/yH5BAEAAAAALAAAAAABAAEAAAIBRAA7\" data-src=\"https:\/\/www.showdowndisplays.eu\/wp-content\/uploads\/2021\/02\/20210113-Sample-box-4-380x238.jpg\" class=\"attachment-about-us size-about-us lazyload\" alt=\" width\" data-srcset=\"https:\/\/www.showdowndisplays.eu\/wp-content\/uploads\/2021\/02\/20210113-Sample-box-4-380x238.jpg 380w, https:\/\/www.showdowndisplays.eu\/wp-content\/uploads\/2021\/02\/20210113-Sample-box-4-431x270.jpg 431w, https:\/\/www.showdowndisplays.eu\/wp-content\/uploads\/2021\/02\/20210113-Sample-box-4-768x481.jpg 768w, https:\/\/www.showdowndisplays.eu\/wp-content\/uploads\/2021\/02\/20210113-Sample-box-4-96x60.jpg 96w, https:\/\/www.showdowndisplays.eu\/wp-content\/uploads\/2021\/02\/20210113-Sample-box-4-200x125.jpg 200w, https:\/\/www.showdowndisplays.eu\/wp-content\/uploads\/2021\/02\/20210113-Sample-box-4.jpg 896w\" sizes=\"(max-width: 380px) 100vw, 380px\" \/><noscript><img decoding=\"async\" width=\"380\" height=\"238\" data-aspectratio=\"380\/238\" src=\"data:image\/gif;base64,R0lGODlhAQABAIAAAAAAAP\/\/\/yH5BAEAAAAALAAAAAABAAEAAAIBRAA7\" data-src=\"https:\/\/www.showdowndisplays.eu\/wp-content\/uploads\/2021\/02\/20210113-Sample-box-4-380x238.jpg\" class=\"attachment-about-us size-about-us lazyload\" alt=\" width\" data-srcset=\"https:\/\/www.showdowndisplays.eu\/wp-content\/uploads\/2021\/02\/20210113-Sample-box-4-380x238.jpg 380w, https:\/\/www.showdowndisplays.eu\/wp-content\/uploads\/2021\/02\/20210113-Sample-box-4-431x270.jpg 431w, https:\/\/www.showdowndisplays.eu\/wp-content\/uploads\/2021\/02\/20210113-Sample-box-4-768x481.jpg 768w, https:\/\/www.showdowndisplays.eu\/wp-content\/uploads\/2021\/02\/20210113-Sample-box-4-96x60.jpg 96w, https:\/\/www.showdowndisplays.eu\/wp-content\/uploads\/2021\/02\/20210113-Sample-box-4-200x125.jpg 200w, https:\/\/www.showdowndisplays.eu\/wp-content\/uploads\/2021\/02\/20210113-Sample-box-4.jpg 896w\" sizes=\"(max-width: 380px) 100vw, 380px\" \/><\/noscript>                <\/div>\r\n                <div class=\"marketing__content-wrapper global-style\">\r\n                                            <div class=\"marketing__title-wrapper\">\r\n                            <h3>Ihre eigenen Muster<\/h3>\r\n                        <\/div>\r\n                                        <div class=\"marketing__content\">\r\n                                            <\/div>\r\n                <\/div>\r\n\r\n                                    <a href=\"https:\/\/www.showdowndisplays.eu\/de\/marketing-support\/ihre-eigenen-muster\/\"  class=\"marketing__read-more link-with-arrow link-with-arrow--blue\">Weiterlesen<\/a>\r\n                \r\n            <\/div>\r\n\r\n                                <div class=\"marketing__item marketing__item--4\">\r\n\r\n                <div class=\"marketing__image\">\r\n                    <img data-aspectratio=\"380\/238\" decoding=\"async\" width=\"380\" height=\"238\" data-aspectratio=\"380\/238\" src=\"data:image\/gif;base64,R0lGODlhAQABAIAAAAAAAP\/\/\/yH5BAEAAAAALAAAAAABAAEAAAIBRAA7\" data-src=\"https:\/\/www.showdowndisplays.eu\/wp-content\/uploads\/2021\/01\/Inspirational-content-2-380x238.png\" class=\"attachment-about-us size-about-us lazyload\" alt=\" width\" data-srcset=\"https:\/\/www.showdowndisplays.eu\/wp-content\/uploads\/2021\/01\/Inspirational-content-2-380x238.png 380w, https:\/\/www.showdowndisplays.eu\/wp-content\/uploads\/2021\/01\/Inspirational-content-2-432x270.png 432w, https:\/\/www.showdowndisplays.eu\/wp-content\/uploads\/2021\/01\/Inspirational-content-2-1024x640.png 1024w, https:\/\/www.showdowndisplays.eu\/wp-content\/uploads\/2021\/01\/Inspirational-content-2-768x480.png 768w, https:\/\/www.showdowndisplays.eu\/wp-content\/uploads\/2021\/01\/Inspirational-content-2-1536x960.png 1536w, https:\/\/www.showdowndisplays.eu\/wp-content\/uploads\/2021\/01\/Inspirational-content-2-96x60.png 96w, https:\/\/www.showdowndisplays.eu\/wp-content\/uploads\/2021\/01\/Inspirational-content-2-200x125.png 200w, https:\/\/www.showdowndisplays.eu\/wp-content\/uploads\/2021\/01\/Inspirational-content-2.png 1600w\" sizes=\"(max-width: 380px) 100vw, 380px\" \/><noscript><img decoding=\"async\" width=\"380\" height=\"238\" data-aspectratio=\"380\/238\" src=\"data:image\/gif;base64,R0lGODlhAQABAIAAAAAAAP\/\/\/yH5BAEAAAAALAAAAAABAAEAAAIBRAA7\" data-src=\"https:\/\/www.showdowndisplays.eu\/wp-content\/uploads\/2021\/01\/Inspirational-content-2-380x238.png\" class=\"attachment-about-us size-about-us lazyload\" alt=\" width\" data-srcset=\"https:\/\/www.showdowndisplays.eu\/wp-content\/uploads\/2021\/01\/Inspirational-content-2-380x238.png 380w, https:\/\/www.showdowndisplays.eu\/wp-content\/uploads\/2021\/01\/Inspirational-content-2-432x270.png 432w, https:\/\/www.showdowndisplays.eu\/wp-content\/uploads\/2021\/01\/Inspirational-content-2-1024x640.png 1024w, https:\/\/www.showdowndisplays.eu\/wp-content\/uploads\/2021\/01\/Inspirational-content-2-768x480.png 768w, https:\/\/www.showdowndisplays.eu\/wp-content\/uploads\/2021\/01\/Inspirational-content-2-1536x960.png 1536w, https:\/\/www.showdowndisplays.eu\/wp-content\/uploads\/2021\/01\/Inspirational-content-2-96x60.png 96w, https:\/\/www.showdowndisplays.eu\/wp-content\/uploads\/2021\/01\/Inspirational-content-2-200x125.png 200w, https:\/\/www.showdowndisplays.eu\/wp-content\/uploads\/2021\/01\/Inspirational-content-2.png 1600w\" sizes=\"(max-width: 380px) 100vw, 380px\" \/><\/noscript>                <\/div>\r\n                <div class=\"marketing__content-wrapper global-style\">\r\n                                            <div class=\"marketing__title-wrapper\">\r\n                            <h3>Inspirierender Kontent<\/h3>\r\n                        <\/div>\r\n                                        <div class=\"marketing__content\">\r\n                                            <\/div>\r\n                <\/div>\r\n\r\n                                    <a href=\"https:\/\/www.showdowndisplays.eu\/de\/marketing-support\/inspirierender-content\/\"  class=\"marketing__read-more link-with-arrow link-with-arrow--blue\">Weiterlesen<\/a>\r\n                \r\n            <\/div>\r\n\r\n            <\/div>\r\n","protected":false},"excerpt":{"rendered":"<p>Aufbauanleitungen Die meisten Produkte in unserem Sortiment erfordern mehrere Aufbauschritte. Manche Produkte sind im Handumdrehen fertig, andere brauchen etwas mehr&#8230;<\/p>\n","protected":false},"author":3,"featured_media":0,"parent":5275,"menu_order":0,"comment_status":"closed","ping_status":"closed","template":"","meta":{"_acf_changed":false,"footnotes":""},"class_list":["post-9328","page","type-page","status-publish","hentry"],"acf":[],"_links":{"self":[{"href":"https:\/\/www.showdowndisplays.eu\/de\/wp-json\/wp\/v2\/pages\/9328","targetHints":{"allow":["GET"]}}],"collection":[{"href":"https:\/\/www.showdowndisplays.eu\/de\/wp-json\/wp\/v2\/pages"}],"about":[{"href":"https:\/\/www.showdowndisplays.eu\/de\/wp-json\/wp\/v2\/types\/page"}],"author":[{"embeddable":true,"href":"https:\/\/www.showdowndisplays.eu\/de\/wp-json\/wp\/v2\/users\/3"}],"replies":[{"embeddable":true,"href":"https:\/\/www.showdowndisplays.eu\/de\/wp-json\/wp\/v2\/comments?post=9328"}],"version-history":[{"count":12,"href":"https:\/\/www.showdowndisplays.eu\/de\/wp-json\/wp\/v2\/pages\/9328\/revisions"}],"predecessor-version":[{"id":27705,"href":"https:\/\/www.showdowndisplays.eu\/de\/wp-json\/wp\/v2\/pages\/9328\/revisions\/27705"}],"up":[{"embeddable":true,"href":"https:\/\/www.showdowndisplays.eu\/de\/wp-json\/wp\/v2\/pages\/5275"}],"wp:attachment":[{"href":"https:\/\/www.showdowndisplays.eu\/de\/wp-json\/wp\/v2\/media?parent=9328"}],"curies":[{"name":"wp","href":"https:\/\/api.w.org\/{rel}","templated":true}]}}