{"id":9264,"date":"2021-02-25T15:05:10","date_gmt":"2021-02-25T15:05:10","guid":{"rendered":"https:\/\/www.showdowndisplays.eu\/marketing-support\/your-own-catalogue-and-brochures\/"},"modified":"2026-02-09T11:14:01","modified_gmt":"2026-02-09T11:14:01","slug":"ihr-eigener-katalog-und-ihre-eigenen-broschuren","status":"publish","type":"page","link":"https:\/\/www.showdowndisplays.eu\/de\/marketing-support\/ihr-eigener-katalog-und-ihre-eigenen-broschuren\/","title":{"rendered":"Ihr eigener Katalog und Ihre eigenen Brosch\u00fcren"},"content":{"rendered":"\n<div class=\"wp-block-media-text alignwide is-stacked-on-mobile is-image-fill-element image-text-2\"><figure class=\"wp-block-media-text__media\"><img data-aspectratio=\"1024\/1024\" src=\"data:image\/gif;base64,R0lGODlhAQABAIAAAAAAAP\/\/\/yH5BAEAAAAALAAAAAABAAEAAAIBRAA7\" decoding=\"async\" width=\"1024\" height=\"1024\" data-src=\"https:\/\/www.showdowndisplays.eu\/wp-content\/uploads\/2026\/02\/Mockup-laptop-neutral-catalogue-2026.2-1-1024x1024.jpg\" alt=\"Neutral Catalogue 2026\" class=\"wp-image-53133 size-full lazyload\" style=\"object-position:50% 50%\" data-srcset=\"https:\/\/www.showdowndisplays.eu\/wp-content\/uploads\/2026\/02\/Mockup-laptop-neutral-catalogue-2026.2-1-1024x1024.jpg 1024w, https:\/\/www.showdowndisplays.eu\/wp-content\/uploads\/2026\/02\/Mockup-laptop-neutral-catalogue-2026.2-1-270x270.jpg 270w, https:\/\/www.showdowndisplays.eu\/wp-content\/uploads\/2026\/02\/Mockup-laptop-neutral-catalogue-2026.2-1-768x768.jpg 768w, https:\/\/www.showdowndisplays.eu\/wp-content\/uploads\/2026\/02\/Mockup-laptop-neutral-catalogue-2026.2-1-1536x1536.jpg 1536w, https:\/\/www.showdowndisplays.eu\/wp-content\/uploads\/2026\/02\/Mockup-laptop-neutral-catalogue-2026.2-1-380x380.jpg 380w, https:\/\/www.showdowndisplays.eu\/wp-content\/uploads\/2026\/02\/Mockup-laptop-neutral-catalogue-2026.2-1-96x96.jpg 96w, https:\/\/www.showdowndisplays.eu\/wp-content\/uploads\/2026\/02\/Mockup-laptop-neutral-catalogue-2026.2-1-200x200.jpg 200w, https:\/\/www.showdowndisplays.eu\/wp-content\/uploads\/2026\/02\/Mockup-laptop-neutral-catalogue-2026.2-1.jpg 2048w\" sizes=\"(max-width: 1024px) 100vw, 1024px\" \/><noscript><img decoding=\"async\" width=\"1024\" height=\"1024\" src=\"https:\/\/www.showdowndisplays.eu\/wp-content\/uploads\/2026\/02\/Mockup-laptop-neutral-catalogue-2026.2-1-1024x1024.jpg\" alt=\"Neutral Catalogue 2026\" class=\"wp-image-53133 size-full\" style=\"object-position:50% 50%\" srcset=\"https:\/\/www.showdowndisplays.eu\/wp-content\/uploads\/2026\/02\/Mockup-laptop-neutral-catalogue-2026.2-1-1024x1024.jpg 1024w, https:\/\/www.showdowndisplays.eu\/wp-content\/uploads\/2026\/02\/Mockup-laptop-neutral-catalogue-2026.2-1-270x270.jpg 270w, https:\/\/www.showdowndisplays.eu\/wp-content\/uploads\/2026\/02\/Mockup-laptop-neutral-catalogue-2026.2-1-768x768.jpg 768w, https:\/\/www.showdowndisplays.eu\/wp-content\/uploads\/2026\/02\/Mockup-laptop-neutral-catalogue-2026.2-1-1536x1536.jpg 1536w, https:\/\/www.showdowndisplays.eu\/wp-content\/uploads\/2026\/02\/Mockup-laptop-neutral-catalogue-2026.2-1-380x380.jpg 380w, https:\/\/www.showdowndisplays.eu\/wp-content\/uploads\/2026\/02\/Mockup-laptop-neutral-catalogue-2026.2-1-96x96.jpg 96w, https:\/\/www.showdowndisplays.eu\/wp-content\/uploads\/2026\/02\/Mockup-laptop-neutral-catalogue-2026.2-1-200x200.jpg 200w, https:\/\/www.showdowndisplays.eu\/wp-content\/uploads\/2026\/02\/Mockup-laptop-neutral-catalogue-2026.2-1.jpg 2048w\" sizes=\"(max-width: 1024px) 100vw, 1024px\" \/><\/noscript><\/figure><div class=\"wp-block-media-text__content\">\n<h2 class=\"wp-block-heading\">Neutraler digitaler Katalog<\/h2>\n\n\n\n<p>Jedes Jahr pr\u00e4sentieren wir einen brandneuen digitaler Katalog. Komplett mit unserer gesamten Produktpalette, inspirierenden Bildern und allen Informationen, die Sie \u00fcber unsere Produkte und Dienstleistungen wissen m\u00fcssen. <strong><a href=\"https:\/\/online.flippingbook.com\/view\/963801670\/\" data-type=\"link\" data-id=\"https:\/\/online.flippingbook.com\/view\/963801670\/\" target=\"_blank\" rel=\"noopener\">Unseren aktuellen digitalen Katalog finden Sie hier.<\/a><\/strong><\/p>\n\n\n\n<p>Wir denken an Sie! Deshalb haben wir auch einen neutralen digitalen Katalog als Teil unseres Marketing-Supports, ohne unseren Firmennamen und ohne unser Branding.<\/p>\n\n\n\n<p>Dieser digitale Katalog ist speziell f\u00fcr Sie gemacht! Teilen Sie ihn mit Ihren Kunden, stellen Sie den Katalog auf Ihre Website oder zeigen Sie ihn bei einem Termin. So k\u00f6nnen Sie Ihre Produktpalette attraktiv und professionell pr\u00e4sentieren.<\/p>\n\n\n\n<div class=\"wp-block-buttons is-layout-flex wp-block-buttons-is-layout-flex\">\n<div class=\"wp-block-button\"><a class=\"wp-block-button__link wp-element-button\" href=\"https:\/\/online.flippingbook.com\/view\/316440447\/\" target=\"_blank\" rel=\"noopener\">Betrachten Sie unseren neutralen digitalen Katalog<\/a><\/div>\n<\/div>\n\n\n\n<p>Das hei\u00dft, Sie m\u00fcssen keine Zeit und Energie mehr in die Entwicklung neuer Marketingmaterialien investieren, sie sind bereits f\u00fcr Sie vorhanden. So steigern Sie Ihren Umsatz!<\/p>\n<\/div><\/div>\n\n\n\n<div class=\"wp-block-media-text alignwide has-media-on-the-right is-stacked-on-mobile is-image-fill-element image-text-2\"><div class=\"wp-block-media-text__content\">\n<h2 class=\"wp-block-heading\">Digitaler Markenkatalog<\/h2>\n\n\n\n<p>Der neutrale Katalog kann durch Ihr eigenes Branding noch spezieller gestaltet werden. Ein Cover und eine R\u00fcckseite mit Ihrem eigenen Logo und Farben, die Sie von der Masse abheben.<\/p>\n\n\n\n<p>Was m\u00fcssen Sie tun? Schicken Sie uns Ihre personalisierte Vorder- und R\u00fcckseite im A4-Format. Wir k\u00fcmmern uns um den Rest!<\/p>\n\n\n\n<p>Es besteht auch die M\u00f6glichkeit, das Innere des Katalogs nach Ihren W\u00fcnschen und Bed\u00fcrfnissen zu gestalten. In diesem Fall senden wir Ihnen unsere Arbeitsdatei zu, damit Sie Ihre eigenen Touch hinzuf\u00fcgen k\u00f6nnen. Bitte kontaktieren Sie unser Marketing-Team, um alle M\u00f6glichkeiten zu besprechen.<\/p>\n\n\n\n<div class=\"wp-block-buttons is-layout-flex wp-block-buttons-is-layout-flex\">\n<div class=\"wp-block-button\"><a class=\"wp-block-button__link wp-element-button\" href=\"mailto:marketing@showdowndisplays.eu\">Ihren personalierten Katalog anfordern<\/a><\/div>\n<\/div>\n<\/div><figure class=\"wp-block-media-text__media\"><img data-aspectratio=\"768\/1024\" src=\"data:image\/gif;base64,R0lGODlhAQABAIAAAAAAAP\/\/\/yH5BAEAAAAALAAAAAABAAEAAAIBRAA7\" decoding=\"async\" width=\"768\" height=\"1024\" data-src=\"https:\/\/www.showdowndisplays.eu\/wp-content\/uploads\/2021\/04\/Visual-2-Digitale-branded-catalogus-768x1024.jpg\" alt=\"\" class=\"wp-image-9128 size-full lazyload\" style=\"object-position:48% 72%\" data-srcset=\"https:\/\/www.showdowndisplays.eu\/wp-content\/uploads\/2021\/04\/Visual-2-Digitale-branded-catalogus-768x1024.jpg 768w, https:\/\/www.showdowndisplays.eu\/wp-content\/uploads\/2021\/04\/Visual-2-Digitale-branded-catalogus-203x270.jpg 203w, https:\/\/www.showdowndisplays.eu\/wp-content\/uploads\/2021\/04\/Visual-2-Digitale-branded-catalogus-330x440.jpg 330w, https:\/\/www.showdowndisplays.eu\/wp-content\/uploads\/2021\/04\/Visual-2-Digitale-branded-catalogus-96x128.jpg 96w, https:\/\/www.showdowndisplays.eu\/wp-content\/uploads\/2021\/04\/Visual-2-Digitale-branded-catalogus-150x200.jpg 150w, https:\/\/www.showdowndisplays.eu\/wp-content\/uploads\/2021\/04\/Visual-2-Digitale-branded-catalogus.jpg 900w\" sizes=\"(max-width: 768px) 100vw, 768px\" \/><noscript><img decoding=\"async\" width=\"768\" height=\"1024\" src=\"https:\/\/www.showdowndisplays.eu\/wp-content\/uploads\/2021\/04\/Visual-2-Digitale-branded-catalogus-768x1024.jpg\" alt=\"\" class=\"wp-image-9128 size-full\" style=\"object-position:48% 72%\" srcset=\"https:\/\/www.showdowndisplays.eu\/wp-content\/uploads\/2021\/04\/Visual-2-Digitale-branded-catalogus-768x1024.jpg 768w, https:\/\/www.showdowndisplays.eu\/wp-content\/uploads\/2021\/04\/Visual-2-Digitale-branded-catalogus-203x270.jpg 203w, https:\/\/www.showdowndisplays.eu\/wp-content\/uploads\/2021\/04\/Visual-2-Digitale-branded-catalogus-330x440.jpg 330w, https:\/\/www.showdowndisplays.eu\/wp-content\/uploads\/2021\/04\/Visual-2-Digitale-branded-catalogus-96x128.jpg 96w, https:\/\/www.showdowndisplays.eu\/wp-content\/uploads\/2021\/04\/Visual-2-Digitale-branded-catalogus-150x200.jpg 150w, https:\/\/www.showdowndisplays.eu\/wp-content\/uploads\/2021\/04\/Visual-2-Digitale-branded-catalogus.jpg 900w\" sizes=\"(max-width: 768px) 100vw, 768px\" \/><\/noscript><\/figure><\/div>\n\n\n\n\n\n\n\n<div class=\"wp-block-media-text alignwide is-stacked-on-mobile is-image-fill-element image-text-2\"><figure class=\"wp-block-media-text__media\"><img data-aspectratio=\"900\/606\" src=\"data:image\/gif;base64,R0lGODlhAQABAIAAAAAAAP\/\/\/yH5BAEAAAAALAAAAAABAAEAAAIBRAA7\" decoding=\"async\" width=\"900\" height=\"606\" data-src=\"https:\/\/www.showdowndisplays.eu\/wp-content\/uploads\/2022\/01\/SDE_market_flyers.jpg\" alt=\"\" class=\"wp-image-16912 size-full lazyload\" style=\"object-position:50% 50%\" data-srcset=\"https:\/\/www.showdowndisplays.eu\/wp-content\/uploads\/2022\/01\/SDE_market_flyers.jpg 900w, https:\/\/www.showdowndisplays.eu\/wp-content\/uploads\/2022\/01\/SDE_market_flyers-401x270.jpg 401w, https:\/\/www.showdowndisplays.eu\/wp-content\/uploads\/2022\/01\/SDE_market_flyers-768x517.jpg 768w, https:\/\/www.showdowndisplays.eu\/wp-content\/uploads\/2022\/01\/SDE_market_flyers-380x256.jpg 380w, https:\/\/www.showdowndisplays.eu\/wp-content\/uploads\/2022\/01\/SDE_market_flyers-96x65.jpg 96w, https:\/\/www.showdowndisplays.eu\/wp-content\/uploads\/2022\/01\/SDE_market_flyers-200x135.jpg 200w\" sizes=\"(max-width: 900px) 100vw, 900px\" \/><noscript><img decoding=\"async\" width=\"900\" height=\"606\" src=\"https:\/\/www.showdowndisplays.eu\/wp-content\/uploads\/2022\/01\/SDE_market_flyers.jpg\" alt=\"\" class=\"wp-image-16912 size-full\" style=\"object-position:50% 50%\" srcset=\"https:\/\/www.showdowndisplays.eu\/wp-content\/uploads\/2022\/01\/SDE_market_flyers.jpg 900w, https:\/\/www.showdowndisplays.eu\/wp-content\/uploads\/2022\/01\/SDE_market_flyers-401x270.jpg 401w, https:\/\/www.showdowndisplays.eu\/wp-content\/uploads\/2022\/01\/SDE_market_flyers-768x517.jpg 768w, https:\/\/www.showdowndisplays.eu\/wp-content\/uploads\/2022\/01\/SDE_market_flyers-380x256.jpg 380w, https:\/\/www.showdowndisplays.eu\/wp-content\/uploads\/2022\/01\/SDE_market_flyers-96x65.jpg 96w, https:\/\/www.showdowndisplays.eu\/wp-content\/uploads\/2022\/01\/SDE_market_flyers-200x135.jpg 200w\" sizes=\"(max-width: 900px) 100vw, 900px\" \/><\/noscript><\/figure><div class=\"wp-block-media-text__content\">\n<h2 class=\"wp-block-heading\">Neutrale digitale Broch\u00fcren f\u00fcr Kunden<\/h2>\n\n\n\n<p>Zus\u00e4tzlich zu unserem neutralen Katalog haben wir auch neutrale Brosch\u00fcren, welche Sie an Ihre Kunden weitergeben k\u00f6nnen. Hier werden verschiedene M\u00e4rkte und Anwendungsgebiete abgedeckt. Sind Sie neugierig, welche Brosch\u00fcren wir f\u00fcr Sie, zum Teilen mit Ihrem Kunden bereithalten?<\/p>\n\n\n\n<div class=\"wp-block-buttons is-layout-flex wp-block-buttons-is-layout-flex\">\n<div class=\"wp-block-button\"><a class=\"wp-block-button__link wp-element-button\" href=\"https:\/\/www.showdowndisplays.eu\/de\/ressourcen\/\" target=\"_blank\" rel=\"noreferrer noopener\">Unsere neutralen Brosch\u00fcren anschauen<\/a><\/div>\n<\/div>\n<\/div><\/div>\n\n\n\n<div style=\"height:20px\" aria-hidden=\"true\" class=\"wp-block-spacer\"><\/div>\n\n\n\n<h2 class=\"wp-block-heading has-text-align-center\">Weitere Seiten<\/h2>\n\n\n    <div class=\"marketing\">\r\n                                <div class=\"marketing__item marketing__item--4\">\r\n\r\n                <div class=\"marketing__image\">\r\n                    <img data-aspectratio=\"380\/238\" decoding=\"async\" width=\"380\" height=\"238\" data-aspectratio=\"380\/238\" src=\"data:image\/gif;base64,R0lGODlhAQABAIAAAAAAAP\/\/\/yH5BAEAAAAALAAAAAABAAEAAAIBRAA7\" data-src=\"https:\/\/www.showdowndisplays.eu\/wp-content\/uploads\/2021\/01\/Product-photos-and-videos-3-380x238.jpg\" class=\"attachment-about-us size-about-us lazyload\" alt=\" width\" data-srcset=\"https:\/\/www.showdowndisplays.eu\/wp-content\/uploads\/2021\/01\/Product-photos-and-videos-3-380x238.jpg 380w, https:\/\/www.showdowndisplays.eu\/wp-content\/uploads\/2021\/01\/Product-photos-and-videos-3-432x270.jpg 432w, https:\/\/www.showdowndisplays.eu\/wp-content\/uploads\/2021\/01\/Product-photos-and-videos-3-1024x640.jpg 1024w, https:\/\/www.showdowndisplays.eu\/wp-content\/uploads\/2021\/01\/Product-photos-and-videos-3-768x480.jpg 768w, https:\/\/www.showdowndisplays.eu\/wp-content\/uploads\/2021\/01\/Product-photos-and-videos-3-1536x960.jpg 1536w, https:\/\/www.showdowndisplays.eu\/wp-content\/uploads\/2021\/01\/Product-photos-and-videos-3-96x60.jpg 96w, https:\/\/www.showdowndisplays.eu\/wp-content\/uploads\/2021\/01\/Product-photos-and-videos-3-200x125.jpg 200w, https:\/\/www.showdowndisplays.eu\/wp-content\/uploads\/2021\/01\/Product-photos-and-videos-3.jpg 1600w\" sizes=\"(max-width: 380px) 100vw, 380px\" \/><noscript><img decoding=\"async\" width=\"380\" height=\"238\" data-aspectratio=\"380\/238\" src=\"data:image\/gif;base64,R0lGODlhAQABAIAAAAAAAP\/\/\/yH5BAEAAAAALAAAAAABAAEAAAIBRAA7\" data-src=\"https:\/\/www.showdowndisplays.eu\/wp-content\/uploads\/2021\/01\/Product-photos-and-videos-3-380x238.jpg\" class=\"attachment-about-us size-about-us lazyload\" alt=\" width\" data-srcset=\"https:\/\/www.showdowndisplays.eu\/wp-content\/uploads\/2021\/01\/Product-photos-and-videos-3-380x238.jpg 380w, https:\/\/www.showdowndisplays.eu\/wp-content\/uploads\/2021\/01\/Product-photos-and-videos-3-432x270.jpg 432w, https:\/\/www.showdowndisplays.eu\/wp-content\/uploads\/2021\/01\/Product-photos-and-videos-3-1024x640.jpg 1024w, https:\/\/www.showdowndisplays.eu\/wp-content\/uploads\/2021\/01\/Product-photos-and-videos-3-768x480.jpg 768w, https:\/\/www.showdowndisplays.eu\/wp-content\/uploads\/2021\/01\/Product-photos-and-videos-3-1536x960.jpg 1536w, https:\/\/www.showdowndisplays.eu\/wp-content\/uploads\/2021\/01\/Product-photos-and-videos-3-96x60.jpg 96w, https:\/\/www.showdowndisplays.eu\/wp-content\/uploads\/2021\/01\/Product-photos-and-videos-3-200x125.jpg 200w, https:\/\/www.showdowndisplays.eu\/wp-content\/uploads\/2021\/01\/Product-photos-and-videos-3.jpg 1600w\" sizes=\"(max-width: 380px) 100vw, 380px\" \/><\/noscript>                <\/div>\r\n                <div class=\"marketing__content-wrapper global-style\">\r\n                                            <div class=\"marketing__title-wrapper\">\r\n                            <h3>Produktfotos und -videos<\/h3>\r\n                        <\/div>\r\n                                        <div class=\"marketing__content\">\r\n                                            <\/div>\r\n                <\/div>\r\n\r\n                                    <a href=\"https:\/\/www.showdowndisplays.eu\/de\/marketing-support\/produktbilder-und-videos\/\" class=\"marketing__read-more link-with-arrow link-with-arrow--blue\">Weiterlesen<\/a>\r\n                \r\n            <\/div>\r\n\r\n                                <div class=\"marketing__item marketing__item--4\">\r\n\r\n                <div class=\"marketing__image\">\r\n                    <img data-aspectratio=\"380\/238\" decoding=\"async\" width=\"380\" height=\"238\" data-aspectratio=\"380\/238\" src=\"data:image\/gif;base64,R0lGODlhAQABAIAAAAAAAP\/\/\/yH5BAEAAAAALAAAAAABAAEAAAIBRAA7\" data-src=\"https:\/\/www.showdowndisplays.eu\/wp-content\/uploads\/2021\/02\/20210113-Sample-box-4-380x238.jpg\" class=\"attachment-about-us size-about-us lazyload\" alt=\" width\" data-srcset=\"https:\/\/www.showdowndisplays.eu\/wp-content\/uploads\/2021\/02\/20210113-Sample-box-4-380x238.jpg 380w, https:\/\/www.showdowndisplays.eu\/wp-content\/uploads\/2021\/02\/20210113-Sample-box-4-431x270.jpg 431w, https:\/\/www.showdowndisplays.eu\/wp-content\/uploads\/2021\/02\/20210113-Sample-box-4-768x481.jpg 768w, https:\/\/www.showdowndisplays.eu\/wp-content\/uploads\/2021\/02\/20210113-Sample-box-4-96x60.jpg 96w, https:\/\/www.showdowndisplays.eu\/wp-content\/uploads\/2021\/02\/20210113-Sample-box-4-200x125.jpg 200w, https:\/\/www.showdowndisplays.eu\/wp-content\/uploads\/2021\/02\/20210113-Sample-box-4.jpg 896w\" sizes=\"(max-width: 380px) 100vw, 380px\" \/><noscript><img decoding=\"async\" width=\"380\" height=\"238\" data-aspectratio=\"380\/238\" src=\"data:image\/gif;base64,R0lGODlhAQABAIAAAAAAAP\/\/\/yH5BAEAAAAALAAAAAABAAEAAAIBRAA7\" data-src=\"https:\/\/www.showdowndisplays.eu\/wp-content\/uploads\/2021\/02\/20210113-Sample-box-4-380x238.jpg\" class=\"attachment-about-us size-about-us lazyload\" alt=\" width\" data-srcset=\"https:\/\/www.showdowndisplays.eu\/wp-content\/uploads\/2021\/02\/20210113-Sample-box-4-380x238.jpg 380w, https:\/\/www.showdowndisplays.eu\/wp-content\/uploads\/2021\/02\/20210113-Sample-box-4-431x270.jpg 431w, https:\/\/www.showdowndisplays.eu\/wp-content\/uploads\/2021\/02\/20210113-Sample-box-4-768x481.jpg 768w, https:\/\/www.showdowndisplays.eu\/wp-content\/uploads\/2021\/02\/20210113-Sample-box-4-96x60.jpg 96w, https:\/\/www.showdowndisplays.eu\/wp-content\/uploads\/2021\/02\/20210113-Sample-box-4-200x125.jpg 200w, https:\/\/www.showdowndisplays.eu\/wp-content\/uploads\/2021\/02\/20210113-Sample-box-4.jpg 896w\" sizes=\"(max-width: 380px) 100vw, 380px\" \/><\/noscript>                <\/div>\r\n                <div class=\"marketing__content-wrapper global-style\">\r\n                                            <div class=\"marketing__title-wrapper\">\r\n                            <h3>Ihre eigenen Muster<\/h3>\r\n                        <\/div>\r\n                                        <div class=\"marketing__content\">\r\n                                            <\/div>\r\n                <\/div>\r\n\r\n                                    <a href=\"https:\/\/www.showdowndisplays.eu\/de\/marketing-support\/ihre-eigenen-muster\/\" class=\"marketing__read-more link-with-arrow link-with-arrow--blue\">Weiterlesen<\/a>\r\n                \r\n            <\/div>\r\n\r\n                                <div class=\"marketing__item marketing__item--4\">\r\n\r\n                <div class=\"marketing__image\">\r\n                    <img data-aspectratio=\"380\/238\" decoding=\"async\" width=\"380\" height=\"238\" data-aspectratio=\"380\/238\" src=\"data:image\/gif;base64,R0lGODlhAQABAIAAAAAAAP\/\/\/yH5BAEAAAAALAAAAAABAAEAAAIBRAA7\" data-src=\"https:\/\/www.showdowndisplays.eu\/wp-content\/uploads\/2021\/01\/Inspirational-content-2-380x238.png\" class=\"attachment-about-us size-about-us lazyload\" alt=\" width\" data-srcset=\"https:\/\/www.showdowndisplays.eu\/wp-content\/uploads\/2021\/01\/Inspirational-content-2-380x238.png 380w, https:\/\/www.showdowndisplays.eu\/wp-content\/uploads\/2021\/01\/Inspirational-content-2-432x270.png 432w, https:\/\/www.showdowndisplays.eu\/wp-content\/uploads\/2021\/01\/Inspirational-content-2-1024x640.png 1024w, https:\/\/www.showdowndisplays.eu\/wp-content\/uploads\/2021\/01\/Inspirational-content-2-768x480.png 768w, https:\/\/www.showdowndisplays.eu\/wp-content\/uploads\/2021\/01\/Inspirational-content-2-1536x960.png 1536w, https:\/\/www.showdowndisplays.eu\/wp-content\/uploads\/2021\/01\/Inspirational-content-2-96x60.png 96w, https:\/\/www.showdowndisplays.eu\/wp-content\/uploads\/2021\/01\/Inspirational-content-2-200x125.png 200w, https:\/\/www.showdowndisplays.eu\/wp-content\/uploads\/2021\/01\/Inspirational-content-2.png 1600w\" sizes=\"(max-width: 380px) 100vw, 380px\" \/><noscript><img decoding=\"async\" width=\"380\" height=\"238\" data-aspectratio=\"380\/238\" src=\"data:image\/gif;base64,R0lGODlhAQABAIAAAAAAAP\/\/\/yH5BAEAAAAALAAAAAABAAEAAAIBRAA7\" data-src=\"https:\/\/www.showdowndisplays.eu\/wp-content\/uploads\/2021\/01\/Inspirational-content-2-380x238.png\" class=\"attachment-about-us size-about-us lazyload\" alt=\" width\" data-srcset=\"https:\/\/www.showdowndisplays.eu\/wp-content\/uploads\/2021\/01\/Inspirational-content-2-380x238.png 380w, https:\/\/www.showdowndisplays.eu\/wp-content\/uploads\/2021\/01\/Inspirational-content-2-432x270.png 432w, https:\/\/www.showdowndisplays.eu\/wp-content\/uploads\/2021\/01\/Inspirational-content-2-1024x640.png 1024w, https:\/\/www.showdowndisplays.eu\/wp-content\/uploads\/2021\/01\/Inspirational-content-2-768x480.png 768w, https:\/\/www.showdowndisplays.eu\/wp-content\/uploads\/2021\/01\/Inspirational-content-2-1536x960.png 1536w, https:\/\/www.showdowndisplays.eu\/wp-content\/uploads\/2021\/01\/Inspirational-content-2-96x60.png 96w, https:\/\/www.showdowndisplays.eu\/wp-content\/uploads\/2021\/01\/Inspirational-content-2-200x125.png 200w, https:\/\/www.showdowndisplays.eu\/wp-content\/uploads\/2021\/01\/Inspirational-content-2.png 1600w\" sizes=\"(max-width: 380px) 100vw, 380px\" \/><\/noscript>                <\/div>\r\n                <div class=\"marketing__content-wrapper global-style\">\r\n                                            <div class=\"marketing__title-wrapper\">\r\n                            <h3>Inspirierender Kontent<\/h3>\r\n                        <\/div>\r\n                                        <div class=\"marketing__content\">\r\n                                            <\/div>\r\n                <\/div>\r\n\r\n                                    <a href=\"https:\/\/www.showdowndisplays.eu\/de\/marketing-support\/inspirierender-content\/\" class=\"marketing__read-more link-with-arrow link-with-arrow--blue\">Weiterlesen<\/a>\r\n                \r\n            <\/div>\r\n\r\n                                <div class=\"marketing__item marketing__item--4\">\r\n\r\n                <div class=\"marketing__image\">\r\n                    <img data-aspectratio=\"380\/238\" decoding=\"async\" width=\"380\" height=\"238\" data-aspectratio=\"380\/238\" src=\"data:image\/gif;base64,R0lGODlhAQABAIAAAAAAAP\/\/\/yH5BAEAAAAALAAAAAABAAEAAAIBRAA7\" data-src=\"https:\/\/www.showdowndisplays.eu\/wp-content\/uploads\/2021\/01\/Practical-Information-2-380x238.jpg\" class=\"attachment-about-us size-about-us lazyload\" alt=\" width\" data-srcset=\"https:\/\/www.showdowndisplays.eu\/wp-content\/uploads\/2021\/01\/Practical-Information-2-380x238.jpg 380w, https:\/\/www.showdowndisplays.eu\/wp-content\/uploads\/2021\/01\/Practical-Information-2-431x270.jpg 431w, https:\/\/www.showdowndisplays.eu\/wp-content\/uploads\/2021\/01\/Practical-Information-2-1024x641.jpg 1024w, https:\/\/www.showdowndisplays.eu\/wp-content\/uploads\/2021\/01\/Practical-Information-2-768x481.jpg 768w, https:\/\/www.showdowndisplays.eu\/wp-content\/uploads\/2021\/01\/Practical-Information-2-1536x962.jpg 1536w, https:\/\/www.showdowndisplays.eu\/wp-content\/uploads\/2021\/01\/Practical-Information-2-96x60.jpg 96w, https:\/\/www.showdowndisplays.eu\/wp-content\/uploads\/2021\/01\/Practical-Information-2-200x125.jpg 200w, https:\/\/www.showdowndisplays.eu\/wp-content\/uploads\/2021\/01\/Practical-Information-2.jpg 1600w\" sizes=\"(max-width: 380px) 100vw, 380px\" \/><noscript><img decoding=\"async\" width=\"380\" height=\"238\" data-aspectratio=\"380\/238\" src=\"data:image\/gif;base64,R0lGODlhAQABAIAAAAAAAP\/\/\/yH5BAEAAAAALAAAAAABAAEAAAIBRAA7\" data-src=\"https:\/\/www.showdowndisplays.eu\/wp-content\/uploads\/2021\/01\/Practical-Information-2-380x238.jpg\" class=\"attachment-about-us size-about-us lazyload\" alt=\" width\" data-srcset=\"https:\/\/www.showdowndisplays.eu\/wp-content\/uploads\/2021\/01\/Practical-Information-2-380x238.jpg 380w, https:\/\/www.showdowndisplays.eu\/wp-content\/uploads\/2021\/01\/Practical-Information-2-431x270.jpg 431w, https:\/\/www.showdowndisplays.eu\/wp-content\/uploads\/2021\/01\/Practical-Information-2-1024x641.jpg 1024w, https:\/\/www.showdowndisplays.eu\/wp-content\/uploads\/2021\/01\/Practical-Information-2-768x481.jpg 768w, https:\/\/www.showdowndisplays.eu\/wp-content\/uploads\/2021\/01\/Practical-Information-2-1536x962.jpg 1536w, https:\/\/www.showdowndisplays.eu\/wp-content\/uploads\/2021\/01\/Practical-Information-2-96x60.jpg 96w, https:\/\/www.showdowndisplays.eu\/wp-content\/uploads\/2021\/01\/Practical-Information-2-200x125.jpg 200w, https:\/\/www.showdowndisplays.eu\/wp-content\/uploads\/2021\/01\/Practical-Information-2.jpg 1600w\" sizes=\"(max-width: 380px) 100vw, 380px\" \/><\/noscript>                <\/div>\r\n                <div class=\"marketing__content-wrapper global-style\">\r\n                                            <div class=\"marketing__title-wrapper\">\r\n                            <h3>Praktische Informationen<\/h3>\r\n                        <\/div>\r\n                                        <div class=\"marketing__content\">\r\n                                            <\/div>\r\n                <\/div>\r\n\r\n                                    <a href=\"https:\/\/www.showdowndisplays.eu\/de\/marketing-support\/praktische-informationen\/\" class=\"marketing__read-more link-with-arrow link-with-arrow--blue\">Weiterlesen<\/a>\r\n                \r\n            <\/div>\r\n\r\n            <\/div>\r\n","protected":false},"excerpt":{"rendered":"<p>Weitere Seiten<\/p>\n","protected":false},"author":3,"featured_media":0,"parent":5275,"menu_order":0,"comment_status":"closed","ping_status":"closed","template":"","meta":{"_acf_changed":false,"footnotes":""},"class_list":["post-9264","page","type-page","status-publish","hentry"],"acf":[],"_links":{"self":[{"href":"https:\/\/www.showdowndisplays.eu\/de\/wp-json\/wp\/v2\/pages\/9264","targetHints":{"allow":["GET"]}}],"collection":[{"href":"https:\/\/www.showdowndisplays.eu\/de\/wp-json\/wp\/v2\/pages"}],"about":[{"href":"https:\/\/www.showdowndisplays.eu\/de\/wp-json\/wp\/v2\/types\/page"}],"author":[{"embeddable":true,"href":"https:\/\/www.showdowndisplays.eu\/de\/wp-json\/wp\/v2\/users\/3"}],"replies":[{"embeddable":true,"href":"https:\/\/www.showdowndisplays.eu\/de\/wp-json\/wp\/v2\/comments?post=9264"}],"version-history":[{"count":43,"href":"https:\/\/www.showdowndisplays.eu\/de\/wp-json\/wp\/v2\/pages\/9264\/revisions"}],"predecessor-version":[{"id":53175,"href":"https:\/\/www.showdowndisplays.eu\/de\/wp-json\/wp\/v2\/pages\/9264\/revisions\/53175"}],"up":[{"embeddable":true,"href":"https:\/\/www.showdowndisplays.eu\/de\/wp-json\/wp\/v2\/pages\/5275"}],"wp:attachment":[{"href":"https:\/\/www.showdowndisplays.eu\/de\/wp-json\/wp\/v2\/media?parent=9264"}],"curies":[{"name":"wp","href":"https:\/\/api.w.org\/{rel}","templated":true}]}}