{"id":9207,"date":"2021-02-25T14:22:52","date_gmt":"2021-02-25T14:22:52","guid":{"rendered":"https:\/\/www.showdowndisplays.eu\/marketing-support\/product-photos-and-videos\/"},"modified":"2021-09-07T10:10:42","modified_gmt":"2021-09-07T10:10:42","slug":"produktbilder-und-videos","status":"publish","type":"page","link":"https:\/\/www.showdowndisplays.eu\/de\/marketing-support\/produktbilder-und-videos\/","title":{"rendered":"Produktbilder und -videos"},"content":{"rendered":"\n<div class=\"wp-block-media-text alignwide is-stacked-on-mobile is-image-fill image-text-2\"><figure class=\"wp-block-media-text__media\" style=\"background-image:url(https:\/\/www.showdowndisplays.eu\/wp-content\/uploads\/2021\/08\/Product-images-3-2.png);background-position:50% 50%\"><img data-aspectratio=\"655\/682\" src=\"data:image\/gif;base64,R0lGODlhAQABAIAAAAAAAP\/\/\/yH5BAEAAAAALAAAAAABAAEAAAIBRAA7\" decoding=\"async\" width=\"655\" height=\"682\" data-src=\"https:\/\/www.showdowndisplays.eu\/wp-content\/uploads\/2021\/08\/Product-images-3-2.png\" alt=\"\" class=\"wp-image-13429 lazyload\" data-srcset=\"https:\/\/www.showdowndisplays.eu\/wp-content\/uploads\/2021\/08\/Product-images-3-2.png 655w, https:\/\/www.showdowndisplays.eu\/wp-content\/uploads\/2021\/08\/Product-images-3-2-259x270.png 259w, https:\/\/www.showdowndisplays.eu\/wp-content\/uploads\/2021\/08\/Product-images-3-2-380x396.png 380w, https:\/\/www.showdowndisplays.eu\/wp-content\/uploads\/2021\/08\/Product-images-3-2-96x100.png 96w, https:\/\/www.showdowndisplays.eu\/wp-content\/uploads\/2021\/08\/Product-images-3-2-192x200.png 192w\" sizes=\"(max-width: 655px) 100vw, 655px\" \/><noscript><img decoding=\"async\" width=\"655\" height=\"682\" src=\"https:\/\/www.showdowndisplays.eu\/wp-content\/uploads\/2021\/08\/Product-images-3-2.png\" alt=\"\" class=\"wp-image-13429\" srcset=\"https:\/\/www.showdowndisplays.eu\/wp-content\/uploads\/2021\/08\/Product-images-3-2.png 655w, https:\/\/www.showdowndisplays.eu\/wp-content\/uploads\/2021\/08\/Product-images-3-2-259x270.png 259w, https:\/\/www.showdowndisplays.eu\/wp-content\/uploads\/2021\/08\/Product-images-3-2-380x396.png 380w, https:\/\/www.showdowndisplays.eu\/wp-content\/uploads\/2021\/08\/Product-images-3-2-96x100.png 96w, https:\/\/www.showdowndisplays.eu\/wp-content\/uploads\/2021\/08\/Product-images-3-2-192x200.png 192w\" sizes=\"(max-width: 655px) 100vw, 655px\" \/><\/noscript><\/figure><div class=\"wp-block-media-text__content\">\n<h2 class=\"wp-block-heading\">Produktbilder<\/h2>\n\n\n\n<p>Ein Bild sagt mehr als tausend Worte. Deshalb haben wir von jedem Produkt eine Reihe von neutralen Fotos, die Sie f\u00fcr die Werbung auf Ihrer Plattform verwenden k\u00f6nnen. Sie finden diese Bilder auf unserer Online-Plattform auf der Seite des jeweiligen Produkts. Auf diesen Fotos zeigen wir das Gesamtbild jedes Produkts, aber wir zoomen auch auf die Details heran. Denn wir wissen, dass diese den Unterschied ausmachen k\u00f6nnen.<\/p>\n\n\n\n<p>Sie k\u00f6nnen diese Produktfotos von unserem Bildserver herunterladen und \u00fcber unser Produktdatenpaket auf Ihre Website\/Webshop stellen. Fordern Sie die Daten unten an!<\/p>\n\n\n\n<div class=\"wp-block-buttons is-layout-flex wp-block-buttons-is-layout-flex\">\n<div class=\"wp-block-button\"><a class=\"wp-block-button__link\" href=\"mailto:orders@showdowndisplays.eu\">Produktdatenpaket anfordern<\/a><\/div>\n<\/div>\n<\/div><\/div>\n\n\n\n<div class=\"wp-block-columns block-white-background is-layout-flex wp-container-core-columns-is-layout-9d6595d7 wp-block-columns-is-layout-flex\">\n<div class=\"wp-block-column is-layout-flow wp-block-column-is-layout-flow\">\n<h2 class=\"wp-block-heading\">Werbe- und Anleitungsvideos<\/h2>\n\n\n\n<p>Zus\u00e4tzlich zu unseren Produktfotos sind wir gerade dabei, unsere Kollektion von Anleitungs- und Werbevideos zu erweitern. Unsere Anleitungsvideos zeigen den korrekten Aufbau des Produkts, w\u00e4hrend unsere Werbevideos verdeutlichen, was das Produkt zu bieten hat und wie es verwendet werden kann. Damit das Produkt noch besser in Szene gesetzt werden kann. Die M\u00f6glichkeiten sind endlos!<\/p>\n\n\n\n<div class=\"wp-block-buttons is-layout-flex wp-block-buttons-is-layout-flex\">\n<div class=\"wp-block-button\"><a class=\"wp-block-button__link\" href=\"https:\/\/www.showdowndisplays.eu\/de\/marketing-support\/video-anleitungen\/\" target=\"_blank\" rel=\"noreferrer noopener\">Schauen Sie unsere Werbe- und Anleitungsvideos an<\/a><\/div>\n<\/div>\n<\/div>\n\n\n\n<div class=\"wp-block-column is-layout-flow wp-block-column-is-layout-flow\">\n<figure class=\"wp-block-embed-vimeo wp-block-embed is-type-video is-provider-vimeo wp-embed-aspect-16-9 wp-has-aspect-ratio\"><div class=\"wp-block-embed__wrapper\">\n<iframe loading=\"lazy\" title=\"Kids Sanitisers\" src=\"https:\/\/player.vimeo.com\/video\/472185909?dnt=1&amp;app_id=122963\" width=\"500\" height=\"281\" frameborder=\"0\" allow=\"autoplay; fullscreen; picture-in-picture; clipboard-write\"><\/iframe>\n<\/div><\/figure>\n<\/div>\n<\/div>\n\n\n\n<div class=\"wp-block-media-text alignwide is-stacked-on-mobile is-image-fill image-text-2\"><figure class=\"wp-block-media-text__media\" style=\"background-image:url(https:\/\/www.showdowndisplays.eu\/wp-content\/uploads\/2021\/04\/SDE_banner_DISHOP_1_1200x700-1024x597.jpg);background-position:50% 50%\"><img data-aspectratio=\"1024\/597\" src=\"data:image\/gif;base64,R0lGODlhAQABAIAAAAAAAP\/\/\/yH5BAEAAAAALAAAAAABAAEAAAIBRAA7\" decoding=\"async\" width=\"1024\" height=\"597\" data-src=\"https:\/\/www.showdowndisplays.eu\/wp-content\/uploads\/2021\/04\/SDE_banner_DISHOP_1_1200x700-1024x597.jpg\" alt=\"\" class=\"wp-image-9194 lazyload\" data-srcset=\"https:\/\/www.showdowndisplays.eu\/wp-content\/uploads\/2021\/04\/SDE_banner_DISHOP_1_1200x700-1024x597.jpg 1024w, https:\/\/www.showdowndisplays.eu\/wp-content\/uploads\/2021\/04\/SDE_banner_DISHOP_1_1200x700-463x270.jpg 463w, https:\/\/www.showdowndisplays.eu\/wp-content\/uploads\/2021\/04\/SDE_banner_DISHOP_1_1200x700-768x448.jpg 768w, https:\/\/www.showdowndisplays.eu\/wp-content\/uploads\/2021\/04\/SDE_banner_DISHOP_1_1200x700-380x222.jpg 380w, https:\/\/www.showdowndisplays.eu\/wp-content\/uploads\/2021\/04\/SDE_banner_DISHOP_1_1200x700-96x56.jpg 96w, https:\/\/www.showdowndisplays.eu\/wp-content\/uploads\/2021\/04\/SDE_banner_DISHOP_1_1200x700-200x117.jpg 200w, https:\/\/www.showdowndisplays.eu\/wp-content\/uploads\/2021\/04\/SDE_banner_DISHOP_1_1200x700.jpg 1200w\" sizes=\"(max-width: 1024px) 100vw, 1024px\" \/><noscript><img decoding=\"async\" width=\"1024\" height=\"597\" src=\"https:\/\/www.showdowndisplays.eu\/wp-content\/uploads\/2021\/04\/SDE_banner_DISHOP_1_1200x700-1024x597.jpg\" alt=\"\" class=\"wp-image-9194\" srcset=\"https:\/\/www.showdowndisplays.eu\/wp-content\/uploads\/2021\/04\/SDE_banner_DISHOP_1_1200x700-1024x597.jpg 1024w, https:\/\/www.showdowndisplays.eu\/wp-content\/uploads\/2021\/04\/SDE_banner_DISHOP_1_1200x700-463x270.jpg 463w, https:\/\/www.showdowndisplays.eu\/wp-content\/uploads\/2021\/04\/SDE_banner_DISHOP_1_1200x700-768x448.jpg 768w, https:\/\/www.showdowndisplays.eu\/wp-content\/uploads\/2021\/04\/SDE_banner_DISHOP_1_1200x700-380x222.jpg 380w, https:\/\/www.showdowndisplays.eu\/wp-content\/uploads\/2021\/04\/SDE_banner_DISHOP_1_1200x700-96x56.jpg 96w, https:\/\/www.showdowndisplays.eu\/wp-content\/uploads\/2021\/04\/SDE_banner_DISHOP_1_1200x700-200x117.jpg 200w, https:\/\/www.showdowndisplays.eu\/wp-content\/uploads\/2021\/04\/SDE_banner_DISHOP_1_1200x700.jpg 1200w\" sizes=\"(max-width: 1024px) 100vw, 1024px\" \/><\/noscript><\/figure><div class=\"wp-block-media-text__content\">\n<h2 class=\"wp-block-heading\">Hochaufl\u00f6sende Bilder f\u00fcr Print<\/h2>\n\n\n\n<p>Unsere Produktfotos sind in verschiedenen Aufl\u00f6sungen verf\u00fcgbar. Die Fotos, die Sie auf unserer Online-Plattform finden, sind perfekt f\u00fcr die Online-Nutzung. M\u00f6chten Sie die Bilder drucken, zum Beispiel in einem Katalog? Dann nutzen Sie unser Bildmaterial in h\u00f6herer Aufl\u00f6sung f\u00fcr beste Qualit\u00e4t.<\/p>\n\n\n\n<div class=\"wp-block-buttons is-layout-flex wp-block-buttons-is-layout-flex\">\n<div class=\"wp-block-button\"><a class=\"wp-block-button__link\" href=\"mailto:marketing@showdowndisplays.eu\">Unsere hochaufl\u00f6senden Bilder anfordern<\/a><\/div>\n<\/div>\n<\/div><\/div>\n\n\n\n<div style=\"height:20px\" aria-hidden=\"true\" class=\"wp-block-spacer\"><\/div>\n\n\n\n<h2 class=\"has-text-align-center wp-block-heading\">Weitere Seiten<\/h2>\n\n\n    <div class=\"marketing\">\r\n                                <div class=\"marketing__item marketing__item--4\">\r\n\r\n                <div class=\"marketing__image\">\r\n                    <img data-aspectratio=\"380\/241\" decoding=\"async\" width=\"380\" height=\"241\" data-aspectratio=\"380\/241\" src=\"data:image\/gif;base64,R0lGODlhAQABAIAAAAAAAP\/\/\/yH5BAEAAAAALAAAAAABAAEAAAIBRAA7\" data-src=\"https:\/\/www.showdowndisplays.eu\/wp-content\/uploads\/2021\/01\/Your-own-catalogue-and-brochures-3-380x241.png\" class=\"attachment-about-us size-about-us lazyload\" alt=\" width\" data-srcset=\"https:\/\/www.showdowndisplays.eu\/wp-content\/uploads\/2021\/01\/Your-own-catalogue-and-brochures-3-380x241.png 380w, https:\/\/www.showdowndisplays.eu\/wp-content\/uploads\/2021\/01\/Your-own-catalogue-and-brochures-3-425x270.png 425w, https:\/\/www.showdowndisplays.eu\/wp-content\/uploads\/2021\/01\/Your-own-catalogue-and-brochures-3-1024x650.png 1024w, https:\/\/www.showdowndisplays.eu\/wp-content\/uploads\/2021\/01\/Your-own-catalogue-and-brochures-3-768x488.png 768w, https:\/\/www.showdowndisplays.eu\/wp-content\/uploads\/2021\/01\/Your-own-catalogue-and-brochures-3-1536x975.png 1536w, https:\/\/www.showdowndisplays.eu\/wp-content\/uploads\/2021\/01\/Your-own-catalogue-and-brochures-3-96x61.png 96w, https:\/\/www.showdowndisplays.eu\/wp-content\/uploads\/2021\/01\/Your-own-catalogue-and-brochures-3-200x127.png 200w, https:\/\/www.showdowndisplays.eu\/wp-content\/uploads\/2021\/01\/Your-own-catalogue-and-brochures-3.png 1575w\" sizes=\"(max-width: 380px) 100vw, 380px\" \/><noscript><img decoding=\"async\" width=\"380\" height=\"241\" data-aspectratio=\"380\/241\" src=\"data:image\/gif;base64,R0lGODlhAQABAIAAAAAAAP\/\/\/yH5BAEAAAAALAAAAAABAAEAAAIBRAA7\" data-src=\"https:\/\/www.showdowndisplays.eu\/wp-content\/uploads\/2021\/01\/Your-own-catalogue-and-brochures-3-380x241.png\" class=\"attachment-about-us size-about-us lazyload\" alt=\" width\" data-srcset=\"https:\/\/www.showdowndisplays.eu\/wp-content\/uploads\/2021\/01\/Your-own-catalogue-and-brochures-3-380x241.png 380w, https:\/\/www.showdowndisplays.eu\/wp-content\/uploads\/2021\/01\/Your-own-catalogue-and-brochures-3-425x270.png 425w, https:\/\/www.showdowndisplays.eu\/wp-content\/uploads\/2021\/01\/Your-own-catalogue-and-brochures-3-1024x650.png 1024w, https:\/\/www.showdowndisplays.eu\/wp-content\/uploads\/2021\/01\/Your-own-catalogue-and-brochures-3-768x488.png 768w, https:\/\/www.showdowndisplays.eu\/wp-content\/uploads\/2021\/01\/Your-own-catalogue-and-brochures-3-1536x975.png 1536w, https:\/\/www.showdowndisplays.eu\/wp-content\/uploads\/2021\/01\/Your-own-catalogue-and-brochures-3-96x61.png 96w, https:\/\/www.showdowndisplays.eu\/wp-content\/uploads\/2021\/01\/Your-own-catalogue-and-brochures-3-200x127.png 200w, https:\/\/www.showdowndisplays.eu\/wp-content\/uploads\/2021\/01\/Your-own-catalogue-and-brochures-3.png 1575w\" sizes=\"(max-width: 380px) 100vw, 380px\" \/><\/noscript>                <\/div>\r\n                <div class=\"marketing__content-wrapper global-style\">\r\n                                            <div class=\"marketing__title-wrapper\">\r\n                            <h3>Ihre eigenener Katalog und eigenen Brosch\u00fcren<\/h3>\r\n                        <\/div>\r\n                                        <div class=\"marketing__content\">\r\n                                            <\/div>\r\n                <\/div>\r\n\r\n                                    <a href=\"https:\/\/www.showdowndisplays.eu\/de\/marketing-support\/ihr-eigener-katalog-und-ihre-eigenen-broschuren\/\"  class=\"marketing__read-more link-with-arrow link-with-arrow--blue\">Weiterlesen<\/a>\r\n                \r\n            <\/div>\r\n\r\n                                <div class=\"marketing__item marketing__item--4\">\r\n\r\n                <div class=\"marketing__image\">\r\n                    <img data-aspectratio=\"380\/238\" decoding=\"async\" width=\"380\" height=\"238\" data-aspectratio=\"380\/238\" src=\"data:image\/gif;base64,R0lGODlhAQABAIAAAAAAAP\/\/\/yH5BAEAAAAALAAAAAABAAEAAAIBRAA7\" data-src=\"https:\/\/www.showdowndisplays.eu\/wp-content\/uploads\/2021\/02\/20210113-Sample-box-4-380x238.jpg\" class=\"attachment-about-us size-about-us lazyload\" alt=\" width\" data-srcset=\"https:\/\/www.showdowndisplays.eu\/wp-content\/uploads\/2021\/02\/20210113-Sample-box-4-380x238.jpg 380w, https:\/\/www.showdowndisplays.eu\/wp-content\/uploads\/2021\/02\/20210113-Sample-box-4-431x270.jpg 431w, https:\/\/www.showdowndisplays.eu\/wp-content\/uploads\/2021\/02\/20210113-Sample-box-4-768x481.jpg 768w, https:\/\/www.showdowndisplays.eu\/wp-content\/uploads\/2021\/02\/20210113-Sample-box-4-96x60.jpg 96w, https:\/\/www.showdowndisplays.eu\/wp-content\/uploads\/2021\/02\/20210113-Sample-box-4-200x125.jpg 200w, https:\/\/www.showdowndisplays.eu\/wp-content\/uploads\/2021\/02\/20210113-Sample-box-4.jpg 896w\" sizes=\"(max-width: 380px) 100vw, 380px\" \/><noscript><img decoding=\"async\" width=\"380\" height=\"238\" data-aspectratio=\"380\/238\" src=\"data:image\/gif;base64,R0lGODlhAQABAIAAAAAAAP\/\/\/yH5BAEAAAAALAAAAAABAAEAAAIBRAA7\" data-src=\"https:\/\/www.showdowndisplays.eu\/wp-content\/uploads\/2021\/02\/20210113-Sample-box-4-380x238.jpg\" class=\"attachment-about-us size-about-us lazyload\" alt=\" width\" data-srcset=\"https:\/\/www.showdowndisplays.eu\/wp-content\/uploads\/2021\/02\/20210113-Sample-box-4-380x238.jpg 380w, https:\/\/www.showdowndisplays.eu\/wp-content\/uploads\/2021\/02\/20210113-Sample-box-4-431x270.jpg 431w, https:\/\/www.showdowndisplays.eu\/wp-content\/uploads\/2021\/02\/20210113-Sample-box-4-768x481.jpg 768w, https:\/\/www.showdowndisplays.eu\/wp-content\/uploads\/2021\/02\/20210113-Sample-box-4-96x60.jpg 96w, https:\/\/www.showdowndisplays.eu\/wp-content\/uploads\/2021\/02\/20210113-Sample-box-4-200x125.jpg 200w, https:\/\/www.showdowndisplays.eu\/wp-content\/uploads\/2021\/02\/20210113-Sample-box-4.jpg 896w\" sizes=\"(max-width: 380px) 100vw, 380px\" \/><\/noscript>                <\/div>\r\n                <div class=\"marketing__content-wrapper global-style\">\r\n                                            <div class=\"marketing__title-wrapper\">\r\n                            <h3>Ihre eigenen Muster<\/h3>\r\n                        <\/div>\r\n                                        <div class=\"marketing__content\">\r\n                                            <\/div>\r\n                <\/div>\r\n\r\n                                    <a href=\"https:\/\/www.showdowndisplays.eu\/de\/marketing-support\/ihre-eigenen-muster\/\"  class=\"marketing__read-more link-with-arrow link-with-arrow--blue\">Weiterlesen<\/a>\r\n                \r\n            <\/div>\r\n\r\n                                <div class=\"marketing__item marketing__item--4\">\r\n\r\n                <div class=\"marketing__image\">\r\n                    <img data-aspectratio=\"380\/238\" decoding=\"async\" width=\"380\" height=\"238\" data-aspectratio=\"380\/238\" src=\"data:image\/gif;base64,R0lGODlhAQABAIAAAAAAAP\/\/\/yH5BAEAAAAALAAAAAABAAEAAAIBRAA7\" data-src=\"https:\/\/www.showdowndisplays.eu\/wp-content\/uploads\/2021\/01\/Inspirational-content-2-380x238.png\" class=\"attachment-about-us size-about-us lazyload\" alt=\" width\" data-srcset=\"https:\/\/www.showdowndisplays.eu\/wp-content\/uploads\/2021\/01\/Inspirational-content-2-380x238.png 380w, https:\/\/www.showdowndisplays.eu\/wp-content\/uploads\/2021\/01\/Inspirational-content-2-432x270.png 432w, https:\/\/www.showdowndisplays.eu\/wp-content\/uploads\/2021\/01\/Inspirational-content-2-1024x640.png 1024w, https:\/\/www.showdowndisplays.eu\/wp-content\/uploads\/2021\/01\/Inspirational-content-2-768x480.png 768w, https:\/\/www.showdowndisplays.eu\/wp-content\/uploads\/2021\/01\/Inspirational-content-2-1536x960.png 1536w, https:\/\/www.showdowndisplays.eu\/wp-content\/uploads\/2021\/01\/Inspirational-content-2-96x60.png 96w, https:\/\/www.showdowndisplays.eu\/wp-content\/uploads\/2021\/01\/Inspirational-content-2-200x125.png 200w, https:\/\/www.showdowndisplays.eu\/wp-content\/uploads\/2021\/01\/Inspirational-content-2.png 1600w\" sizes=\"(max-width: 380px) 100vw, 380px\" \/><noscript><img decoding=\"async\" width=\"380\" height=\"238\" data-aspectratio=\"380\/238\" src=\"data:image\/gif;base64,R0lGODlhAQABAIAAAAAAAP\/\/\/yH5BAEAAAAALAAAAAABAAEAAAIBRAA7\" data-src=\"https:\/\/www.showdowndisplays.eu\/wp-content\/uploads\/2021\/01\/Inspirational-content-2-380x238.png\" class=\"attachment-about-us size-about-us lazyload\" alt=\" width\" data-srcset=\"https:\/\/www.showdowndisplays.eu\/wp-content\/uploads\/2021\/01\/Inspirational-content-2-380x238.png 380w, https:\/\/www.showdowndisplays.eu\/wp-content\/uploads\/2021\/01\/Inspirational-content-2-432x270.png 432w, https:\/\/www.showdowndisplays.eu\/wp-content\/uploads\/2021\/01\/Inspirational-content-2-1024x640.png 1024w, https:\/\/www.showdowndisplays.eu\/wp-content\/uploads\/2021\/01\/Inspirational-content-2-768x480.png 768w, https:\/\/www.showdowndisplays.eu\/wp-content\/uploads\/2021\/01\/Inspirational-content-2-1536x960.png 1536w, https:\/\/www.showdowndisplays.eu\/wp-content\/uploads\/2021\/01\/Inspirational-content-2-96x60.png 96w, https:\/\/www.showdowndisplays.eu\/wp-content\/uploads\/2021\/01\/Inspirational-content-2-200x125.png 200w, https:\/\/www.showdowndisplays.eu\/wp-content\/uploads\/2021\/01\/Inspirational-content-2.png 1600w\" sizes=\"(max-width: 380px) 100vw, 380px\" \/><\/noscript>                <\/div>\r\n                <div class=\"marketing__content-wrapper global-style\">\r\n                                            <div class=\"marketing__title-wrapper\">\r\n                            <h3>Inspirierender Kontent<\/h3>\r\n                        <\/div>\r\n                                        <div class=\"marketing__content\">\r\n                                            <\/div>\r\n                <\/div>\r\n\r\n                                    <a href=\"https:\/\/www.showdowndisplays.eu\/de\/marketing-support\/inspirierender-content\/\"  class=\"marketing__read-more link-with-arrow link-with-arrow--blue\">Weiterlesen<\/a>\r\n                \r\n            <\/div>\r\n\r\n                                <div class=\"marketing__item marketing__item--4\">\r\n\r\n                <div class=\"marketing__image\">\r\n                    <img data-aspectratio=\"380\/238\" decoding=\"async\" width=\"380\" height=\"238\" data-aspectratio=\"380\/238\" src=\"data:image\/gif;base64,R0lGODlhAQABAIAAAAAAAP\/\/\/yH5BAEAAAAALAAAAAABAAEAAAIBRAA7\" data-src=\"https:\/\/www.showdowndisplays.eu\/wp-content\/uploads\/2021\/01\/Practical-Information-2-380x238.jpg\" class=\"attachment-about-us size-about-us lazyload\" alt=\" width\" data-srcset=\"https:\/\/www.showdowndisplays.eu\/wp-content\/uploads\/2021\/01\/Practical-Information-2-380x238.jpg 380w, https:\/\/www.showdowndisplays.eu\/wp-content\/uploads\/2021\/01\/Practical-Information-2-431x270.jpg 431w, https:\/\/www.showdowndisplays.eu\/wp-content\/uploads\/2021\/01\/Practical-Information-2-1024x641.jpg 1024w, https:\/\/www.showdowndisplays.eu\/wp-content\/uploads\/2021\/01\/Practical-Information-2-768x481.jpg 768w, https:\/\/www.showdowndisplays.eu\/wp-content\/uploads\/2021\/01\/Practical-Information-2-1536x962.jpg 1536w, https:\/\/www.showdowndisplays.eu\/wp-content\/uploads\/2021\/01\/Practical-Information-2-96x60.jpg 96w, https:\/\/www.showdowndisplays.eu\/wp-content\/uploads\/2021\/01\/Practical-Information-2-200x125.jpg 200w, https:\/\/www.showdowndisplays.eu\/wp-content\/uploads\/2021\/01\/Practical-Information-2.jpg 1600w\" sizes=\"(max-width: 380px) 100vw, 380px\" \/><noscript><img decoding=\"async\" width=\"380\" height=\"238\" data-aspectratio=\"380\/238\" src=\"data:image\/gif;base64,R0lGODlhAQABAIAAAAAAAP\/\/\/yH5BAEAAAAALAAAAAABAAEAAAIBRAA7\" data-src=\"https:\/\/www.showdowndisplays.eu\/wp-content\/uploads\/2021\/01\/Practical-Information-2-380x238.jpg\" class=\"attachment-about-us size-about-us lazyload\" alt=\" width\" data-srcset=\"https:\/\/www.showdowndisplays.eu\/wp-content\/uploads\/2021\/01\/Practical-Information-2-380x238.jpg 380w, https:\/\/www.showdowndisplays.eu\/wp-content\/uploads\/2021\/01\/Practical-Information-2-431x270.jpg 431w, https:\/\/www.showdowndisplays.eu\/wp-content\/uploads\/2021\/01\/Practical-Information-2-1024x641.jpg 1024w, https:\/\/www.showdowndisplays.eu\/wp-content\/uploads\/2021\/01\/Practical-Information-2-768x481.jpg 768w, https:\/\/www.showdowndisplays.eu\/wp-content\/uploads\/2021\/01\/Practical-Information-2-1536x962.jpg 1536w, https:\/\/www.showdowndisplays.eu\/wp-content\/uploads\/2021\/01\/Practical-Information-2-96x60.jpg 96w, https:\/\/www.showdowndisplays.eu\/wp-content\/uploads\/2021\/01\/Practical-Information-2-200x125.jpg 200w, https:\/\/www.showdowndisplays.eu\/wp-content\/uploads\/2021\/01\/Practical-Information-2.jpg 1600w\" sizes=\"(max-width: 380px) 100vw, 380px\" \/><\/noscript>                <\/div>\r\n                <div class=\"marketing__content-wrapper global-style\">\r\n                                            <div class=\"marketing__title-wrapper\">\r\n                            <h3>Praktische Informationen<\/h3>\r\n                        <\/div>\r\n                                        <div class=\"marketing__content\">\r\n                                            <\/div>\r\n                <\/div>\r\n\r\n                                    <a href=\"https:\/\/www.showdowndisplays.eu\/de\/marketing-support\/praktische-informationen\/\"  class=\"marketing__read-more link-with-arrow link-with-arrow--blue\">Weiterlesen<\/a>\r\n                \r\n            <\/div>\r\n\r\n            <\/div>\r\n","protected":false},"excerpt":{"rendered":"<p>Werbe- und Anleitungsvideos Zus\u00e4tzlich zu unseren Produktfotos sind wir gerade dabei, unsere Kollektion von Anleitungs- und Werbevideos zu erweitern. Unsere&#8230;<\/p>\n","protected":false},"author":3,"featured_media":0,"parent":5275,"menu_order":0,"comment_status":"closed","ping_status":"closed","template":"","meta":{"_acf_changed":false,"footnotes":""},"class_list":["post-9207","page","type-page","status-publish","hentry"],"acf":[],"_links":{"self":[{"href":"https:\/\/www.showdowndisplays.eu\/de\/wp-json\/wp\/v2\/pages\/9207","targetHints":{"allow":["GET"]}}],"collection":[{"href":"https:\/\/www.showdowndisplays.eu\/de\/wp-json\/wp\/v2\/pages"}],"about":[{"href":"https:\/\/www.showdowndisplays.eu\/de\/wp-json\/wp\/v2\/types\/page"}],"author":[{"embeddable":true,"href":"https:\/\/www.showdowndisplays.eu\/de\/wp-json\/wp\/v2\/users\/3"}],"replies":[{"embeddable":true,"href":"https:\/\/www.showdowndisplays.eu\/de\/wp-json\/wp\/v2\/comments?post=9207"}],"version-history":[{"count":17,"href":"https:\/\/www.showdowndisplays.eu\/de\/wp-json\/wp\/v2\/pages\/9207\/revisions"}],"predecessor-version":[{"id":14709,"href":"https:\/\/www.showdowndisplays.eu\/de\/wp-json\/wp\/v2\/pages\/9207\/revisions\/14709"}],"up":[{"embeddable":true,"href":"https:\/\/www.showdowndisplays.eu\/de\/wp-json\/wp\/v2\/pages\/5275"}],"wp:attachment":[{"href":"https:\/\/www.showdowndisplays.eu\/de\/wp-json\/wp\/v2\/media?parent=9207"}],"curies":[{"name":"wp","href":"https:\/\/api.w.org\/{rel}","templated":true}]}}