{"id":8237,"date":"2020-12-11T14:14:17","date_gmt":"2020-12-11T14:14:17","guid":{"rendered":"https:\/\/www.showdowndisplays.eu\/customisation\/"},"modified":"2025-10-28T13:45:17","modified_gmt":"2025-10-28T13:45:17","slug":"produktanpassung","status":"publish","type":"page","link":"https:\/\/www.showdowndisplays.eu\/de\/produktanpassung\/","title":{"rendered":"Produktanpassung"},"content":{"rendered":"\n<div class=\"wp-block-media-text alignwide has-media-on-the-right is-stacked-on-mobile is-image-fill image-text-2\" style=\"grid-template-columns:auto 53%\"><figure class=\"wp-block-media-text__media\" style=\"background-image:url(https:\/\/www.showdowndisplays.eu\/wp-content\/uploads\/2020\/12\/IMG_5923_edit_res-1024x683.jpg);background-position:50% 50%\"><img data-aspectratio=\"1024\/683\" src=\"data:image\/gif;base64,R0lGODlhAQABAIAAAAAAAP\/\/\/yH5BAEAAAAALAAAAAABAAEAAAIBRAA7\" decoding=\"async\" width=\"1024\" height=\"683\" data-src=\"https:\/\/www.showdowndisplays.eu\/wp-content\/uploads\/2020\/12\/IMG_5923_edit_res-1024x683.jpg\" alt=\"\" class=\"wp-image-5500 lazyload\" data-srcset=\"https:\/\/www.showdowndisplays.eu\/wp-content\/uploads\/2020\/12\/IMG_5923_edit_res-1024x683.jpg 1024w, https:\/\/www.showdowndisplays.eu\/wp-content\/uploads\/2020\/12\/IMG_5923_edit_res-405x270.jpg 405w, https:\/\/www.showdowndisplays.eu\/wp-content\/uploads\/2020\/12\/IMG_5923_edit_res-768x512.jpg 768w, https:\/\/www.showdowndisplays.eu\/wp-content\/uploads\/2020\/12\/IMG_5923_edit_res-380x253.jpg 380w, https:\/\/www.showdowndisplays.eu\/wp-content\/uploads\/2020\/12\/IMG_5923_edit_res-96x64.jpg 96w, https:\/\/www.showdowndisplays.eu\/wp-content\/uploads\/2020\/12\/IMG_5923_edit_res-200x133.jpg 200w, https:\/\/www.showdowndisplays.eu\/wp-content\/uploads\/2020\/12\/IMG_5923_edit_res.jpg 1296w\" sizes=\"(max-width: 1024px) 100vw, 1024px\" \/><noscript><img decoding=\"async\" width=\"1024\" height=\"683\" src=\"https:\/\/www.showdowndisplays.eu\/wp-content\/uploads\/2020\/12\/IMG_5923_edit_res-1024x683.jpg\" alt=\"\" class=\"wp-image-5500\" srcset=\"https:\/\/www.showdowndisplays.eu\/wp-content\/uploads\/2020\/12\/IMG_5923_edit_res-1024x683.jpg 1024w, https:\/\/www.showdowndisplays.eu\/wp-content\/uploads\/2020\/12\/IMG_5923_edit_res-405x270.jpg 405w, https:\/\/www.showdowndisplays.eu\/wp-content\/uploads\/2020\/12\/IMG_5923_edit_res-768x512.jpg 768w, https:\/\/www.showdowndisplays.eu\/wp-content\/uploads\/2020\/12\/IMG_5923_edit_res-380x253.jpg 380w, https:\/\/www.showdowndisplays.eu\/wp-content\/uploads\/2020\/12\/IMG_5923_edit_res-96x64.jpg 96w, https:\/\/www.showdowndisplays.eu\/wp-content\/uploads\/2020\/12\/IMG_5923_edit_res-200x133.jpg 200w, https:\/\/www.showdowndisplays.eu\/wp-content\/uploads\/2020\/12\/IMG_5923_edit_res.jpg 1296w\" sizes=\"(max-width: 1024px) 100vw, 1024px\" \/><\/noscript><\/figure><div class=\"wp-block-media-text__content\">\n<h2 class=\"wp-block-heading\">Trauen Sie sich, anders zu sein!<\/h2>\n\n\n\n<p>Seien Sie kreativ und lassen Sie Ihre Tr\u00e4ume Wirklichkeit werden. Zeigen Sie eine Marke und Produkte auf eine neue Art und Weise, welche sich von der Masse abhebt. Seien Sie anders..<\/p>\n\n\n\n<p>Die pers\u00f6nliche Note macht den Unterschied! Auch wenn wir mit mehr als 6400 Artikeln eins der gr\u00f6\u00dften Produktportfolios in Europa zur Auswahl haben, sind wir auch gerne bereit Ihre spezifische Anforderungen f\u00fcr Ihre ma\u00dfgeschneiderte L\u00f6sung umzusetzen. Sind Sie neugierig, wie das abl\u00e4uft? So funktionierts!<\/p>\n<\/div><\/div>\n\n\n\n<div class=\"wp-block-columns columns-with-background is-layout-flex wp-container-core-columns-is-layout-9d6595d7 wp-block-columns-is-layout-flex\">\n<div class=\"wp-block-column is-layout-flow wp-block-column-is-layout-flow\">\n<div class=\"wp-block-image\"><figure class=\"aligncenter size-large is-resized\"><img data-aspectratio=\"132\/132\" src=\"data:image\/gif;base64,R0lGODlhAQABAIAAAAAAAP\/\/\/yH5BAEAAAAALAAAAAABAAEAAAIBRAA7\" decoding=\"async\" data-src=\"https:\/\/www.showdowndisplays.eu\/wp-content\/uploads\/2020\/12\/Request-2.png\" alt=\"\" class=\"wp-image-6013 lazyload\" width=\"132\" height=\"132\" data-srcset=\"https:\/\/www.showdowndisplays.eu\/wp-content\/uploads\/2020\/12\/Request-2.png 507w, https:\/\/www.showdowndisplays.eu\/wp-content\/uploads\/2020\/12\/Request-2-270x270.png 270w, https:\/\/www.showdowndisplays.eu\/wp-content\/uploads\/2020\/12\/Request-2-380x380.png 380w, https:\/\/www.showdowndisplays.eu\/wp-content\/uploads\/2020\/12\/Request-2-96x96.png 96w, https:\/\/www.showdowndisplays.eu\/wp-content\/uploads\/2020\/12\/Request-2-200x200.png 200w\" sizes=\"(max-width: 132px) 100vw, 132px\" \/><noscript><img decoding=\"async\" src=\"https:\/\/www.showdowndisplays.eu\/wp-content\/uploads\/2020\/12\/Request-2.png\" alt=\"\" class=\"wp-image-6013\" width=\"132\" height=\"132\" srcset=\"https:\/\/www.showdowndisplays.eu\/wp-content\/uploads\/2020\/12\/Request-2.png 507w, https:\/\/www.showdowndisplays.eu\/wp-content\/uploads\/2020\/12\/Request-2-270x270.png 270w, https:\/\/www.showdowndisplays.eu\/wp-content\/uploads\/2020\/12\/Request-2-380x380.png 380w, https:\/\/www.showdowndisplays.eu\/wp-content\/uploads\/2020\/12\/Request-2-96x96.png 96w, https:\/\/www.showdowndisplays.eu\/wp-content\/uploads\/2020\/12\/Request-2-200x200.png 200w\" sizes=\"(max-width: 132px) 100vw, 132px\" \/><\/noscript><\/figure><\/div>\n\n\n\n<h4 class=\"has-text-align-center wp-block-heading\">1. <strong><strong>Anfrage<\/strong><\/strong><\/h4>\n\n\n\n<p class=\"has-text-align-center\">Sie haben einen bestimmten Wunsch, f\u00fcr den Sie in unserem Portfolio kein passendes Produkt finden. Zum Beispiel eine andere Farbe, eine andere Gr\u00f6\u00dfe oder ein anderes Design. Nehmen Sie Kontakt mit uns auf, um alle M\u00f6glichkeiten zu besprechen.<\/p>\n<\/div>\n\n\n\n<div class=\"wp-block-column is-layout-flow wp-block-column-is-layout-flow\">\n<div class=\"wp-block-image\"><figure class=\"aligncenter size-large is-resized\"><img data-aspectratio=\"132\/132\" src=\"data:image\/gif;base64,R0lGODlhAQABAIAAAAAAAP\/\/\/yH5BAEAAAAALAAAAAABAAEAAAIBRAA7\" decoding=\"async\" data-src=\"https:\/\/www.showdowndisplays.eu\/wp-content\/uploads\/2020\/12\/Consultation-1.png\" alt=\"\" class=\"wp-image-5976 lazyload\" width=\"132\" height=\"132\" data-srcset=\"https:\/\/www.showdowndisplays.eu\/wp-content\/uploads\/2020\/12\/Consultation-1.png 507w, https:\/\/www.showdowndisplays.eu\/wp-content\/uploads\/2020\/12\/Consultation-1-270x270.png 270w, https:\/\/www.showdowndisplays.eu\/wp-content\/uploads\/2020\/12\/Consultation-1-380x380.png 380w, https:\/\/www.showdowndisplays.eu\/wp-content\/uploads\/2020\/12\/Consultation-1-96x96.png 96w, https:\/\/www.showdowndisplays.eu\/wp-content\/uploads\/2020\/12\/Consultation-1-200x200.png 200w\" sizes=\"(max-width: 132px) 100vw, 132px\" \/><noscript><img decoding=\"async\" src=\"https:\/\/www.showdowndisplays.eu\/wp-content\/uploads\/2020\/12\/Consultation-1.png\" alt=\"\" class=\"wp-image-5976\" width=\"132\" height=\"132\" srcset=\"https:\/\/www.showdowndisplays.eu\/wp-content\/uploads\/2020\/12\/Consultation-1.png 507w, https:\/\/www.showdowndisplays.eu\/wp-content\/uploads\/2020\/12\/Consultation-1-270x270.png 270w, https:\/\/www.showdowndisplays.eu\/wp-content\/uploads\/2020\/12\/Consultation-1-380x380.png 380w, https:\/\/www.showdowndisplays.eu\/wp-content\/uploads\/2020\/12\/Consultation-1-96x96.png 96w, https:\/\/www.showdowndisplays.eu\/wp-content\/uploads\/2020\/12\/Consultation-1-200x200.png 200w\" sizes=\"(max-width: 132px) 100vw, 132px\" \/><\/noscript><\/figure><\/div>\n\n\n\n<h4 class=\"has-text-align-center wp-block-heading\"><strong><strong>2. Besprechung<\/strong><\/strong><\/h4>\n\n\n\n<p class=\"has-text-align-center\">Wir vereinbaren ein Meeting, bei dem wir uns auf Ihre W\u00fcnsche und Anforderungen an die ma\u00dfgeschneiderte L\u00f6sung konzentrieren. Auf diese Weise wollen wir sicherstellen, dass das Endprodukt sowohl zu Ihrem Design als auch zu Ihrem Budget passt.<\/p>\n<\/div>\n\n\n\n<div class=\"wp-block-column is-layout-flow wp-block-column-is-layout-flow\">\n<div class=\"wp-block-image\"><figure class=\"aligncenter size-large is-resized\"><img data-aspectratio=\"132\/132\" src=\"data:image\/gif;base64,R0lGODlhAQABAIAAAAAAAP\/\/\/yH5BAEAAAAALAAAAAABAAEAAAIBRAA7\" decoding=\"async\" data-src=\"https:\/\/www.showdowndisplays.eu\/wp-content\/uploads\/2020\/12\/Manufacturing.png\" alt=\"\" class=\"wp-image-5983 lazyload\" width=\"132\" height=\"132\" data-srcset=\"https:\/\/www.showdowndisplays.eu\/wp-content\/uploads\/2020\/12\/Manufacturing.png 507w, https:\/\/www.showdowndisplays.eu\/wp-content\/uploads\/2020\/12\/Manufacturing-270x270.png 270w, https:\/\/www.showdowndisplays.eu\/wp-content\/uploads\/2020\/12\/Manufacturing-380x380.png 380w, https:\/\/www.showdowndisplays.eu\/wp-content\/uploads\/2020\/12\/Manufacturing-96x96.png 96w, https:\/\/www.showdowndisplays.eu\/wp-content\/uploads\/2020\/12\/Manufacturing-200x200.png 200w\" sizes=\"(max-width: 132px) 100vw, 132px\" \/><noscript><img decoding=\"async\" src=\"https:\/\/www.showdowndisplays.eu\/wp-content\/uploads\/2020\/12\/Manufacturing.png\" alt=\"\" class=\"wp-image-5983\" width=\"132\" height=\"132\" srcset=\"https:\/\/www.showdowndisplays.eu\/wp-content\/uploads\/2020\/12\/Manufacturing.png 507w, https:\/\/www.showdowndisplays.eu\/wp-content\/uploads\/2020\/12\/Manufacturing-270x270.png 270w, https:\/\/www.showdowndisplays.eu\/wp-content\/uploads\/2020\/12\/Manufacturing-380x380.png 380w, https:\/\/www.showdowndisplays.eu\/wp-content\/uploads\/2020\/12\/Manufacturing-96x96.png 96w, https:\/\/www.showdowndisplays.eu\/wp-content\/uploads\/2020\/12\/Manufacturing-200x200.png 200w\" sizes=\"(max-width: 132px) 100vw, 132px\" \/><\/noscript><\/figure><\/div>\n\n\n\n<h4 class=\"has-text-align-center wp-block-heading\"><strong><strong>3. Fertigung<\/strong><\/strong><\/h4>\n\n\n\n<p class=\"has-text-align-center\">Sobald Sie unseren Vorschlag annehmen, beginnt unser Entwicklungsteam aus erfahrenen Ingenieuren mit der Fertigung Ihrer L\u00f6sung. In unserem eigenen europ\u00e4ischen Inhouse-Fertigungsstandort in P\u0159estanov (CZ).<\/p>\n<\/div>\n<\/div>\n\n\n\n<div class=\"wp-block-media-text alignwide is-stacked-on-mobile is-image-fill image-text-2\" style=\"grid-template-columns:58% auto\"><figure class=\"wp-block-media-text__media\" style=\"background-image:url(https:\/\/www.showdowndisplays.eu\/wp-content\/uploads\/2020\/12\/IMG_5980_edit_res-1-1024x683.jpg);background-position:31% 31%\"><img data-aspectratio=\"1024\/683\" src=\"data:image\/gif;base64,R0lGODlhAQABAIAAAAAAAP\/\/\/yH5BAEAAAAALAAAAAABAAEAAAIBRAA7\" decoding=\"async\" width=\"1024\" height=\"683\" data-src=\"https:\/\/www.showdowndisplays.eu\/wp-content\/uploads\/2020\/12\/IMG_5980_edit_res-1-1024x683.jpg\" alt=\"\" class=\"wp-image-5842 lazyload\" data-srcset=\"https:\/\/www.showdowndisplays.eu\/wp-content\/uploads\/2020\/12\/IMG_5980_edit_res-1-1024x683.jpg 1024w, https:\/\/www.showdowndisplays.eu\/wp-content\/uploads\/2020\/12\/IMG_5980_edit_res-1-405x270.jpg 405w, https:\/\/www.showdowndisplays.eu\/wp-content\/uploads\/2020\/12\/IMG_5980_edit_res-1-768x512.jpg 768w, https:\/\/www.showdowndisplays.eu\/wp-content\/uploads\/2020\/12\/IMG_5980_edit_res-1-380x253.jpg 380w, https:\/\/www.showdowndisplays.eu\/wp-content\/uploads\/2020\/12\/IMG_5980_edit_res-1-96x64.jpg 96w, https:\/\/www.showdowndisplays.eu\/wp-content\/uploads\/2020\/12\/IMG_5980_edit_res-1-200x133.jpg 200w, https:\/\/www.showdowndisplays.eu\/wp-content\/uploads\/2020\/12\/IMG_5980_edit_res-1.jpg 1296w\" sizes=\"(max-width: 1024px) 100vw, 1024px\" \/><noscript><img decoding=\"async\" width=\"1024\" height=\"683\" src=\"https:\/\/www.showdowndisplays.eu\/wp-content\/uploads\/2020\/12\/IMG_5980_edit_res-1-1024x683.jpg\" alt=\"\" class=\"wp-image-5842\" srcset=\"https:\/\/www.showdowndisplays.eu\/wp-content\/uploads\/2020\/12\/IMG_5980_edit_res-1-1024x683.jpg 1024w, https:\/\/www.showdowndisplays.eu\/wp-content\/uploads\/2020\/12\/IMG_5980_edit_res-1-405x270.jpg 405w, https:\/\/www.showdowndisplays.eu\/wp-content\/uploads\/2020\/12\/IMG_5980_edit_res-1-768x512.jpg 768w, https:\/\/www.showdowndisplays.eu\/wp-content\/uploads\/2020\/12\/IMG_5980_edit_res-1-380x253.jpg 380w, https:\/\/www.showdowndisplays.eu\/wp-content\/uploads\/2020\/12\/IMG_5980_edit_res-1-96x64.jpg 96w, https:\/\/www.showdowndisplays.eu\/wp-content\/uploads\/2020\/12\/IMG_5980_edit_res-1-200x133.jpg 200w, https:\/\/www.showdowndisplays.eu\/wp-content\/uploads\/2020\/12\/IMG_5980_edit_res-1.jpg 1296w\" sizes=\"(max-width: 1024px) 100vw, 1024px\" \/><\/noscript><\/figure><div class=\"wp-block-media-text__content\">\n<h2 class=\"wp-block-heading\" id=\"block-78edcdf5-6649-4c2c-a830-368fe35a7072\">Erst wenn Sie zufrieden sind, sind wir es auch<\/h2>\n\n\n\n<p>Auf diese Weise wollen wir das gew\u00fcnschte Ergebnis erzielen, damit Sie mit Ihrer neuen, ma\u00dfgeschneiderten L\u00f6sung vollends zufrieden sind..<\/p>\n\n\n\n<p>Haben Sie einen zus\u00e4tzlichen Wunsch wie z.B. <strong>neutralen Versand, individuelle Verpackung, Branding, Barcodes<\/strong> oder vielleicht etwas anderes? Alles ist m\u00f6glich.<\/p>\n\n\n\n<p>Ihre Zufriedenheit ist unsere oberste Priorit\u00e4t. Wir bieten Effizienz, Funktionalit\u00e4t, modernes Design und eine schnelle Lieferzeit zu angemessenen Preisen. Verlassen Sie sich auf unsere Design-, Produktions- und Vertriebsteams, um Ihre hohen Erwartungen zu erf\u00fcllen.<\/p>\n<\/div><\/div>\n\n\n\n<div style=\"height:20px\" aria-hidden=\"true\" class=\"wp-block-spacer\"><\/div>\n\n\n\r\n        <\/div>\r\n    <\/div>\r\n\r\n    <div id=\"team-text-image-block_602126a5901ef\" class=\"team-text-image\">\r\n        <div class=\"content content--smaller\">\r\n            <div class=\"team-text-image__text image-text--light global-style\">\r\n                <h2>Wir erstellen Ihre L\u00f6sung<\/h2>\n\n\n            <\/div>\r\n                                    <\/div>\r\n    <\/div>\r\n\r\n    <div class=\"content content--smaller\">\r\n        <div class=\"global-style\">\r\n\r\n\r\n\n\n\n<div style=\"height:100px\" aria-hidden=\"true\" class=\"wp-block-spacer\"><\/div>\n\n\n\n<h2 class=\"has-text-align-center wp-block-heading\">Weitere Seiten<\/h2>\n\n\n    <div class=\"marketing\">\r\n                                <div class=\"marketing__item marketing__item--3\">\r\n\r\n                <div class=\"marketing__image\">\r\n                    <img data-aspectratio=\"380\/238\" decoding=\"async\" width=\"380\" height=\"238\" data-aspectratio=\"380\/238\" src=\"data:image\/gif;base64,R0lGODlhAQABAIAAAAAAAP\/\/\/yH5BAEAAAAALAAAAAABAAEAAAIBRAA7\" data-src=\"https:\/\/www.showdowndisplays.eu\/wp-content\/uploads\/2021\/08\/Partnership_related-pages-380x238.jpg\" class=\"attachment-about-us size-about-us lazyload\" alt=\"Showdown-marketingsupport\" data-srcset=\"https:\/\/www.showdowndisplays.eu\/wp-content\/uploads\/2021\/08\/Partnership_related-pages-380x238.jpg 380w, https:\/\/www.showdowndisplays.eu\/wp-content\/uploads\/2021\/08\/Partnership_related-pages-432x270.jpg 432w, https:\/\/www.showdowndisplays.eu\/wp-content\/uploads\/2021\/08\/Partnership_related-pages-768x480.jpg 768w, https:\/\/www.showdowndisplays.eu\/wp-content\/uploads\/2021\/08\/Partnership_related-pages-96x60.jpg 96w, https:\/\/www.showdowndisplays.eu\/wp-content\/uploads\/2021\/08\/Partnership_related-pages-200x125.jpg 200w, https:\/\/www.showdowndisplays.eu\/wp-content\/uploads\/2021\/08\/Partnership_related-pages.jpg 800w\" sizes=\"(max-width: 380px) 100vw, 380px\" \/><noscript><img decoding=\"async\" width=\"380\" height=\"238\" data-aspectratio=\"380\/238\" src=\"data:image\/gif;base64,R0lGODlhAQABAIAAAAAAAP\/\/\/yH5BAEAAAAALAAAAAABAAEAAAIBRAA7\" data-src=\"https:\/\/www.showdowndisplays.eu\/wp-content\/uploads\/2021\/08\/Partnership_related-pages-380x238.jpg\" class=\"attachment-about-us size-about-us lazyload\" alt=\"Showdown-marketingsupport\" data-srcset=\"https:\/\/www.showdowndisplays.eu\/wp-content\/uploads\/2021\/08\/Partnership_related-pages-380x238.jpg 380w, https:\/\/www.showdowndisplays.eu\/wp-content\/uploads\/2021\/08\/Partnership_related-pages-432x270.jpg 432w, https:\/\/www.showdowndisplays.eu\/wp-content\/uploads\/2021\/08\/Partnership_related-pages-768x480.jpg 768w, https:\/\/www.showdowndisplays.eu\/wp-content\/uploads\/2021\/08\/Partnership_related-pages-96x60.jpg 96w, https:\/\/www.showdowndisplays.eu\/wp-content\/uploads\/2021\/08\/Partnership_related-pages-200x125.jpg 200w, https:\/\/www.showdowndisplays.eu\/wp-content\/uploads\/2021\/08\/Partnership_related-pages.jpg 800w\" sizes=\"(max-width: 380px) 100vw, 380px\" \/><\/noscript>                <\/div>\r\n                <div class=\"marketing__content-wrapper global-style\">\r\n                                            <div class=\"marketing__title-wrapper\">\r\n                            <h3>Partnerschaft<\/h3>\r\n                        <\/div>\r\n                                        <div class=\"marketing__content\">\r\n                                            <\/div>\r\n                <\/div>\r\n\r\n                                    <a href=\"https:\/\/www.showdowndisplays.eu\/de\/partnerschaft\/\"  class=\"marketing__read-more link-with-arrow link-with-arrow--blue\">Weiterlesen<\/a>\r\n                \r\n            <\/div>\r\n\r\n                                <div class=\"marketing__item marketing__item--3\">\r\n\r\n                <div class=\"marketing__image\">\r\n                    <img data-aspectratio=\"380\/238\" decoding=\"async\" width=\"380\" height=\"238\" data-aspectratio=\"380\/238\" src=\"data:image\/gif;base64,R0lGODlhAQABAIAAAAAAAP\/\/\/yH5BAEAAAAALAAAAAABAAEAAAIBRAA7\" data-src=\"https:\/\/www.showdowndisplays.eu\/wp-content\/uploads\/2021\/01\/Product-photos-and-videos-3-380x238.jpg\" class=\"attachment-about-us size-about-us lazyload\" alt=\" width\" data-srcset=\"https:\/\/www.showdowndisplays.eu\/wp-content\/uploads\/2021\/01\/Product-photos-and-videos-3-380x238.jpg 380w, https:\/\/www.showdowndisplays.eu\/wp-content\/uploads\/2021\/01\/Product-photos-and-videos-3-432x270.jpg 432w, https:\/\/www.showdowndisplays.eu\/wp-content\/uploads\/2021\/01\/Product-photos-and-videos-3-1024x640.jpg 1024w, https:\/\/www.showdowndisplays.eu\/wp-content\/uploads\/2021\/01\/Product-photos-and-videos-3-768x480.jpg 768w, https:\/\/www.showdowndisplays.eu\/wp-content\/uploads\/2021\/01\/Product-photos-and-videos-3-1536x960.jpg 1536w, https:\/\/www.showdowndisplays.eu\/wp-content\/uploads\/2021\/01\/Product-photos-and-videos-3-96x60.jpg 96w, https:\/\/www.showdowndisplays.eu\/wp-content\/uploads\/2021\/01\/Product-photos-and-videos-3-200x125.jpg 200w, https:\/\/www.showdowndisplays.eu\/wp-content\/uploads\/2021\/01\/Product-photos-and-videos-3.jpg 1600w\" sizes=\"(max-width: 380px) 100vw, 380px\" \/><noscript><img decoding=\"async\" width=\"380\" height=\"238\" data-aspectratio=\"380\/238\" src=\"data:image\/gif;base64,R0lGODlhAQABAIAAAAAAAP\/\/\/yH5BAEAAAAALAAAAAABAAEAAAIBRAA7\" data-src=\"https:\/\/www.showdowndisplays.eu\/wp-content\/uploads\/2021\/01\/Product-photos-and-videos-3-380x238.jpg\" class=\"attachment-about-us size-about-us lazyload\" alt=\" width\" data-srcset=\"https:\/\/www.showdowndisplays.eu\/wp-content\/uploads\/2021\/01\/Product-photos-and-videos-3-380x238.jpg 380w, https:\/\/www.showdowndisplays.eu\/wp-content\/uploads\/2021\/01\/Product-photos-and-videos-3-432x270.jpg 432w, https:\/\/www.showdowndisplays.eu\/wp-content\/uploads\/2021\/01\/Product-photos-and-videos-3-1024x640.jpg 1024w, https:\/\/www.showdowndisplays.eu\/wp-content\/uploads\/2021\/01\/Product-photos-and-videos-3-768x480.jpg 768w, https:\/\/www.showdowndisplays.eu\/wp-content\/uploads\/2021\/01\/Product-photos-and-videos-3-1536x960.jpg 1536w, https:\/\/www.showdowndisplays.eu\/wp-content\/uploads\/2021\/01\/Product-photos-and-videos-3-96x60.jpg 96w, https:\/\/www.showdowndisplays.eu\/wp-content\/uploads\/2021\/01\/Product-photos-and-videos-3-200x125.jpg 200w, https:\/\/www.showdowndisplays.eu\/wp-content\/uploads\/2021\/01\/Product-photos-and-videos-3.jpg 1600w\" sizes=\"(max-width: 380px) 100vw, 380px\" \/><\/noscript>                <\/div>\r\n                <div class=\"marketing__content-wrapper global-style\">\r\n                                            <div class=\"marketing__title-wrapper\">\r\n                            <h3>Marketing Support<\/h3>\r\n                        <\/div>\r\n                                        <div class=\"marketing__content\">\r\n                                            <\/div>\r\n                <\/div>\r\n\r\n                                    <a href=\"https:\/\/www.showdowndisplays.eu\/de\/marketing-support\/\"  class=\"marketing__read-more link-with-arrow link-with-arrow--blue\">Weiterlesen<\/a>\r\n                \r\n            <\/div>\r\n\r\n            <\/div>\r\n","protected":false},"excerpt":{"rendered":"<p>Trauen Sie sich, anders zu sein! Seien Sie kreativ und lassen Sie Ihre Tr\u00e4ume Wirklichkeit werden. Zeigen Sie eine Marke&#8230;<\/p>\n","protected":false},"author":3,"featured_media":0,"parent":0,"menu_order":2,"comment_status":"closed","ping_status":"closed","template":"","meta":{"_acf_changed":false,"footnotes":""},"class_list":["post-8237","page","type-page","status-publish","hentry"],"acf":[],"_links":{"self":[{"href":"https:\/\/www.showdowndisplays.eu\/de\/wp-json\/wp\/v2\/pages\/8237","targetHints":{"allow":["GET"]}}],"collection":[{"href":"https:\/\/www.showdowndisplays.eu\/de\/wp-json\/wp\/v2\/pages"}],"about":[{"href":"https:\/\/www.showdowndisplays.eu\/de\/wp-json\/wp\/v2\/types\/page"}],"author":[{"embeddable":true,"href":"https:\/\/www.showdowndisplays.eu\/de\/wp-json\/wp\/v2\/users\/3"}],"replies":[{"embeddable":true,"href":"https:\/\/www.showdowndisplays.eu\/de\/wp-json\/wp\/v2\/comments?post=8237"}],"version-history":[{"count":12,"href":"https:\/\/www.showdowndisplays.eu\/de\/wp-json\/wp\/v2\/pages\/8237\/revisions"}],"predecessor-version":[{"id":51661,"href":"https:\/\/www.showdowndisplays.eu\/de\/wp-json\/wp\/v2\/pages\/8237\/revisions\/51661"}],"wp:attachment":[{"href":"https:\/\/www.showdowndisplays.eu\/de\/wp-json\/wp\/v2\/media?parent=8237"}],"curies":[{"name":"wp","href":"https:\/\/api.w.org\/{rel}","templated":true}]}}