{"id":5286,"date":"2020-11-18T12:38:19","date_gmt":"2020-11-18T12:38:19","guid":{"rendered":"https:\/\/www.showdowndisplays.eu\/marketing-support\/instructievideos\/"},"modified":"2022-09-23T06:44:22","modified_gmt":"2022-09-23T06:44:22","slug":"video-anleitungen","status":"publish","type":"page","link":"https:\/\/www.showdowndisplays.eu\/de\/marketing-support\/video-anleitungen\/","title":{"rendered":"Video-Anleitungen"},"content":{"rendered":"\n<p class=\"block-white-background\">Unser ultimatives Ziel ist es, der beste Partner f\u00fcr Sie zu sein. Wir sind bestrebt, Ihr Unternehmen zu unterst\u00fctzen. Eine M\u00f6glichkeit dazu ist das Angebot kreativer Marketingressourcen, wie zum Beispiel unsere Produktvideos.<br><br>Sollten Sie nicht mit unseren Produktvideos vertraut sein, freuen wir uns, Ihnen mehr dar\u00fcber zu erz\u00e4hlen. F\u00fcr einen Gro\u00dfteil unserer Produkte haben wir Schritt f\u00fcr Schritt Video-Anleitungen erstellt, um den korrekten Aufbau unserer Produkte zu demonstrieren.<br><br>Die Videos sind neutral und ohne Branding, was bedeutet, dass Sie diese leicht auf Ihrer Plattform als Service f\u00fcr Ihre Kunden nutzen k\u00f6nnen. Eine Win-Win-Situation f\u00fcr Sie und Ihre Kunden!<\/p>\n\n\n\n<div class=\"wp-block-buttons is-layout-flex wp-block-buttons-is-layout-flex\">\n<div class=\"wp-block-button is-style-fill\"><a class=\"wp-block-button__link has-white-color has-text-color\" href=\"https:\/\/www.showdowndisplays.eu\/de\/video-embed-codes\/\">So platzieren Sie die Videos auf Ihrer Plattform<\/a><\/div>\n<\/div>\n\n\n\n\n","protected":false},"excerpt":{"rendered":"<p>Unser ultimatives Ziel ist es, der beste Partner f\u00fcr Sie zu sein. Wir sind bestrebt, Ihr Unternehmen zu unterst\u00fctzen. Eine&#8230;<\/p>\n","protected":false},"author":3,"featured_media":0,"parent":5275,"menu_order":0,"comment_status":"closed","ping_status":"closed","template":"template-pages\/videos.php","meta":{"_acf_changed":false,"footnotes":""},"class_list":["post-5286","page","type-page","status-publish","hentry"],"acf":[],"_links":{"self":[{"href":"https:\/\/www.showdowndisplays.eu\/de\/wp-json\/wp\/v2\/pages\/5286","targetHints":{"allow":["GET"]}}],"collection":[{"href":"https:\/\/www.showdowndisplays.eu\/de\/wp-json\/wp\/v2\/pages"}],"about":[{"href":"https:\/\/www.showdowndisplays.eu\/de\/wp-json\/wp\/v2\/types\/page"}],"author":[{"embeddable":true,"href":"https:\/\/www.showdowndisplays.eu\/de\/wp-json\/wp\/v2\/users\/3"}],"replies":[{"embeddable":true,"href":"https:\/\/www.showdowndisplays.eu\/de\/wp-json\/wp\/v2\/comments?post=5286"}],"version-history":[{"count":26,"href":"https:\/\/www.showdowndisplays.eu\/de\/wp-json\/wp\/v2\/pages\/5286\/revisions"}],"predecessor-version":[{"id":25416,"href":"https:\/\/www.showdowndisplays.eu\/de\/wp-json\/wp\/v2\/pages\/5286\/revisions\/25416"}],"up":[{"embeddable":true,"href":"https:\/\/www.showdowndisplays.eu\/de\/wp-json\/wp\/v2\/pages\/5275"}],"wp:attachment":[{"href":"https:\/\/www.showdowndisplays.eu\/de\/wp-json\/wp\/v2\/media?parent=5286"}],"curies":[{"name":"wp","href":"https:\/\/api.w.org\/{rel}","templated":true}]}}