{"id":5275,"date":"2020-11-19T14:59:13","date_gmt":"2020-11-19T14:59:13","guid":{"rendered":"https:\/\/www.showdowndisplays.eu\/marketing-support\/"},"modified":"2026-03-04T10:09:43","modified_gmt":"2026-03-04T10:09:43","slug":"marketing-support","status":"publish","type":"page","link":"https:\/\/www.showdowndisplays.eu\/de\/marketing-support\/","title":{"rendered":"Marketing Support"},"content":{"rendered":"\n<p class=\"block-white-background\"><strong>Wir sind hier, um Sie zu unterst\u00fctzen. <\/strong>Wir bieten Ihnen alles, was Sie brauchen, um unsere Produkte bei Ihren Kunden zu bewerben und Ihnen beim Verkauf zu helfen. Als unser Kunde haben Sie Zugriff auf verschiedene Tools und Services, die Ihnen helfen, Ihren Verkauf zu optimieren. Lassen Sie sich von unseren Ideen und Anregungen zu kreativen Praxisbeispielen inspirieren und nutzen Sie diese gerne f\u00fcr Ihr eigenes Marketing. Aber das ist noch nicht alles! Wir werden unsere Marketing-Tools und -Services kontinuierlich erweitern, um der beste Partner f\u00fcr Sie zu sein.<br><br><strong>Lassen Sie uns wissen, wie wir Sie noch mehr unterst\u00fctzen k\u00f6nnen, um Ihr Gesch\u00e4ft weiter anzukurbeln.<\/strong><\/p>\n","protected":false},"excerpt":{"rendered":"<p>Wir sind hier, um Sie zu unterst\u00fctzen. Wir bieten Ihnen alles, was Sie brauchen, um unsere Produkte bei Ihren Kunden&#8230;<\/p>\n","protected":false},"author":3,"featured_media":0,"parent":0,"menu_order":0,"comment_status":"closed","ping_status":"closed","template":"template-pages\/marketing-support.php","meta":{"_acf_changed":false,"footnotes":""},"class_list":["post-5275","page","type-page","status-publish","hentry"],"acf":[],"_links":{"self":[{"href":"https:\/\/www.showdowndisplays.eu\/de\/wp-json\/wp\/v2\/pages\/5275","targetHints":{"allow":["GET"]}}],"collection":[{"href":"https:\/\/www.showdowndisplays.eu\/de\/wp-json\/wp\/v2\/pages"}],"about":[{"href":"https:\/\/www.showdowndisplays.eu\/de\/wp-json\/wp\/v2\/types\/page"}],"author":[{"embeddable":true,"href":"https:\/\/www.showdowndisplays.eu\/de\/wp-json\/wp\/v2\/users\/3"}],"replies":[{"embeddable":true,"href":"https:\/\/www.showdowndisplays.eu\/de\/wp-json\/wp\/v2\/comments?post=5275"}],"version-history":[{"count":98,"href":"https:\/\/www.showdowndisplays.eu\/de\/wp-json\/wp\/v2\/pages\/5275\/revisions"}],"predecessor-version":[{"id":54454,"href":"https:\/\/www.showdowndisplays.eu\/de\/wp-json\/wp\/v2\/pages\/5275\/revisions\/54454"}],"wp:attachment":[{"href":"https:\/\/www.showdowndisplays.eu\/de\/wp-json\/wp\/v2\/media?parent=5275"}],"curies":[{"name":"wp","href":"https:\/\/api.w.org\/{rel}","templated":true}]}}