{"id":51662,"date":"2025-12-16T13:14:49","date_gmt":"2025-12-16T13:14:49","guid":{"rendered":"https:\/\/www.showdowndisplays.eu\/drop-shipment-service-voor-resellers\/"},"modified":"2026-04-01T09:27:58","modified_gmt":"2026-04-01T09:27:58","slug":"dropshipping-service","status":"publish","type":"page","link":"https:\/\/www.showdowndisplays.eu\/de\/dropshipping-service\/","title":{"rendered":"DROPSHIPPING-SERVICE"},"content":{"rendered":"\n<div class=\"wp-block-media-text alignwide has-media-on-the-right is-vertically-aligned-center is-image-fill-element is-stacked-on-mobile image-text-2\" style=\"grid-template-columns:auto 49%\"><div class=\"wp-block-media-text__content\">\n<h2 class=\"wp-block-heading has-text-align-left\" id=\"block-78edcdf5-6649-4c2c-a830-368fe35a7072\">Schnellere Lieferung ohne Aufpreis<\/h2>\n\n\n\n<p>F\u00fchren Sie Ihr Business, ohne Lagerbestand zu halten: Wir \u00fcbernehmen die Produktion und versenden Ihre Bestellungen direkt an Ihre Kunden in ganz Europa \u2013 wann immer Sie m\u00f6chten. Unser kostenloser Dropshipping-Service mit neutralem Absender (White-Label) hilft Ihnen, Ihre Abl\u00e4ufe zu optimieren: Weniger Handling, schnellere Lieferung und kein finanzielles Risiko durch Lagerhaltung. <\/p>\n\n\n\n<p><em>&#8216;Sie konzentrieren sich aufs Wachstum \u2013 wir k\u00fcmmern uns um den Rest&#8217;<\/em><\/p>\n\n\n\n<p>Termindruck? Mit unserem europ\u00e4ischen Lager und einem zuverl\u00e4ssigen Logistiknetzwerk erreichen Ihre Bestellungen schnell und zuverl\u00e4ssig jeden Ort in Europa.<\/p>\n<\/div><figure class=\"wp-block-media-text__media\"><img data-aspectratio=\"900\/600\" src=\"data:image\/gif;base64,R0lGODlhAQABAIAAAAAAAP\/\/\/yH5BAEAAAAALAAAAAABAAEAAAIBRAA7\" decoding=\"async\" width=\"900\" height=\"600\" data-src=\"https:\/\/www.showdowndisplays.eu\/wp-content\/uploads\/2025\/09\/Dropshipment-1.jpg\" alt=\"\" class=\"wp-image-48018 size-full lazyload\" style=\"object-position:50% 50%\" data-srcset=\"https:\/\/www.showdowndisplays.eu\/wp-content\/uploads\/2025\/09\/Dropshipment-1.jpg 900w, https:\/\/www.showdowndisplays.eu\/wp-content\/uploads\/2025\/09\/Dropshipment-1-405x270.jpg 405w, https:\/\/www.showdowndisplays.eu\/wp-content\/uploads\/2025\/09\/Dropshipment-1-768x512.jpg 768w, https:\/\/www.showdowndisplays.eu\/wp-content\/uploads\/2025\/09\/Dropshipment-1-380x253.jpg 380w, https:\/\/www.showdowndisplays.eu\/wp-content\/uploads\/2025\/09\/Dropshipment-1-96x64.jpg 96w, https:\/\/www.showdowndisplays.eu\/wp-content\/uploads\/2025\/09\/Dropshipment-1-200x133.jpg 200w\" sizes=\"(max-width: 900px) 100vw, 900px\" \/><noscript><img decoding=\"async\" width=\"900\" height=\"600\" src=\"https:\/\/www.showdowndisplays.eu\/wp-content\/uploads\/2025\/09\/Dropshipment-1.jpg\" alt=\"\" class=\"wp-image-48018 size-full\" style=\"object-position:50% 50%\" srcset=\"https:\/\/www.showdowndisplays.eu\/wp-content\/uploads\/2025\/09\/Dropshipment-1.jpg 900w, https:\/\/www.showdowndisplays.eu\/wp-content\/uploads\/2025\/09\/Dropshipment-1-405x270.jpg 405w, https:\/\/www.showdowndisplays.eu\/wp-content\/uploads\/2025\/09\/Dropshipment-1-768x512.jpg 768w, https:\/\/www.showdowndisplays.eu\/wp-content\/uploads\/2025\/09\/Dropshipment-1-380x253.jpg 380w, https:\/\/www.showdowndisplays.eu\/wp-content\/uploads\/2025\/09\/Dropshipment-1-96x64.jpg 96w, https:\/\/www.showdowndisplays.eu\/wp-content\/uploads\/2025\/09\/Dropshipment-1-200x133.jpg 200w\" sizes=\"(max-width: 900px) 100vw, 900px\" \/><\/noscript><\/figure><\/div>\n\n\n\n<div style=\"height:20px\" aria-hidden=\"true\" class=\"wp-block-spacer\"><\/div>\n\n\n\n<h2 class=\"wp-block-heading has-text-align-center\">VORTEILE DES DIREKTVERSANDS<\/h2>\n\n\n\n<div style=\"height:20px\" aria-hidden=\"true\" class=\"wp-block-spacer\"><\/div>\n\n\n    <div class=\"marketing\">\r\n                                <div class=\"marketing__item marketing__item--2\">\r\n\r\n                <div class=\"marketing__image\">\r\n                                    <\/div>\r\n                <div class=\"marketing__content-wrapper global-style\">\r\n                                        <div class=\"marketing__content\">\r\n                        <h4 style=\"text-align: center;\">1. Kostenloser Dropshipping-Service mit neutralem Absender<\/h4>\n<p style=\"text-align: center;\">W\u00e4hlen Sie zwischen <em>neutralem oder individuellem<\/em> Lieferschein bei der Online-Bestellen. Hinweis: Gem\u00e4\u00df der aktuellen GPSR-Vorgaben erscheint unser Firmenname auf der Verpackung als Hersteller.<\/p>\n                    <\/div>\r\n                <\/div>\r\n\r\n                \r\n            <\/div>\r\n\r\n                                <div class=\"marketing__item marketing__item--2\">\r\n\r\n                <div class=\"marketing__image\">\r\n                                    <\/div>\r\n                <div class=\"marketing__content-wrapper global-style\">\r\n                                        <div class=\"marketing__content\">\r\n                        <h4 style=\"text-align: center;\">2. Transparente Preisgestaltung<\/h4>\n<p style=\"text-align: center;\">Produkt, Versandart und Versandkosten werden klar getrennt ausgewiesen \u2013 so <em>wissen Sie immer genau, wof\u00fcr Sie bezahlen<\/em>. Die Versandkosten berechnen sich auf Basis des Bestellwerts.<\/p>\n                    <\/div>\r\n                <\/div>\r\n\r\n                                    <a href=\"https:\/\/www.showdowndisplays.eu\/parcel-shipping-price-conditions\/?_gl=1*sqbrgb*_gcl_au*MTA5NjY1Mjc3Ni4xNzU0NTY2OTAw*_ga*MTgwMDIwMDE3OS4xNjkyMTc4OTY0*_ga_T04WK3HE04*czE3NjIxNzIzMTIkbzQ3MiRnMSR0MTc2MjE3NDgyNSRqNTUkbDAkaDA.\"  class=\"marketing__read-more link-with-arrow link-with-arrow--blue\">Mehr erfahren<\/a>\r\n                \r\n            <\/div>\r\n\r\n                                <div class=\"marketing__item marketing__item--2\">\r\n\r\n                <div class=\"marketing__image\">\r\n                                    <\/div>\r\n                <div class=\"marketing__content-wrapper global-style\">\r\n                                        <div class=\"marketing__content\">\r\n                        <h4 style=\"text-align: center;\">3. Klare Produktionszeiten<\/h4>\n<p style=\"text-align: center;\">Wir geben f\u00fcr alle bedruckten und produzierten Artikel transparente Lieferzeiten direkt auf den Produktseiten an \u2013 so <em>k\u00f6nnen Sie Ihre Bestellungen verl\u00e4sslich planen.<\/em><\/p>\n                    <\/div>\r\n                <\/div>\r\n\r\n                \r\n            <\/div>\r\n\r\n                                <div class=\"marketing__item marketing__item--2\">\r\n\r\n                <div class=\"marketing__image\">\r\n                                    <\/div>\r\n                <div class=\"marketing__content-wrapper global-style\">\r\n                                        <div class=\"marketing__content\">\r\n                        <h4 style=\"text-align: center;\">4. Sendungsverfolgung in Echtzeit<\/h4>\n<p style=\"text-align: center;\"><em>Bestellen Sie online und verfolgen Sie Ihre Lieferung<\/em> direkt \u00fcber Ihr Kundenkonto. Dank Echtzeit-Updates wissen Sie jederzeit, wo sich Ihr Paket befindet und wann es ankommt.<\/p>\n                    <\/div>\r\n                <\/div>\r\n\r\n                \r\n            <\/div>\r\n\r\n                                <div class=\"marketing__item marketing__item--2\">\r\n\r\n                <div class=\"marketing__image\">\r\n                                    <\/div>\r\n                <div class=\"marketing__content-wrapper global-style\">\r\n                                        <div class=\"marketing__content\">\r\n                        <h4 style=\"text-align: center;\">5. Individuelle Versandl\u00f6sungen<\/h4>\n<p style=\"text-align: center;\">Ob Palette, Express oder Spezialversand \u2013 wir erstellen ma\u00dfgeschneiderte Angebote, <em>die genau zu Ihren logistischen Anforderungen passen.<\/em><\/p>\n                    <\/div>\r\n                <\/div>\r\n\r\n                \r\n            <\/div>\r\n\r\n                                <div class=\"marketing__item marketing__item--2\">\r\n\r\n                <div class=\"marketing__image\">\r\n                                    <\/div>\r\n                <div class=\"marketing__content-wrapper global-style\">\r\n                                        <div class=\"marketing__content\">\r\n                        <h4 style=\"text-align: center;\">6. Gespeicherte Lieferadressen<\/h4>\n<p style=\"text-align: center;\">Sparen Sie Zeit mit dem Adressbuch in Ihrem Kundenkonto. <em>Speichern Sie mehrere Lieferadressen<\/em> f\u00fcr einen schnellen Versand \u2013 immer dann, wenn Sie ihn brauchen.<\/p>\n\n                    <\/div>\r\n                <\/div>\r\n\r\n                \r\n            <\/div>\r\n\r\n            <\/div>\r\n\n\n\n<div style=\"height:80px\" aria-hidden=\"true\" class=\"wp-block-spacer\"><\/div>\n\n\n\n<p><strong><span style=\"text-decoration: underline;\">Haftungsausschluss:<\/span> <\/strong><em>Die Online-Bestellung von Standardprodukten umfasst die Standardverpackung, Standardkennzeichnung sowie den Standardversand an die im Warenkorb angegebene einzelne Lieferadresse.<br>Sollten Sie eine abweichende Verpackung, eine individuelle Kennzeichnung \u00fcber die Standardoptionen hinaus oder eine Lieferung an mehrere Adressen ben\u00f6tigen, wenden Sie sich bitte an Ihren Vertriebsmitarbeiter, um die verf\u00fcgbaren Optionen zu besprechen.<\/em><\/p>\n\n\n\n<div style=\"height:80px\" aria-hidden=\"true\" class=\"wp-block-spacer\"><\/div>\n\n\n\n<h2 class=\"wp-block-heading has-text-align-center\">Verwandte Seiten<\/h2>\n\n\n    <div class=\"marketing\">\r\n                                <div class=\"marketing__item marketing__item--3\">\r\n\r\n                <div class=\"marketing__image\">\r\n                    <img data-aspectratio=\"380\/238\" decoding=\"async\" width=\"380\" height=\"238\" data-aspectratio=\"380\/238\" src=\"data:image\/gif;base64,R0lGODlhAQABAIAAAAAAAP\/\/\/yH5BAEAAAAALAAAAAABAAEAAAIBRAA7\" data-src=\"https:\/\/www.showdowndisplays.eu\/wp-content\/uploads\/2021\/08\/Partnership_related-pages-380x238.jpg\" class=\"attachment-about-us size-about-us lazyload\" alt=\"Showdown-marketingsupport\" data-srcset=\"https:\/\/www.showdowndisplays.eu\/wp-content\/uploads\/2021\/08\/Partnership_related-pages-380x238.jpg 380w, https:\/\/www.showdowndisplays.eu\/wp-content\/uploads\/2021\/08\/Partnership_related-pages-432x270.jpg 432w, https:\/\/www.showdowndisplays.eu\/wp-content\/uploads\/2021\/08\/Partnership_related-pages-768x480.jpg 768w, https:\/\/www.showdowndisplays.eu\/wp-content\/uploads\/2021\/08\/Partnership_related-pages-96x60.jpg 96w, https:\/\/www.showdowndisplays.eu\/wp-content\/uploads\/2021\/08\/Partnership_related-pages-200x125.jpg 200w, https:\/\/www.showdowndisplays.eu\/wp-content\/uploads\/2021\/08\/Partnership_related-pages.jpg 800w\" sizes=\"(max-width: 380px) 100vw, 380px\" \/><noscript><img decoding=\"async\" width=\"380\" height=\"238\" data-aspectratio=\"380\/238\" src=\"data:image\/gif;base64,R0lGODlhAQABAIAAAAAAAP\/\/\/yH5BAEAAAAALAAAAAABAAEAAAIBRAA7\" data-src=\"https:\/\/www.showdowndisplays.eu\/wp-content\/uploads\/2021\/08\/Partnership_related-pages-380x238.jpg\" class=\"attachment-about-us size-about-us lazyload\" alt=\"Showdown-marketingsupport\" data-srcset=\"https:\/\/www.showdowndisplays.eu\/wp-content\/uploads\/2021\/08\/Partnership_related-pages-380x238.jpg 380w, https:\/\/www.showdowndisplays.eu\/wp-content\/uploads\/2021\/08\/Partnership_related-pages-432x270.jpg 432w, https:\/\/www.showdowndisplays.eu\/wp-content\/uploads\/2021\/08\/Partnership_related-pages-768x480.jpg 768w, https:\/\/www.showdowndisplays.eu\/wp-content\/uploads\/2021\/08\/Partnership_related-pages-96x60.jpg 96w, https:\/\/www.showdowndisplays.eu\/wp-content\/uploads\/2021\/08\/Partnership_related-pages-200x125.jpg 200w, https:\/\/www.showdowndisplays.eu\/wp-content\/uploads\/2021\/08\/Partnership_related-pages.jpg 800w\" sizes=\"(max-width: 380px) 100vw, 380px\" \/><\/noscript>                <\/div>\r\n                <div class=\"marketing__content-wrapper global-style\">\r\n                                            <div class=\"marketing__title-wrapper\">\r\n                            <h3>Partnerschaft<\/h3>\r\n                        <\/div>\r\n                                        <div class=\"marketing__content\">\r\n                                            <\/div>\r\n                <\/div>\r\n\r\n                                    <a href=\"https:\/\/www.showdowndisplays.eu\/partnership\/\"  class=\"marketing__read-more link-with-arrow link-with-arrow--blue\">Mehr erfahren<\/a>\r\n                \r\n            <\/div>\r\n\r\n                                <div class=\"marketing__item marketing__item--3\">\r\n\r\n                <div class=\"marketing__image\">\r\n                    <img data-aspectratio=\"380\/238\" decoding=\"async\" width=\"380\" height=\"238\" data-aspectratio=\"380\/238\" src=\"data:image\/gif;base64,R0lGODlhAQABAIAAAAAAAP\/\/\/yH5BAEAAAAALAAAAAABAAEAAAIBRAA7\" data-src=\"https:\/\/www.showdowndisplays.eu\/wp-content\/uploads\/2021\/01\/Product-photos-and-videos-3-380x238.jpg\" class=\"attachment-about-us size-about-us lazyload\" alt=\" width\" data-srcset=\"https:\/\/www.showdowndisplays.eu\/wp-content\/uploads\/2021\/01\/Product-photos-and-videos-3-380x238.jpg 380w, https:\/\/www.showdowndisplays.eu\/wp-content\/uploads\/2021\/01\/Product-photos-and-videos-3-432x270.jpg 432w, https:\/\/www.showdowndisplays.eu\/wp-content\/uploads\/2021\/01\/Product-photos-and-videos-3-1024x640.jpg 1024w, https:\/\/www.showdowndisplays.eu\/wp-content\/uploads\/2021\/01\/Product-photos-and-videos-3-768x480.jpg 768w, https:\/\/www.showdowndisplays.eu\/wp-content\/uploads\/2021\/01\/Product-photos-and-videos-3-1536x960.jpg 1536w, https:\/\/www.showdowndisplays.eu\/wp-content\/uploads\/2021\/01\/Product-photos-and-videos-3-96x60.jpg 96w, https:\/\/www.showdowndisplays.eu\/wp-content\/uploads\/2021\/01\/Product-photos-and-videos-3-200x125.jpg 200w, https:\/\/www.showdowndisplays.eu\/wp-content\/uploads\/2021\/01\/Product-photos-and-videos-3.jpg 1600w\" sizes=\"(max-width: 380px) 100vw, 380px\" \/><noscript><img decoding=\"async\" width=\"380\" height=\"238\" data-aspectratio=\"380\/238\" src=\"data:image\/gif;base64,R0lGODlhAQABAIAAAAAAAP\/\/\/yH5BAEAAAAALAAAAAABAAEAAAIBRAA7\" data-src=\"https:\/\/www.showdowndisplays.eu\/wp-content\/uploads\/2021\/01\/Product-photos-and-videos-3-380x238.jpg\" class=\"attachment-about-us size-about-us lazyload\" alt=\" width\" data-srcset=\"https:\/\/www.showdowndisplays.eu\/wp-content\/uploads\/2021\/01\/Product-photos-and-videos-3-380x238.jpg 380w, https:\/\/www.showdowndisplays.eu\/wp-content\/uploads\/2021\/01\/Product-photos-and-videos-3-432x270.jpg 432w, https:\/\/www.showdowndisplays.eu\/wp-content\/uploads\/2021\/01\/Product-photos-and-videos-3-1024x640.jpg 1024w, https:\/\/www.showdowndisplays.eu\/wp-content\/uploads\/2021\/01\/Product-photos-and-videos-3-768x480.jpg 768w, https:\/\/www.showdowndisplays.eu\/wp-content\/uploads\/2021\/01\/Product-photos-and-videos-3-1536x960.jpg 1536w, https:\/\/www.showdowndisplays.eu\/wp-content\/uploads\/2021\/01\/Product-photos-and-videos-3-96x60.jpg 96w, https:\/\/www.showdowndisplays.eu\/wp-content\/uploads\/2021\/01\/Product-photos-and-videos-3-200x125.jpg 200w, https:\/\/www.showdowndisplays.eu\/wp-content\/uploads\/2021\/01\/Product-photos-and-videos-3.jpg 1600w\" sizes=\"(max-width: 380px) 100vw, 380px\" \/><\/noscript>                <\/div>\r\n                <div class=\"marketing__content-wrapper global-style\">\r\n                                            <div class=\"marketing__title-wrapper\">\r\n                            <h3>Marketingunterst\u00fctzung<\/h3>\r\n                        <\/div>\r\n                                        <div class=\"marketing__content\">\r\n                                            <\/div>\r\n                <\/div>\r\n\r\n                                    <a href=\"https:\/\/www.showdowndisplays.eu\/marketing-support\/\"  class=\"marketing__read-more link-with-arrow link-with-arrow--blue\">Mehr erfahren<\/a>\r\n                \r\n            <\/div>\r\n\r\n                                <div class=\"marketing__item marketing__item--3\">\r\n\r\n                <div class=\"marketing__image\">\r\n                    <img data-aspectratio=\"380\/253\" decoding=\"async\" width=\"380\" height=\"253\" data-aspectratio=\"380\/253\" src=\"data:image\/gif;base64,R0lGODlhAQABAIAAAAAAAP\/\/\/yH5BAEAAAAALAAAAAABAAEAAAIBRAA7\" data-src=\"https:\/\/www.showdowndisplays.eu\/wp-content\/uploads\/2021\/06\/Print-services_landscape_verkleind-380x253.jpg\" class=\"attachment-about-us size-about-us lazyload\" alt=\" width\" data-srcset=\"https:\/\/www.showdowndisplays.eu\/wp-content\/uploads\/2021\/06\/Print-services_landscape_verkleind-380x253.jpg 380w, https:\/\/www.showdowndisplays.eu\/wp-content\/uploads\/2021\/06\/Print-services_landscape_verkleind-405x270.jpg 405w, https:\/\/www.showdowndisplays.eu\/wp-content\/uploads\/2021\/06\/Print-services_landscape_verkleind-1024x683.jpg 1024w, https:\/\/www.showdowndisplays.eu\/wp-content\/uploads\/2021\/06\/Print-services_landscape_verkleind-768x512.jpg 768w, https:\/\/www.showdowndisplays.eu\/wp-content\/uploads\/2021\/06\/Print-services_landscape_verkleind-1536x1024.jpg 1536w, https:\/\/www.showdowndisplays.eu\/wp-content\/uploads\/2021\/06\/Print-services_landscape_verkleind-2048x1365.jpg 2048w, https:\/\/www.showdowndisplays.eu\/wp-content\/uploads\/2021\/06\/Print-services_landscape_verkleind-96x64.jpg 96w, https:\/\/www.showdowndisplays.eu\/wp-content\/uploads\/2021\/06\/Print-services_landscape_verkleind-200x133.jpg 200w\" sizes=\"(max-width: 380px) 100vw, 380px\" \/><noscript><img decoding=\"async\" width=\"380\" height=\"253\" data-aspectratio=\"380\/253\" src=\"data:image\/gif;base64,R0lGODlhAQABAIAAAAAAAP\/\/\/yH5BAEAAAAALAAAAAABAAEAAAIBRAA7\" data-src=\"https:\/\/www.showdowndisplays.eu\/wp-content\/uploads\/2021\/06\/Print-services_landscape_verkleind-380x253.jpg\" class=\"attachment-about-us size-about-us lazyload\" alt=\" width\" data-srcset=\"https:\/\/www.showdowndisplays.eu\/wp-content\/uploads\/2021\/06\/Print-services_landscape_verkleind-380x253.jpg 380w, https:\/\/www.showdowndisplays.eu\/wp-content\/uploads\/2021\/06\/Print-services_landscape_verkleind-405x270.jpg 405w, https:\/\/www.showdowndisplays.eu\/wp-content\/uploads\/2021\/06\/Print-services_landscape_verkleind-1024x683.jpg 1024w, https:\/\/www.showdowndisplays.eu\/wp-content\/uploads\/2021\/06\/Print-services_landscape_verkleind-768x512.jpg 768w, https:\/\/www.showdowndisplays.eu\/wp-content\/uploads\/2021\/06\/Print-services_landscape_verkleind-1536x1024.jpg 1536w, https:\/\/www.showdowndisplays.eu\/wp-content\/uploads\/2021\/06\/Print-services_landscape_verkleind-2048x1365.jpg 2048w, https:\/\/www.showdowndisplays.eu\/wp-content\/uploads\/2021\/06\/Print-services_landscape_verkleind-96x64.jpg 96w, https:\/\/www.showdowndisplays.eu\/wp-content\/uploads\/2021\/06\/Print-services_landscape_verkleind-200x133.jpg 200w\" sizes=\"(max-width: 380px) 100vw, 380px\" \/><\/noscript>                <\/div>\r\n                <div class=\"marketing__content-wrapper global-style\">\r\n                                            <div class=\"marketing__title-wrapper\">\r\n                            <h3>Druckdienstleistungen<\/h3>\r\n                        <\/div>\r\n                                        <div class=\"marketing__content\">\r\n                                            <\/div>\r\n                <\/div>\r\n\r\n                                    <a href=\"https:\/\/www.showdowndisplays.eu\/services\/print-services-2\/\"  class=\"marketing__read-more link-with-arrow link-with-arrow--blue\">Mehr erfahren<\/a>\r\n                \r\n            <\/div>\r\n\r\n            <\/div>\r\n","protected":false},"excerpt":{"rendered":"<p>Schnellere Lieferung ohne Aufpreis F\u00fchren Sie Ihr Business, ohne Lagerbestand zu halten: Wir \u00fcbernehmen die Produktion und versenden Ihre Bestellungen&#8230;<\/p>\n","protected":false},"author":16,"featured_media":0,"parent":0,"menu_order":0,"comment_status":"closed","ping_status":"closed","template":"","meta":{"_acf_changed":false,"footnotes":""},"class_list":["post-51662","page","type-page","status-publish","hentry"],"acf":[],"_links":{"self":[{"href":"https:\/\/www.showdowndisplays.eu\/de\/wp-json\/wp\/v2\/pages\/51662","targetHints":{"allow":["GET"]}}],"collection":[{"href":"https:\/\/www.showdowndisplays.eu\/de\/wp-json\/wp\/v2\/pages"}],"about":[{"href":"https:\/\/www.showdowndisplays.eu\/de\/wp-json\/wp\/v2\/types\/page"}],"author":[{"embeddable":true,"href":"https:\/\/www.showdowndisplays.eu\/de\/wp-json\/wp\/v2\/users\/16"}],"replies":[{"embeddable":true,"href":"https:\/\/www.showdowndisplays.eu\/de\/wp-json\/wp\/v2\/comments?post=51662"}],"version-history":[{"count":29,"href":"https:\/\/www.showdowndisplays.eu\/de\/wp-json\/wp\/v2\/pages\/51662\/revisions"}],"predecessor-version":[{"id":55980,"href":"https:\/\/www.showdowndisplays.eu\/de\/wp-json\/wp\/v2\/pages\/51662\/revisions\/55980"}],"wp:attachment":[{"href":"https:\/\/www.showdowndisplays.eu\/de\/wp-json\/wp\/v2\/media?parent=51662"}],"curies":[{"name":"wp","href":"https:\/\/api.w.org\/{rel}","templated":true}]}}