{"id":47450,"date":"2025-07-31T10:06:25","date_gmt":"2025-07-31T10:06:25","guid":{"rendered":"https:\/\/www.showdowndisplays.eu\/?page_id=47450"},"modified":"2025-08-01T05:58:30","modified_gmt":"2025-08-01T05:58:30","slug":"palettenkosten","status":"publish","type":"page","link":"https:\/\/www.showdowndisplays.eu\/de\/palettenkosten\/","title":{"rendered":"Palettenkosten"},"content":{"rendered":"\n<div class=\"wp-block-group\"><div class=\"wp-block-group__inner-container is-layout-constrained wp-block-group-is-layout-constrained\">\n<div class=\"wp-block-group\"><div class=\"wp-block-group__inner-container is-layout-constrained wp-block-group-is-layout-constrained\">\n<div class=\"wp-block-group is-vertical is-layout-flex wp-container-core-group-is-layout-8cf370e7 wp-block-group-is-layout-flex\">\n<p class=\"has-white-background-color has-background\"><strong>L\u00e4nder innerhalb des EPAL-Tauschsystems <\/strong><br><em>\u00d6sterreich, Belgien, Tschechien, Deutschland, Luxemburg, die Niederlande, Polen und die Slowakei<\/em><br><br><strong>Euro-Palette:<\/strong> Es werden keine Palettenkosten berechnet.<br><strong>XL-Palette:<\/strong> XL-Paletten sind nicht Teil des EPAL-Tauschsystems. F\u00fcr jede XL-Palette wird ein Aufpreis berechnet. Die Kosten liegen je nach Gr\u00f6\u00dfe der XL-Palette zwischen 23,00 und 45,00 Euro. F\u00fcr weitere Informationen wenden Sie sich bitte an Ihren Vertriebsmitarbeiter(in).<br><br>Alle Palettenkosten werden nach der Auftragsbest\u00e4tigung zum Gesamtbetrag hinzugef\u00fcgt.<br><\/p>\n<\/div>\n<\/div><\/div>\n<\/div><\/div>\n\n\n\n<p class=\"has-white-background-color has-background\"><strong>L\u00e4nder au\u00dferhalb des EPAL-Tauschsystems <\/strong><br><em>Alle anderen L\u00e4nder, die oben nicht genannt sind. <\/em><br><br><strong>Euro-Palette:<\/strong> Es werden 6,50 Euro pro Euro-Palette berechnet.<br><strong>XL-Palette: <\/strong>F\u00fcr jede XL-Palette wird ein Aufpreis berechnet. Die Kosten liegen je nach Gr\u00f6\u00dfe der XL-Palette zwischen 23,00 und 45,00 Euro. F\u00fcr weitere Informationen wenden Sie sich bitte an Ihren Vertriebsmitarbeiterin.<br><br><sub><strong>*Alle Palettenkosten werden nach der Auftragsbest\u00e4tigung zum Gesamtbetrag hinzugef\u00fcgt.<\/strong><\/sub><\/p>\n\n\n\n<p class=\"has-text-align-center has-white-background-color has-background\"><a href=\"https:\/\/www.showdowndisplays.eu\/de\/parcel-shipping-price-conditions\/\" data-type=\"link\" data-id=\"https:\/\/www.showdowndisplays.eu\/de\/parcel-shipping-price-conditions\/\">Hier klicken<\/a>, um die \u00dcbersicht der Versandkosten einzusehen.<\/p>\n","protected":false},"excerpt":{"rendered":"<p>L\u00e4nder innerhalb des EPAL-Tauschsystems \u00d6sterreich, Belgien, Tschechien, Deutschland, Luxemburg, die Niederlande, Polen und die Slowakei Euro-Palette: Es werden keine Palettenkosten&#8230;<\/p>\n","protected":false},"author":12,"featured_media":0,"parent":0,"menu_order":0,"comment_status":"closed","ping_status":"closed","template":"","meta":{"_acf_changed":false,"footnotes":""},"class_list":["post-47450","page","type-page","status-publish","hentry"],"acf":[],"_links":{"self":[{"href":"https:\/\/www.showdowndisplays.eu\/de\/wp-json\/wp\/v2\/pages\/47450","targetHints":{"allow":["GET"]}}],"collection":[{"href":"https:\/\/www.showdowndisplays.eu\/de\/wp-json\/wp\/v2\/pages"}],"about":[{"href":"https:\/\/www.showdowndisplays.eu\/de\/wp-json\/wp\/v2\/types\/page"}],"author":[{"embeddable":true,"href":"https:\/\/www.showdowndisplays.eu\/de\/wp-json\/wp\/v2\/users\/12"}],"replies":[{"embeddable":true,"href":"https:\/\/www.showdowndisplays.eu\/de\/wp-json\/wp\/v2\/comments?post=47450"}],"version-history":[{"count":9,"href":"https:\/\/www.showdowndisplays.eu\/de\/wp-json\/wp\/v2\/pages\/47450\/revisions"}],"predecessor-version":[{"id":47530,"href":"https:\/\/www.showdowndisplays.eu\/de\/wp-json\/wp\/v2\/pages\/47450\/revisions\/47530"}],"wp:attachment":[{"href":"https:\/\/www.showdowndisplays.eu\/de\/wp-json\/wp\/v2\/media?parent=47450"}],"curies":[{"name":"wp","href":"https:\/\/api.w.org\/{rel}","templated":true}]}}