{"id":35158,"date":"2024-04-26T12:29:22","date_gmt":"2024-04-26T12:29:22","guid":{"rendered":"https:\/\/www.showdowndisplays.eu\/?page_id=35158"},"modified":"2025-07-07T07:38:58","modified_gmt":"2025-07-07T07:38:58","slug":"latexdruck","status":"publish","type":"page","link":"https:\/\/www.showdowndisplays.eu\/de\/printservice\/latexdruck\/","title":{"rendered":"Latexdruck"},"content":{"rendered":"\n<div class=\"wp-block-media-text alignwide has-media-on-the-right is-stacked-on-mobile is-image-fill-element image-text-2\"><div class=\"wp-block-media-text__content\">\n<h2 class=\"wp-block-heading\">Latexdruck<\/h2>\n\n\n\n<p>Der Latexdruck ist eine relativ neue, qualitativ hochwertige Drucktechnologie. Er verwendet Tinten auf Wasserbasis und bietet eine hervorragende Druck- und Farbqualit\u00e4t sowie schnelle Produktionsverfahren. Die Tinte bildet eine Kunststoffschicht auf dem Druckmedium. Auf diese Weise ist das Ergebnis sehr stabil und wasserdicht.<\/p>\n\n\n\n<p>Der Latexdruck ist \u00f6kologischer als herk\u00f6mmliche UV-Drucker. Je nach Druckmaterial sind die Materialien feuerbest\u00e4ndig und k\u00f6nnen auch im Freien verwendet werden. Unser Druckzentrum kann Grafiken mit einer Breite von bis zu 1600 mm verarbeiten.<\/p>\n\n\n\n<p><strong>Eco Print-Materialien<\/strong><br>&#8220;Wir streben nach einer positiven Auswirkung auf die Gesellschaft und die Umwelt&#8221;. Das ist unser Ziel! Als Produzent und Printer von Druckerzeugnissen und als Anbieter eines Komplettpakets f\u00fcr Sie und Ihre Kunden wollen wir uns stetig verbessern. Deshalb bieten wir \u00d6ko-Drucke an!<\/p>\n<\/div><figure class=\"wp-block-media-text__media\"><img data-aspectratio=\"853\/568\" src=\"data:image\/gif;base64,R0lGODlhAQABAIAAAAAAAP\/\/\/yH5BAEAAAAALAAAAAABAAEAAAIBRAA7\" decoding=\"async\" width=\"853\" height=\"568\" data-src=\"https:\/\/www.showdowndisplays.eu\/wp-content\/uploads\/2021\/07\/Latex-printer-2.jpg\" alt=\"\" class=\"wp-image-13212 size-full lazyload\" style=\"object-position:16% 59%\" data-srcset=\"https:\/\/www.showdowndisplays.eu\/wp-content\/uploads\/2021\/07\/Latex-printer-2.jpg 853w, https:\/\/www.showdowndisplays.eu\/wp-content\/uploads\/2021\/07\/Latex-printer-2-405x270.jpg 405w, https:\/\/www.showdowndisplays.eu\/wp-content\/uploads\/2021\/07\/Latex-printer-2-768x511.jpg 768w, https:\/\/www.showdowndisplays.eu\/wp-content\/uploads\/2021\/07\/Latex-printer-2-380x253.jpg 380w, https:\/\/www.showdowndisplays.eu\/wp-content\/uploads\/2021\/07\/Latex-printer-2-96x64.jpg 96w, https:\/\/www.showdowndisplays.eu\/wp-content\/uploads\/2021\/07\/Latex-printer-2-200x133.jpg 200w\" sizes=\"(max-width: 853px) 100vw, 853px\" \/><noscript><img decoding=\"async\" width=\"853\" height=\"568\" src=\"https:\/\/www.showdowndisplays.eu\/wp-content\/uploads\/2021\/07\/Latex-printer-2.jpg\" alt=\"\" class=\"wp-image-13212 size-full\" style=\"object-position:16% 59%\" srcset=\"https:\/\/www.showdowndisplays.eu\/wp-content\/uploads\/2021\/07\/Latex-printer-2.jpg 853w, https:\/\/www.showdowndisplays.eu\/wp-content\/uploads\/2021\/07\/Latex-printer-2-405x270.jpg 405w, https:\/\/www.showdowndisplays.eu\/wp-content\/uploads\/2021\/07\/Latex-printer-2-768x511.jpg 768w, https:\/\/www.showdowndisplays.eu\/wp-content\/uploads\/2021\/07\/Latex-printer-2-380x253.jpg 380w, https:\/\/www.showdowndisplays.eu\/wp-content\/uploads\/2021\/07\/Latex-printer-2-96x64.jpg 96w, https:\/\/www.showdowndisplays.eu\/wp-content\/uploads\/2021\/07\/Latex-printer-2-200x133.jpg 200w\" sizes=\"(max-width: 853px) 100vw, 853px\" \/><\/noscript><\/figure><\/div>\n\n\n\n<h2 class=\"wp-block-heading has-text-align-center\">Gedruckt vom<\/h2>\n\n\n\r\n\r\n    <div class=\"quick-products-wrapper\">\r\n        <div id=\"quick-productsblock_6ebd4468e4fea7b3de5759165f8540f8\" class=\"quick-products\">\r\n                                                                <a href=\"https:\/\/www.showdowndisplays.eu\/print-services\/meet-our-printers-and-cutter\/\" class=\"quick-products__item\">\r\n                        <span class=\"quick-products__image\">\r\n                            <img data-aspectratio=\"800\/508\" decoding=\"async\" width=\"800\" height=\"508\" data-aspectratio=\"800\/508\" src=\"data:image\/gif;base64,R0lGODlhAQABAIAAAAAAAP\/\/\/yH5BAEAAAAALAAAAAABAAEAAAIBRAA7\" data-src=\"https:\/\/www.showdowndisplays.eu\/wp-content\/uploads\/2021\/04\/HP-Latex-570-printer-2.jpg\" class=\"attachment-full size-full lazyload\" alt=\" width\" data-srcset=\"https:\/\/www.showdowndisplays.eu\/wp-content\/uploads\/2021\/04\/HP-Latex-570-printer-2.jpg 800w, https:\/\/www.showdowndisplays.eu\/wp-content\/uploads\/2021\/04\/HP-Latex-570-printer-2-425x270.jpg 425w, https:\/\/www.showdowndisplays.eu\/wp-content\/uploads\/2021\/04\/HP-Latex-570-printer-2-768x488.jpg 768w, https:\/\/www.showdowndisplays.eu\/wp-content\/uploads\/2021\/04\/HP-Latex-570-printer-2-380x241.jpg 380w, https:\/\/www.showdowndisplays.eu\/wp-content\/uploads\/2021\/04\/HP-Latex-570-printer-2-96x61.jpg 96w, https:\/\/www.showdowndisplays.eu\/wp-content\/uploads\/2021\/04\/HP-Latex-570-printer-2-200x127.jpg 200w\" sizes=\"(max-width: 800px) 100vw, 800px\" \/><noscript><img decoding=\"async\" width=\"800\" height=\"508\" data-aspectratio=\"800\/508\" src=\"data:image\/gif;base64,R0lGODlhAQABAIAAAAAAAP\/\/\/yH5BAEAAAAALAAAAAABAAEAAAIBRAA7\" data-src=\"https:\/\/www.showdowndisplays.eu\/wp-content\/uploads\/2021\/04\/HP-Latex-570-printer-2.jpg\" class=\"attachment-full size-full lazyload\" alt=\" width\" data-srcset=\"https:\/\/www.showdowndisplays.eu\/wp-content\/uploads\/2021\/04\/HP-Latex-570-printer-2.jpg 800w, https:\/\/www.showdowndisplays.eu\/wp-content\/uploads\/2021\/04\/HP-Latex-570-printer-2-425x270.jpg 425w, https:\/\/www.showdowndisplays.eu\/wp-content\/uploads\/2021\/04\/HP-Latex-570-printer-2-768x488.jpg 768w, https:\/\/www.showdowndisplays.eu\/wp-content\/uploads\/2021\/04\/HP-Latex-570-printer-2-380x241.jpg 380w, https:\/\/www.showdowndisplays.eu\/wp-content\/uploads\/2021\/04\/HP-Latex-570-printer-2-96x61.jpg 96w, https:\/\/www.showdowndisplays.eu\/wp-content\/uploads\/2021\/04\/HP-Latex-570-printer-2-200x127.jpg 200w\" sizes=\"(max-width: 800px) 100vw, 800px\" \/><\/noscript>                        <\/span>\r\n                        <span class=\"quick-products__title\">HP LATEX 570<\/span>\r\n                    <\/a>\r\n                                                        <a href=\"https:\/\/www.showdowndisplays.eu\/print-services\/meet-our-printers-and-cutter\/\"  class=\"quick-products__view-all\">\r\n                    <span>Read more<\/span>\r\n                <\/a>\r\n                    <\/div>\r\n    <\/div>\r\n\r\n\n\n    <div class=\"marketing\">\r\n                                <div class=\"marketing__item marketing__item--2\">\r\n\r\n                <div class=\"marketing__image\">\r\n                                    <\/div>\r\n                <div class=\"marketing__content-wrapper global-style\">\r\n                                        <div class=\"marketing__content\">\r\n                        <h4>Am h\u00e4ufigsten verwendet f\u00fcr<\/h4>\n<ul class=\"wp-block-list\">\n<li>Topschilder<\/li>\n<li>Roll-Banner<\/li>\n<li>Posterrahmen<\/li>\n<li>LED-Rahmen<\/li>\n<li>Sticker (Haftfolie)<\/li>\n<li>Promotiontheke Professional &amp; Magnetic<\/li>\n<\/ul>\n                    <\/div>\r\n                <\/div>\r\n\r\n                \r\n            <\/div>\r\n\r\n                                <div class=\"marketing__item marketing__item--2\">\r\n\r\n                <div class=\"marketing__image\">\r\n                                    <\/div>\r\n                <div class=\"marketing__content-wrapper global-style\">\r\n                                        <div class=\"marketing__content\">\r\n                        <h4>Geeignete Druckmatieralien<\/h4>\n<ul class=\"wp-block-list\">\n<li>Premium Poster Paper (PVC-Frei) 135 g\/m<sup>2<\/sup><\/li>\n<li>Poster Backlit 285 g\/m<sup>2<\/sup><\/li>\n<li>Adhesive Foil 140 g\/m<sup>2<\/sup><\/li>\n<li>Symbio Banner PVC 510 g\/m<sup>2<\/sup><\/li>\n<li>Standard Multi Layer Material Banner 220 g\/m<sup>2<\/sup><\/li>\n<li>Polyester Greyback (PVC-Frei) 270 g\/m<sup>2<\/sup><\/li>\n<li>Opaque Fabric (PVC-Frei) 100% PES 265 g\/m<sup>2<\/sup><\/li>\n<li>Solid Flex (PVC-Frei) 415 g\/m2<\/li>\n<\/ul>\n<p><a href=\"https:\/\/www.showdowndisplays.eu\/wp-content\/uploads\/2025\/07\/Print-overview-2025-4.pdf\" target=\"_blank\" rel=\"noopener\">In dieser \u00dcbersicht<\/a> finden Sie alles, was Sie \u00fcber unsere Druckmaterialien wissen m\u00fcssen.<\/p>\n                    <\/div>\r\n                <\/div>\r\n\r\n                \r\n            <\/div>\r\n\r\n            <\/div>\r\n\n\n\n<div style=\"height:66px\" aria-hidden=\"true\" class=\"wp-block-spacer\"><\/div>\n\n\n\n<h2 class=\"wp-block-heading has-text-align-center\">Weitere Seiten<\/h2>\n\n\n    <div class=\"marketing\">\r\n                                <div class=\"marketing__item marketing__item--4\">\r\n\r\n                <div class=\"marketing__image\">\r\n                    <img data-aspectratio=\"380\/238\" decoding=\"async\" width=\"380\" height=\"238\" data-aspectratio=\"380\/238\" src=\"data:image\/gif;base64,R0lGODlhAQABAIAAAAAAAP\/\/\/yH5BAEAAAAALAAAAAABAAEAAAIBRAA7\" data-src=\"https:\/\/www.showdowndisplays.eu\/wp-content\/uploads\/2021\/08\/Print-services_related-pages-380x238.jpg\" class=\"attachment-about-us size-about-us lazyload\" alt=\" width\" data-srcset=\"https:\/\/www.showdowndisplays.eu\/wp-content\/uploads\/2021\/08\/Print-services_related-pages-380x238.jpg 380w, https:\/\/www.showdowndisplays.eu\/wp-content\/uploads\/2021\/08\/Print-services_related-pages-432x270.jpg 432w, https:\/\/www.showdowndisplays.eu\/wp-content\/uploads\/2021\/08\/Print-services_related-pages-768x480.jpg 768w, https:\/\/www.showdowndisplays.eu\/wp-content\/uploads\/2021\/08\/Print-services_related-pages-96x60.jpg 96w, https:\/\/www.showdowndisplays.eu\/wp-content\/uploads\/2021\/08\/Print-services_related-pages-200x125.jpg 200w, https:\/\/www.showdowndisplays.eu\/wp-content\/uploads\/2021\/08\/Print-services_related-pages.jpg 800w\" sizes=\"(max-width: 380px) 100vw, 380px\" \/><noscript><img decoding=\"async\" width=\"380\" height=\"238\" data-aspectratio=\"380\/238\" src=\"data:image\/gif;base64,R0lGODlhAQABAIAAAAAAAP\/\/\/yH5BAEAAAAALAAAAAABAAEAAAIBRAA7\" data-src=\"https:\/\/www.showdowndisplays.eu\/wp-content\/uploads\/2021\/08\/Print-services_related-pages-380x238.jpg\" class=\"attachment-about-us size-about-us lazyload\" alt=\" width\" data-srcset=\"https:\/\/www.showdowndisplays.eu\/wp-content\/uploads\/2021\/08\/Print-services_related-pages-380x238.jpg 380w, https:\/\/www.showdowndisplays.eu\/wp-content\/uploads\/2021\/08\/Print-services_related-pages-432x270.jpg 432w, https:\/\/www.showdowndisplays.eu\/wp-content\/uploads\/2021\/08\/Print-services_related-pages-768x480.jpg 768w, https:\/\/www.showdowndisplays.eu\/wp-content\/uploads\/2021\/08\/Print-services_related-pages-96x60.jpg 96w, https:\/\/www.showdowndisplays.eu\/wp-content\/uploads\/2021\/08\/Print-services_related-pages-200x125.jpg 200w, https:\/\/www.showdowndisplays.eu\/wp-content\/uploads\/2021\/08\/Print-services_related-pages.jpg 800w\" sizes=\"(max-width: 380px) 100vw, 380px\" \/><\/noscript>                <\/div>\r\n                <div class=\"marketing__content-wrapper global-style\">\r\n                                            <div class=\"marketing__title-wrapper\">\r\n                            <h3>Print Services<\/h3>\r\n                        <\/div>\r\n                                        <div class=\"marketing__content\">\r\n                                            <\/div>\r\n                <\/div>\r\n\r\n                                    <a href=\"https:\/\/www.showdowndisplays.eu\/print-services\/\"  class=\"marketing__read-more link-with-arrow link-with-arrow--blue\">Read more<\/a>\r\n                \r\n            <\/div>\r\n\r\n                                <div class=\"marketing__item marketing__item--4\">\r\n\r\n                <div class=\"marketing__image\">\r\n                    <img data-aspectratio=\"380\/238\" decoding=\"async\" width=\"380\" height=\"238\" data-aspectratio=\"380\/238\" src=\"data:image\/gif;base64,R0lGODlhAQABAIAAAAAAAP\/\/\/yH5BAEAAAAALAAAAAABAAEAAAIBRAA7\" data-src=\"https:\/\/www.showdowndisplays.eu\/wp-content\/uploads\/2024\/04\/VR5D-E-angle_380x238.png\" class=\"attachment-about-us size-about-us lazyload\" alt=\" width\" data-srcset=\"https:\/\/www.showdowndisplays.eu\/wp-content\/uploads\/2024\/04\/VR5D-E-angle_380x238.png 380w, https:\/\/www.showdowndisplays.eu\/wp-content\/uploads\/2024\/04\/VR5D-E-angle_380x238-96x60.png 96w, https:\/\/www.showdowndisplays.eu\/wp-content\/uploads\/2024\/04\/VR5D-E-angle_380x238-200x125.png 200w\" sizes=\"(max-width: 380px) 100vw, 380px\" \/><noscript><img decoding=\"async\" width=\"380\" height=\"238\" data-aspectratio=\"380\/238\" src=\"data:image\/gif;base64,R0lGODlhAQABAIAAAAAAAP\/\/\/yH5BAEAAAAALAAAAAABAAEAAAIBRAA7\" data-src=\"https:\/\/www.showdowndisplays.eu\/wp-content\/uploads\/2024\/04\/VR5D-E-angle_380x238.png\" class=\"attachment-about-us size-about-us lazyload\" alt=\" width\" data-srcset=\"https:\/\/www.showdowndisplays.eu\/wp-content\/uploads\/2024\/04\/VR5D-E-angle_380x238.png 380w, https:\/\/www.showdowndisplays.eu\/wp-content\/uploads\/2024\/04\/VR5D-E-angle_380x238-96x60.png 96w, https:\/\/www.showdowndisplays.eu\/wp-content\/uploads\/2024\/04\/VR5D-E-angle_380x238-200x125.png 200w\" sizes=\"(max-width: 380px) 100vw, 380px\" \/><\/noscript>                <\/div>\r\n                <div class=\"marketing__content-wrapper global-style\">\r\n                                            <div class=\"marketing__title-wrapper\">\r\n                            <h3>Unsere Printer kennenlernen<\/h3>\r\n                        <\/div>\r\n                                        <div class=\"marketing__content\">\r\n                                            <\/div>\r\n                <\/div>\r\n\r\n                                    <a href=\"https:\/\/www.showdowndisplays.eu\/print-services\/meet-our-printers-and-cutter\/\"  class=\"marketing__read-more link-with-arrow link-with-arrow--blue\">Read more<\/a>\r\n                \r\n            <\/div>\r\n\r\n                                <div class=\"marketing__item marketing__item--4\">\r\n\r\n                <div class=\"marketing__image\">\r\n                    <img data-aspectratio=\"380\/238\" decoding=\"async\" width=\"380\" height=\"238\" data-aspectratio=\"380\/238\" src=\"data:image\/gif;base64,R0lGODlhAQABAIAAAAAAAP\/\/\/yH5BAEAAAAALAAAAAABAAEAAAIBRAA7\" data-src=\"https:\/\/www.showdowndisplays.eu\/wp-content\/uploads\/2021\/07\/Print-template-grijze-achtergrond-380x238.png\" class=\"attachment-about-us size-about-us lazyload\" alt=\" width\" data-srcset=\"https:\/\/www.showdowndisplays.eu\/wp-content\/uploads\/2021\/07\/Print-template-grijze-achtergrond-380x238.png 380w, https:\/\/www.showdowndisplays.eu\/wp-content\/uploads\/2021\/07\/Print-template-grijze-achtergrond-432x270.png 432w, https:\/\/www.showdowndisplays.eu\/wp-content\/uploads\/2021\/07\/Print-template-grijze-achtergrond-768x480.png 768w, https:\/\/www.showdowndisplays.eu\/wp-content\/uploads\/2021\/07\/Print-template-grijze-achtergrond-96x60.png 96w, https:\/\/www.showdowndisplays.eu\/wp-content\/uploads\/2021\/07\/Print-template-grijze-achtergrond-200x125.png 200w, https:\/\/www.showdowndisplays.eu\/wp-content\/uploads\/2021\/07\/Print-template-grijze-achtergrond.png 800w\" sizes=\"(max-width: 380px) 100vw, 380px\" \/><noscript><img decoding=\"async\" width=\"380\" height=\"238\" data-aspectratio=\"380\/238\" src=\"data:image\/gif;base64,R0lGODlhAQABAIAAAAAAAP\/\/\/yH5BAEAAAAALAAAAAABAAEAAAIBRAA7\" data-src=\"https:\/\/www.showdowndisplays.eu\/wp-content\/uploads\/2021\/07\/Print-template-grijze-achtergrond-380x238.png\" class=\"attachment-about-us size-about-us lazyload\" alt=\" width\" data-srcset=\"https:\/\/www.showdowndisplays.eu\/wp-content\/uploads\/2021\/07\/Print-template-grijze-achtergrond-380x238.png 380w, https:\/\/www.showdowndisplays.eu\/wp-content\/uploads\/2021\/07\/Print-template-grijze-achtergrond-432x270.png 432w, https:\/\/www.showdowndisplays.eu\/wp-content\/uploads\/2021\/07\/Print-template-grijze-achtergrond-768x480.png 768w, https:\/\/www.showdowndisplays.eu\/wp-content\/uploads\/2021\/07\/Print-template-grijze-achtergrond-96x60.png 96w, https:\/\/www.showdowndisplays.eu\/wp-content\/uploads\/2021\/07\/Print-template-grijze-achtergrond-200x125.png 200w, https:\/\/www.showdowndisplays.eu\/wp-content\/uploads\/2021\/07\/Print-template-grijze-achtergrond.png 800w\" sizes=\"(max-width: 380px) 100vw, 380px\" \/><\/noscript>                <\/div>\r\n                <div class=\"marketing__content-wrapper global-style\">\r\n                                            <div class=\"marketing__title-wrapper\">\r\n                            <h3>Druckvorlagen<\/h3>\r\n                        <\/div>\r\n                                        <div class=\"marketing__content\">\r\n                                            <\/div>\r\n                <\/div>\r\n\r\n                                    <a href=\"https:\/\/www.showdowndisplays.eu\/marketing-support\/practical-information\/\"  class=\"marketing__read-more link-with-arrow link-with-arrow--blue\">Read more<\/a>\r\n                \r\n            <\/div>\r\n\r\n                                <div class=\"marketing__item marketing__item--4\">\r\n\r\n                <div class=\"marketing__image\">\r\n                    <img data-aspectratio=\"380\/238\" decoding=\"async\" width=\"380\" height=\"238\" data-aspectratio=\"380\/238\" src=\"data:image\/gif;base64,R0lGODlhAQABAIAAAAAAAP\/\/\/yH5BAEAAAAALAAAAAABAAEAAAIBRAA7\" data-src=\"https:\/\/www.showdowndisplays.eu\/wp-content\/uploads\/2021\/07\/Sample-box-verkleind-380x238.png\" class=\"attachment-about-us size-about-us lazyload\" alt=\" width\" data-srcset=\"https:\/\/www.showdowndisplays.eu\/wp-content\/uploads\/2021\/07\/Sample-box-verkleind-380x238.png 380w, https:\/\/www.showdowndisplays.eu\/wp-content\/uploads\/2021\/07\/Sample-box-verkleind-432x270.png 432w, https:\/\/www.showdowndisplays.eu\/wp-content\/uploads\/2021\/07\/Sample-box-verkleind-768x480.png 768w, https:\/\/www.showdowndisplays.eu\/wp-content\/uploads\/2021\/07\/Sample-box-verkleind-96x60.png 96w, https:\/\/www.showdowndisplays.eu\/wp-content\/uploads\/2021\/07\/Sample-box-verkleind-200x125.png 200w, https:\/\/www.showdowndisplays.eu\/wp-content\/uploads\/2021\/07\/Sample-box-verkleind.png 800w\" sizes=\"(max-width: 380px) 100vw, 380px\" \/><noscript><img decoding=\"async\" width=\"380\" height=\"238\" data-aspectratio=\"380\/238\" src=\"data:image\/gif;base64,R0lGODlhAQABAIAAAAAAAP\/\/\/yH5BAEAAAAALAAAAAABAAEAAAIBRAA7\" data-src=\"https:\/\/www.showdowndisplays.eu\/wp-content\/uploads\/2021\/07\/Sample-box-verkleind-380x238.png\" class=\"attachment-about-us size-about-us lazyload\" alt=\" width\" data-srcset=\"https:\/\/www.showdowndisplays.eu\/wp-content\/uploads\/2021\/07\/Sample-box-verkleind-380x238.png 380w, https:\/\/www.showdowndisplays.eu\/wp-content\/uploads\/2021\/07\/Sample-box-verkleind-432x270.png 432w, https:\/\/www.showdowndisplays.eu\/wp-content\/uploads\/2021\/07\/Sample-box-verkleind-768x480.png 768w, https:\/\/www.showdowndisplays.eu\/wp-content\/uploads\/2021\/07\/Sample-box-verkleind-96x60.png 96w, https:\/\/www.showdowndisplays.eu\/wp-content\/uploads\/2021\/07\/Sample-box-verkleind-200x125.png 200w, https:\/\/www.showdowndisplays.eu\/wp-content\/uploads\/2021\/07\/Sample-box-verkleind.png 800w\" sizes=\"(max-width: 380px) 100vw, 380px\" \/><\/noscript>                <\/div>\r\n                <div class=\"marketing__content-wrapper global-style\">\r\n                                            <div class=\"marketing__title-wrapper\">\r\n                            <h3>Print Muster Box<\/h3>\r\n                        <\/div>\r\n                                        <div class=\"marketing__content\">\r\n                                            <\/div>\r\n                <\/div>\r\n\r\n                                    <a href=\"https:\/\/www.showdowndisplays.eu\/marketing-support\/your-own-samples\/\"  class=\"marketing__read-more link-with-arrow link-with-arrow--blue\">Read more<\/a>\r\n                \r\n            <\/div>\r\n\r\n            <\/div>\r\n","protected":false},"excerpt":{"rendered":"<p>Latexdruck Der Latexdruck ist eine relativ neue, qualitativ hochwertige Drucktechnologie. Er verwendet Tinten auf Wasserbasis und bietet eine hervorragende Druck-&#8230;<\/p>\n","protected":false},"author":5,"featured_media":0,"parent":14719,"menu_order":1,"comment_status":"closed","ping_status":"closed","template":"","meta":{"_acf_changed":false,"footnotes":""},"class_list":["post-35158","page","type-page","status-publish","hentry"],"acf":[],"_links":{"self":[{"href":"https:\/\/www.showdowndisplays.eu\/de\/wp-json\/wp\/v2\/pages\/35158","targetHints":{"allow":["GET"]}}],"collection":[{"href":"https:\/\/www.showdowndisplays.eu\/de\/wp-json\/wp\/v2\/pages"}],"about":[{"href":"https:\/\/www.showdowndisplays.eu\/de\/wp-json\/wp\/v2\/types\/page"}],"author":[{"embeddable":true,"href":"https:\/\/www.showdowndisplays.eu\/de\/wp-json\/wp\/v2\/users\/5"}],"replies":[{"embeddable":true,"href":"https:\/\/www.showdowndisplays.eu\/de\/wp-json\/wp\/v2\/comments?post=35158"}],"version-history":[{"count":9,"href":"https:\/\/www.showdowndisplays.eu\/de\/wp-json\/wp\/v2\/pages\/35158\/revisions"}],"predecessor-version":[{"id":46907,"href":"https:\/\/www.showdowndisplays.eu\/de\/wp-json\/wp\/v2\/pages\/35158\/revisions\/46907"}],"up":[{"embeddable":true,"href":"https:\/\/www.showdowndisplays.eu\/de\/wp-json\/wp\/v2\/pages\/14719"}],"wp:attachment":[{"href":"https:\/\/www.showdowndisplays.eu\/de\/wp-json\/wp\/v2\/media?parent=35158"}],"curies":[{"name":"wp","href":"https:\/\/api.w.org\/{rel}","templated":true}]}}