{"id":26563,"date":"2021-01-15T15:29:15","date_gmt":"2021-01-15T15:29:15","guid":{"rendered":"https:\/\/www.showdowndisplays.eu\/parcel-shipping-price-conditions\/"},"modified":"2026-04-01T06:57:51","modified_gmt":"2026-04-01T06:57:51","slug":"parcel-shipping-price-conditions","status":"publish","type":"page","link":"https:\/\/www.showdowndisplays.eu\/de\/parcel-shipping-price-conditions\/","title":{"rendered":"Paketversand Preiskonditionen"},"content":{"rendered":"\n<h2 class=\"wp-block-heading\">\u00dcbersicht der Paketsendungen pro Land ab 1. April 2026<\/h2>\n\n\n\n<style>\ntable.GeneratedTable {\n  width: 100%;\n  background-color: #ffffff;\n  border-collapse: collapse;\n  border-width: 2px;\n  border-color: #4b6ea5;\n  border-style: solid;\n  color: #000000;\n}\n\ntable.GeneratedTable td, table.GeneratedTable th {\n  border-width: 2px;\n  border-color: #4b6ea5;\n  border-style: solid;\n  padding: 3px;\n}\n\ntable.GeneratedTable thead {\n  background-color: #4b6ea5;\n}\n<\/style>\n\n<table class=\"GeneratedTable\">\n  <thead>\n    <tr>\n      <th>Land<\/th>\n      <th>\u20ac 0,- to 250,-<\/th>\n      <th>\u20ac 250,01 to 500,- <\/th>\n      <th>\u20ac 500,01 to 750,- <\/th>\n      <th>\u20ac 750,01 to 1000,- <\/th>\n      <th>Versandzuschlag 1: Oversize Paket*<\/th>\n     <th>Versandzuschlag 2: Palette*<\/th>\n      <th>Versandzuschlag 3: XL Palette*<\/th>\n\n    <\/tr>\n  <\/thead>\n  <tbody>\n    <tr>\n      <td>Belgien<\/td>\n      <td>\u20ac 12,61<\/td>\n      <td>\u20ac 20,18<\/td>\n      <td>\u20ac 37,83<\/td>\n      <td>\u20ac 75,66<\/td>\n      <td>\u20ac 32,00<\/td>\n      <td>\u20ac 105,00<\/td>\n      <td>\u20ac 187,00<\/td>\n    <\/tr>\n    <tr>\n      <td>D\u00e4nemark<\/td>\n      <td>\u20ac 11,13<\/td>\n      <td>\u20ac 17,81<\/td>\n      <td>\u20ac 33,39<\/td>\n      <td>\u20ac 66,78<\/td>\n      <td>\u20ac 41,00<\/td>\n      <td>\u20ac 132,00<\/td>\n      <td>\u20ac 455,40<\/td>\n    <\/tr>\n    <tr>\n      <td>Deutschland<\/td>\n      <td>\u20ac 10,07<\/td>\n      <td>\u20ac 16,11<\/td>\n      <td>\u20ac 30,21<\/td>\n      <td>\u20ac 60,42<\/td>\n      <td>\u20ac 37,00<\/td>\n      <td>\u20ac 77,00<\/td>\n      <td>\u20ac 151,80<\/td>\n    <\/tr>\n    <tr>\n      <td>Estland<\/td>\n      <td>\u20ac 26,50<\/td>\n      <td>\u20ac 42,40<\/td>\n      <td>\u20ac 79,50<\/td>\n      <td>\u20ac 159,00<\/td>\n      <td>\u20ac 48,00<\/td>\n      <td>\u20ac 187,00<\/td>\n      <td>\u20ac 455,40<\/td>\n    <\/tr>\n    <tr>\n      <td>Finnland<\/td>\n      <td>\u20ac 18,97<\/td>\n      <td>\u20ac 30,35<\/td>\n      <td>\u20ac 56,91<\/td>\n      <td>\u20ac 113,82<\/td>\n      <td>\u20ac 52,00<\/td>\n      <td>\u20ac 209,00<\/td>\n      <td>\u20ac 732,60<\/td>\n    <\/tr>\n    <tr>\n      <td>Frankreich<\/td>\n      <td>\u20ac 13,67<\/td>\n      <td>\u20ac 21,87<\/td>\n      <td>\u20ac 41,01<\/td>\n      <td>\u20ac 82,02<\/td>\n      <td>\u20ac 43,00<\/td>\n      <td>\u20ac 154,00<\/td>\n      <td>\u20ac 319,00<\/td>\n    <\/tr>\n    <tr>\n      <td>Gro\u00dfbritannien<\/td>\n      <td>\u20ac 22,26<\/td>\n      <td>\u20ac 35,62<\/td>\n      <td>\u20ac 66,78<\/td>\n      <td>\u20ac 133,56<\/td>\n      <td>\u20ac 84,00<\/td>\n     <td>\u20ac 231,00<\/td>\n      <td>\u20ac 720,50<\/td>\n    <\/tr>\n    <tr>\n      <td>Griechenland<\/td>\n      <td>\u20ac 21,09<\/td>\n      <td>\u20ac 33,74<\/td>\n      <td>\u20ac 63,27<\/td>\n      <td>\u20ac 126,54<\/td>\n      <td>\u20ac 84,00<\/td>\n      <td>\u20ac 176,00<\/td>\n      <td>\u20ac 468,60<\/td>\n    <\/tr>\n    <tr>\n      <td>Kroatien<\/td>\n      <td>\u20ac 15,90<\/td>\n      <td>\u20ac 25,44<\/td>\n      <td>\u20ac 47,70<\/td>\n      <td>\u20ac 95,40<\/td>\n      <td>\u20ac 48,00<\/td>\n      <td>\u20ac 165,00<\/td>\n      <td>\u20ac 456,50<\/td>\n    <\/tr>\n    <tr>\n      <td>Irland<\/td>\n      <td>\u20ac 21,20<\/td>\n      <td>\u20ac 33,92<\/td>\n      <td>\u20ac 63,60<\/td>\n      <td>\u20ac 127,20<\/td>\n      <td>\u20ac 48,00<\/td>\n      <td>\u20ac 264,00<\/td>\n      <td>\u20ac 719,40<\/td>\n    <\/tr>\n    <tr>\n      <td>Italien<\/td>\n      <td>\u20ac 10,59<\/td>\n      <td>\u20ac 16,94<\/td>\n      <td>\u20ac 31,77<\/td>\n      <td>\u20ac 63,54<\/td>\n      <td>\u20ac 41,00<\/td>\n      <td>\u20ac 154,00<\/td>\n      <td>\u20ac 324,50<\/td>\n    <\/tr>\n    <tr>\n      <td>Lettland<\/td>\n      <td>\u20ac 21,09<\/td>\n      <td>\u20ac 33,74<\/td>\n      <td>\u20ac 63,27<\/td>\n      <td>\u20ac 126,54<\/td>\n      <td>\u20ac 45,00<\/td>\n      <td>\u20ac 187,00<\/td>\n      <td>\u20ac 455,40<\/td>\n    <\/tr>\n    <tr>\n      <td>Lichtenstein<\/td>\n      <td>\u20ac 28,62<\/td>\n      <td>\u20ac 45,79<\/td>\n      <td>\u20ac 85,86<\/td>\n      <td>\u20ac 171,72<\/td>\n      <td>\u20ac 78,00<\/td>\n      <td>\u20ac 105,00<\/td>\n      <td>\u20ac 223,30<\/td>\n    <\/tr>\n    <tr>\n      <td>Litauen<\/td>\n      <td>\u20ac 21,09<\/td>\n      <td>\u20ac 33,74<\/td>\n      <td>\u20ac 63,27<\/td>\n      <td>\u20ac 126,54<\/td>\n      <td>\u20ac 45,00<\/td>\n      <td>\u20ac 187,00<\/td>\n      <td>\u20ac 455,40<\/td>\n    <\/tr>\n    <tr>\n      <td>Luxemburg<\/td>\n      <td>\u20ac 15,90<\/td>\n      <td>\u20ac 25,44<\/td>\n      <td>\u20ac 47,70<\/td>\n      <td>\u20ac 95,40<\/td>\n      <td>\u20ac 41,00<\/td>\n      <td>\u20ac 105,00<\/td>\n      <td>\u20ac 354,20<\/td>\n    <\/tr>\n    <tr>\n      <td>Niederlande<\/td>\n      <td>\u20ac 9,43<\/td>\n      <td>\u20ac 15,09<\/td>\n      <td>\u20ac 28,29<\/td>\n      <td>\u20ac 56,58<\/td>\n      <td>\u20ac 39,00<\/td>\n      <td>\u20ac 105,00<\/td>\n      <td>\u20ac 181,50<\/td>\n    <\/tr>\n    <tr>\n      <td>Norwegen<\/td>\n      <td>\u20ac 37,10<\/td>\n      <td>\u20ac 59,36<\/td>\n      <td>\u20ac 111,30<\/td>\n      <td>\u20ac 222,60<\/td>\n      <td>\u20ac 78,00<\/td>\n     <td>\u20ac 209,00<\/td>\n      <td>\u20ac 755,70<\/td>\n\n    <\/tr>\n    <tr>\n      <td>\u00d6sterreich<\/td>\n      <td>\u20ac 10,49<\/td>\n      <td>\u20ac 16,78<\/td>\n      <td>\u20ac 31,47<\/td>\n      <td>\u20ac 62,94<\/td>\n      <td>\u20ac 32,00<\/td>\n      <td>\u20ac 94,00<\/td>\n      <td>\u20ac 223,30<\/td>\n    <\/tr>\n    <tr>\n      <td>Polen<\/td>\n      <td>\u20ac 10,49<\/td>\n      <td>\u20ac 16,78<\/td>\n      <td>\u20ac 31,47<\/td>\n      <td>\u20ac 62,94<\/td>\n      <td>\u20ac 34,00<\/td>\n      <td>\u20ac 77,00<\/td>\n      <td>\u20ac 221,10<\/td>\n    <\/tr>\n    <tr>\n      <td>Portugal<\/td>\n      <td>\u20ac 17,91<\/td>\n      <td>\u20ac 28,66<\/td>\n      <td>\u20ac 53,73<\/td>\n      <td>\u20ac 107,46<\/td>\n      <td>\u20ac 48,00<\/td>\n      <td>\u20ac 187,00<\/td>\n      <td>\u20ac 616,00<\/td>\n    <\/tr>\n    <tr>\n      <td>Rumani\u00ebn<\/td>\n      <td>\u20ac 13,78<\/td>\n      <td>\u20ac 22,05<\/td>\n      <td>\u20ac 41,34<\/td>\n      <td>\u20ac 82,68<\/td>\n      <td>\u20ac 45,00<\/td>\n      <td>\u20ac 132,00<\/td>\n      <td>\u20ac 485,10<\/td>\n    <\/tr>\n    <tr>\n      <td>Slowenien<\/td>\n      <td>\u20ac 13,78<\/td>\n      <td>\u20ac 22,05<\/td>\n      <td>\u20ac 41,34<\/td>\n      <td>\u20ac 82,68<\/td>\n      <td>\u20ac 45,00<\/td>\n      <td>\u20ac 132,00<\/td>\n      <td>\u20ac 380,60<\/td>\n    <\/tr>\n    <tr>\n      <td>Slowakische Republik<\/td>\n      <td>\u20ac 10,59<\/td>\n      <td>\u20ac 16,94<\/td>\n      <td>\u20ac 31,77<\/td>\n      <td>\u20ac 63,54<\/td>\n      <td>\u20ac 31,00<\/td>\n      <td>\u20ac 94,00<\/td>\n      <td>\u20ac 183,70<\/td>\n    <\/tr>\n    <tr>\n      <td>Spanien<\/td>\n      <td>\u20ac 15,90<\/td>\n      <td>\u20ac 25,44<\/td>\n      <td>\u20ac 47,70<\/td>\n      <td>\u20ac 95,40<\/td>\n      <td>\u20ac 48,00<\/td>\n      <td>\u20ac 143,00<\/td>\n      <td>\u20ac 485,10<\/td>\n    <\/tr>\n    <tr>\n      <td>Schweden<\/td>\n      <td>\u20ac 19,08<\/td>\n      <td>\u20ac 30,53<\/td>\n      <td>\u20ac 57,24<\/td>\n      <td>\u20ac 114,48<\/td>\n      <td>\u20ac 43,00<\/td>\n      <td>\u20ac 209,00<\/td>\n      <td>\u20ac 590,70<\/td>\n    <\/tr>   \n <tr>\n      <td>Schweiz<\/td>\n      <td>\u20ac 26,50<\/td>\n      <td>\u20ac 42,40<\/td>\n      <td>\u20ac 79,50<\/td>\n      <td>\u20ac 159,00<\/td>\n      <td>\u20ac 78,00<\/td>\n      <td>\u20ac 176,00<\/td>\n      <td>\u20ac 435,60<\/td>\n    <\/tr>\n    <tr>\n      <td>Tschechische Republik<\/td>\n      <td>\u20ac 8,37<\/td>\n      <td>\u20ac 13,39<\/td>\n      <td>\u20ac 25,11<\/td>\n      <td>\u20ac 50,22<\/td>\n      <td>\u20ac 34,00<\/td>\n      <td>\u20ac 44,00<\/td>\n      <td>\u20ac 105,60<\/td>\n    <\/tr>\n    <tr>\n      <td>Ungarn<\/td>\n      <td>\u20ac 11,13<\/td>\n      <td>\u20ac 17,81<\/td>\n      <td>\u20ac 33,39<\/td>\n      <td>\u20ac 66,78<\/td>\n      <td>\u20ac 37,00<\/td>\n      <td>\u20ac 110,00<\/td>\n      <td>\u20ac 380,60<\/td>\n    <\/tr>\n  <\/tbody>\n<\/table>\n\n\n\n<p>Alle Preise verstehen sich exklusive Mehrwertsteuer<\/p>\n\n\n\n<blockquote class=\"wp-block-quote is-layout-flow wp-block-quote-is-layout-flow\">\n<p><em>*F\u00fcr alle Bestellungen bei Showdown Displays Europe gelten die Standardversandkosten.<br>Die oben aufgef\u00fchrten Zuschl\u00e4ge f\u00fcr den Versand \u00fcbergro\u00dfer Artikel gelten nur f\u00fcr Bestellungen \u00fcber den Webshop.<\/em><\/p>\n<\/blockquote>\n\n\n\n<blockquote class=\"wp-block-quote is-layout-flow wp-block-quote-is-layout-flow\">\n<p><em>Bei Versand auf Euro oder XL Palette(n) werden die <a href=\"https:\/\/www.showdowndisplays.eu\/de\/palettenkosten\/\">Kosten pro Palette<\/a> nach der Auftragsbest\u00e4tigung hinzugef\u00fcgt. Wenn Sie die Palettenkosten vorab erfahren m\u00f6chten, wenden Sie sich bitte an Ihren Verk\u00e4ufer.<\/em><\/p>\n\n\n\n\n<\/blockquote>\n\n\n\n<h2 class=\"wp-block-heading\">Paketabmessungen<\/h2>\n\n\n\n\n\n\n\n<h4 class=\"wp-block-heading\">Maximale Abmessungen von Paketsendungen<\/h4>\n\n\n\n<style>\ntable.GeneratedTable {\n  width: 100%;\n  background-color: #ffffff;\n  border-collapse: collapse;\n  border-width: 2px;\n  border-color: #4b6ea5;\n  border-style: solid;\n  color: #000000;\n}\n\ntable.GeneratedTable td, table.GeneratedTable th {\n  border-width: 2px;\n  border-color: #4b6ea5;\n  border-style: solid;\n  padding: 3px;\n}\n\ntable.GeneratedTable thead {\n  background-color: #4b6ea5;\n}\n<\/style>\n\n<table class=\"GeneratedTable\">\n  <thead>\n    <tr>\n      <th>Transport-unterhehmen <\/th>\n      <th>Standard pakete<\/th>\n      <th>Oversized pakete<\/th>\n      <th>Extra oversized pakete<\/th>\n    <\/tr>\n  <\/thead>\n  <tbody>\n    <tr>\n      <td>Maximalgewicht(KG)<\/td>\n      <td><31,5<\/td>\n      <td>70<\/td>\n      <td>> 70<\/td>\n    <\/tr>\n    <tr>\n      <td>L\u00e4ngste Seite (cm)<\/td>\n      <td>< 150<\/td>\n      <td>< 274<\/td>\n      <td>> 274<\/td>\n    <\/tr>\n    <tr>\n      <td>Max. Breite 1 (cm)<\/td>\n      <td>80<\/td>\n      <td>80<\/td>\n      <td>> 80<\/td>\n    <\/tr>\n    <tr>\n      <td>Max. Breite 2 (cm)<\/td>\n      <td>80<\/td>\n      <td>80<\/td>\n      <td>> 80<\/td>\n    <\/tr>\n    <tr>\n      <td>Umfang (Girth)<\/td>\n      <td>330<\/td>\n      <td>400<\/td>\n      <td>> 400<\/td>\n    <\/tr>\n  <\/tbody>\n<\/table>\n\n\n\n\n\n\n\n<div style=\"height:20px\" aria-hidden=\"true\" class=\"wp-block-spacer\"><\/div>\n\n\n\n<div style=\"height:20px\" aria-hidden=\"true\" class=\"wp-block-spacer\"><\/div>\n\n\n\n<h4 class=\"wp-block-heading\"><\/h4>\n","protected":false},"excerpt":{"rendered":"<p>\u00dcbersicht der Paketsendungen pro Land ab 1. April 2026 Land \u20ac 0,- to 250,- \u20ac 250,01 to 500,- \u20ac 500,01&#8230;<\/p>\n","protected":false},"author":3,"featured_media":0,"parent":0,"menu_order":0,"comment_status":"closed","ping_status":"closed","template":"","meta":{"_acf_changed":false,"footnotes":""},"class_list":["post-26563","page","type-page","status-publish","hentry"],"acf":[],"_links":{"self":[{"href":"https:\/\/www.showdowndisplays.eu\/de\/wp-json\/wp\/v2\/pages\/26563","targetHints":{"allow":["GET"]}}],"collection":[{"href":"https:\/\/www.showdowndisplays.eu\/de\/wp-json\/wp\/v2\/pages"}],"about":[{"href":"https:\/\/www.showdowndisplays.eu\/de\/wp-json\/wp\/v2\/types\/page"}],"author":[{"embeddable":true,"href":"https:\/\/www.showdowndisplays.eu\/de\/wp-json\/wp\/v2\/users\/3"}],"replies":[{"embeddable":true,"href":"https:\/\/www.showdowndisplays.eu\/de\/wp-json\/wp\/v2\/comments?post=26563"}],"version-history":[{"count":51,"href":"https:\/\/www.showdowndisplays.eu\/de\/wp-json\/wp\/v2\/pages\/26563\/revisions"}],"predecessor-version":[{"id":55950,"href":"https:\/\/www.showdowndisplays.eu\/de\/wp-json\/wp\/v2\/pages\/26563\/revisions\/55950"}],"wp:attachment":[{"href":"https:\/\/www.showdowndisplays.eu\/de\/wp-json\/wp\/v2\/media?parent=26563"}],"curies":[{"name":"wp","href":"https:\/\/api.w.org\/{rel}","templated":true}]}}