{"id":1474,"date":"2020-05-27T11:43:27","date_gmt":"2020-05-27T11:43:27","guid":{"rendered":"https:\/\/www.showdowndisplays.eu\/vacancies\/"},"modified":"2023-06-01T13:35:10","modified_gmt":"2023-06-01T13:35:10","slug":"stellenangebote","status":"publish","type":"page","link":"https:\/\/www.showdowndisplays.eu\/de\/stellenangebote\/","title":{"rendered":"Stellenangebote"},"content":{"rendered":"\n\n\n\n\n<h2 class=\"wp-block-heading\"><strong><strong>Finde deine neue Herausforderung bei Showdown Displays Europe<\/strong><\/strong><\/h2>\n\n\n\n<p>Showdown Displays Europe floriert und daher suchen wir stets nach enthusiastischen, hoch motivierten Kollegen f\u00fcr unser Team. F\u00fcge ein Lesezeichen auf dieser Seite hinzu und halte die Augen nach neuen Stellen und M\u00f6glichkeiten in unserem Unternehmen offen!<\/p>\n\n\n\n<h3 class=\"wp-block-heading\"><strong>M\u00f6chtest du Teil unseres Teams werden?<\/strong><\/h3>\n\n\n\n<p>Bist du von einem unserer Stellenangebote begeistert? Ist bei unseren aktuellen Stellenangeboten nicht das Passende f\u00fcr dich dabei? Oder hast du eine Frage? Schick mir eine E-Mail an\u00a0<a rel=\"noreferrer noopener\" href=\"mailto:talent@showdowndisplays.eu\" target=\"_blank\">talent@showdowndisplays.eu<\/a>.<br><br>Ist keine passende Position in unseren Stellenangeboten dabei? Du kannst mir gerne jederzeit eine Initiativbewerbung schicken. Ich werde schnellstm\u00f6glich auf deine E-Mail antworten.<br><br>Wir freuen uns auf deine Nachricht!<\/p>\n\n\n\n<h2 class=\"wp-block-heading\"><strong>Aktuelle Stellenangebote<\/strong><\/h2>\n","protected":false},"excerpt":{"rendered":"<p>Finde deine neue Herausforderung bei Showdown Displays Europe Showdown Displays Europe floriert und daher suchen wir stets nach enthusiastischen, hoch&#8230;<\/p>\n","protected":false},"author":3,"featured_media":0,"parent":0,"menu_order":0,"comment_status":"closed","ping_status":"closed","template":"template-pages\/vacancies.php","meta":{"_acf_changed":false,"footnotes":""},"class_list":["post-1474","page","type-page","status-publish","hentry"],"acf":[],"_links":{"self":[{"href":"https:\/\/www.showdowndisplays.eu\/de\/wp-json\/wp\/v2\/pages\/1474","targetHints":{"allow":["GET"]}}],"collection":[{"href":"https:\/\/www.showdowndisplays.eu\/de\/wp-json\/wp\/v2\/pages"}],"about":[{"href":"https:\/\/www.showdowndisplays.eu\/de\/wp-json\/wp\/v2\/types\/page"}],"author":[{"embeddable":true,"href":"https:\/\/www.showdowndisplays.eu\/de\/wp-json\/wp\/v2\/users\/3"}],"replies":[{"embeddable":true,"href":"https:\/\/www.showdowndisplays.eu\/de\/wp-json\/wp\/v2\/comments?post=1474"}],"version-history":[{"count":11,"href":"https:\/\/www.showdowndisplays.eu\/de\/wp-json\/wp\/v2\/pages\/1474\/revisions"}],"predecessor-version":[{"id":28195,"href":"https:\/\/www.showdowndisplays.eu\/de\/wp-json\/wp\/v2\/pages\/1474\/revisions\/28195"}],"wp:attachment":[{"href":"https:\/\/www.showdowndisplays.eu\/de\/wp-json\/wp\/v2\/media?parent=1474"}],"curies":[{"name":"wp","href":"https:\/\/api.w.org\/{rel}","templated":true}]}}