{"id":1462,"date":"2020-05-27T11:43:52","date_gmt":"2020-05-27T11:43:52","guid":{"rendered":"https:\/\/www.showdowndisplays.eu\/partnership\/"},"modified":"2025-11-17T14:31:17","modified_gmt":"2025-11-17T14:31:17","slug":"partnerschaft","status":"publish","type":"page","link":"https:\/\/www.showdowndisplays.eu\/de\/partnerschaft\/","title":{"rendered":"Partnerschaft"},"content":{"rendered":"\n<div class=\"wp-block-media-text alignwide has-media-on-the-right is-stacked-on-mobile is-image-fill-element image-text-2\" style=\"grid-template-columns:auto 53%\"><div class=\"wp-block-media-text__content\">\n<h2 class=\"wp-block-heading\"><strong>Lassen Sie uns Partner werden<\/strong><\/h2>\n\n\n\n<p>Zusammenarbeit f\u00f6rdert Wachstum! Betrachten Sie uns als Ihren pers\u00f6nlichen Berater, der Sie bei jedem Schritt des Weges unterst\u00fctzt, Ihre Bed\u00fcrfnisse versteht und Sie mit den n\u00f6tigen Ressourcen ausstattet um Ihrem Unternehmen zu gr\u00f6\u00dferem Erfolg zu verhelfen.<\/p>\n\n\n\n<p>Wir sind Ihr One-Stop-Shop f\u00fcr Werbeschilder, Display-Systeme, POS und visuelle Kommunikation. Wir k\u00f6nnen Ihnen ein komplettes, einfach zu bedienendes Produkt anbieten, das sowohl Hardware als auch Grafiken umfasst.<\/p>\n\n\n\n<p>Unsere branchenf\u00fchrenden Produkte, Produktionsfertigkeiten, Druckdienstleistungen, kreativen Marketing-Ressourcen, logistische Unterst\u00fctzung, Kundenbetreuung und vieles mehr stehen Ihnen zur Verf\u00fcgung. Lassen Sie uns unsere Kr\u00e4fte vereinen und wachsen!<\/p>\n\n\n\n<p><strong>Ausschlie\u00dflich f\u00fcr Wiederverk\u00e4ufer<\/strong><\/p>\n<\/div><figure class=\"wp-block-media-text__media\"><img data-aspectratio=\"1024\/683\" src=\"data:image\/gif;base64,R0lGODlhAQABAIAAAAAAAP\/\/\/yH5BAEAAAAALAAAAAABAAEAAAIBRAA7\" decoding=\"async\" width=\"1024\" height=\"683\" data-src=\"https:\/\/www.showdowndisplays.eu\/wp-content\/uploads\/2025\/11\/IMG_3154_edit-1024x683.jpg\" alt=\"\" class=\"wp-image-51109 size-full lazyload\" style=\"object-position:69% 48%\" data-srcset=\"https:\/\/www.showdowndisplays.eu\/wp-content\/uploads\/2025\/11\/IMG_3154_edit-1024x683.jpg 1024w, https:\/\/www.showdowndisplays.eu\/wp-content\/uploads\/2025\/11\/IMG_3154_edit-405x270.jpg 405w, https:\/\/www.showdowndisplays.eu\/wp-content\/uploads\/2025\/11\/IMG_3154_edit-768x512.jpg 768w, https:\/\/www.showdowndisplays.eu\/wp-content\/uploads\/2025\/11\/IMG_3154_edit-1536x1024.jpg 1536w, https:\/\/www.showdowndisplays.eu\/wp-content\/uploads\/2025\/11\/IMG_3154_edit-2048x1365.jpg 2048w, https:\/\/www.showdowndisplays.eu\/wp-content\/uploads\/2025\/11\/IMG_3154_edit-380x253.jpg 380w, https:\/\/www.showdowndisplays.eu\/wp-content\/uploads\/2025\/11\/IMG_3154_edit-96x64.jpg 96w, https:\/\/www.showdowndisplays.eu\/wp-content\/uploads\/2025\/11\/IMG_3154_edit-200x133.jpg 200w\" sizes=\"(max-width: 1024px) 100vw, 1024px\" \/><noscript><img decoding=\"async\" width=\"1024\" height=\"683\" src=\"https:\/\/www.showdowndisplays.eu\/wp-content\/uploads\/2025\/11\/IMG_3154_edit-1024x683.jpg\" alt=\"\" class=\"wp-image-51109 size-full\" style=\"object-position:69% 48%\" srcset=\"https:\/\/www.showdowndisplays.eu\/wp-content\/uploads\/2025\/11\/IMG_3154_edit-1024x683.jpg 1024w, https:\/\/www.showdowndisplays.eu\/wp-content\/uploads\/2025\/11\/IMG_3154_edit-405x270.jpg 405w, https:\/\/www.showdowndisplays.eu\/wp-content\/uploads\/2025\/11\/IMG_3154_edit-768x512.jpg 768w, https:\/\/www.showdowndisplays.eu\/wp-content\/uploads\/2025\/11\/IMG_3154_edit-1536x1024.jpg 1536w, https:\/\/www.showdowndisplays.eu\/wp-content\/uploads\/2025\/11\/IMG_3154_edit-2048x1365.jpg 2048w, https:\/\/www.showdowndisplays.eu\/wp-content\/uploads\/2025\/11\/IMG_3154_edit-380x253.jpg 380w, https:\/\/www.showdowndisplays.eu\/wp-content\/uploads\/2025\/11\/IMG_3154_edit-96x64.jpg 96w, https:\/\/www.showdowndisplays.eu\/wp-content\/uploads\/2025\/11\/IMG_3154_edit-200x133.jpg 200w\" sizes=\"(max-width: 1024px) 100vw, 1024px\" \/><\/noscript><\/figure><\/div>\n\n\n\n<div class=\"wp-block-columns columns-with-background is-layout-flex wp-container-core-columns-is-layout-9d6595d7 wp-block-columns-is-layout-flex\">\n<div class=\"wp-block-column is-layout-flow wp-block-column-is-layout-flow\"><div class=\"wp-block-image\">\n<figure class=\"aligncenter size-large is-resized\"><img data-aspectratio=\"400\/400\" src=\"data:image\/gif;base64,R0lGODlhAQABAIAAAAAAAP\/\/\/yH5BAEAAAAALAAAAAABAAEAAAIBRAA7\" decoding=\"async\" width=\"400\" height=\"400\" data-src=\"https:\/\/www.showdowndisplays.eu\/wp-content\/uploads\/2021\/02\/Icon_1.png\" alt=\"\" class=\"wp-image-7149 lazyload\" style=\"width:90px;height:90px\" data-srcset=\"https:\/\/www.showdowndisplays.eu\/wp-content\/uploads\/2021\/02\/Icon_1.png 400w, https:\/\/www.showdowndisplays.eu\/wp-content\/uploads\/2021\/02\/Icon_1-270x270.png 270w, https:\/\/www.showdowndisplays.eu\/wp-content\/uploads\/2021\/02\/Icon_1-380x380.png 380w, https:\/\/www.showdowndisplays.eu\/wp-content\/uploads\/2021\/02\/Icon_1-96x96.png 96w, https:\/\/www.showdowndisplays.eu\/wp-content\/uploads\/2021\/02\/Icon_1-200x200.png 200w\" sizes=\"(max-width: 400px) 100vw, 400px\" \/><noscript><img decoding=\"async\" width=\"400\" height=\"400\" src=\"https:\/\/www.showdowndisplays.eu\/wp-content\/uploads\/2021\/02\/Icon_1.png\" alt=\"\" class=\"wp-image-7149\" style=\"width:90px;height:90px\" srcset=\"https:\/\/www.showdowndisplays.eu\/wp-content\/uploads\/2021\/02\/Icon_1.png 400w, https:\/\/www.showdowndisplays.eu\/wp-content\/uploads\/2021\/02\/Icon_1-270x270.png 270w, https:\/\/www.showdowndisplays.eu\/wp-content\/uploads\/2021\/02\/Icon_1-380x380.png 380w, https:\/\/www.showdowndisplays.eu\/wp-content\/uploads\/2021\/02\/Icon_1-96x96.png 96w, https:\/\/www.showdowndisplays.eu\/wp-content\/uploads\/2021\/02\/Icon_1-200x200.png 200w\" sizes=\"(max-width: 400px) 100vw, 400px\" \/><\/noscript><\/figure>\n<\/div>\n\n\n<h4 class=\"wp-block-heading has-text-align-center\"><strong>1. Registrierung<\/strong><\/h4>\n\n\n\n<p class=\"has-text-align-center\">Registrieren Sie sich. F\u00fcllen Sie alle Felder aus und senden Sie Ihre Kontoanfrage.<\/p>\n\n\n\n<div style=\"height:20px\" aria-hidden=\"true\" class=\"wp-block-spacer\"><\/div>\n\n\n\n<div class=\"wp-block-buttons is-content-justification-center is-layout-flex wp-container-core-buttons-is-layout-16018d1d wp-block-buttons-is-layout-flex\">\n<div class=\"wp-block-button\"><a class=\"wp-block-button__link has-black-color has-luminous-vivid-amber-background-color has-text-color has-background wp-element-button\" href=\"https:\/\/shop.showdowndisplays.eu\/index.php?route=account\/register\" target=\"_blank\" rel=\"noreferrer noopener\">Konto anfordern<\/a><\/div>\n<\/div>\n<\/div>\n\n\n\n<div class=\"wp-block-column is-layout-flow wp-block-column-is-layout-flow\"><div class=\"wp-block-image\">\n<figure class=\"aligncenter size-large is-resized\"><img data-aspectratio=\"400\/400\" src=\"data:image\/gif;base64,R0lGODlhAQABAIAAAAAAAP\/\/\/yH5BAEAAAAALAAAAAABAAEAAAIBRAA7\" decoding=\"async\" width=\"400\" height=\"400\" data-src=\"https:\/\/www.showdowndisplays.eu\/wp-content\/uploads\/2021\/02\/Icon_2.png\" alt=\"\" class=\"wp-image-7156 lazyload\" style=\"width:90px;height:90px\" data-srcset=\"https:\/\/www.showdowndisplays.eu\/wp-content\/uploads\/2021\/02\/Icon_2.png 400w, https:\/\/www.showdowndisplays.eu\/wp-content\/uploads\/2021\/02\/Icon_2-270x270.png 270w, https:\/\/www.showdowndisplays.eu\/wp-content\/uploads\/2021\/02\/Icon_2-380x380.png 380w, https:\/\/www.showdowndisplays.eu\/wp-content\/uploads\/2021\/02\/Icon_2-96x96.png 96w, https:\/\/www.showdowndisplays.eu\/wp-content\/uploads\/2021\/02\/Icon_2-200x200.png 200w\" sizes=\"(max-width: 400px) 100vw, 400px\" \/><noscript><img decoding=\"async\" width=\"400\" height=\"400\" src=\"https:\/\/www.showdowndisplays.eu\/wp-content\/uploads\/2021\/02\/Icon_2.png\" alt=\"\" class=\"wp-image-7156\" style=\"width:90px;height:90px\" srcset=\"https:\/\/www.showdowndisplays.eu\/wp-content\/uploads\/2021\/02\/Icon_2.png 400w, https:\/\/www.showdowndisplays.eu\/wp-content\/uploads\/2021\/02\/Icon_2-270x270.png 270w, https:\/\/www.showdowndisplays.eu\/wp-content\/uploads\/2021\/02\/Icon_2-380x380.png 380w, https:\/\/www.showdowndisplays.eu\/wp-content\/uploads\/2021\/02\/Icon_2-96x96.png 96w, https:\/\/www.showdowndisplays.eu\/wp-content\/uploads\/2021\/02\/Icon_2-200x200.png 200w\" sizes=\"(max-width: 400px) 100vw, 400px\" \/><\/noscript><\/figure>\n<\/div>\n\n\n<h4 class=\"wp-block-heading has-text-align-center\"><strong>2. Konto\u00fcberpr\u00fcfung<\/strong><\/h4>\n\n\n\n<p class=\"has-text-align-center\">Ihre Anfrage wird an Ihr pers\u00f6nliches Verkaufsteam weitergeleitet. Wir \u00fcberpr\u00fcfen Ihre Anfrage und stellen sicher, dass die richtigen Informationen in Ihrem Profil verkn\u00fcpft sind.<\/p>\n<\/div>\n\n\n\n<div class=\"wp-block-column is-layout-flow wp-block-column-is-layout-flow\"><div class=\"wp-block-image\">\n<figure class=\"aligncenter size-large is-resized\"><img data-aspectratio=\"400\/400\" src=\"data:image\/gif;base64,R0lGODlhAQABAIAAAAAAAP\/\/\/yH5BAEAAAAALAAAAAABAAEAAAIBRAA7\" decoding=\"async\" width=\"400\" height=\"400\" data-src=\"https:\/\/www.showdowndisplays.eu\/wp-content\/uploads\/2021\/02\/Icon_3.png\" alt=\"\" class=\"wp-image-7163 lazyload\" style=\"width:90px;height:90px\" data-srcset=\"https:\/\/www.showdowndisplays.eu\/wp-content\/uploads\/2021\/02\/Icon_3.png 400w, https:\/\/www.showdowndisplays.eu\/wp-content\/uploads\/2021\/02\/Icon_3-270x270.png 270w, https:\/\/www.showdowndisplays.eu\/wp-content\/uploads\/2021\/02\/Icon_3-380x380.png 380w, https:\/\/www.showdowndisplays.eu\/wp-content\/uploads\/2021\/02\/Icon_3-96x96.png 96w, https:\/\/www.showdowndisplays.eu\/wp-content\/uploads\/2021\/02\/Icon_3-200x200.png 200w\" sizes=\"(max-width: 400px) 100vw, 400px\" \/><noscript><img decoding=\"async\" width=\"400\" height=\"400\" src=\"https:\/\/www.showdowndisplays.eu\/wp-content\/uploads\/2021\/02\/Icon_3.png\" alt=\"\" class=\"wp-image-7163\" style=\"width:90px;height:90px\" srcset=\"https:\/\/www.showdowndisplays.eu\/wp-content\/uploads\/2021\/02\/Icon_3.png 400w, https:\/\/www.showdowndisplays.eu\/wp-content\/uploads\/2021\/02\/Icon_3-270x270.png 270w, https:\/\/www.showdowndisplays.eu\/wp-content\/uploads\/2021\/02\/Icon_3-380x380.png 380w, https:\/\/www.showdowndisplays.eu\/wp-content\/uploads\/2021\/02\/Icon_3-96x96.png 96w, https:\/\/www.showdowndisplays.eu\/wp-content\/uploads\/2021\/02\/Icon_3-200x200.png 200w\" sizes=\"(max-width: 400px) 100vw, 400px\" \/><\/noscript><\/figure>\n<\/div>\n\n\n<h4 class=\"wp-block-heading has-text-align-center\"><strong>3. Best\u00e4tigung<\/strong><\/h4>\n\n\n\n<p class=\"has-text-align-center\">Sie erhalten eine Best\u00e4tigung, dass Ihr Konto eingerichtet ist. Sie k\u00f6nnen nun alle unsere Produkte durchst\u00f6bern und die Preise sowie Lagerinformationen einsehen und zus\u00e4tzliche Materialien herunterladen. Einfach losshoppen!<\/p>\n<\/div>\n<\/div>\n\n\n\n<h3 class=\"wp-block-heading\"><strong><strong><strong>Genau passend, genau rechtzeitig<\/strong><\/strong><\/strong><\/h3>\n\n\n\n<ol class=\"wp-block-list\">\n<li>Konsultieren Sie uns als Ihren pers\u00f6nlichen kreativen Partner mit Erfahrung und Fachwissen \u00fcber das Produkt, die Region und den Markt, um neue Verkaufsm\u00f6glichkeiten zu finden<\/li>\n\n\n\n<li>Vertrauen Sie uns den gesamten Prozess von der Herstellung bis zur neutralen Lieferung an Ihren Kunden<\/li>\n\n\n\n<li>Dank unseren hauseigenen europ\u00e4ischen Produktions- und Druckdiensten k\u00f6nnen Sie auf Trends und Entwicklungen zeitnah reagieren<\/li>\n\n\n\n<li>Nutzen Sie unseren Marketing-Support, um Ihr Gesch\u00e4ft anzukurbeln, sagen Sie uns, wie wir Ihnen helfen k\u00f6nnen!<\/li>\n\n\n\n<li>Bestellen Sie, wann immer und wo immer es f\u00fcr Sie bequem ist, \u00fcber unseren Online-H\u00e4ndlerportal<\/li>\n<\/ol>\n\n\n\n<div class=\"wp-block-buttons is-layout-flex wp-block-buttons-is-layout-flex\">\n<div class=\"wp-block-button\"><a class=\"wp-block-button__link wp-element-button\" href=\"https:\/\/shop.showdowndisplays.eu\/index.php?route=account\/register\" target=\"_blank\" rel=\"noreferrer noopener\">Konto erstellen<\/a><\/div>\n<\/div>\n\n\n\n<div style=\"height:20px\" aria-hidden=\"true\" class=\"wp-block-spacer\"><\/div>\n\n\n\n<div class=\"wp-block-media-text alignwide is-stacked-on-mobile is-image-fill-element image-text-2\" style=\"grid-template-columns:53% auto\"><figure class=\"wp-block-media-text__media\"><img data-aspectratio=\"1024\/768\" src=\"data:image\/gif;base64,R0lGODlhAQABAIAAAAAAAP\/\/\/yH5BAEAAAAALAAAAAABAAEAAAIBRAA7\" decoding=\"async\" width=\"1024\" height=\"768\" data-src=\"https:\/\/www.showdowndisplays.eu\/wp-content\/uploads\/2021\/05\/Foto-website-marketing-materials.jpg\" alt=\"\" class=\"wp-image-11172 size-full lazyload\" style=\"object-position:97% 53%\" data-srcset=\"https:\/\/www.showdowndisplays.eu\/wp-content\/uploads\/2021\/05\/Foto-website-marketing-materials.jpg 1024w, https:\/\/www.showdowndisplays.eu\/wp-content\/uploads\/2021\/05\/Foto-website-marketing-materials-360x270.jpg 360w, https:\/\/www.showdowndisplays.eu\/wp-content\/uploads\/2021\/05\/Foto-website-marketing-materials-768x576.jpg 768w, https:\/\/www.showdowndisplays.eu\/wp-content\/uploads\/2021\/05\/Foto-website-marketing-materials-380x285.jpg 380w, https:\/\/www.showdowndisplays.eu\/wp-content\/uploads\/2021\/05\/Foto-website-marketing-materials-96x72.jpg 96w, https:\/\/www.showdowndisplays.eu\/wp-content\/uploads\/2021\/05\/Foto-website-marketing-materials-200x150.jpg 200w\" sizes=\"(max-width: 1024px) 100vw, 1024px\" \/><noscript><img decoding=\"async\" width=\"1024\" height=\"768\" src=\"https:\/\/www.showdowndisplays.eu\/wp-content\/uploads\/2021\/05\/Foto-website-marketing-materials.jpg\" alt=\"\" class=\"wp-image-11172 size-full\" style=\"object-position:97% 53%\" srcset=\"https:\/\/www.showdowndisplays.eu\/wp-content\/uploads\/2021\/05\/Foto-website-marketing-materials.jpg 1024w, https:\/\/www.showdowndisplays.eu\/wp-content\/uploads\/2021\/05\/Foto-website-marketing-materials-360x270.jpg 360w, https:\/\/www.showdowndisplays.eu\/wp-content\/uploads\/2021\/05\/Foto-website-marketing-materials-768x576.jpg 768w, https:\/\/www.showdowndisplays.eu\/wp-content\/uploads\/2021\/05\/Foto-website-marketing-materials-380x285.jpg 380w, https:\/\/www.showdowndisplays.eu\/wp-content\/uploads\/2021\/05\/Foto-website-marketing-materials-96x72.jpg 96w, https:\/\/www.showdowndisplays.eu\/wp-content\/uploads\/2021\/05\/Foto-website-marketing-materials-200x150.jpg 200w\" sizes=\"(max-width: 1024px) 100vw, 1024px\" \/><\/noscript><\/figure><div class=\"wp-block-media-text__content\">\n<h3 class=\"wp-block-heading\"><strong><strong>Bestellen Sie immer und \u00fcberall<\/strong><\/strong><\/h3>\n\n\n\n<p>Unsere Online-Plattform erm\u00f6glicht es Ihnen, Produkte zu entdecken und Ihre Auftr\u00e4ge wo und wann immer Sie wollen zu platzieren. Die Plattform liefert alle Informationen, die Sie ben\u00f6tigen: unser komplettes Sortiment, aktuellen Lagerbestand und das voraussichtliche Versanddatum auf einen Blick.<\/p>\n\n\n\n<p>Auch in Ihrem pers\u00f6nlichen Konto haben Sie Zugriff auf verschiedene Marketing-Materialien wie Produktfotos, Instruktionsvideos, Produktbl\u00e4tter, Druckvorlagen und vieles mehr. Finden Sie es selbst heraus!<\/p>\n\n\n\n<p>Haben Sie weitere Fragen oder m\u00f6chten Sie mehr Informationen \u00fcber die Chancen durch eine Partnerschaft erfahren? Rufen Sie uns an unter <a href=\"tel:+31 (0)85-0660310\">+31 (0)85-0660320<\/a> oder schicken Sie uns eine E-Mail an <a href=\"mailto:quotation@showdowndisplays.eu\">quotation@showdowndisplays.eu<\/a><\/p>\n<\/div><\/div>\n\n\n\n<div style=\"height:20px\" aria-hidden=\"true\" class=\"wp-block-spacer\"><\/div>\n\n\n\n<h2 class=\"wp-block-heading has-text-align-center\">Weitere Seiten<\/h2>\n\n\n    <div class=\"marketing\">\r\n                                <div class=\"marketing__item marketing__item--3\">\r\n\r\n                <div class=\"marketing__image\">\r\n                    <img data-aspectratio=\"380\/238\" decoding=\"async\" width=\"380\" height=\"238\" data-aspectratio=\"380\/238\" src=\"data:image\/gif;base64,R0lGODlhAQABAIAAAAAAAP\/\/\/yH5BAEAAAAALAAAAAABAAEAAAIBRAA7\" data-src=\"https:\/\/www.showdowndisplays.eu\/wp-content\/uploads\/2021\/08\/Customisation_Related-pages-380x238.jpg\" class=\"attachment-about-us size-about-us lazyload\" alt=\"Showdown-customisation\" data-srcset=\"https:\/\/www.showdowndisplays.eu\/wp-content\/uploads\/2021\/08\/Customisation_Related-pages-380x238.jpg 380w, https:\/\/www.showdowndisplays.eu\/wp-content\/uploads\/2021\/08\/Customisation_Related-pages-432x270.jpg 432w, https:\/\/www.showdowndisplays.eu\/wp-content\/uploads\/2021\/08\/Customisation_Related-pages-768x480.jpg 768w, https:\/\/www.showdowndisplays.eu\/wp-content\/uploads\/2021\/08\/Customisation_Related-pages-96x60.jpg 96w, https:\/\/www.showdowndisplays.eu\/wp-content\/uploads\/2021\/08\/Customisation_Related-pages-200x125.jpg 200w, https:\/\/www.showdowndisplays.eu\/wp-content\/uploads\/2021\/08\/Customisation_Related-pages.jpg 800w\" sizes=\"(max-width: 380px) 100vw, 380px\" \/><noscript><img decoding=\"async\" width=\"380\" height=\"238\" data-aspectratio=\"380\/238\" src=\"data:image\/gif;base64,R0lGODlhAQABAIAAAAAAAP\/\/\/yH5BAEAAAAALAAAAAABAAEAAAIBRAA7\" data-src=\"https:\/\/www.showdowndisplays.eu\/wp-content\/uploads\/2021\/08\/Customisation_Related-pages-380x238.jpg\" class=\"attachment-about-us size-about-us lazyload\" alt=\"Showdown-customisation\" data-srcset=\"https:\/\/www.showdowndisplays.eu\/wp-content\/uploads\/2021\/08\/Customisation_Related-pages-380x238.jpg 380w, https:\/\/www.showdowndisplays.eu\/wp-content\/uploads\/2021\/08\/Customisation_Related-pages-432x270.jpg 432w, https:\/\/www.showdowndisplays.eu\/wp-content\/uploads\/2021\/08\/Customisation_Related-pages-768x480.jpg 768w, https:\/\/www.showdowndisplays.eu\/wp-content\/uploads\/2021\/08\/Customisation_Related-pages-96x60.jpg 96w, https:\/\/www.showdowndisplays.eu\/wp-content\/uploads\/2021\/08\/Customisation_Related-pages-200x125.jpg 200w, https:\/\/www.showdowndisplays.eu\/wp-content\/uploads\/2021\/08\/Customisation_Related-pages.jpg 800w\" sizes=\"(max-width: 380px) 100vw, 380px\" \/><\/noscript>                <\/div>\r\n                <div class=\"marketing__content-wrapper global-style\">\r\n                                            <div class=\"marketing__title-wrapper\">\r\n                            <h3>Produktanpassung<\/h3>\r\n                        <\/div>\r\n                                        <div class=\"marketing__content\">\r\n                                            <\/div>\r\n                <\/div>\r\n\r\n                                    <a href=\"https:\/\/www.showdowndisplays.eu\/de\/produktanpassung\/\"  class=\"marketing__read-more link-with-arrow link-with-arrow--blue\">Weiterlesen<\/a>\r\n                \r\n            <\/div>\r\n\r\n                                <div class=\"marketing__item marketing__item--3\">\r\n\r\n                <div class=\"marketing__image\">\r\n                    <img data-aspectratio=\"380\/238\" decoding=\"async\" width=\"380\" height=\"238\" data-aspectratio=\"380\/238\" src=\"data:image\/gif;base64,R0lGODlhAQABAIAAAAAAAP\/\/\/yH5BAEAAAAALAAAAAABAAEAAAIBRAA7\" data-src=\"https:\/\/www.showdowndisplays.eu\/wp-content\/uploads\/2021\/01\/Product-photos-and-videos-3-380x238.jpg\" class=\"attachment-about-us size-about-us lazyload\" alt=\" width\" data-srcset=\"https:\/\/www.showdowndisplays.eu\/wp-content\/uploads\/2021\/01\/Product-photos-and-videos-3-380x238.jpg 380w, https:\/\/www.showdowndisplays.eu\/wp-content\/uploads\/2021\/01\/Product-photos-and-videos-3-432x270.jpg 432w, https:\/\/www.showdowndisplays.eu\/wp-content\/uploads\/2021\/01\/Product-photos-and-videos-3-1024x640.jpg 1024w, https:\/\/www.showdowndisplays.eu\/wp-content\/uploads\/2021\/01\/Product-photos-and-videos-3-768x480.jpg 768w, https:\/\/www.showdowndisplays.eu\/wp-content\/uploads\/2021\/01\/Product-photos-and-videos-3-1536x960.jpg 1536w, https:\/\/www.showdowndisplays.eu\/wp-content\/uploads\/2021\/01\/Product-photos-and-videos-3-96x60.jpg 96w, https:\/\/www.showdowndisplays.eu\/wp-content\/uploads\/2021\/01\/Product-photos-and-videos-3-200x125.jpg 200w, https:\/\/www.showdowndisplays.eu\/wp-content\/uploads\/2021\/01\/Product-photos-and-videos-3.jpg 1600w\" sizes=\"(max-width: 380px) 100vw, 380px\" \/><noscript><img decoding=\"async\" width=\"380\" height=\"238\" data-aspectratio=\"380\/238\" src=\"data:image\/gif;base64,R0lGODlhAQABAIAAAAAAAP\/\/\/yH5BAEAAAAALAAAAAABAAEAAAIBRAA7\" data-src=\"https:\/\/www.showdowndisplays.eu\/wp-content\/uploads\/2021\/01\/Product-photos-and-videos-3-380x238.jpg\" class=\"attachment-about-us size-about-us lazyload\" alt=\" width\" data-srcset=\"https:\/\/www.showdowndisplays.eu\/wp-content\/uploads\/2021\/01\/Product-photos-and-videos-3-380x238.jpg 380w, https:\/\/www.showdowndisplays.eu\/wp-content\/uploads\/2021\/01\/Product-photos-and-videos-3-432x270.jpg 432w, https:\/\/www.showdowndisplays.eu\/wp-content\/uploads\/2021\/01\/Product-photos-and-videos-3-1024x640.jpg 1024w, https:\/\/www.showdowndisplays.eu\/wp-content\/uploads\/2021\/01\/Product-photos-and-videos-3-768x480.jpg 768w, https:\/\/www.showdowndisplays.eu\/wp-content\/uploads\/2021\/01\/Product-photos-and-videos-3-1536x960.jpg 1536w, https:\/\/www.showdowndisplays.eu\/wp-content\/uploads\/2021\/01\/Product-photos-and-videos-3-96x60.jpg 96w, https:\/\/www.showdowndisplays.eu\/wp-content\/uploads\/2021\/01\/Product-photos-and-videos-3-200x125.jpg 200w, https:\/\/www.showdowndisplays.eu\/wp-content\/uploads\/2021\/01\/Product-photos-and-videos-3.jpg 1600w\" sizes=\"(max-width: 380px) 100vw, 380px\" \/><\/noscript>                <\/div>\r\n                <div class=\"marketing__content-wrapper global-style\">\r\n                                            <div class=\"marketing__title-wrapper\">\r\n                            <h3>Marketing Support<\/h3>\r\n                        <\/div>\r\n                                        <div class=\"marketing__content\">\r\n                                            <\/div>\r\n                <\/div>\r\n\r\n                                    <a href=\"https:\/\/www.showdowndisplays.eu\/de\/marketing-support\/\"  class=\"marketing__read-more link-with-arrow link-with-arrow--blue\">Weiterlesen<\/a>\r\n                \r\n            <\/div>\r\n\r\n                                <div class=\"marketing__item marketing__item--3\">\r\n\r\n                <div class=\"marketing__image\">\r\n                    <img data-aspectratio=\"380\/238\" decoding=\"async\" width=\"380\" height=\"238\" data-aspectratio=\"380\/238\" src=\"data:image\/gif;base64,R0lGODlhAQABAIAAAAAAAP\/\/\/yH5BAEAAAAALAAAAAABAAEAAAIBRAA7\" data-src=\"https:\/\/www.showdowndisplays.eu\/wp-content\/uploads\/2022\/06\/MicrosoftTeams-image-74.jpg\" class=\"attachment-about-us size-about-us lazyload\" alt=\"showdown displays europe CSR policy\" data-srcset=\"https:\/\/www.showdowndisplays.eu\/wp-content\/uploads\/2022\/06\/MicrosoftTeams-image-74.jpg 380w, https:\/\/www.showdowndisplays.eu\/wp-content\/uploads\/2022\/06\/MicrosoftTeams-image-74-96x60.jpg 96w, https:\/\/www.showdowndisplays.eu\/wp-content\/uploads\/2022\/06\/MicrosoftTeams-image-74-200x125.jpg 200w\" sizes=\"(max-width: 380px) 100vw, 380px\" \/><noscript><img decoding=\"async\" width=\"380\" height=\"238\" data-aspectratio=\"380\/238\" src=\"data:image\/gif;base64,R0lGODlhAQABAIAAAAAAAP\/\/\/yH5BAEAAAAALAAAAAABAAEAAAIBRAA7\" data-src=\"https:\/\/www.showdowndisplays.eu\/wp-content\/uploads\/2022\/06\/MicrosoftTeams-image-74.jpg\" class=\"attachment-about-us size-about-us lazyload\" alt=\"showdown displays europe CSR policy\" data-srcset=\"https:\/\/www.showdowndisplays.eu\/wp-content\/uploads\/2022\/06\/MicrosoftTeams-image-74.jpg 380w, https:\/\/www.showdowndisplays.eu\/wp-content\/uploads\/2022\/06\/MicrosoftTeams-image-74-96x60.jpg 96w, https:\/\/www.showdowndisplays.eu\/wp-content\/uploads\/2022\/06\/MicrosoftTeams-image-74-200x125.jpg 200w\" sizes=\"(max-width: 380px) 100vw, 380px\" \/><\/noscript>                <\/div>\r\n                <div class=\"marketing__content-wrapper global-style\">\r\n                                            <div class=\"marketing__title-wrapper\">\r\n                            <h3>Unternehmerische Sozialverantwortung<\/h3>\r\n                        <\/div>\r\n                                        <div class=\"marketing__content\">\r\n                                            <\/div>\r\n                <\/div>\r\n\r\n                                    <a href=\"https:\/\/www.showdowndisplays.eu\/de\/csr\/\"  class=\"marketing__read-more link-with-arrow link-with-arrow--blue\">Weiterlesen<\/a>\r\n                \r\n            <\/div>\r\n\r\n            <\/div>\r\n","protected":false},"excerpt":{"rendered":"<p>Lassen Sie uns Partner werden Zusammenarbeit f\u00f6rdert Wachstum! Betrachten Sie uns als Ihren pers\u00f6nlichen Berater, der Sie bei jedem Schritt&#8230;<\/p>\n","protected":false},"author":3,"featured_media":0,"parent":0,"menu_order":0,"comment_status":"closed","ping_status":"closed","template":"","meta":{"_acf_changed":false,"footnotes":""},"class_list":["post-1462","page","type-page","status-publish","hentry"],"acf":[],"_links":{"self":[{"href":"https:\/\/www.showdowndisplays.eu\/de\/wp-json\/wp\/v2\/pages\/1462","targetHints":{"allow":["GET"]}}],"collection":[{"href":"https:\/\/www.showdowndisplays.eu\/de\/wp-json\/wp\/v2\/pages"}],"about":[{"href":"https:\/\/www.showdowndisplays.eu\/de\/wp-json\/wp\/v2\/types\/page"}],"author":[{"embeddable":true,"href":"https:\/\/www.showdowndisplays.eu\/de\/wp-json\/wp\/v2\/users\/3"}],"replies":[{"embeddable":true,"href":"https:\/\/www.showdowndisplays.eu\/de\/wp-json\/wp\/v2\/comments?post=1462"}],"version-history":[{"count":35,"href":"https:\/\/www.showdowndisplays.eu\/de\/wp-json\/wp\/v2\/pages\/1462\/revisions"}],"predecessor-version":[{"id":51118,"href":"https:\/\/www.showdowndisplays.eu\/de\/wp-json\/wp\/v2\/pages\/1462\/revisions\/51118"}],"wp:attachment":[{"href":"https:\/\/www.showdowndisplays.eu\/de\/wp-json\/wp\/v2\/media?parent=1462"}],"curies":[{"name":"wp","href":"https:\/\/api.w.org\/{rel}","templated":true}]}}