{"id":11647,"date":"2021-05-04T08:04:06","date_gmt":"2021-05-04T08:04:06","guid":{"rendered":"https:\/\/www.showdowndisplays.eu\/foya-living\/"},"modified":"2021-06-10T06:55:48","modified_gmt":"2021-06-10T06:55:48","slug":"foya-living","status":"publish","type":"page","link":"https:\/\/www.showdowndisplays.eu\/de\/foya-living\/","title":{"rendered":"Heimdekor"},"content":{"rendered":"\n<div class=\"wp-block-media-text alignwide is-stacked-on-mobile is-image-fill image-text-2\" style=\"grid-template-columns:53% auto\"><figure class=\"wp-block-media-text__media\" style=\"background-image:url(https:\/\/www.showdowndisplays.eu\/wp-content\/uploads\/2021\/06\/SDE_hd_01-wallart_vis09-5-5-1024x853.jpg);background-position:50% 50%\"><img data-aspectratio=\"1024\/853\" src=\"data:image\/gif;base64,R0lGODlhAQABAIAAAAAAAP\/\/\/yH5BAEAAAAALAAAAAABAAEAAAIBRAA7\" decoding=\"async\" width=\"1024\" height=\"853\" data-src=\"https:\/\/www.showdowndisplays.eu\/wp-content\/uploads\/2021\/06\/SDE_hd_01-wallart_vis09-5-5-1024x853.jpg\" alt=\"\" class=\"wp-image-12066 lazyload\" data-srcset=\"https:\/\/www.showdowndisplays.eu\/wp-content\/uploads\/2021\/06\/SDE_hd_01-wallart_vis09-5-5-1024x853.jpg 1024w, https:\/\/www.showdowndisplays.eu\/wp-content\/uploads\/2021\/06\/SDE_hd_01-wallart_vis09-5-5-324x270.jpg 324w, https:\/\/www.showdowndisplays.eu\/wp-content\/uploads\/2021\/06\/SDE_hd_01-wallart_vis09-5-5-768x640.jpg 768w, https:\/\/www.showdowndisplays.eu\/wp-content\/uploads\/2021\/06\/SDE_hd_01-wallart_vis09-5-5-380x316.jpg 380w, https:\/\/www.showdowndisplays.eu\/wp-content\/uploads\/2021\/06\/SDE_hd_01-wallart_vis09-5-5-96x80.jpg 96w, https:\/\/www.showdowndisplays.eu\/wp-content\/uploads\/2021\/06\/SDE_hd_01-wallart_vis09-5-5-200x167.jpg 200w, https:\/\/www.showdowndisplays.eu\/wp-content\/uploads\/2021\/06\/SDE_hd_01-wallart_vis09-5-5.jpg 1340w\" sizes=\"(max-width: 1024px) 100vw, 1024px\" \/><noscript><img decoding=\"async\" width=\"1024\" height=\"853\" src=\"https:\/\/www.showdowndisplays.eu\/wp-content\/uploads\/2021\/06\/SDE_hd_01-wallart_vis09-5-5-1024x853.jpg\" alt=\"\" class=\"wp-image-12066\" srcset=\"https:\/\/www.showdowndisplays.eu\/wp-content\/uploads\/2021\/06\/SDE_hd_01-wallart_vis09-5-5-1024x853.jpg 1024w, https:\/\/www.showdowndisplays.eu\/wp-content\/uploads\/2021\/06\/SDE_hd_01-wallart_vis09-5-5-324x270.jpg 324w, https:\/\/www.showdowndisplays.eu\/wp-content\/uploads\/2021\/06\/SDE_hd_01-wallart_vis09-5-5-768x640.jpg 768w, https:\/\/www.showdowndisplays.eu\/wp-content\/uploads\/2021\/06\/SDE_hd_01-wallart_vis09-5-5-380x316.jpg 380w, https:\/\/www.showdowndisplays.eu\/wp-content\/uploads\/2021\/06\/SDE_hd_01-wallart_vis09-5-5-96x80.jpg 96w, https:\/\/www.showdowndisplays.eu\/wp-content\/uploads\/2021\/06\/SDE_hd_01-wallart_vis09-5-5-200x167.jpg 200w, https:\/\/www.showdowndisplays.eu\/wp-content\/uploads\/2021\/06\/SDE_hd_01-wallart_vis09-5-5.jpg 1340w\" sizes=\"(max-width: 1024px) 100vw, 1024px\" \/><\/noscript><\/figure><div class=\"wp-block-media-text__content\">\n<h2 class=\"wp-block-heading\">Express yourself in your own living<\/h2>\n\n\n\n<p>Zeigen Sie Ihren eigenen Geschmack mit dekorativen Produkten. F\u00fcr Sie als Person, f\u00fcr Sie als Wiederverk\u00e4ufer und f\u00fcr Sie als Familie. Stellen Sie sich vor, eine Kreidetafel im Wohnzimmer zu personalisieren oder Ihren Wochenplan auf einem Planungsboard in der K\u00fcche zu organisieren. <\/p>\n\n\n\n<p>Im letzten Jahr haben sich viele Dinge ver\u00e4ndert. Wir alle verbringen mehr Zeit zu Hause, viele von uns arbeiten immer noch von zu Hause aus und die Nachfrage nach Produkten f\u00fcr die Heimdekoration ist buchst\u00e4blich explodiert. Aus diesen Gr\u00fcnden haben wir uns entschlossen, in diesen neuen Markt einzusteigen, und wir freuen uns, unsere neue Produktlinie mit Ihnen zu teilen.<\/p>\n<\/div><\/div>\n\n\n\n<h2 class=\"wp-block-heading\"><strong>Neue Heimdekor Produktlinie von Showdown Displays Europe<\/strong><\/h2>\n\n\n\n<p>Foya Living ist die neue Heimdekor Produktlinie von Showdown Displays Europe, Ihr neuer Partner f\u00fcr Heimdeko Produkte. Den Trends im Bereich Heimdekor und Innenraum-Design folgend, versorgen wir Sie mit den neusten Trends und Produkten f\u00fcr Ihr Unternehmen. Mit unserem eigenen europ\u00e4ischen Produktions- und Inhouse-Druckzentrum sind wir Ihr Partner f\u00fcr die Dekoration im und ums Haus. Personalisiert, mit den Bildern oder dem Design Ihrer Kunden. Unser hauseigenes Produktentwicklungsteam arbeitet st\u00e4ndig an neuen Produkten und folgt dabei den Trends im Bereich Heimdekoration und Innenausstattung.<\/p>\n\n\n\n<figure class=\"wp-block-gallery columns-3 is-cropped wp-block-gallery-1 is-layout-flex wp-block-gallery-is-layout-flex\"><ul class=\"blocks-gallery-grid\"><li class=\"blocks-gallery-item\"><figure><img data-aspectratio=\"1024\/818\" src=\"data:image\/gif;base64,R0lGODlhAQABAIAAAAAAAP\/\/\/yH5BAEAAAAALAAAAAABAAEAAAIBRAA7\" decoding=\"async\" width=\"1024\" height=\"818\" data-src=\"https:\/\/www.showdowndisplays.eu\/wp-content\/uploads\/2021\/05\/FOYA_01-wallart_vis08_res-1-1024x818.jpg\" alt=\"\" data-id=\"10537\" data-full-url=\"https:\/\/www.showdowndisplays.eu\/wp-content\/uploads\/2021\/05\/FOYA_01-wallart_vis08_res-1.jpg\" data-link=\"https:\/\/www.showdowndisplays.eu\/foya-living\/foya_01-wallart_vis08_res-2\/\" class=\"wp-image-10537 lazyload\" data-srcset=\"https:\/\/www.showdowndisplays.eu\/wp-content\/uploads\/2021\/05\/FOYA_01-wallart_vis08_res-1-1024x818.jpg 1024w, https:\/\/www.showdowndisplays.eu\/wp-content\/uploads\/2021\/05\/FOYA_01-wallart_vis08_res-1-338x270.jpg 338w, https:\/\/www.showdowndisplays.eu\/wp-content\/uploads\/2021\/05\/FOYA_01-wallart_vis08_res-1-768x614.jpg 768w, https:\/\/www.showdowndisplays.eu\/wp-content\/uploads\/2021\/05\/FOYA_01-wallart_vis08_res-1-380x304.jpg 380w, https:\/\/www.showdowndisplays.eu\/wp-content\/uploads\/2021\/05\/FOYA_01-wallart_vis08_res-1-96x77.jpg 96w, https:\/\/www.showdowndisplays.eu\/wp-content\/uploads\/2021\/05\/FOYA_01-wallart_vis08_res-1-200x160.jpg 200w, https:\/\/www.showdowndisplays.eu\/wp-content\/uploads\/2021\/05\/FOYA_01-wallart_vis08_res-1.jpg 1200w\" sizes=\"(max-width: 1024px) 100vw, 1024px\" \/><noscript><img decoding=\"async\" width=\"1024\" height=\"818\" src=\"https:\/\/www.showdowndisplays.eu\/wp-content\/uploads\/2021\/05\/FOYA_01-wallart_vis08_res-1-1024x818.jpg\" alt=\"\" data-id=\"10537\" data-full-url=\"https:\/\/www.showdowndisplays.eu\/wp-content\/uploads\/2021\/05\/FOYA_01-wallart_vis08_res-1.jpg\" data-link=\"https:\/\/www.showdowndisplays.eu\/foya-living\/foya_01-wallart_vis08_res-2\/\" class=\"wp-image-10537\" srcset=\"https:\/\/www.showdowndisplays.eu\/wp-content\/uploads\/2021\/05\/FOYA_01-wallart_vis08_res-1-1024x818.jpg 1024w, https:\/\/www.showdowndisplays.eu\/wp-content\/uploads\/2021\/05\/FOYA_01-wallart_vis08_res-1-338x270.jpg 338w, https:\/\/www.showdowndisplays.eu\/wp-content\/uploads\/2021\/05\/FOYA_01-wallart_vis08_res-1-768x614.jpg 768w, https:\/\/www.showdowndisplays.eu\/wp-content\/uploads\/2021\/05\/FOYA_01-wallart_vis08_res-1-380x304.jpg 380w, https:\/\/www.showdowndisplays.eu\/wp-content\/uploads\/2021\/05\/FOYA_01-wallart_vis08_res-1-96x77.jpg 96w, https:\/\/www.showdowndisplays.eu\/wp-content\/uploads\/2021\/05\/FOYA_01-wallart_vis08_res-1-200x160.jpg 200w, https:\/\/www.showdowndisplays.eu\/wp-content\/uploads\/2021\/05\/FOYA_01-wallart_vis08_res-1.jpg 1200w\" sizes=\"(max-width: 1024px) 100vw, 1024px\" \/><\/noscript><\/figure><\/li><li class=\"blocks-gallery-item\"><figure><img data-aspectratio=\"1000\/667\" src=\"data:image\/gif;base64,R0lGODlhAQABAIAAAAAAAP\/\/\/yH5BAEAAAAALAAAAAABAAEAAAIBRAA7\" decoding=\"async\" width=\"1000\" height=\"667\" data-src=\"https:\/\/www.showdowndisplays.eu\/wp-content\/uploads\/2021\/05\/foya_visual_02-textile_room_divider_deco-cherry_blossom_beige_up_res.jpg\" alt=\"\" data-id=\"10572\" data-full-url=\"https:\/\/www.showdowndisplays.eu\/wp-content\/uploads\/2021\/05\/foya_visual_02-textile_room_divider_deco-cherry_blossom_beige_up_res.jpg\" data-link=\"https:\/\/www.showdowndisplays.eu\/foya-living\/foya_visual_02-textile_room_divider_deco-cherry_blossom_beige_up_res\/\" class=\"wp-image-10572 lazyload\" data-srcset=\"https:\/\/www.showdowndisplays.eu\/wp-content\/uploads\/2021\/05\/foya_visual_02-textile_room_divider_deco-cherry_blossom_beige_up_res.jpg 1000w, https:\/\/www.showdowndisplays.eu\/wp-content\/uploads\/2021\/05\/foya_visual_02-textile_room_divider_deco-cherry_blossom_beige_up_res-405x270.jpg 405w, https:\/\/www.showdowndisplays.eu\/wp-content\/uploads\/2021\/05\/foya_visual_02-textile_room_divider_deco-cherry_blossom_beige_up_res-768x512.jpg 768w, https:\/\/www.showdowndisplays.eu\/wp-content\/uploads\/2021\/05\/foya_visual_02-textile_room_divider_deco-cherry_blossom_beige_up_res-380x253.jpg 380w, https:\/\/www.showdowndisplays.eu\/wp-content\/uploads\/2021\/05\/foya_visual_02-textile_room_divider_deco-cherry_blossom_beige_up_res-96x64.jpg 96w, https:\/\/www.showdowndisplays.eu\/wp-content\/uploads\/2021\/05\/foya_visual_02-textile_room_divider_deco-cherry_blossom_beige_up_res-200x133.jpg 200w\" sizes=\"(max-width: 1000px) 100vw, 1000px\" \/><noscript><img decoding=\"async\" width=\"1000\" height=\"667\" src=\"https:\/\/www.showdowndisplays.eu\/wp-content\/uploads\/2021\/05\/foya_visual_02-textile_room_divider_deco-cherry_blossom_beige_up_res.jpg\" alt=\"\" data-id=\"10572\" data-full-url=\"https:\/\/www.showdowndisplays.eu\/wp-content\/uploads\/2021\/05\/foya_visual_02-textile_room_divider_deco-cherry_blossom_beige_up_res.jpg\" data-link=\"https:\/\/www.showdowndisplays.eu\/foya-living\/foya_visual_02-textile_room_divider_deco-cherry_blossom_beige_up_res\/\" class=\"wp-image-10572\" srcset=\"https:\/\/www.showdowndisplays.eu\/wp-content\/uploads\/2021\/05\/foya_visual_02-textile_room_divider_deco-cherry_blossom_beige_up_res.jpg 1000w, https:\/\/www.showdowndisplays.eu\/wp-content\/uploads\/2021\/05\/foya_visual_02-textile_room_divider_deco-cherry_blossom_beige_up_res-405x270.jpg 405w, https:\/\/www.showdowndisplays.eu\/wp-content\/uploads\/2021\/05\/foya_visual_02-textile_room_divider_deco-cherry_blossom_beige_up_res-768x512.jpg 768w, https:\/\/www.showdowndisplays.eu\/wp-content\/uploads\/2021\/05\/foya_visual_02-textile_room_divider_deco-cherry_blossom_beige_up_res-380x253.jpg 380w, https:\/\/www.showdowndisplays.eu\/wp-content\/uploads\/2021\/05\/foya_visual_02-textile_room_divider_deco-cherry_blossom_beige_up_res-96x64.jpg 96w, https:\/\/www.showdowndisplays.eu\/wp-content\/uploads\/2021\/05\/foya_visual_02-textile_room_divider_deco-cherry_blossom_beige_up_res-200x133.jpg 200w\" sizes=\"(max-width: 1000px) 100vw, 1000px\" \/><\/noscript><\/figure><\/li><li class=\"blocks-gallery-item\"><figure><img data-aspectratio=\"1000\/699\" src=\"data:image\/gif;base64,R0lGODlhAQABAIAAAAAAAP\/\/\/yH5BAEAAAAALAAAAAABAAEAAAIBRAA7\" decoding=\"async\" width=\"1000\" height=\"699\" data-src=\"https:\/\/www.showdowndisplays.eu\/wp-content\/uploads\/2021\/05\/PM_visual_main_avocado_res-1.jpg\" alt=\"\" data-id=\"10545\" data-full-url=\"https:\/\/www.showdowndisplays.eu\/wp-content\/uploads\/2021\/05\/PM_visual_main_avocado_res-1.jpg\" data-link=\"https:\/\/www.showdowndisplays.eu\/foya-living\/pm_visual_main_avocado_res-1\/\" class=\"wp-image-10545 lazyload\" data-srcset=\"https:\/\/www.showdowndisplays.eu\/wp-content\/uploads\/2021\/05\/PM_visual_main_avocado_res-1.jpg 1000w, https:\/\/www.showdowndisplays.eu\/wp-content\/uploads\/2021\/05\/PM_visual_main_avocado_res-1-386x270.jpg 386w, https:\/\/www.showdowndisplays.eu\/wp-content\/uploads\/2021\/05\/PM_visual_main_avocado_res-1-768x537.jpg 768w, https:\/\/www.showdowndisplays.eu\/wp-content\/uploads\/2021\/05\/PM_visual_main_avocado_res-1-380x266.jpg 380w, https:\/\/www.showdowndisplays.eu\/wp-content\/uploads\/2021\/05\/PM_visual_main_avocado_res-1-96x67.jpg 96w, https:\/\/www.showdowndisplays.eu\/wp-content\/uploads\/2021\/05\/PM_visual_main_avocado_res-1-200x140.jpg 200w\" sizes=\"(max-width: 1000px) 100vw, 1000px\" \/><noscript><img decoding=\"async\" width=\"1000\" height=\"699\" src=\"https:\/\/www.showdowndisplays.eu\/wp-content\/uploads\/2021\/05\/PM_visual_main_avocado_res-1.jpg\" alt=\"\" data-id=\"10545\" data-full-url=\"https:\/\/www.showdowndisplays.eu\/wp-content\/uploads\/2021\/05\/PM_visual_main_avocado_res-1.jpg\" data-link=\"https:\/\/www.showdowndisplays.eu\/foya-living\/pm_visual_main_avocado_res-1\/\" class=\"wp-image-10545\" srcset=\"https:\/\/www.showdowndisplays.eu\/wp-content\/uploads\/2021\/05\/PM_visual_main_avocado_res-1.jpg 1000w, https:\/\/www.showdowndisplays.eu\/wp-content\/uploads\/2021\/05\/PM_visual_main_avocado_res-1-386x270.jpg 386w, https:\/\/www.showdowndisplays.eu\/wp-content\/uploads\/2021\/05\/PM_visual_main_avocado_res-1-768x537.jpg 768w, https:\/\/www.showdowndisplays.eu\/wp-content\/uploads\/2021\/05\/PM_visual_main_avocado_res-1-380x266.jpg 380w, https:\/\/www.showdowndisplays.eu\/wp-content\/uploads\/2021\/05\/PM_visual_main_avocado_res-1-96x67.jpg 96w, https:\/\/www.showdowndisplays.eu\/wp-content\/uploads\/2021\/05\/PM_visual_main_avocado_res-1-200x140.jpg 200w\" sizes=\"(max-width: 1000px) 100vw, 1000px\" \/><\/noscript><\/figure><\/li><\/ul><\/figure>\n\n\n\n<div class=\"wp-block-media-text alignwide has-media-on-the-right is-stacked-on-mobile is-vertically-aligned-top is-image-fill image-text-2\"><figure class=\"wp-block-media-text__media\" style=\"background-image:url(https:\/\/www.showdowndisplays.eu\/wp-content\/uploads\/2021\/05\/Foya-lookbook-1024x683.png);background-position:50% 50%\"><img data-aspectratio=\"1024\/683\" src=\"data:image\/gif;base64,R0lGODlhAQABAIAAAAAAAP\/\/\/yH5BAEAAAAALAAAAAABAAEAAAIBRAA7\" decoding=\"async\" width=\"1024\" height=\"683\" data-src=\"https:\/\/www.showdowndisplays.eu\/wp-content\/uploads\/2021\/05\/Foya-lookbook-1024x683.png\" alt=\"\" class=\"wp-image-10564 lazyload\" data-srcset=\"https:\/\/www.showdowndisplays.eu\/wp-content\/uploads\/2021\/05\/Foya-lookbook-1024x683.png 1024w, https:\/\/www.showdowndisplays.eu\/wp-content\/uploads\/2021\/05\/Foya-lookbook-405x270.png 405w, https:\/\/www.showdowndisplays.eu\/wp-content\/uploads\/2021\/05\/Foya-lookbook-768x512.png 768w, https:\/\/www.showdowndisplays.eu\/wp-content\/uploads\/2021\/05\/Foya-lookbook-380x253.png 380w, https:\/\/www.showdowndisplays.eu\/wp-content\/uploads\/2021\/05\/Foya-lookbook-96x64.png 96w, https:\/\/www.showdowndisplays.eu\/wp-content\/uploads\/2021\/05\/Foya-lookbook-200x133.png 200w, https:\/\/www.showdowndisplays.eu\/wp-content\/uploads\/2021\/05\/Foya-lookbook.png 1368w\" sizes=\"(max-width: 1024px) 100vw, 1024px\" \/><noscript><img decoding=\"async\" width=\"1024\" height=\"683\" src=\"https:\/\/www.showdowndisplays.eu\/wp-content\/uploads\/2021\/05\/Foya-lookbook-1024x683.png\" alt=\"\" class=\"wp-image-10564\" srcset=\"https:\/\/www.showdowndisplays.eu\/wp-content\/uploads\/2021\/05\/Foya-lookbook-1024x683.png 1024w, https:\/\/www.showdowndisplays.eu\/wp-content\/uploads\/2021\/05\/Foya-lookbook-405x270.png 405w, https:\/\/www.showdowndisplays.eu\/wp-content\/uploads\/2021\/05\/Foya-lookbook-768x512.png 768w, https:\/\/www.showdowndisplays.eu\/wp-content\/uploads\/2021\/05\/Foya-lookbook-380x253.png 380w, https:\/\/www.showdowndisplays.eu\/wp-content\/uploads\/2021\/05\/Foya-lookbook-96x64.png 96w, https:\/\/www.showdowndisplays.eu\/wp-content\/uploads\/2021\/05\/Foya-lookbook-200x133.png 200w, https:\/\/www.showdowndisplays.eu\/wp-content\/uploads\/2021\/05\/Foya-lookbook.png 1368w\" sizes=\"(max-width: 1024px) 100vw, 1024px\" \/><\/noscript><\/figure><div class=\"wp-block-media-text__content\">\n<h2 class=\"wp-block-heading\"><strong>Werfen Sie einen Blick in unser Lookbook!<\/strong><\/h2>\n\n\n\n<p>Wir freuen uns, Ihnen unsere erste Produktlinie in unserem Foya Living Lookbook vorstellen zu k\u00f6nnen. Von Wandkunst, \u00fcber Tischdekoration, zu Gartendekoration und Raumteiler Produkten.<\/p>\n\n\n\n<div class=\"wp-block-buttons is-layout-flex wp-block-buttons-is-layout-flex\">\n<div class=\"wp-block-button\"><a class=\"wp-block-button__link\" href=\"https:\/\/online.flippingbook.com\/view\/589866311\/\" target=\"_blank\" rel=\"noreferrer noopener\">Unser Lookbook ansehen<\/a><\/div>\n<\/div>\n\n\n\n<div style=\"height:33px\" aria-hidden=\"true\" class=\"wp-block-spacer\"><\/div>\n\n\n\n\n<\/div><\/div>\n\n\n\n<div class=\"wp-block-columns is-layout-flex wp-container-core-columns-is-layout-9d6595d7 wp-block-columns-is-layout-flex\">\n<div class=\"wp-block-column is-layout-flow wp-block-column-is-layout-flow\">\n<figure class=\"wp-block-image size-large\"><img data-aspectratio=\"1024\/768\" src=\"data:image\/gif;base64,R0lGODlhAQABAIAAAAAAAP\/\/\/yH5BAEAAAAALAAAAAABAAEAAAIBRAA7\" decoding=\"async\" width=\"1024\" height=\"768\" data-src=\"https:\/\/www.showdowndisplays.eu\/wp-content\/uploads\/2021\/05\/FOYA_01-wallart_vis13_res-1024x768.jpg\" alt=\"\" class=\"wp-image-10432 lazyload\" data-srcset=\"https:\/\/www.showdowndisplays.eu\/wp-content\/uploads\/2021\/05\/FOYA_01-wallart_vis13_res-1024x768.jpg 1024w, https:\/\/www.showdowndisplays.eu\/wp-content\/uploads\/2021\/05\/FOYA_01-wallart_vis13_res-360x270.jpg 360w, https:\/\/www.showdowndisplays.eu\/wp-content\/uploads\/2021\/05\/FOYA_01-wallart_vis13_res-768x576.jpg 768w, https:\/\/www.showdowndisplays.eu\/wp-content\/uploads\/2021\/05\/FOYA_01-wallart_vis13_res-380x285.jpg 380w, https:\/\/www.showdowndisplays.eu\/wp-content\/uploads\/2021\/05\/FOYA_01-wallart_vis13_res-96x72.jpg 96w, https:\/\/www.showdowndisplays.eu\/wp-content\/uploads\/2021\/05\/FOYA_01-wallart_vis13_res-200x150.jpg 200w, https:\/\/www.showdowndisplays.eu\/wp-content\/uploads\/2021\/05\/FOYA_01-wallart_vis13_res.jpg 1200w\" sizes=\"(max-width: 1024px) 100vw, 1024px\" \/><noscript><img decoding=\"async\" width=\"1024\" height=\"768\" src=\"https:\/\/www.showdowndisplays.eu\/wp-content\/uploads\/2021\/05\/FOYA_01-wallart_vis13_res-1024x768.jpg\" alt=\"\" class=\"wp-image-10432\" srcset=\"https:\/\/www.showdowndisplays.eu\/wp-content\/uploads\/2021\/05\/FOYA_01-wallart_vis13_res-1024x768.jpg 1024w, https:\/\/www.showdowndisplays.eu\/wp-content\/uploads\/2021\/05\/FOYA_01-wallart_vis13_res-360x270.jpg 360w, https:\/\/www.showdowndisplays.eu\/wp-content\/uploads\/2021\/05\/FOYA_01-wallart_vis13_res-768x576.jpg 768w, https:\/\/www.showdowndisplays.eu\/wp-content\/uploads\/2021\/05\/FOYA_01-wallart_vis13_res-380x285.jpg 380w, https:\/\/www.showdowndisplays.eu\/wp-content\/uploads\/2021\/05\/FOYA_01-wallart_vis13_res-96x72.jpg 96w, https:\/\/www.showdowndisplays.eu\/wp-content\/uploads\/2021\/05\/FOYA_01-wallart_vis13_res-200x150.jpg 200w, https:\/\/www.showdowndisplays.eu\/wp-content\/uploads\/2021\/05\/FOYA_01-wallart_vis13_res.jpg 1200w\" sizes=\"(max-width: 1024px) 100vw, 1024px\" \/><\/noscript><\/figure>\n<\/div>\n\n\n\n<div class=\"wp-block-column is-layout-flow wp-block-column-is-layout-flow\">\n<figure class=\"wp-block-image size-large\"><img data-aspectratio=\"1024\/775\" src=\"data:image\/gif;base64,R0lGODlhAQABAIAAAAAAAP\/\/\/yH5BAEAAAAALAAAAAABAAEAAAIBRAA7\" decoding=\"async\" width=\"1024\" height=\"775\" data-src=\"https:\/\/www.showdowndisplays.eu\/wp-content\/uploads\/2021\/05\/FOYA_04-garden_decor_vis05_res-1024x775.jpg\" alt=\"\" class=\"wp-image-10449 lazyload\" data-srcset=\"https:\/\/www.showdowndisplays.eu\/wp-content\/uploads\/2021\/05\/FOYA_04-garden_decor_vis05_res-1024x775.jpg 1024w, https:\/\/www.showdowndisplays.eu\/wp-content\/uploads\/2021\/05\/FOYA_04-garden_decor_vis05_res-357x270.jpg 357w, https:\/\/www.showdowndisplays.eu\/wp-content\/uploads\/2021\/05\/FOYA_04-garden_decor_vis05_res-768x581.jpg 768w, https:\/\/www.showdowndisplays.eu\/wp-content\/uploads\/2021\/05\/FOYA_04-garden_decor_vis05_res-380x288.jpg 380w, https:\/\/www.showdowndisplays.eu\/wp-content\/uploads\/2021\/05\/FOYA_04-garden_decor_vis05_res-96x73.jpg 96w, https:\/\/www.showdowndisplays.eu\/wp-content\/uploads\/2021\/05\/FOYA_04-garden_decor_vis05_res-200x151.jpg 200w, https:\/\/www.showdowndisplays.eu\/wp-content\/uploads\/2021\/05\/FOYA_04-garden_decor_vis05_res.jpg 1200w\" sizes=\"(max-width: 1024px) 100vw, 1024px\" \/><noscript><img decoding=\"async\" width=\"1024\" height=\"775\" src=\"https:\/\/www.showdowndisplays.eu\/wp-content\/uploads\/2021\/05\/FOYA_04-garden_decor_vis05_res-1024x775.jpg\" alt=\"\" class=\"wp-image-10449\" srcset=\"https:\/\/www.showdowndisplays.eu\/wp-content\/uploads\/2021\/05\/FOYA_04-garden_decor_vis05_res-1024x775.jpg 1024w, https:\/\/www.showdowndisplays.eu\/wp-content\/uploads\/2021\/05\/FOYA_04-garden_decor_vis05_res-357x270.jpg 357w, https:\/\/www.showdowndisplays.eu\/wp-content\/uploads\/2021\/05\/FOYA_04-garden_decor_vis05_res-768x581.jpg 768w, https:\/\/www.showdowndisplays.eu\/wp-content\/uploads\/2021\/05\/FOYA_04-garden_decor_vis05_res-380x288.jpg 380w, https:\/\/www.showdowndisplays.eu\/wp-content\/uploads\/2021\/05\/FOYA_04-garden_decor_vis05_res-96x73.jpg 96w, https:\/\/www.showdowndisplays.eu\/wp-content\/uploads\/2021\/05\/FOYA_04-garden_decor_vis05_res-200x151.jpg 200w, https:\/\/www.showdowndisplays.eu\/wp-content\/uploads\/2021\/05\/FOYA_04-garden_decor_vis05_res.jpg 1200w\" sizes=\"(max-width: 1024px) 100vw, 1024px\" \/><\/noscript><\/figure>\n<\/div>\n<\/div>\n\n\n\n<h2 class=\"wp-block-heading\"><strong>Demn\u00e4chst<\/strong><\/h2>\n\n\n\n<p>Wir werden das Heimdekor-Sortiment in 2021 kontinuierlich weiterentwickeln. In einer zweiten Phase werden wir Planungsboards, kombinierte Whiteboards, Nachrichtenboards, Wanddekorationen und T\u00fcraufkleber einf\u00fchren. In einem dritten Schritt werden wir mit der Produktion von individuell gestaltbaren Kissen, Decken, Leinw\u00e4nden und anderen Arten von Wandkunst beginnen. Alle Individualisierungs- und Druckoptionen werden in unserer eigenen Fabrik und unserem Druckzentrum mit gro\u00dfer Sorgfalt und Aufmerksamkeit f\u00fcr Details angeboten.<\/p>\n\n\n\n<div class=\"wp-block-media-text alignwide is-stacked-on-mobile is-image-fill image-text-2\"><figure class=\"wp-block-media-text__media\" style=\"background-image:url(https:\/\/www.showdowndisplays.eu\/wp-content\/uploads\/2021\/05\/foya_visual_01-textile_room_divider-hexagon_grey_res-1024x683.jpg);background-position:50% 50%\"><img data-aspectratio=\"1024\/683\" src=\"data:image\/gif;base64,R0lGODlhAQABAIAAAAAAAP\/\/\/yH5BAEAAAAALAAAAAABAAEAAAIBRAA7\" decoding=\"async\" width=\"1024\" height=\"683\" data-src=\"https:\/\/www.showdowndisplays.eu\/wp-content\/uploads\/2021\/05\/foya_visual_01-textile_room_divider-hexagon_grey_res-1024x683.jpg\" alt=\"\" class=\"wp-image-10628 lazyload\" data-srcset=\"https:\/\/www.showdowndisplays.eu\/wp-content\/uploads\/2021\/05\/foya_visual_01-textile_room_divider-hexagon_grey_res-1024x683.jpg 1024w, https:\/\/www.showdowndisplays.eu\/wp-content\/uploads\/2021\/05\/foya_visual_01-textile_room_divider-hexagon_grey_res-405x270.jpg 405w, https:\/\/www.showdowndisplays.eu\/wp-content\/uploads\/2021\/05\/foya_visual_01-textile_room_divider-hexagon_grey_res-768x512.jpg 768w, https:\/\/www.showdowndisplays.eu\/wp-content\/uploads\/2021\/05\/foya_visual_01-textile_room_divider-hexagon_grey_res-380x253.jpg 380w, https:\/\/www.showdowndisplays.eu\/wp-content\/uploads\/2021\/05\/foya_visual_01-textile_room_divider-hexagon_grey_res-96x64.jpg 96w, https:\/\/www.showdowndisplays.eu\/wp-content\/uploads\/2021\/05\/foya_visual_01-textile_room_divider-hexagon_grey_res-200x133.jpg 200w, https:\/\/www.showdowndisplays.eu\/wp-content\/uploads\/2021\/05\/foya_visual_01-textile_room_divider-hexagon_grey_res.jpg 1500w\" sizes=\"(max-width: 1024px) 100vw, 1024px\" \/><noscript><img decoding=\"async\" width=\"1024\" height=\"683\" src=\"https:\/\/www.showdowndisplays.eu\/wp-content\/uploads\/2021\/05\/foya_visual_01-textile_room_divider-hexagon_grey_res-1024x683.jpg\" alt=\"\" class=\"wp-image-10628\" srcset=\"https:\/\/www.showdowndisplays.eu\/wp-content\/uploads\/2021\/05\/foya_visual_01-textile_room_divider-hexagon_grey_res-1024x683.jpg 1024w, https:\/\/www.showdowndisplays.eu\/wp-content\/uploads\/2021\/05\/foya_visual_01-textile_room_divider-hexagon_grey_res-405x270.jpg 405w, https:\/\/www.showdowndisplays.eu\/wp-content\/uploads\/2021\/05\/foya_visual_01-textile_room_divider-hexagon_grey_res-768x512.jpg 768w, https:\/\/www.showdowndisplays.eu\/wp-content\/uploads\/2021\/05\/foya_visual_01-textile_room_divider-hexagon_grey_res-380x253.jpg 380w, https:\/\/www.showdowndisplays.eu\/wp-content\/uploads\/2021\/05\/foya_visual_01-textile_room_divider-hexagon_grey_res-96x64.jpg 96w, https:\/\/www.showdowndisplays.eu\/wp-content\/uploads\/2021\/05\/foya_visual_01-textile_room_divider-hexagon_grey_res-200x133.jpg 200w, https:\/\/www.showdowndisplays.eu\/wp-content\/uploads\/2021\/05\/foya_visual_01-textile_room_divider-hexagon_grey_res.jpg 1500w\" sizes=\"(max-width: 1024px) 100vw, 1024px\" \/><\/noscript><\/figure><div class=\"wp-block-media-text__content\">\n<h2 class=\"wp-block-heading\"><strong>Jetzt loslegen!<\/strong><\/h2>\n\n\n\n<p>Wir k\u00f6nnen Ihnen dabei helfen, diese Heimdekor-Produkte auf Ihrer Website oder E-Commerce-Plattform einzuf\u00fchren. Wir k\u00f6nnen Sie mit Katalogen, Preislisten, Produktbildern, In-Use-Bildern, Produktdaten und zus\u00e4tzlichen, auf Heimdekor zugeschnittenen Produktbeschreibungen unterst\u00fctzen. Lassen Sie uns wissen, was Sie au\u00dferdem von uns ben\u00f6tigen. Wir freuen uns Ihnen zu helfen<\/p>\n\n\n\n<div class=\"wp-block-buttons is-layout-flex wp-block-buttons-is-layout-flex\">\n<div class=\"wp-block-button\"><a class=\"wp-block-button__link\" href=\"mailto:orders@showdowndisplays.eu\" target=\"_blank\" rel=\"noreferrer noopener\">Lassen Sie uns Partner werden!<\/a><\/div>\n<\/div>\n<\/div><\/div>\n","protected":false},"excerpt":{"rendered":"<p>Express yourself in your own living Zeigen Sie Ihren eigenen Geschmack mit dekorativen Produkten. F\u00fcr Sie als Person, f\u00fcr Sie&#8230;<\/p>\n","protected":false},"author":3,"featured_media":10444,"parent":0,"menu_order":0,"comment_status":"closed","ping_status":"closed","template":"","meta":{"_acf_changed":false,"footnotes":""},"class_list":["post-11647","page","type-page","status-publish","has-post-thumbnail","hentry"],"acf":[],"_links":{"self":[{"href":"https:\/\/www.showdowndisplays.eu\/de\/wp-json\/wp\/v2\/pages\/11647","targetHints":{"allow":["GET"]}}],"collection":[{"href":"https:\/\/www.showdowndisplays.eu\/de\/wp-json\/wp\/v2\/pages"}],"about":[{"href":"https:\/\/www.showdowndisplays.eu\/de\/wp-json\/wp\/v2\/types\/page"}],"author":[{"embeddable":true,"href":"https:\/\/www.showdowndisplays.eu\/de\/wp-json\/wp\/v2\/users\/3"}],"replies":[{"embeddable":true,"href":"https:\/\/www.showdowndisplays.eu\/de\/wp-json\/wp\/v2\/comments?post=11647"}],"version-history":[{"count":7,"href":"https:\/\/www.showdowndisplays.eu\/de\/wp-json\/wp\/v2\/pages\/11647\/revisions"}],"predecessor-version":[{"id":12176,"href":"https:\/\/www.showdowndisplays.eu\/de\/wp-json\/wp\/v2\/pages\/11647\/revisions\/12176"}],"wp:featuredmedia":[{"embeddable":true,"href":"https:\/\/www.showdowndisplays.eu\/de\/wp-json\/wp\/v2\/media\/10444"}],"wp:attachment":[{"href":"https:\/\/www.showdowndisplays.eu\/de\/wp-json\/wp\/v2\/media?parent=11647"}],"curies":[{"name":"wp","href":"https:\/\/api.w.org\/{rel}","templated":true}]}}