{"id":9281,"date":"2021-02-25T15:05:10","date_gmt":"2021-02-25T15:05:10","guid":{"rendered":"https:\/\/www.showdowndisplays.eu\/marketingova-podpora\/vas-vlastni-katalog-a-brozury\/"},"modified":"2026-02-09T11:13:48","modified_gmt":"2026-02-09T11:13:48","slug":"vas-vlastni-katalog-a-brozury","status":"publish","type":"page","link":"https:\/\/www.showdowndisplays.eu\/cs\/marketingova-podpora\/vas-vlastni-katalog-a-brozury\/","title":{"rendered":"V\u00e1\u0161 vlastn\u00ed katalog a bro\u017eury"},"content":{"rendered":"\n<div class=\"wp-block-media-text alignwide is-stacked-on-mobile is-image-fill-element image-text-2\"><figure class=\"wp-block-media-text__media\"><img data-aspectratio=\"1024\/1024\" src=\"data:image\/gif;base64,R0lGODlhAQABAIAAAAAAAP\/\/\/yH5BAEAAAAALAAAAAABAAEAAAIBRAA7\" decoding=\"async\" width=\"1024\" height=\"1024\" data-src=\"https:\/\/www.showdowndisplays.eu\/wp-content\/uploads\/2026\/02\/Mockup-laptop-neutral-catalogue-2026.2-1-1024x1024.jpg\" alt=\"Neutral Catalogue 2026\" class=\"wp-image-53129 size-full lazyload\" style=\"object-position:50% 50%\" data-srcset=\"https:\/\/www.showdowndisplays.eu\/wp-content\/uploads\/2026\/02\/Mockup-laptop-neutral-catalogue-2026.2-1-1024x1024.jpg 1024w, https:\/\/www.showdowndisplays.eu\/wp-content\/uploads\/2026\/02\/Mockup-laptop-neutral-catalogue-2026.2-1-270x270.jpg 270w, https:\/\/www.showdowndisplays.eu\/wp-content\/uploads\/2026\/02\/Mockup-laptop-neutral-catalogue-2026.2-1-768x768.jpg 768w, https:\/\/www.showdowndisplays.eu\/wp-content\/uploads\/2026\/02\/Mockup-laptop-neutral-catalogue-2026.2-1-1536x1536.jpg 1536w, https:\/\/www.showdowndisplays.eu\/wp-content\/uploads\/2026\/02\/Mockup-laptop-neutral-catalogue-2026.2-1-380x380.jpg 380w, https:\/\/www.showdowndisplays.eu\/wp-content\/uploads\/2026\/02\/Mockup-laptop-neutral-catalogue-2026.2-1-96x96.jpg 96w, https:\/\/www.showdowndisplays.eu\/wp-content\/uploads\/2026\/02\/Mockup-laptop-neutral-catalogue-2026.2-1-200x200.jpg 200w, https:\/\/www.showdowndisplays.eu\/wp-content\/uploads\/2026\/02\/Mockup-laptop-neutral-catalogue-2026.2-1.jpg 2048w\" sizes=\"(max-width: 1024px) 100vw, 1024px\" \/><noscript><img decoding=\"async\" width=\"1024\" height=\"1024\" src=\"https:\/\/www.showdowndisplays.eu\/wp-content\/uploads\/2026\/02\/Mockup-laptop-neutral-catalogue-2026.2-1-1024x1024.jpg\" alt=\"Neutral Catalogue 2026\" class=\"wp-image-53129 size-full\" style=\"object-position:50% 50%\" srcset=\"https:\/\/www.showdowndisplays.eu\/wp-content\/uploads\/2026\/02\/Mockup-laptop-neutral-catalogue-2026.2-1-1024x1024.jpg 1024w, https:\/\/www.showdowndisplays.eu\/wp-content\/uploads\/2026\/02\/Mockup-laptop-neutral-catalogue-2026.2-1-270x270.jpg 270w, https:\/\/www.showdowndisplays.eu\/wp-content\/uploads\/2026\/02\/Mockup-laptop-neutral-catalogue-2026.2-1-768x768.jpg 768w, https:\/\/www.showdowndisplays.eu\/wp-content\/uploads\/2026\/02\/Mockup-laptop-neutral-catalogue-2026.2-1-1536x1536.jpg 1536w, https:\/\/www.showdowndisplays.eu\/wp-content\/uploads\/2026\/02\/Mockup-laptop-neutral-catalogue-2026.2-1-380x380.jpg 380w, https:\/\/www.showdowndisplays.eu\/wp-content\/uploads\/2026\/02\/Mockup-laptop-neutral-catalogue-2026.2-1-96x96.jpg 96w, https:\/\/www.showdowndisplays.eu\/wp-content\/uploads\/2026\/02\/Mockup-laptop-neutral-catalogue-2026.2-1-200x200.jpg 200w, https:\/\/www.showdowndisplays.eu\/wp-content\/uploads\/2026\/02\/Mockup-laptop-neutral-catalogue-2026.2-1.jpg 2048w\" sizes=\"(max-width: 1024px) 100vw, 1024px\" \/><\/noscript><\/figure><div class=\"wp-block-media-text__content\">\n<h2 class=\"wp-block-heading\">Neutr\u00e1ln\u00ed digit\u00e1ln\u00ed katalog<\/h2>\n\n\n\n<p>Ka\u017ed\u00fd rok p\u0159edstavujeme zcela nov\u00fd digit\u00e1ln\u00ed katalog. Kompletn\u00ed katalog s cel\u00fdm na\u0161\u00edm produktov\u00fdm spektrem, inspirativn\u00edmi obr\u00e1zky a v\u0161emi informacemi, kter\u00e9 pot\u0159ebujete v\u011bd\u011bt o na\u0161ich produktech a slu\u017eb\u00e1ch. <a href=\"https:\/\/online.flippingbook.com\/view\/157118083\/\" data-type=\"link\" data-id=\"https:\/\/online.flippingbook.com\/view\/157118083\/\" target=\"_blank\" rel=\"noopener\"><strong>Zde najdete na\u0161e nejnov\u011bj\u0161\u00ed vyd\u00e1n\u00ed digit\u00e1ln\u00edho<\/strong> <strong>katalogu<\/strong>.<\/a><\/p>\n\n\n\n<p>Mysl\u00edme na V\u00e1s! A proto m\u00e1me v r\u00e1mci na\u0161\u00ed marketingov\u00e9 podpory tak\u00e9 neutr\u00e1ln\u00ed digit\u00e1ln\u00ed katalog bez n\u00e1zvu na\u0161\u00ed spole\u010dnosti nebo na\u0161eho brandingu.<\/p>\n\n\n\n<p>Tento digit\u00e1ln\u00ed katalog je p\u0159ipraven speci\u00e1ln\u011b pro V\u00e1s! Sd\u00edlejte jej se sv\u00fdmi z\u00e1kazn\u00edky, ulo\u017ete katalog na Va\u0161e webov\u00e9 str\u00e1nky nebo jej p\u0159edstavte b\u011bhem sch\u016fzky s Va\u0161imi z\u00e1kazn\u00edky. Atraktivn\u00ed a profesion\u00e1ln\u00ed zp\u016fsob prezentace Va\u0161ich produkt\u016f.<\/p>\n\n\n\n<div class=\"wp-block-buttons is-layout-flex wp-block-buttons-is-layout-flex\">\n<div class=\"wp-block-button\"><a class=\"wp-block-button__link wp-element-button\" href=\"https:\/\/online.flippingbook.com\/view\/315733005\/\" target=\"_blank\" rel=\"noopener\">Prohl\u00e9dnout n\u00e1\u0161 neutr\u00e1ln\u00ed digit\u00e1ln\u00ed katalog<\/a><\/div>\n<\/div>\n\n\n\n<p>To znamen\u00e1, \u017ee ji\u017e nemus\u00edte investovat \u010das a energii do tvorby nov\u00fdch marketingov\u00fdch materi\u00e1l\u016f, jeliko\u017e my u\u017e jsme je pro V\u00e1s p\u0159ipravily. Nev\u00e1hejte a zvy\u0161te Va\u0161e prodeje!<\/p>\n<\/div><\/div>\n\n\n\n<div class=\"wp-block-media-text alignwide has-media-on-the-right is-stacked-on-mobile is-image-fill-element image-text-2\"><div class=\"wp-block-media-text__content\">\n<h2 class=\"wp-block-heading\">Online katalog s Va\u0161\u00edm brandigem<\/h2>\n\n\n\n<p>Univerz\u00e1ln\u00ed katalog m\u016f\u017ee b\u00fdt je\u0161t\u011b v\u00edce speci\u00e1ln\u00ed d\u00edky Va\u0161emu vlastn\u00edmu brandingu. Um\u00edst\u011bte na tituln\u00ed a zadn\u00ed stranu katalogu vlastn\u00ed logo a firemn\u00ed barvy a vystupte z davu.<\/p>\n\n\n\n<p>Co je pot\u0159eba? Jednodu\u0161e n\u00e1m za\u0161lete tituln\u00ed a zadn\u00ed stranu podle Va\u0161ich p\u0159edstav ve form\u00e1tu A4 a my u\u017e se postar\u00e1me o zbytek!<\/p>\n\n\n\n<p>D\u00e1le je mo\u017en\u00e9 vizu\u00e1ln\u011b p\u0159izp\u016fsobit i vnit\u0159n\u00ed strany katalogu Va\u0161im p\u0159\u00e1n\u00edm a pot\u0159eb\u00e1m. V takov\u00e9m p\u0159\u00edpad\u011b V\u00e1m za\u0161leme n\u00e1\u0161 pracovn\u00ed soubor, do kter\u00e9ho m\u016f\u017eete zm\u011bny p\u0159\u00edmo zaznamen\u00e1vat. O mo\u017enostech se pros\u00edm pora\u010fte s na\u0161\u00edm marketingov\u00fdm t\u00fdmem.<\/p>\n\n\n\n<div class=\"wp-block-buttons is-layout-flex wp-block-buttons-is-layout-flex\">\n<div class=\"wp-block-button\"><a class=\"wp-block-button__link wp-element-button\" href=\"mailto:marketing@showdowndisplays.eu\">Po\u017e\u00e1dat o katalog na m\u00edru<\/a><\/div>\n<\/div>\n<\/div><figure class=\"wp-block-media-text__media\"><img data-aspectratio=\"768\/1024\" src=\"data:image\/gif;base64,R0lGODlhAQABAIAAAAAAAP\/\/\/yH5BAEAAAAALAAAAAABAAEAAAIBRAA7\" decoding=\"async\" width=\"768\" height=\"1024\" data-src=\"https:\/\/www.showdowndisplays.eu\/wp-content\/uploads\/2021\/04\/Visual-2-Digitale-branded-catalogus-768x1024.jpg\" alt=\"\" class=\"wp-image-9128 size-full lazyload\" style=\"object-position:50% 50%\" data-srcset=\"https:\/\/www.showdowndisplays.eu\/wp-content\/uploads\/2021\/04\/Visual-2-Digitale-branded-catalogus-768x1024.jpg 768w, https:\/\/www.showdowndisplays.eu\/wp-content\/uploads\/2021\/04\/Visual-2-Digitale-branded-catalogus-203x270.jpg 203w, https:\/\/www.showdowndisplays.eu\/wp-content\/uploads\/2021\/04\/Visual-2-Digitale-branded-catalogus-330x440.jpg 330w, https:\/\/www.showdowndisplays.eu\/wp-content\/uploads\/2021\/04\/Visual-2-Digitale-branded-catalogus-96x128.jpg 96w, https:\/\/www.showdowndisplays.eu\/wp-content\/uploads\/2021\/04\/Visual-2-Digitale-branded-catalogus-150x200.jpg 150w, https:\/\/www.showdowndisplays.eu\/wp-content\/uploads\/2021\/04\/Visual-2-Digitale-branded-catalogus.jpg 900w\" sizes=\"(max-width: 768px) 100vw, 768px\" \/><noscript><img decoding=\"async\" width=\"768\" height=\"1024\" src=\"https:\/\/www.showdowndisplays.eu\/wp-content\/uploads\/2021\/04\/Visual-2-Digitale-branded-catalogus-768x1024.jpg\" alt=\"\" class=\"wp-image-9128 size-full\" style=\"object-position:50% 50%\" srcset=\"https:\/\/www.showdowndisplays.eu\/wp-content\/uploads\/2021\/04\/Visual-2-Digitale-branded-catalogus-768x1024.jpg 768w, https:\/\/www.showdowndisplays.eu\/wp-content\/uploads\/2021\/04\/Visual-2-Digitale-branded-catalogus-203x270.jpg 203w, https:\/\/www.showdowndisplays.eu\/wp-content\/uploads\/2021\/04\/Visual-2-Digitale-branded-catalogus-330x440.jpg 330w, https:\/\/www.showdowndisplays.eu\/wp-content\/uploads\/2021\/04\/Visual-2-Digitale-branded-catalogus-96x128.jpg 96w, https:\/\/www.showdowndisplays.eu\/wp-content\/uploads\/2021\/04\/Visual-2-Digitale-branded-catalogus-150x200.jpg 150w, https:\/\/www.showdowndisplays.eu\/wp-content\/uploads\/2021\/04\/Visual-2-Digitale-branded-catalogus.jpg 900w\" sizes=\"(max-width: 768px) 100vw, 768px\" \/><\/noscript><\/figure><\/div>\n\n\n\n\n\n\n\n<div class=\"wp-block-media-text alignwide is-stacked-on-mobile is-image-fill-element image-text-2\"><figure class=\"wp-block-media-text__media\"><img data-aspectratio=\"900\/606\" src=\"data:image\/gif;base64,R0lGODlhAQABAIAAAAAAAP\/\/\/yH5BAEAAAAALAAAAAABAAEAAAIBRAA7\" decoding=\"async\" width=\"900\" height=\"606\" data-src=\"https:\/\/www.showdowndisplays.eu\/wp-content\/uploads\/2022\/01\/SDE_market_flyers.jpg\" alt=\"\" class=\"wp-image-16909 size-full lazyload\" style=\"object-position:50% 50%\" data-srcset=\"https:\/\/www.showdowndisplays.eu\/wp-content\/uploads\/2022\/01\/SDE_market_flyers.jpg 900w, https:\/\/www.showdowndisplays.eu\/wp-content\/uploads\/2022\/01\/SDE_market_flyers-401x270.jpg 401w, https:\/\/www.showdowndisplays.eu\/wp-content\/uploads\/2022\/01\/SDE_market_flyers-768x517.jpg 768w, https:\/\/www.showdowndisplays.eu\/wp-content\/uploads\/2022\/01\/SDE_market_flyers-380x256.jpg 380w, https:\/\/www.showdowndisplays.eu\/wp-content\/uploads\/2022\/01\/SDE_market_flyers-96x65.jpg 96w, https:\/\/www.showdowndisplays.eu\/wp-content\/uploads\/2022\/01\/SDE_market_flyers-200x135.jpg 200w\" sizes=\"(max-width: 900px) 100vw, 900px\" \/><noscript><img decoding=\"async\" width=\"900\" height=\"606\" src=\"https:\/\/www.showdowndisplays.eu\/wp-content\/uploads\/2022\/01\/SDE_market_flyers.jpg\" alt=\"\" class=\"wp-image-16909 size-full\" style=\"object-position:50% 50%\" srcset=\"https:\/\/www.showdowndisplays.eu\/wp-content\/uploads\/2022\/01\/SDE_market_flyers.jpg 900w, https:\/\/www.showdowndisplays.eu\/wp-content\/uploads\/2022\/01\/SDE_market_flyers-401x270.jpg 401w, https:\/\/www.showdowndisplays.eu\/wp-content\/uploads\/2022\/01\/SDE_market_flyers-768x517.jpg 768w, https:\/\/www.showdowndisplays.eu\/wp-content\/uploads\/2022\/01\/SDE_market_flyers-380x256.jpg 380w, https:\/\/www.showdowndisplays.eu\/wp-content\/uploads\/2022\/01\/SDE_market_flyers-96x65.jpg 96w, https:\/\/www.showdowndisplays.eu\/wp-content\/uploads\/2022\/01\/SDE_market_flyers-200x135.jpg 200w\" sizes=\"(max-width: 900px) 100vw, 900px\" \/><\/noscript><\/figure><div class=\"wp-block-media-text__content\">\n<h2 class=\"wp-block-heading\">Univerz\u00e1ln\u00ed online marketingov\u00e9 materi\u00e1ly pro Va\u0161e z\u00e1kazn\u00edky<\/h2>\n\n\n\n<p>Krom\u011b na\u0161eho univerz\u00e1ln\u00edho katalogu nab\u00edz\u00edme tak\u00e9 univerz\u00e1ln\u00ed bro\u017eury\/let\u00e1ky, kter\u00e9 m\u016f\u017eete sd\u00edlet se sv\u00fdmi z\u00e1kazn\u00edky. P\u0159\u00edpravili jsme je pro V\u00e1s pro pou\u017eit\u00ed v n\u011bkolika odv\u011btv\u00edch, ur\u010dit\u011b v nich tak najdete i oblast Va\u0161eho podnik\u00e1n\u00ed. Jste zv\u011bdav\u00ed, jak\u00e9 let\u00e1ky jsme p\u0159ipravili pro sd\u00edlen\u00ed s va\u0161imi z\u00e1kazn\u00edky?<\/p>\n\n\n\n<div class=\"wp-block-buttons is-layout-flex wp-block-buttons-is-layout-flex\">\n<div class=\"wp-block-button\"><a class=\"wp-block-button__link wp-element-button\" href=\"https:\/\/www.showdowndisplays.eu\/cs\/zdroje\/\" target=\"_blank\" rel=\"noreferrer noopener\">Prohl\u00e9dnout na\u0161e neutr\u00e1ln\u00ed let\u00e1ky<\/a><\/div>\n<\/div>\n<\/div><\/div>\n\n\n\n<div style=\"height:20px\" aria-hidden=\"true\" class=\"wp-block-spacer\"><\/div>\n\n\n\n<h2 class=\"wp-block-heading has-text-align-center\">Souvisej\u00edc\u00ed str\u00e1nky<\/h2>\n\n\n    <div class=\"marketing\">\r\n                                <div class=\"marketing__item marketing__item--4\">\r\n\r\n                <div class=\"marketing__image\">\r\n                    <img data-aspectratio=\"380\/238\" decoding=\"async\" width=\"380\" height=\"238\" data-aspectratio=\"380\/238\" src=\"data:image\/gif;base64,R0lGODlhAQABAIAAAAAAAP\/\/\/yH5BAEAAAAALAAAAAABAAEAAAIBRAA7\" data-src=\"https:\/\/www.showdowndisplays.eu\/wp-content\/uploads\/2021\/01\/Product-photos-and-videos-3-380x238.jpg\" class=\"attachment-about-us size-about-us lazyload\" alt=\" width\" data-srcset=\"https:\/\/www.showdowndisplays.eu\/wp-content\/uploads\/2021\/01\/Product-photos-and-videos-3-380x238.jpg 380w, https:\/\/www.showdowndisplays.eu\/wp-content\/uploads\/2021\/01\/Product-photos-and-videos-3-432x270.jpg 432w, https:\/\/www.showdowndisplays.eu\/wp-content\/uploads\/2021\/01\/Product-photos-and-videos-3-1024x640.jpg 1024w, https:\/\/www.showdowndisplays.eu\/wp-content\/uploads\/2021\/01\/Product-photos-and-videos-3-768x480.jpg 768w, https:\/\/www.showdowndisplays.eu\/wp-content\/uploads\/2021\/01\/Product-photos-and-videos-3-1536x960.jpg 1536w, https:\/\/www.showdowndisplays.eu\/wp-content\/uploads\/2021\/01\/Product-photos-and-videos-3-96x60.jpg 96w, https:\/\/www.showdowndisplays.eu\/wp-content\/uploads\/2021\/01\/Product-photos-and-videos-3-200x125.jpg 200w, https:\/\/www.showdowndisplays.eu\/wp-content\/uploads\/2021\/01\/Product-photos-and-videos-3.jpg 1600w\" sizes=\"(max-width: 380px) 100vw, 380px\" \/><noscript><img decoding=\"async\" width=\"380\" height=\"238\" data-aspectratio=\"380\/238\" src=\"data:image\/gif;base64,R0lGODlhAQABAIAAAAAAAP\/\/\/yH5BAEAAAAALAAAAAABAAEAAAIBRAA7\" data-src=\"https:\/\/www.showdowndisplays.eu\/wp-content\/uploads\/2021\/01\/Product-photos-and-videos-3-380x238.jpg\" class=\"attachment-about-us size-about-us lazyload\" alt=\" width\" data-srcset=\"https:\/\/www.showdowndisplays.eu\/wp-content\/uploads\/2021\/01\/Product-photos-and-videos-3-380x238.jpg 380w, https:\/\/www.showdowndisplays.eu\/wp-content\/uploads\/2021\/01\/Product-photos-and-videos-3-432x270.jpg 432w, https:\/\/www.showdowndisplays.eu\/wp-content\/uploads\/2021\/01\/Product-photos-and-videos-3-1024x640.jpg 1024w, https:\/\/www.showdowndisplays.eu\/wp-content\/uploads\/2021\/01\/Product-photos-and-videos-3-768x480.jpg 768w, https:\/\/www.showdowndisplays.eu\/wp-content\/uploads\/2021\/01\/Product-photos-and-videos-3-1536x960.jpg 1536w, https:\/\/www.showdowndisplays.eu\/wp-content\/uploads\/2021\/01\/Product-photos-and-videos-3-96x60.jpg 96w, https:\/\/www.showdowndisplays.eu\/wp-content\/uploads\/2021\/01\/Product-photos-and-videos-3-200x125.jpg 200w, https:\/\/www.showdowndisplays.eu\/wp-content\/uploads\/2021\/01\/Product-photos-and-videos-3.jpg 1600w\" sizes=\"(max-width: 380px) 100vw, 380px\" \/><\/noscript>                <\/div>\r\n                <div class=\"marketing__content-wrapper global-style\">\r\n                                            <div class=\"marketing__title-wrapper\">\r\n                            <h3>Produktov\u00e9 fotografie a videa<\/h3>\r\n                        <\/div>\r\n                                        <div class=\"marketing__content\">\r\n                                            <\/div>\r\n                <\/div>\r\n\r\n                                    <a href=\"https:\/\/www.showdowndisplays.eu\/cs\/marketingova-podpora\/produktove-fotografie-a-videa\/\" class=\"marketing__read-more link-with-arrow link-with-arrow--blue\">\u010c\u00edst d\u00e1le<\/a>\r\n                \r\n            <\/div>\r\n\r\n                                <div class=\"marketing__item marketing__item--4\">\r\n\r\n                <div class=\"marketing__image\">\r\n                    <img data-aspectratio=\"380\/238\" decoding=\"async\" width=\"380\" height=\"238\" data-aspectratio=\"380\/238\" src=\"data:image\/gif;base64,R0lGODlhAQABAIAAAAAAAP\/\/\/yH5BAEAAAAALAAAAAABAAEAAAIBRAA7\" data-src=\"https:\/\/www.showdowndisplays.eu\/wp-content\/uploads\/2021\/02\/20210113-Sample-box-4-380x238.jpg\" class=\"attachment-about-us size-about-us lazyload\" alt=\" width\" data-srcset=\"https:\/\/www.showdowndisplays.eu\/wp-content\/uploads\/2021\/02\/20210113-Sample-box-4-380x238.jpg 380w, https:\/\/www.showdowndisplays.eu\/wp-content\/uploads\/2021\/02\/20210113-Sample-box-4-431x270.jpg 431w, https:\/\/www.showdowndisplays.eu\/wp-content\/uploads\/2021\/02\/20210113-Sample-box-4-768x481.jpg 768w, https:\/\/www.showdowndisplays.eu\/wp-content\/uploads\/2021\/02\/20210113-Sample-box-4-96x60.jpg 96w, https:\/\/www.showdowndisplays.eu\/wp-content\/uploads\/2021\/02\/20210113-Sample-box-4-200x125.jpg 200w, https:\/\/www.showdowndisplays.eu\/wp-content\/uploads\/2021\/02\/20210113-Sample-box-4.jpg 896w\" sizes=\"(max-width: 380px) 100vw, 380px\" \/><noscript><img decoding=\"async\" width=\"380\" height=\"238\" data-aspectratio=\"380\/238\" src=\"data:image\/gif;base64,R0lGODlhAQABAIAAAAAAAP\/\/\/yH5BAEAAAAALAAAAAABAAEAAAIBRAA7\" data-src=\"https:\/\/www.showdowndisplays.eu\/wp-content\/uploads\/2021\/02\/20210113-Sample-box-4-380x238.jpg\" class=\"attachment-about-us size-about-us lazyload\" alt=\" width\" data-srcset=\"https:\/\/www.showdowndisplays.eu\/wp-content\/uploads\/2021\/02\/20210113-Sample-box-4-380x238.jpg 380w, https:\/\/www.showdowndisplays.eu\/wp-content\/uploads\/2021\/02\/20210113-Sample-box-4-431x270.jpg 431w, https:\/\/www.showdowndisplays.eu\/wp-content\/uploads\/2021\/02\/20210113-Sample-box-4-768x481.jpg 768w, https:\/\/www.showdowndisplays.eu\/wp-content\/uploads\/2021\/02\/20210113-Sample-box-4-96x60.jpg 96w, https:\/\/www.showdowndisplays.eu\/wp-content\/uploads\/2021\/02\/20210113-Sample-box-4-200x125.jpg 200w, https:\/\/www.showdowndisplays.eu\/wp-content\/uploads\/2021\/02\/20210113-Sample-box-4.jpg 896w\" sizes=\"(max-width: 380px) 100vw, 380px\" \/><\/noscript>                <\/div>\r\n                <div class=\"marketing__content-wrapper global-style\">\r\n                                            <div class=\"marketing__title-wrapper\">\r\n                            <h3>Va\u0161e vlastn\u00ed vzorky<\/h3>\r\n                        <\/div>\r\n                                        <div class=\"marketing__content\">\r\n                                            <\/div>\r\n                <\/div>\r\n\r\n                                    <a href=\"https:\/\/www.showdowndisplays.eu\/cs\/marketingova-podpora\/vase-vlastni-vzorky\/\" class=\"marketing__read-more link-with-arrow link-with-arrow--blue\">\u010c\u00edst d\u00e1le<\/a>\r\n                \r\n            <\/div>\r\n\r\n                                <div class=\"marketing__item marketing__item--4\">\r\n\r\n                <div class=\"marketing__image\">\r\n                    <img data-aspectratio=\"380\/238\" decoding=\"async\" width=\"380\" height=\"238\" data-aspectratio=\"380\/238\" src=\"data:image\/gif;base64,R0lGODlhAQABAIAAAAAAAP\/\/\/yH5BAEAAAAALAAAAAABAAEAAAIBRAA7\" data-src=\"https:\/\/www.showdowndisplays.eu\/wp-content\/uploads\/2021\/01\/Inspirational-content-2-380x238.png\" class=\"attachment-about-us size-about-us lazyload\" alt=\" width\" data-srcset=\"https:\/\/www.showdowndisplays.eu\/wp-content\/uploads\/2021\/01\/Inspirational-content-2-380x238.png 380w, https:\/\/www.showdowndisplays.eu\/wp-content\/uploads\/2021\/01\/Inspirational-content-2-432x270.png 432w, https:\/\/www.showdowndisplays.eu\/wp-content\/uploads\/2021\/01\/Inspirational-content-2-1024x640.png 1024w, https:\/\/www.showdowndisplays.eu\/wp-content\/uploads\/2021\/01\/Inspirational-content-2-768x480.png 768w, https:\/\/www.showdowndisplays.eu\/wp-content\/uploads\/2021\/01\/Inspirational-content-2-1536x960.png 1536w, https:\/\/www.showdowndisplays.eu\/wp-content\/uploads\/2021\/01\/Inspirational-content-2-96x60.png 96w, https:\/\/www.showdowndisplays.eu\/wp-content\/uploads\/2021\/01\/Inspirational-content-2-200x125.png 200w, https:\/\/www.showdowndisplays.eu\/wp-content\/uploads\/2021\/01\/Inspirational-content-2.png 1600w\" sizes=\"(max-width: 380px) 100vw, 380px\" \/><noscript><img decoding=\"async\" width=\"380\" height=\"238\" data-aspectratio=\"380\/238\" src=\"data:image\/gif;base64,R0lGODlhAQABAIAAAAAAAP\/\/\/yH5BAEAAAAALAAAAAABAAEAAAIBRAA7\" data-src=\"https:\/\/www.showdowndisplays.eu\/wp-content\/uploads\/2021\/01\/Inspirational-content-2-380x238.png\" class=\"attachment-about-us size-about-us lazyload\" alt=\" width\" data-srcset=\"https:\/\/www.showdowndisplays.eu\/wp-content\/uploads\/2021\/01\/Inspirational-content-2-380x238.png 380w, https:\/\/www.showdowndisplays.eu\/wp-content\/uploads\/2021\/01\/Inspirational-content-2-432x270.png 432w, https:\/\/www.showdowndisplays.eu\/wp-content\/uploads\/2021\/01\/Inspirational-content-2-1024x640.png 1024w, https:\/\/www.showdowndisplays.eu\/wp-content\/uploads\/2021\/01\/Inspirational-content-2-768x480.png 768w, https:\/\/www.showdowndisplays.eu\/wp-content\/uploads\/2021\/01\/Inspirational-content-2-1536x960.png 1536w, https:\/\/www.showdowndisplays.eu\/wp-content\/uploads\/2021\/01\/Inspirational-content-2-96x60.png 96w, https:\/\/www.showdowndisplays.eu\/wp-content\/uploads\/2021\/01\/Inspirational-content-2-200x125.png 200w, https:\/\/www.showdowndisplays.eu\/wp-content\/uploads\/2021\/01\/Inspirational-content-2.png 1600w\" sizes=\"(max-width: 380px) 100vw, 380px\" \/><\/noscript>                <\/div>\r\n                <div class=\"marketing__content-wrapper global-style\">\r\n                                            <div class=\"marketing__title-wrapper\">\r\n                            <h3>N\u00e1vrhy obsahu pro inspiraci<\/h3>\r\n                        <\/div>\r\n                                        <div class=\"marketing__content\">\r\n                                            <\/div>\r\n                <\/div>\r\n\r\n                                    <a href=\"https:\/\/www.showdowndisplays.eu\/cs\/marketingova-podpora\/inspirativni-obsah\/\" class=\"marketing__read-more link-with-arrow link-with-arrow--blue\">\u010c\u00edst d\u00e1le<\/a>\r\n                \r\n            <\/div>\r\n\r\n                                <div class=\"marketing__item marketing__item--4\">\r\n\r\n                <div class=\"marketing__image\">\r\n                    <img data-aspectratio=\"380\/238\" decoding=\"async\" width=\"380\" height=\"238\" data-aspectratio=\"380\/238\" src=\"data:image\/gif;base64,R0lGODlhAQABAIAAAAAAAP\/\/\/yH5BAEAAAAALAAAAAABAAEAAAIBRAA7\" data-src=\"https:\/\/www.showdowndisplays.eu\/wp-content\/uploads\/2021\/01\/Practical-Information-2-380x238.jpg\" class=\"attachment-about-us size-about-us lazyload\" alt=\" width\" data-srcset=\"https:\/\/www.showdowndisplays.eu\/wp-content\/uploads\/2021\/01\/Practical-Information-2-380x238.jpg 380w, https:\/\/www.showdowndisplays.eu\/wp-content\/uploads\/2021\/01\/Practical-Information-2-431x270.jpg 431w, https:\/\/www.showdowndisplays.eu\/wp-content\/uploads\/2021\/01\/Practical-Information-2-1024x641.jpg 1024w, https:\/\/www.showdowndisplays.eu\/wp-content\/uploads\/2021\/01\/Practical-Information-2-768x481.jpg 768w, https:\/\/www.showdowndisplays.eu\/wp-content\/uploads\/2021\/01\/Practical-Information-2-1536x962.jpg 1536w, https:\/\/www.showdowndisplays.eu\/wp-content\/uploads\/2021\/01\/Practical-Information-2-96x60.jpg 96w, https:\/\/www.showdowndisplays.eu\/wp-content\/uploads\/2021\/01\/Practical-Information-2-200x125.jpg 200w, https:\/\/www.showdowndisplays.eu\/wp-content\/uploads\/2021\/01\/Practical-Information-2.jpg 1600w\" sizes=\"(max-width: 380px) 100vw, 380px\" \/><noscript><img decoding=\"async\" width=\"380\" height=\"238\" data-aspectratio=\"380\/238\" src=\"data:image\/gif;base64,R0lGODlhAQABAIAAAAAAAP\/\/\/yH5BAEAAAAALAAAAAABAAEAAAIBRAA7\" data-src=\"https:\/\/www.showdowndisplays.eu\/wp-content\/uploads\/2021\/01\/Practical-Information-2-380x238.jpg\" class=\"attachment-about-us size-about-us lazyload\" alt=\" width\" data-srcset=\"https:\/\/www.showdowndisplays.eu\/wp-content\/uploads\/2021\/01\/Practical-Information-2-380x238.jpg 380w, https:\/\/www.showdowndisplays.eu\/wp-content\/uploads\/2021\/01\/Practical-Information-2-431x270.jpg 431w, https:\/\/www.showdowndisplays.eu\/wp-content\/uploads\/2021\/01\/Practical-Information-2-1024x641.jpg 1024w, https:\/\/www.showdowndisplays.eu\/wp-content\/uploads\/2021\/01\/Practical-Information-2-768x481.jpg 768w, https:\/\/www.showdowndisplays.eu\/wp-content\/uploads\/2021\/01\/Practical-Information-2-1536x962.jpg 1536w, https:\/\/www.showdowndisplays.eu\/wp-content\/uploads\/2021\/01\/Practical-Information-2-96x60.jpg 96w, https:\/\/www.showdowndisplays.eu\/wp-content\/uploads\/2021\/01\/Practical-Information-2-200x125.jpg 200w, https:\/\/www.showdowndisplays.eu\/wp-content\/uploads\/2021\/01\/Practical-Information-2.jpg 1600w\" sizes=\"(max-width: 380px) 100vw, 380px\" \/><\/noscript>                <\/div>\r\n                <div class=\"marketing__content-wrapper global-style\">\r\n                                            <div class=\"marketing__title-wrapper\">\r\n                            <h3>Praktick\u00e9 informace<\/h3>\r\n                        <\/div>\r\n                                        <div class=\"marketing__content\">\r\n                                            <\/div>\r\n                <\/div>\r\n\r\n                                    <a href=\"https:\/\/www.showdowndisplays.eu\/cs\/marketingova-podpora\/prakticke-informace\/\" class=\"marketing__read-more link-with-arrow link-with-arrow--blue\">\u010c\u00edst d\u00e1le<\/a>\r\n                \r\n            <\/div>\r\n\r\n            <\/div>\r\n","protected":false},"excerpt":{"rendered":"<p>Souvisej\u00edc\u00ed str\u00e1nky<\/p>\n","protected":false},"author":3,"featured_media":0,"parent":5272,"menu_order":0,"comment_status":"closed","ping_status":"closed","template":"","meta":{"_acf_changed":false,"footnotes":""},"class_list":["post-9281","page","type-page","status-publish","hentry"],"acf":[],"_links":{"self":[{"href":"https:\/\/www.showdowndisplays.eu\/cs\/wp-json\/wp\/v2\/pages\/9281","targetHints":{"allow":["GET"]}}],"collection":[{"href":"https:\/\/www.showdowndisplays.eu\/cs\/wp-json\/wp\/v2\/pages"}],"about":[{"href":"https:\/\/www.showdowndisplays.eu\/cs\/wp-json\/wp\/v2\/types\/page"}],"author":[{"embeddable":true,"href":"https:\/\/www.showdowndisplays.eu\/cs\/wp-json\/wp\/v2\/users\/3"}],"replies":[{"embeddable":true,"href":"https:\/\/www.showdowndisplays.eu\/cs\/wp-json\/wp\/v2\/comments?post=9281"}],"version-history":[{"count":18,"href":"https:\/\/www.showdowndisplays.eu\/cs\/wp-json\/wp\/v2\/pages\/9281\/revisions"}],"predecessor-version":[{"id":53164,"href":"https:\/\/www.showdowndisplays.eu\/cs\/wp-json\/wp\/v2\/pages\/9281\/revisions\/53164"}],"up":[{"embeddable":true,"href":"https:\/\/www.showdowndisplays.eu\/cs\/wp-json\/wp\/v2\/pages\/5272"}],"wp:attachment":[{"href":"https:\/\/www.showdowndisplays.eu\/cs\/wp-json\/wp\/v2\/media?parent=9281"}],"curies":[{"name":"wp","href":"https:\/\/api.w.org\/{rel}","templated":true}]}}