{"id":9237,"date":"2021-02-25T14:22:52","date_gmt":"2021-02-25T14:22:52","guid":{"rendered":"https:\/\/www.showdowndisplays.eu\/marketingova-podpora\/product-photos-and-videos\/"},"modified":"2021-08-23T14:01:22","modified_gmt":"2021-08-23T14:01:22","slug":"produktove-fotografie-a-videa","status":"publish","type":"page","link":"https:\/\/www.showdowndisplays.eu\/cs\/marketingova-podpora\/produktove-fotografie-a-videa\/","title":{"rendered":"Produktov\u00e9 fotografie a videa"},"content":{"rendered":"\n<div class=\"wp-block-media-text alignwide is-stacked-on-mobile is-image-fill image-text-2\"><figure class=\"wp-block-media-text__media\" style=\"background-image:url(https:\/\/www.showdowndisplays.eu\/wp-content\/uploads\/2021\/07\/Product-images-3.png);background-position:50% 50%\"><img data-aspectratio=\"1024\/682\" src=\"data:image\/gif;base64,R0lGODlhAQABAIAAAAAAAP\/\/\/yH5BAEAAAAALAAAAAABAAEAAAIBRAA7\" decoding=\"async\" width=\"1024\" height=\"682\" data-src=\"https:\/\/www.showdowndisplays.eu\/wp-content\/uploads\/2021\/07\/Product-images-3.png\" alt=\"\" class=\"wp-image-12877 lazyload\" data-srcset=\"https:\/\/www.showdowndisplays.eu\/wp-content\/uploads\/2021\/07\/Product-images-3.png 1024w, https:\/\/www.showdowndisplays.eu\/wp-content\/uploads\/2021\/07\/Product-images-3-405x270.png 405w, https:\/\/www.showdowndisplays.eu\/wp-content\/uploads\/2021\/07\/Product-images-3-768x512.png 768w, https:\/\/www.showdowndisplays.eu\/wp-content\/uploads\/2021\/07\/Product-images-3-380x253.png 380w, https:\/\/www.showdowndisplays.eu\/wp-content\/uploads\/2021\/07\/Product-images-3-96x64.png 96w, https:\/\/www.showdowndisplays.eu\/wp-content\/uploads\/2021\/07\/Product-images-3-200x133.png 200w\" sizes=\"(max-width: 1024px) 100vw, 1024px\" \/><noscript><img decoding=\"async\" width=\"1024\" height=\"682\" src=\"https:\/\/www.showdowndisplays.eu\/wp-content\/uploads\/2021\/07\/Product-images-3.png\" alt=\"\" class=\"wp-image-12877\" srcset=\"https:\/\/www.showdowndisplays.eu\/wp-content\/uploads\/2021\/07\/Product-images-3.png 1024w, https:\/\/www.showdowndisplays.eu\/wp-content\/uploads\/2021\/07\/Product-images-3-405x270.png 405w, https:\/\/www.showdowndisplays.eu\/wp-content\/uploads\/2021\/07\/Product-images-3-768x512.png 768w, https:\/\/www.showdowndisplays.eu\/wp-content\/uploads\/2021\/07\/Product-images-3-380x253.png 380w, https:\/\/www.showdowndisplays.eu\/wp-content\/uploads\/2021\/07\/Product-images-3-96x64.png 96w, https:\/\/www.showdowndisplays.eu\/wp-content\/uploads\/2021\/07\/Product-images-3-200x133.png 200w\" sizes=\"(max-width: 1024px) 100vw, 1024px\" \/><\/noscript><\/figure><div class=\"wp-block-media-text__content\">\n<h2 class=\"wp-block-heading\">Produktov\u00e9 fotografie<\/h2>\n\n\n\n<p>V\u00edce ne\u017e tis\u00edc slov. Prost\u0159ednictv\u00edm fotografie se mohou z\u00e1kazn\u00edci dozv\u011bd\u011bt o Va\u0161ich produktech mnohem v\u00edce. Z toho d\u016fvodu disponujeme s\u00e9ri\u00ed univerz\u00e1ln\u00edch fotografi\u00ed u ka\u017ed\u00e9ho produktu, kter\u00e9 m\u016f\u017eete pou\u017e\u00edt k propagaci na sv\u00e9 prodejn\u00ed platform\u011b. Tyto obr\u00e1zky na na\u0161\u00ed online platform\u011b u konkr\u00e9tn\u00edho produktu. Najdete zde fotografie cel\u00e9ho produktu, kter\u00e9 si lze libovoln\u011b p\u0159ibl\u00ed\u017eit na po\u017eadovan\u00fd detail. Proto\u017ee v\u00edme, \u017ee i tento detail m\u016f\u017ee zm\u011bnit n\u00e1kupn\u00ed rozhodov\u00e1n\u00ed Va\u0161ich z\u00e1kazn\u00edk\u016f.<\/p>\n<\/div><\/div>\n\n\n\n<div class=\"wp-block-columns block-white-background is-layout-flex wp-container-core-columns-is-layout-9d6595d7 wp-block-columns-is-layout-flex\">\n<div class=\"wp-block-column is-layout-flow wp-block-column-is-layout-flow\">\n<h2 class=\"wp-block-heading\">Propaga\u010dn\u00ed a instrukt\u00e1\u017en\u00ed videa<\/h2>\n\n\n\n<p>Krom\u011b na\u0161ich produktov\u00fdch fotografi\u00ed jsme v sou\u010dasn\u00e9 dob\u011b zanepr\u00e1zdn\u011bni roz\u0161i\u0159ov\u00e1n\u00edm nab\u00eddky instrukt\u00e1\u017en\u00edch a propaga\u010dn\u00edch vide\u00ed. Instrukt\u00e1\u017en\u00ed videa V\u00e1m pomohou s mont\u00e1\u017e\u00ed produktu, zat\u00edmco na propaga\u010dn\u00edch vide\u00edch uvid\u00edte, co v\u0161e dan\u00fd produkt nab\u00edz\u00ed a jak jej lze pou\u017e\u00edt. Jedin\u011b tak um\u00edst\u00edte produkt na to spr\u00e1vn\u00e9 m\u00edsto. Mo\u017enosti jsou nekone\u010dn\u00e9!<\/p>\n\n\n\n<div class=\"wp-block-buttons is-layout-flex wp-block-buttons-is-layout-flex\">\n<div class=\"wp-block-button\"><a class=\"wp-block-button__link\" href=\"https:\/\/www.showdowndisplays.eu\/cs\/marketingova-podpora\/instruktazni-videa\/\" target=\"_blank\" rel=\"noreferrer noopener\">Pod\u00edvejte se na na\u0161e instrukt\u00e1\u017en\u00ed a propaga\u010dn\u00ed videa<\/a><\/div>\n<\/div>\n<\/div>\n\n\n\n<div class=\"wp-block-column is-layout-flow wp-block-column-is-layout-flow\">\n<figure class=\"wp-block-embed-vimeo wp-block-embed is-type-video is-provider-vimeo wp-embed-aspect-16-9 wp-has-aspect-ratio\"><div class=\"wp-block-embed__wrapper\">\n<iframe loading=\"lazy\" title=\"Kids Sanitisers\" src=\"https:\/\/player.vimeo.com\/video\/472185909?dnt=1&amp;app_id=122963\" width=\"500\" height=\"281\" frameborder=\"0\" allow=\"autoplay; fullscreen; picture-in-picture; clipboard-write\"><\/iframe>\n<\/div><\/figure>\n<\/div>\n<\/div>\n\n\n\n<div class=\"wp-block-media-text alignwide is-stacked-on-mobile is-image-fill image-text-2\"><figure class=\"wp-block-media-text__media\" style=\"background-image:url(https:\/\/www.showdowndisplays.eu\/wp-content\/uploads\/2021\/04\/SDE_banner_DISHOP_1_1200x700-1024x597.jpg);background-position:50% 50%\"><img data-aspectratio=\"1024\/597\" src=\"data:image\/gif;base64,R0lGODlhAQABAIAAAAAAAP\/\/\/yH5BAEAAAAALAAAAAABAAEAAAIBRAA7\" decoding=\"async\" width=\"1024\" height=\"597\" data-src=\"https:\/\/www.showdowndisplays.eu\/wp-content\/uploads\/2021\/04\/SDE_banner_DISHOP_1_1200x700-1024x597.jpg\" alt=\"\" class=\"wp-image-9194 lazyload\" data-srcset=\"https:\/\/www.showdowndisplays.eu\/wp-content\/uploads\/2021\/04\/SDE_banner_DISHOP_1_1200x700-1024x597.jpg 1024w, https:\/\/www.showdowndisplays.eu\/wp-content\/uploads\/2021\/04\/SDE_banner_DISHOP_1_1200x700-463x270.jpg 463w, https:\/\/www.showdowndisplays.eu\/wp-content\/uploads\/2021\/04\/SDE_banner_DISHOP_1_1200x700-768x448.jpg 768w, https:\/\/www.showdowndisplays.eu\/wp-content\/uploads\/2021\/04\/SDE_banner_DISHOP_1_1200x700-380x222.jpg 380w, https:\/\/www.showdowndisplays.eu\/wp-content\/uploads\/2021\/04\/SDE_banner_DISHOP_1_1200x700-96x56.jpg 96w, https:\/\/www.showdowndisplays.eu\/wp-content\/uploads\/2021\/04\/SDE_banner_DISHOP_1_1200x700-200x117.jpg 200w, https:\/\/www.showdowndisplays.eu\/wp-content\/uploads\/2021\/04\/SDE_banner_DISHOP_1_1200x700.jpg 1200w\" sizes=\"(max-width: 1024px) 100vw, 1024px\" \/><noscript><img decoding=\"async\" width=\"1024\" height=\"597\" src=\"https:\/\/www.showdowndisplays.eu\/wp-content\/uploads\/2021\/04\/SDE_banner_DISHOP_1_1200x700-1024x597.jpg\" alt=\"\" class=\"wp-image-9194\" srcset=\"https:\/\/www.showdowndisplays.eu\/wp-content\/uploads\/2021\/04\/SDE_banner_DISHOP_1_1200x700-1024x597.jpg 1024w, https:\/\/www.showdowndisplays.eu\/wp-content\/uploads\/2021\/04\/SDE_banner_DISHOP_1_1200x700-463x270.jpg 463w, https:\/\/www.showdowndisplays.eu\/wp-content\/uploads\/2021\/04\/SDE_banner_DISHOP_1_1200x700-768x448.jpg 768w, https:\/\/www.showdowndisplays.eu\/wp-content\/uploads\/2021\/04\/SDE_banner_DISHOP_1_1200x700-380x222.jpg 380w, https:\/\/www.showdowndisplays.eu\/wp-content\/uploads\/2021\/04\/SDE_banner_DISHOP_1_1200x700-96x56.jpg 96w, https:\/\/www.showdowndisplays.eu\/wp-content\/uploads\/2021\/04\/SDE_banner_DISHOP_1_1200x700-200x117.jpg 200w, https:\/\/www.showdowndisplays.eu\/wp-content\/uploads\/2021\/04\/SDE_banner_DISHOP_1_1200x700.jpg 1200w\" sizes=\"(max-width: 1024px) 100vw, 1024px\" \/><\/noscript><\/figure><div class=\"wp-block-media-text__content\">\n<h2 class=\"wp-block-heading\">Obr\u00e1zky ve vysok\u00e9m rozli\u0161en\u00ed pro tisk<\/h2>\n\n\n\n<p>Fotografie na\u0161ich produkt\u016f jsou k dispozici v r\u016fzn\u00fdch rozli\u0161en\u00edch. Fotografie, kter\u00e9 najdete na na\u0161\u00ed online platform\u011b, jsou ide\u00e1ln\u00ed pro online pou\u017eit\u00ed. Chcete tisknout obr\u00e1zky, nap\u0159\u00edklad do katalogu? V tom p\u0159\u00edpad\u011b pou\u017eijte na\u0161e vizu\u00e1ly ve vy\u0161\u0161\u00edm rozli\u0161en\u00ed pro nejlep\u0161\u00ed kvalitu.<\/p>\n\n\n\n<div class=\"wp-block-buttons is-layout-flex wp-block-buttons-is-layout-flex\">\n<div class=\"wp-block-button\"><a class=\"wp-block-button__link\" href=\"mailto:marketing@showdowndisplays.eu\">Po\u017e\u00e1dat o na\u0161e obr\u00e1zky ve vysok\u00e9m rozli\u0161en\u00ed<\/a><\/div>\n<\/div>\n<\/div><\/div>\n\n\n\n<div style=\"height:20px\" aria-hidden=\"true\" class=\"wp-block-spacer\"><\/div>\n\n\n\n<h2 class=\"has-text-align-center wp-block-heading\">Souvisej\u00edc\u00ed str\u00e1nky<\/h2>\n\n\n    <div class=\"marketing\">\r\n                                <div class=\"marketing__item marketing__item--4\">\r\n\r\n                <div class=\"marketing__image\">\r\n                    <img data-aspectratio=\"380\/241\" decoding=\"async\" width=\"380\" height=\"241\" data-aspectratio=\"380\/241\" src=\"data:image\/gif;base64,R0lGODlhAQABAIAAAAAAAP\/\/\/yH5BAEAAAAALAAAAAABAAEAAAIBRAA7\" data-src=\"https:\/\/www.showdowndisplays.eu\/wp-content\/uploads\/2021\/01\/Your-own-catalogue-and-brochures-3-380x241.png\" class=\"attachment-about-us size-about-us lazyload\" alt=\" width\" data-srcset=\"https:\/\/www.showdowndisplays.eu\/wp-content\/uploads\/2021\/01\/Your-own-catalogue-and-brochures-3-380x241.png 380w, https:\/\/www.showdowndisplays.eu\/wp-content\/uploads\/2021\/01\/Your-own-catalogue-and-brochures-3-425x270.png 425w, https:\/\/www.showdowndisplays.eu\/wp-content\/uploads\/2021\/01\/Your-own-catalogue-and-brochures-3-1024x650.png 1024w, https:\/\/www.showdowndisplays.eu\/wp-content\/uploads\/2021\/01\/Your-own-catalogue-and-brochures-3-768x488.png 768w, https:\/\/www.showdowndisplays.eu\/wp-content\/uploads\/2021\/01\/Your-own-catalogue-and-brochures-3-1536x975.png 1536w, https:\/\/www.showdowndisplays.eu\/wp-content\/uploads\/2021\/01\/Your-own-catalogue-and-brochures-3-96x61.png 96w, https:\/\/www.showdowndisplays.eu\/wp-content\/uploads\/2021\/01\/Your-own-catalogue-and-brochures-3-200x127.png 200w, https:\/\/www.showdowndisplays.eu\/wp-content\/uploads\/2021\/01\/Your-own-catalogue-and-brochures-3.png 1575w\" sizes=\"(max-width: 380px) 100vw, 380px\" \/><noscript><img decoding=\"async\" width=\"380\" height=\"241\" data-aspectratio=\"380\/241\" src=\"data:image\/gif;base64,R0lGODlhAQABAIAAAAAAAP\/\/\/yH5BAEAAAAALAAAAAABAAEAAAIBRAA7\" data-src=\"https:\/\/www.showdowndisplays.eu\/wp-content\/uploads\/2021\/01\/Your-own-catalogue-and-brochures-3-380x241.png\" class=\"attachment-about-us size-about-us lazyload\" alt=\" width\" data-srcset=\"https:\/\/www.showdowndisplays.eu\/wp-content\/uploads\/2021\/01\/Your-own-catalogue-and-brochures-3-380x241.png 380w, https:\/\/www.showdowndisplays.eu\/wp-content\/uploads\/2021\/01\/Your-own-catalogue-and-brochures-3-425x270.png 425w, https:\/\/www.showdowndisplays.eu\/wp-content\/uploads\/2021\/01\/Your-own-catalogue-and-brochures-3-1024x650.png 1024w, https:\/\/www.showdowndisplays.eu\/wp-content\/uploads\/2021\/01\/Your-own-catalogue-and-brochures-3-768x488.png 768w, https:\/\/www.showdowndisplays.eu\/wp-content\/uploads\/2021\/01\/Your-own-catalogue-and-brochures-3-1536x975.png 1536w, https:\/\/www.showdowndisplays.eu\/wp-content\/uploads\/2021\/01\/Your-own-catalogue-and-brochures-3-96x61.png 96w, https:\/\/www.showdowndisplays.eu\/wp-content\/uploads\/2021\/01\/Your-own-catalogue-and-brochures-3-200x127.png 200w, https:\/\/www.showdowndisplays.eu\/wp-content\/uploads\/2021\/01\/Your-own-catalogue-and-brochures-3.png 1575w\" sizes=\"(max-width: 380px) 100vw, 380px\" \/><\/noscript>                <\/div>\r\n                <div class=\"marketing__content-wrapper global-style\">\r\n                                            <div class=\"marketing__title-wrapper\">\r\n                            <h3>V\u00e1\u0161 vlastn\u00ed katalog a bro\u017eury<\/h3>\r\n                        <\/div>\r\n                                        <div class=\"marketing__content\">\r\n                                            <\/div>\r\n                <\/div>\r\n\r\n                                    <a href=\"https:\/\/www.showdowndisplays.eu\/cs\/marketingova-podpora\/vas-vlastni-katalog-a-brozury\/\"  class=\"marketing__read-more link-with-arrow link-with-arrow--blue\">\u010c\u00edst d\u00e1le<\/a>\r\n                \r\n            <\/div>\r\n\r\n                                <div class=\"marketing__item marketing__item--4\">\r\n\r\n                <div class=\"marketing__image\">\r\n                    <img data-aspectratio=\"380\/238\" decoding=\"async\" width=\"380\" height=\"238\" data-aspectratio=\"380\/238\" src=\"data:image\/gif;base64,R0lGODlhAQABAIAAAAAAAP\/\/\/yH5BAEAAAAALAAAAAABAAEAAAIBRAA7\" data-src=\"https:\/\/www.showdowndisplays.eu\/wp-content\/uploads\/2021\/02\/20210113-Sample-box-4-380x238.jpg\" class=\"attachment-about-us size-about-us lazyload\" alt=\" width\" data-srcset=\"https:\/\/www.showdowndisplays.eu\/wp-content\/uploads\/2021\/02\/20210113-Sample-box-4-380x238.jpg 380w, https:\/\/www.showdowndisplays.eu\/wp-content\/uploads\/2021\/02\/20210113-Sample-box-4-431x270.jpg 431w, https:\/\/www.showdowndisplays.eu\/wp-content\/uploads\/2021\/02\/20210113-Sample-box-4-768x481.jpg 768w, https:\/\/www.showdowndisplays.eu\/wp-content\/uploads\/2021\/02\/20210113-Sample-box-4-96x60.jpg 96w, https:\/\/www.showdowndisplays.eu\/wp-content\/uploads\/2021\/02\/20210113-Sample-box-4-200x125.jpg 200w, https:\/\/www.showdowndisplays.eu\/wp-content\/uploads\/2021\/02\/20210113-Sample-box-4.jpg 896w\" sizes=\"(max-width: 380px) 100vw, 380px\" \/><noscript><img decoding=\"async\" width=\"380\" height=\"238\" data-aspectratio=\"380\/238\" src=\"data:image\/gif;base64,R0lGODlhAQABAIAAAAAAAP\/\/\/yH5BAEAAAAALAAAAAABAAEAAAIBRAA7\" data-src=\"https:\/\/www.showdowndisplays.eu\/wp-content\/uploads\/2021\/02\/20210113-Sample-box-4-380x238.jpg\" class=\"attachment-about-us size-about-us lazyload\" alt=\" width\" data-srcset=\"https:\/\/www.showdowndisplays.eu\/wp-content\/uploads\/2021\/02\/20210113-Sample-box-4-380x238.jpg 380w, https:\/\/www.showdowndisplays.eu\/wp-content\/uploads\/2021\/02\/20210113-Sample-box-4-431x270.jpg 431w, https:\/\/www.showdowndisplays.eu\/wp-content\/uploads\/2021\/02\/20210113-Sample-box-4-768x481.jpg 768w, https:\/\/www.showdowndisplays.eu\/wp-content\/uploads\/2021\/02\/20210113-Sample-box-4-96x60.jpg 96w, https:\/\/www.showdowndisplays.eu\/wp-content\/uploads\/2021\/02\/20210113-Sample-box-4-200x125.jpg 200w, https:\/\/www.showdowndisplays.eu\/wp-content\/uploads\/2021\/02\/20210113-Sample-box-4.jpg 896w\" sizes=\"(max-width: 380px) 100vw, 380px\" \/><\/noscript>                <\/div>\r\n                <div class=\"marketing__content-wrapper global-style\">\r\n                                            <div class=\"marketing__title-wrapper\">\r\n                            <h3>Va\u0161e vlastn\u00ed vzorky<\/h3>\r\n                        <\/div>\r\n                                        <div class=\"marketing__content\">\r\n                                            <\/div>\r\n                <\/div>\r\n\r\n                                    <a href=\"https:\/\/www.showdowndisplays.eu\/cs\/marketingova-podpora\/vase-vlastni-vzorky\/\"  class=\"marketing__read-more link-with-arrow link-with-arrow--blue\">\u010c\u00edst d\u00e1le<\/a>\r\n                \r\n            <\/div>\r\n\r\n                                <div class=\"marketing__item marketing__item--4\">\r\n\r\n                <div class=\"marketing__image\">\r\n                    <img data-aspectratio=\"380\/238\" decoding=\"async\" width=\"380\" height=\"238\" data-aspectratio=\"380\/238\" src=\"data:image\/gif;base64,R0lGODlhAQABAIAAAAAAAP\/\/\/yH5BAEAAAAALAAAAAABAAEAAAIBRAA7\" data-src=\"https:\/\/www.showdowndisplays.eu\/wp-content\/uploads\/2021\/01\/Inspirational-content-2-380x238.png\" class=\"attachment-about-us size-about-us lazyload\" alt=\" width\" data-srcset=\"https:\/\/www.showdowndisplays.eu\/wp-content\/uploads\/2021\/01\/Inspirational-content-2-380x238.png 380w, https:\/\/www.showdowndisplays.eu\/wp-content\/uploads\/2021\/01\/Inspirational-content-2-432x270.png 432w, https:\/\/www.showdowndisplays.eu\/wp-content\/uploads\/2021\/01\/Inspirational-content-2-1024x640.png 1024w, https:\/\/www.showdowndisplays.eu\/wp-content\/uploads\/2021\/01\/Inspirational-content-2-768x480.png 768w, https:\/\/www.showdowndisplays.eu\/wp-content\/uploads\/2021\/01\/Inspirational-content-2-1536x960.png 1536w, https:\/\/www.showdowndisplays.eu\/wp-content\/uploads\/2021\/01\/Inspirational-content-2-96x60.png 96w, https:\/\/www.showdowndisplays.eu\/wp-content\/uploads\/2021\/01\/Inspirational-content-2-200x125.png 200w, https:\/\/www.showdowndisplays.eu\/wp-content\/uploads\/2021\/01\/Inspirational-content-2.png 1600w\" sizes=\"(max-width: 380px) 100vw, 380px\" \/><noscript><img decoding=\"async\" width=\"380\" height=\"238\" data-aspectratio=\"380\/238\" src=\"data:image\/gif;base64,R0lGODlhAQABAIAAAAAAAP\/\/\/yH5BAEAAAAALAAAAAABAAEAAAIBRAA7\" data-src=\"https:\/\/www.showdowndisplays.eu\/wp-content\/uploads\/2021\/01\/Inspirational-content-2-380x238.png\" class=\"attachment-about-us size-about-us lazyload\" alt=\" width\" data-srcset=\"https:\/\/www.showdowndisplays.eu\/wp-content\/uploads\/2021\/01\/Inspirational-content-2-380x238.png 380w, https:\/\/www.showdowndisplays.eu\/wp-content\/uploads\/2021\/01\/Inspirational-content-2-432x270.png 432w, https:\/\/www.showdowndisplays.eu\/wp-content\/uploads\/2021\/01\/Inspirational-content-2-1024x640.png 1024w, https:\/\/www.showdowndisplays.eu\/wp-content\/uploads\/2021\/01\/Inspirational-content-2-768x480.png 768w, https:\/\/www.showdowndisplays.eu\/wp-content\/uploads\/2021\/01\/Inspirational-content-2-1536x960.png 1536w, https:\/\/www.showdowndisplays.eu\/wp-content\/uploads\/2021\/01\/Inspirational-content-2-96x60.png 96w, https:\/\/www.showdowndisplays.eu\/wp-content\/uploads\/2021\/01\/Inspirational-content-2-200x125.png 200w, https:\/\/www.showdowndisplays.eu\/wp-content\/uploads\/2021\/01\/Inspirational-content-2.png 1600w\" sizes=\"(max-width: 380px) 100vw, 380px\" \/><\/noscript>                <\/div>\r\n                <div class=\"marketing__content-wrapper global-style\">\r\n                                            <div class=\"marketing__title-wrapper\">\r\n                            <h3>N\u00e1vrhy obsahu pro inspiraci<\/h3>\r\n                        <\/div>\r\n                                        <div class=\"marketing__content\">\r\n                                            <\/div>\r\n                <\/div>\r\n\r\n                                    <a href=\"https:\/\/www.showdowndisplays.eu\/cs\/marketingova-podpora\/inspirativni-obsah\/\"  class=\"marketing__read-more link-with-arrow link-with-arrow--blue\">\u010c\u00edst d\u00e1le<\/a>\r\n                \r\n            <\/div>\r\n\r\n                                <div class=\"marketing__item marketing__item--4\">\r\n\r\n                <div class=\"marketing__image\">\r\n                    <img data-aspectratio=\"380\/238\" decoding=\"async\" width=\"380\" height=\"238\" data-aspectratio=\"380\/238\" src=\"data:image\/gif;base64,R0lGODlhAQABAIAAAAAAAP\/\/\/yH5BAEAAAAALAAAAAABAAEAAAIBRAA7\" data-src=\"https:\/\/www.showdowndisplays.eu\/wp-content\/uploads\/2021\/01\/Practical-Information-2-380x238.jpg\" class=\"attachment-about-us size-about-us lazyload\" alt=\" width\" data-srcset=\"https:\/\/www.showdowndisplays.eu\/wp-content\/uploads\/2021\/01\/Practical-Information-2-380x238.jpg 380w, https:\/\/www.showdowndisplays.eu\/wp-content\/uploads\/2021\/01\/Practical-Information-2-431x270.jpg 431w, https:\/\/www.showdowndisplays.eu\/wp-content\/uploads\/2021\/01\/Practical-Information-2-1024x641.jpg 1024w, https:\/\/www.showdowndisplays.eu\/wp-content\/uploads\/2021\/01\/Practical-Information-2-768x481.jpg 768w, https:\/\/www.showdowndisplays.eu\/wp-content\/uploads\/2021\/01\/Practical-Information-2-1536x962.jpg 1536w, https:\/\/www.showdowndisplays.eu\/wp-content\/uploads\/2021\/01\/Practical-Information-2-96x60.jpg 96w, https:\/\/www.showdowndisplays.eu\/wp-content\/uploads\/2021\/01\/Practical-Information-2-200x125.jpg 200w, https:\/\/www.showdowndisplays.eu\/wp-content\/uploads\/2021\/01\/Practical-Information-2.jpg 1600w\" sizes=\"(max-width: 380px) 100vw, 380px\" \/><noscript><img decoding=\"async\" width=\"380\" height=\"238\" data-aspectratio=\"380\/238\" src=\"data:image\/gif;base64,R0lGODlhAQABAIAAAAAAAP\/\/\/yH5BAEAAAAALAAAAAABAAEAAAIBRAA7\" data-src=\"https:\/\/www.showdowndisplays.eu\/wp-content\/uploads\/2021\/01\/Practical-Information-2-380x238.jpg\" class=\"attachment-about-us size-about-us lazyload\" alt=\" width\" data-srcset=\"https:\/\/www.showdowndisplays.eu\/wp-content\/uploads\/2021\/01\/Practical-Information-2-380x238.jpg 380w, https:\/\/www.showdowndisplays.eu\/wp-content\/uploads\/2021\/01\/Practical-Information-2-431x270.jpg 431w, https:\/\/www.showdowndisplays.eu\/wp-content\/uploads\/2021\/01\/Practical-Information-2-1024x641.jpg 1024w, https:\/\/www.showdowndisplays.eu\/wp-content\/uploads\/2021\/01\/Practical-Information-2-768x481.jpg 768w, https:\/\/www.showdowndisplays.eu\/wp-content\/uploads\/2021\/01\/Practical-Information-2-1536x962.jpg 1536w, https:\/\/www.showdowndisplays.eu\/wp-content\/uploads\/2021\/01\/Practical-Information-2-96x60.jpg 96w, https:\/\/www.showdowndisplays.eu\/wp-content\/uploads\/2021\/01\/Practical-Information-2-200x125.jpg 200w, https:\/\/www.showdowndisplays.eu\/wp-content\/uploads\/2021\/01\/Practical-Information-2.jpg 1600w\" sizes=\"(max-width: 380px) 100vw, 380px\" \/><\/noscript>                <\/div>\r\n                <div class=\"marketing__content-wrapper global-style\">\r\n                                            <div class=\"marketing__title-wrapper\">\r\n                            <h3>Praktick\u00e9 informace<\/h3>\r\n                        <\/div>\r\n                                        <div class=\"marketing__content\">\r\n                                            <\/div>\r\n                <\/div>\r\n\r\n                                    <a href=\"https:\/\/www.showdowndisplays.eu\/cs\/marketingova-podpora\/prakticke-informace\/\"  class=\"marketing__read-more link-with-arrow link-with-arrow--blue\">\u010c\u00edst d\u00e1le<\/a>\r\n                \r\n            <\/div>\r\n\r\n            <\/div>\r\n","protected":false},"excerpt":{"rendered":"<p>Produktov\u00e9 fotografie V\u00edce ne\u017e tis\u00edc slov. Prost\u0159ednictv\u00edm fotografie se mohou z\u00e1kazn\u00edci dozv\u011bd\u011bt o Va\u0161ich produktech mnohem v\u00edce. Z toho d\u016fvodu&#8230;<\/p>\n","protected":false},"author":3,"featured_media":0,"parent":5272,"menu_order":0,"comment_status":"closed","ping_status":"closed","template":"","meta":{"_acf_changed":false,"footnotes":""},"class_list":["post-9237","page","type-page","status-publish","hentry"],"acf":[],"_links":{"self":[{"href":"https:\/\/www.showdowndisplays.eu\/cs\/wp-json\/wp\/v2\/pages\/9237","targetHints":{"allow":["GET"]}}],"collection":[{"href":"https:\/\/www.showdowndisplays.eu\/cs\/wp-json\/wp\/v2\/pages"}],"about":[{"href":"https:\/\/www.showdowndisplays.eu\/cs\/wp-json\/wp\/v2\/types\/page"}],"author":[{"embeddable":true,"href":"https:\/\/www.showdowndisplays.eu\/cs\/wp-json\/wp\/v2\/users\/3"}],"replies":[{"embeddable":true,"href":"https:\/\/www.showdowndisplays.eu\/cs\/wp-json\/wp\/v2\/comments?post=9237"}],"version-history":[{"count":10,"href":"https:\/\/www.showdowndisplays.eu\/cs\/wp-json\/wp\/v2\/pages\/9237\/revisions"}],"predecessor-version":[{"id":13557,"href":"https:\/\/www.showdowndisplays.eu\/cs\/wp-json\/wp\/v2\/pages\/9237\/revisions\/13557"}],"up":[{"embeddable":true,"href":"https:\/\/www.showdowndisplays.eu\/cs\/wp-json\/wp\/v2\/pages\/5272"}],"wp:attachment":[{"href":"https:\/\/www.showdowndisplays.eu\/cs\/wp-json\/wp\/v2\/media?parent=9237"}],"curies":[{"name":"wp","href":"https:\/\/api.w.org\/{rel}","templated":true}]}}