{"id":6902,"date":"2020-11-18T14:45:40","date_gmt":"2020-11-18T14:45:40","guid":{"rendered":"https:\/\/www.showdowndisplays.eu\/marketing-support\/instruktazni-videa\/illuminated-displays\/"},"modified":"2022-07-19T08:07:56","modified_gmt":"2022-07-19T08:07:56","slug":"svetelne-poutace","status":"publish","type":"page","link":"https:\/\/www.showdowndisplays.eu\/cs\/marketingova-podpora\/instruktazni-videa\/svetelne-poutace\/","title":{"rendered":"Sv\u011bteln\u00e9 pouta\u010de"},"content":{"rendered":"","protected":false},"excerpt":{"rendered":"","protected":false},"author":3,"featured_media":0,"parent":5284,"menu_order":0,"comment_status":"closed","ping_status":"closed","template":"template-pages\/video.php","meta":{"_acf_changed":false,"footnotes":""},"class_list":["post-6902","page","type-page","status-publish","hentry"],"acf":[],"_links":{"self":[{"href":"https:\/\/www.showdowndisplays.eu\/cs\/wp-json\/wp\/v2\/pages\/6902","targetHints":{"allow":["GET"]}}],"collection":[{"href":"https:\/\/www.showdowndisplays.eu\/cs\/wp-json\/wp\/v2\/pages"}],"about":[{"href":"https:\/\/www.showdowndisplays.eu\/cs\/wp-json\/wp\/v2\/types\/page"}],"author":[{"embeddable":true,"href":"https:\/\/www.showdowndisplays.eu\/cs\/wp-json\/wp\/v2\/users\/3"}],"replies":[{"embeddable":true,"href":"https:\/\/www.showdowndisplays.eu\/cs\/wp-json\/wp\/v2\/comments?post=6902"}],"version-history":[{"count":10,"href":"https:\/\/www.showdowndisplays.eu\/cs\/wp-json\/wp\/v2\/pages\/6902\/revisions"}],"predecessor-version":[{"id":24273,"href":"https:\/\/www.showdowndisplays.eu\/cs\/wp-json\/wp\/v2\/pages\/6902\/revisions\/24273"}],"up":[{"embeddable":true,"href":"https:\/\/www.showdowndisplays.eu\/cs\/wp-json\/wp\/v2\/pages\/5284"}],"wp:attachment":[{"href":"https:\/\/www.showdowndisplays.eu\/cs\/wp-json\/wp\/v2\/media?parent=6902"}],"curies":[{"name":"wp","href":"https:\/\/api.w.org\/{rel}","templated":true}]}}