{"id":5294,"date":"2020-11-20T14:42:55","date_gmt":"2020-11-20T14:42:55","guid":{"rendered":"https:\/\/www.showdowndisplays.eu\/video-embed-codes\/"},"modified":"2021-04-02T10:11:43","modified_gmt":"2021-04-02T10:11:43","slug":"kody-pro-vlozeni-videa","status":"publish","type":"page","link":"https:\/\/www.showdowndisplays.eu\/cs\/marketingova-podpora\/instruktazni-videa\/kody-pro-vlozeni-videa\/","title":{"rendered":"K\u00f3dy pro vlo\u017een\u00ed videa"},"content":{"rendered":"\n<div class=\"wp-block-group block-white-background\"><div class=\"wp-block-group__inner-container is-layout-flow wp-block-group-is-layout-flow\">\n<h2 class=\"wp-block-heading\">Jak za\u010d\u00edt<\/h2>\n\n\n\n<p>Za\u010dn\u011bte n\u00e1sledovn\u011b. M\u016f\u017eete si snadno st\u00e1hnout k\u00f3dy pro V\u00e1\u0161 web pomoc\u00ed tla\u010d\u00edtka n\u00ed\u017ee nebo je najdete na str\u00e1nk\u00e1ch jednotliv\u00fdch produkt\u016f na na\u0161\u00ed online prodejn\u00ed platform\u011b.<\/p>\n\n\n\n<div class=\"wp-block-buttons is-layout-flex wp-block-buttons-is-layout-flex\">\n<div class=\"wp-block-button\"><a class=\"wp-block-button__link\" href=\"mailto:marketing@showdowndisplays.eu\">Vy\u017e\u00e1dat excelov\u00fd seznam s k\u00f3dy pro vlo\u017een\u00ed videa<\/a><\/div>\n<\/div>\n\n\n\n<p><strong>Po\u017e\u00e1dejte Va\u0161eho administr\u00e1tora o vlo\u017een\u00ed nov\u00fdch k\u00f3d\u016f, nebo je sami m\u016f\u017eete zam\u011bnit za star\u00e9 k\u00f3dy, a to n\u00e1sledovn\u011b:<\/strong><\/p>\n\n\n\n<ol class=\"wp-block-list\"><li>Postupujte podle na\u0161eho p\u0159ehledu s video k\u00f3dy<\/li><li>Zkop\u00edrujte k\u00f3d pro vlo\u017een\u00ed z videa, kter\u00e9 chcete pou\u017e\u00edt<\/li><li>P\u0159ejd\u011bte na webovou str\u00e1nku, na kter\u00e9 chcete video p\u0159ehr\u00e1t<\/li><li>Otev\u0159ete editor k\u00f3du<\/li><li>Implementujte video k\u00f3d na po\u017eadovan\u00e9 m\u00edsto<\/li><\/ol>\n\n\n\n<p>A je to!<\/p>\n<\/div><\/div>\n\n\n\n<div style=\"height:20px\" aria-hidden=\"true\" class=\"wp-block-spacer\"><\/div>\n\n\n\n<div class=\"wp-block-group block-white-background\"><div class=\"wp-block-group__inner-container is-layout-flow wp-block-group-is-layout-flow\">\n<h2 class=\"wp-block-heading\">M\u00e1te ot\u00e1zky? Sem s nimi!<\/h2>\n\n\n\n<p>Dok\u00e1\u017eeme si p\u0159edstavit, \u017ee tato na\u0161e nov\u00e1 nab\u00eddka m\u016f\u017ee vyvolat spoustu ot\u00e1zek. Sna\u017e\u00edte se implementovat k\u00f3dy nebo m\u00e1te dotaz ohledn\u011b t\u00e9to slu\u017eby, kterou nab\u00edz\u00edme? Obra\u0165te se na marketingov\u00fd t\u00fdm Showdown Displays Europe, jsme p\u0159ipraveni V\u00e1m pomoci!<\/p>\n\n\n\n<div class=\"wp-block-buttons is-layout-flex wp-block-buttons-is-layout-flex\">\n<div class=\"wp-block-button\"><a class=\"wp-block-button__link has-white-color has-luminous-vivid-amber-background-color has-text-color has-background\" href=\"mailto:marketing@showdowndisplays.eu\">M\u00e1m dotaz<\/a><\/div>\n<\/div>\n<\/div><\/div>\n","protected":false},"excerpt":{"rendered":"<p>Jak za\u010d\u00edt Za\u010dn\u011bte n\u00e1sledovn\u011b. M\u016f\u017eete si snadno st\u00e1hnout k\u00f3dy pro V\u00e1\u0161 web pomoc\u00ed tla\u010d\u00edtka n\u00ed\u017ee nebo je najdete na str\u00e1nk\u00e1ch&#8230;<\/p>\n","protected":false},"author":3,"featured_media":0,"parent":5284,"menu_order":0,"comment_status":"closed","ping_status":"closed","template":"","meta":{"_acf_changed":false,"footnotes":""},"class_list":["post-5294","page","type-page","status-publish","hentry"],"acf":[],"_links":{"self":[{"href":"https:\/\/www.showdowndisplays.eu\/cs\/wp-json\/wp\/v2\/pages\/5294","targetHints":{"allow":["GET"]}}],"collection":[{"href":"https:\/\/www.showdowndisplays.eu\/cs\/wp-json\/wp\/v2\/pages"}],"about":[{"href":"https:\/\/www.showdowndisplays.eu\/cs\/wp-json\/wp\/v2\/types\/page"}],"author":[{"embeddable":true,"href":"https:\/\/www.showdowndisplays.eu\/cs\/wp-json\/wp\/v2\/users\/3"}],"replies":[{"embeddable":true,"href":"https:\/\/www.showdowndisplays.eu\/cs\/wp-json\/wp\/v2\/comments?post=5294"}],"version-history":[{"count":10,"href":"https:\/\/www.showdowndisplays.eu\/cs\/wp-json\/wp\/v2\/pages\/5294\/revisions"}],"predecessor-version":[{"id":9492,"href":"https:\/\/www.showdowndisplays.eu\/cs\/wp-json\/wp\/v2\/pages\/5294\/revisions\/9492"}],"up":[{"embeddable":true,"href":"https:\/\/www.showdowndisplays.eu\/cs\/wp-json\/wp\/v2\/pages\/5284"}],"wp:attachment":[{"href":"https:\/\/www.showdowndisplays.eu\/cs\/wp-json\/wp\/v2\/media?parent=5294"}],"curies":[{"name":"wp","href":"https:\/\/api.w.org\/{rel}","templated":true}]}}