{"id":49177,"date":"2025-09-16T12:56:12","date_gmt":"2025-09-16T12:56:12","guid":{"rendered":"https:\/\/www.showdowndisplays.eu\/request-product-data-package\/"},"modified":"2025-10-28T14:28:34","modified_gmt":"2025-10-28T14:28:34","slug":"request-product-data-package","status":"publish","type":"page","link":"https:\/\/www.showdowndisplays.eu\/cs\/request-product-data-package\/","title":{"rendered":"Vy\u017e\u00e1dat produktov\u00fd bal\u00ed\u010dek dat"},"content":{"rendered":"\n<div class=\"wp-block-contact-form-7-contact-form-selector\">\n<div class=\"wpcf7 no-js\" id=\"wpcf7-f49194-o1\" lang=\"en-US\" dir=\"ltr\" data-wpcf7-id=\"49194\">\n<div class=\"screen-reader-response\"><p role=\"status\" aria-live=\"polite\" aria-atomic=\"true\"> <ul><\/ul><\/div>\n<form action=\"\/cs\/wp-json\/wp\/v2\/pages\/49177#wpcf7-f49194-o1\" method=\"post\" class=\"wpcf7-form init\" aria-label=\"Contact form\" novalidate=\"novalidate\" data-status=\"init\">\n<fieldset class=\"hidden-fields-container\"><input type=\"hidden\" name=\"_wpcf7\" value=\"49194\" \/><input type=\"hidden\" name=\"_wpcf7_version\" value=\"6.1.5\" \/><input type=\"hidden\" name=\"_wpcf7_locale\" value=\"en_US\" \/><input type=\"hidden\" name=\"_wpcf7_unit_tag\" value=\"wpcf7-f49194-o1\" \/><input type=\"hidden\" name=\"_wpcf7_container_post\" value=\"0\" \/><input type=\"hidden\" name=\"_wpcf7_posted_data_hash\" value=\"\" \/><input type=\"hidden\" name=\"_wpcf7_recaptcha_response\" value=\"\" \/>\n<\/fieldset>\n<div class=\"input-wrapper\">\n\t<p><label for=\"full-name\">Jm\u00e9no a p\u0159\u00edjmen\u00ed<\/label><br \/>\n<span class=\"wpcf7-form-control-wrap\" data-name=\"full-name\"><input size=\"40\" maxlength=\"400\" class=\"wpcf7-form-control wpcf7-text wpcf7-validates-as-required full-name\" id=\"full-name\" aria-required=\"true\" aria-invalid=\"false\" placeholder=\"Jan Nov\u00e1k\" value=\"\" type=\"text\" name=\"full-name\" \/><\/span>\n\t<\/p>\n<\/div>\n<div class=\"input-wrapper\">\n\t<p><label for=\"company\">Spole\u010dnost<\/label><br \/>\n<span class=\"wpcf7-form-control-wrap\" data-name=\"company\"><input size=\"40\" maxlength=\"400\" class=\"wpcf7-form-control wpcf7-text wpcf7-validates-as-required company\" id=\"company\" aria-required=\"true\" aria-invalid=\"false\" placeholder=\"Showdown Displays Europe\" value=\"\" type=\"text\" name=\"company\" \/><\/span>\n\t<\/p>\n<\/div>\n<div class=\"input-wrapper\">\n\t<p><label for=\"form-email\">E-mail<\/label><br \/>\n<span class=\"wpcf7-form-control-wrap\" data-name=\"email\"><input size=\"40\" maxlength=\"400\" class=\"wpcf7-form-control wpcf7-email wpcf7-validates-as-required wpcf7-text wpcf7-validates-as-email form-email\" id=\"form-email\" aria-required=\"true\" aria-invalid=\"false\" placeholder=\"jan.novak@seznam.cz\" value=\"\" type=\"email\" name=\"email\" \/><\/span>\n\t<\/p>\n\t<div class=\"input-wrapper\">\n\t\t<div class=\"input-wrapper__title\">\n\t\t\t<p>Vyberte kategorie:\n\t\t\t<\/p>\n\t\t<\/div>\n\t\t<p><span class=\"wpcf7-form-control-wrap\" data-name=\"categories\"><span class=\"wpcf7-form-control wpcf7-checkbox\"><span class=\"wpcf7-list-item first\"><label><input type=\"checkbox\" name=\"categories[]\" value=\"V\u0161echny produkty\" \/><span class=\"wpcf7-list-item-label\">V\u0161echny produkty<\/span><\/label><\/span><span class=\"wpcf7-list-item\"><label><input type=\"checkbox\" name=\"categories[]\" value=\"Digit\u00e1ln\u00ed displeje\" \/><span class=\"wpcf7-list-item-label\">Digit\u00e1ln\u00ed displeje<\/span><\/label><\/span><span class=\"wpcf7-list-item\"><label><input type=\"checkbox\" name=\"categories[]\" value=\"Flex Frame\" \/><span class=\"wpcf7-list-item-label\">Flex Frame<\/span><\/label><\/span><span class=\"wpcf7-list-item\"><label><input type=\"checkbox\" name=\"categories[]\" value=\"Outdoorov\u00e9 produkty\" \/><span class=\"wpcf7-list-item-label\">Outdoorov\u00e9 produkty<\/span><\/label><\/span><span class=\"wpcf7-list-item\"><label><input type=\"checkbox\" name=\"categories[]\" value=\"Osv\u011btlen\u00e9 displeje\" \/><span class=\"wpcf7-list-item-label\">Osv\u011btlen\u00e9 displeje<\/span><\/label><\/span><span class=\"wpcf7-list-item last\"><label><input type=\"checkbox\" name=\"categories[]\" value=\"Produkty pro akce\" \/><span class=\"wpcf7-list-item-label\">Produkty pro akce<\/span><\/label><\/span><\/span><\/span>\n\t\t<\/p>\n\t<\/div>\n\n\t<div class=\"submit-wrapper\">\n\t\t<p><input class=\"wpcf7-form-control wpcf7-submit has-spinner button\" type=\"submit\" value=\"Odeslat\" \/>\n\t\t<\/p>\n\t<\/div>\n<\/div><div class=\"wpcf7-response-output\" aria-hidden=\"true\"><\/div>\n<\/form>\n<\/div>\n<\/div>\n\n\n\n\n","protected":false},"excerpt":{"rendered":"","protected":false},"author":4,"featured_media":0,"parent":0,"menu_order":0,"comment_status":"closed","ping_status":"closed","template":"","meta":{"_acf_changed":false,"footnotes":""},"class_list":["post-49177","page","type-page","status-publish","hentry"],"acf":[],"_links":{"self":[{"href":"https:\/\/www.showdowndisplays.eu\/cs\/wp-json\/wp\/v2\/pages\/49177","targetHints":{"allow":["GET"]}}],"collection":[{"href":"https:\/\/www.showdowndisplays.eu\/cs\/wp-json\/wp\/v2\/pages"}],"about":[{"href":"https:\/\/www.showdowndisplays.eu\/cs\/wp-json\/wp\/v2\/types\/page"}],"author":[{"embeddable":true,"href":"https:\/\/www.showdowndisplays.eu\/cs\/wp-json\/wp\/v2\/users\/4"}],"replies":[{"embeddable":true,"href":"https:\/\/www.showdowndisplays.eu\/cs\/wp-json\/wp\/v2\/comments?post=49177"}],"version-history":[{"count":4,"href":"https:\/\/www.showdowndisplays.eu\/cs\/wp-json\/wp\/v2\/pages\/49177\/revisions"}],"predecessor-version":[{"id":49782,"href":"https:\/\/www.showdowndisplays.eu\/cs\/wp-json\/wp\/v2\/pages\/49177\/revisions\/49782"}],"wp:attachment":[{"href":"https:\/\/www.showdowndisplays.eu\/cs\/wp-json\/wp\/v2\/media?parent=49177"}],"curies":[{"name":"wp","href":"https:\/\/api.w.org\/{rel}","templated":true}]}}