{"id":47447,"date":"2025-07-31T10:06:03","date_gmt":"2025-07-31T10:06:03","guid":{"rendered":"https:\/\/www.showdowndisplays.eu\/?page_id=47447"},"modified":"2025-08-01T05:58:03","modified_gmt":"2025-08-01T05:58:03","slug":"naklady-na-palety","status":"publish","type":"page","link":"https:\/\/www.showdowndisplays.eu\/cs\/naklady-na-palety\/","title":{"rendered":"N\u00e1klady na palety"},"content":{"rendered":"\n<p class=\"has-white-background-color has-background\"><strong>Zem\u011b v syst\u00e9mu v\u00fdm\u011bny EPAL<\/strong><br><em>Rakousko, Belgie, \u010cesk\u00e1 republika, N\u011bmecko, Lucembursko, Nizozemsko, Polsko a Slovensko<\/em><br><br><strong>Euro Paleta: <\/strong>N\u00e1klady na paletu nebudou \u00fa\u010dtov\u00e1ny. <br><strong>XL Paleta: <\/strong>Palety XL nespadaj\u00ed do syst\u00e9mu v\u00fdm\u011bny EPAL. Dodate\u010dn\u00fd poplatek za XL paletu bude \u00fa\u010dtov\u00e1n za ka\u017edou paletu XL. N\u00e1klady se pohybuj\u00ed od 23,00 do 45,00 euro v z\u00e1vislosti na velikosti XL palety. Pro v\u00edce informac\u00ed kontaktujte sv\u00e9ho obchodn\u00edho z\u00e1stupce.<br><br>V\u0161echny n\u00e1klady na palety budou p\u0159ipo\u010d\u00edt\u00e1ny po potvrzen\u00ed objedn\u00e1vky. <br><\/p>\n\n\n\n<p class=\"has-white-background-color has-background\"><strong>Zem\u011b mimo syst\u00e9m v\u00fdm\u011bny EPAL <\/strong><br><em>V\u0161echny ostatn\u00ed zem\u011b neuveden\u00e9 v\u00fd\u0161e<\/em><br><br><strong>Euro Paleta:<\/strong> Bude \u00fa\u010dtov\u00e1n poplatek 6,50 euro za ka\u017edou Euro paletu. <br><strong>XL Paleta: <\/strong>Dodate\u010dn\u00fd poplatek za XL paletu bude \u00fa\u010dtov\u00e1n za ka\u017edou paletu XL. N\u00e1klady se pohybuj\u00ed od 23,00 do 45,00 euro v z\u00e1vislosti na velikosti XL palety. Pro v\u00edce informac\u00ed kontaktujte sv\u00e9ho obchodn\u00edho z\u00e1stupce.<br><br>V\u0161echny n\u00e1klady na palety budou p\u0159ipo\u010d\u00edt\u00e1ny po potvrzen\u00ed objedn\u00e1vky.<\/p>\n\n\n\n<p class=\"has-text-align-center has-white-background-color has-background\"><a href=\"https:\/\/www.showdowndisplays.eu\/parcel-shipping-price-conditions\/\">Klikn\u011bte zde <\/a>pro zobrazen\u00ed p\u0159ehledu n\u00e1klad\u016f na dopravu.<\/p>\n","protected":false},"excerpt":{"rendered":"<p>Zem\u011b v syst\u00e9mu v\u00fdm\u011bny EPALRakousko, Belgie, \u010cesk\u00e1 republika, N\u011bmecko, Lucembursko, Nizozemsko, Polsko a Slovensko Euro Paleta: N\u00e1klady na paletu nebudou&#8230;<\/p>\n","protected":false},"author":12,"featured_media":0,"parent":0,"menu_order":0,"comment_status":"closed","ping_status":"closed","template":"","meta":{"_acf_changed":false,"footnotes":""},"class_list":["post-47447","page","type-page","status-publish","hentry"],"acf":[],"_links":{"self":[{"href":"https:\/\/www.showdowndisplays.eu\/cs\/wp-json\/wp\/v2\/pages\/47447","targetHints":{"allow":["GET"]}}],"collection":[{"href":"https:\/\/www.showdowndisplays.eu\/cs\/wp-json\/wp\/v2\/pages"}],"about":[{"href":"https:\/\/www.showdowndisplays.eu\/cs\/wp-json\/wp\/v2\/types\/page"}],"author":[{"embeddable":true,"href":"https:\/\/www.showdowndisplays.eu\/cs\/wp-json\/wp\/v2\/users\/12"}],"replies":[{"embeddable":true,"href":"https:\/\/www.showdowndisplays.eu\/cs\/wp-json\/wp\/v2\/comments?post=47447"}],"version-history":[{"count":2,"href":"https:\/\/www.showdowndisplays.eu\/cs\/wp-json\/wp\/v2\/pages\/47447\/revisions"}],"predecessor-version":[{"id":47529,"href":"https:\/\/www.showdowndisplays.eu\/cs\/wp-json\/wp\/v2\/pages\/47447\/revisions\/47529"}],"wp:attachment":[{"href":"https:\/\/www.showdowndisplays.eu\/cs\/wp-json\/wp\/v2\/media?parent=47447"}],"curies":[{"name":"wp","href":"https:\/\/api.w.org\/{rel}","templated":true}]}}