{"id":37348,"date":"2024-06-24T12:56:06","date_gmt":"2024-06-24T12:56:06","guid":{"rendered":"https:\/\/www.showdowndisplays.eu\/print-symbols\/"},"modified":"2024-09-11T07:03:16","modified_gmt":"2024-09-11T07:03:16","slug":"print-symbols","status":"publish","type":"page","link":"https:\/\/www.showdowndisplays.eu\/cs\/print-symbols\/","title":{"rendered":"Tiskov\u00e9 symboly"},"content":{"rendered":"\n<div class=\"wp-block-group block-white-background\"><div class=\"wp-block-group__inner-container is-layout-constrained wp-block-group-is-layout-constrained\">\n<div class=\"wp-block-media-text is-stacked-on-mobile is-vertically-aligned-center\" style=\"grid-template-columns:15% auto\"><figure class=\"wp-block-media-text__media\"><img data-aspectratio=\"344\/344\" src=\"data:image\/gif;base64,R0lGODlhAQABAIAAAAAAAP\/\/\/yH5BAEAAAAALAAAAAABAAEAAAIBRAA7\" decoding=\"async\" width=\"344\" height=\"344\" data-src=\"https:\/\/www.showdowndisplays.eu\/wp-content\/uploads\/2024\/06\/OV_Icons_Errors-DPI.png\" alt=\"\" class=\"wp-image-37038 size-full lazyload\" data-srcset=\"https:\/\/www.showdowndisplays.eu\/wp-content\/uploads\/2024\/06\/OV_Icons_Errors-DPI.png 344w, https:\/\/www.showdowndisplays.eu\/wp-content\/uploads\/2024\/06\/OV_Icons_Errors-DPI-270x270.png 270w, https:\/\/www.showdowndisplays.eu\/wp-content\/uploads\/2024\/06\/OV_Icons_Errors-DPI-96x96.png 96w, https:\/\/www.showdowndisplays.eu\/wp-content\/uploads\/2024\/06\/OV_Icons_Errors-DPI-200x200.png 200w\" sizes=\"(max-width: 344px) 100vw, 344px\" \/><noscript><img decoding=\"async\" width=\"344\" height=\"344\" src=\"https:\/\/www.showdowndisplays.eu\/wp-content\/uploads\/2024\/06\/OV_Icons_Errors-DPI.png\" alt=\"\" class=\"wp-image-37038 size-full\" srcset=\"https:\/\/www.showdowndisplays.eu\/wp-content\/uploads\/2024\/06\/OV_Icons_Errors-DPI.png 344w, https:\/\/www.showdowndisplays.eu\/wp-content\/uploads\/2024\/06\/OV_Icons_Errors-DPI-270x270.png 270w, https:\/\/www.showdowndisplays.eu\/wp-content\/uploads\/2024\/06\/OV_Icons_Errors-DPI-96x96.png 96w, https:\/\/www.showdowndisplays.eu\/wp-content\/uploads\/2024\/06\/OV_Icons_Errors-DPI-200x200.png 200w\" sizes=\"(max-width: 344px) 100vw, 344px\" \/><\/noscript><\/figure><div class=\"wp-block-media-text__content\">\n<h3 class=\"wp-block-heading\">Obraz m\u00e1 n\u00edzk\u00e9 rozli\u0161en\u00ed (&gt;150 DPI, je pixelovat\u00fd)<\/h3>\n\n\n\n<p>Nahran\u00e1 data maj\u00ed rozli\u0161en\u00ed DPI ni\u017e\u0161\u00ed ne\u017e 150. To p\u0159i tisku m\u016f\u017ee vypadat pixelovat\u011b. Chcete-li si b\u00fdt jisti nejlep\u0161\u00ed kvalitou s ostr\u00fdm obrazem, upravte va\u0161e data tak, aby byly v rozli\u0161en\u00ed minim\u00e1ln\u011b 150 DPI. Pokud v\u00e1m obraz v n\u00e1hledu tisku p\u0159ijde v po\u0159\u00e1dku (s potencion\u00e1ln\u00ed pixelizac\u00ed), m\u016f\u017eete kliknout na &#8220;Schv\u00e1lit tisk&#8221;.<\/p>\n<\/div><\/div>\n\n\n\n<div class=\"wp-block-media-text is-stacked-on-mobile is-vertically-aligned-center\" style=\"grid-template-columns:15% auto\"><figure class=\"wp-block-media-text__media\"><img data-aspectratio=\"344\/344\" src=\"data:image\/gif;base64,R0lGODlhAQABAIAAAAAAAP\/\/\/yH5BAEAAAAALAAAAAABAAEAAAIBRAA7\" decoding=\"async\" width=\"344\" height=\"344\" data-src=\"https:\/\/www.showdowndisplays.eu\/wp-content\/uploads\/2024\/06\/OV_Icons_Errors-CMYK.png\" alt=\"\" class=\"wp-image-37095 size-full lazyload\" data-srcset=\"https:\/\/www.showdowndisplays.eu\/wp-content\/uploads\/2024\/06\/OV_Icons_Errors-CMYK.png 344w, https:\/\/www.showdowndisplays.eu\/wp-content\/uploads\/2024\/06\/OV_Icons_Errors-CMYK-270x270.png 270w, https:\/\/www.showdowndisplays.eu\/wp-content\/uploads\/2024\/06\/OV_Icons_Errors-CMYK-96x96.png 96w, https:\/\/www.showdowndisplays.eu\/wp-content\/uploads\/2024\/06\/OV_Icons_Errors-CMYK-200x200.png 200w\" sizes=\"(max-width: 344px) 100vw, 344px\" \/><noscript><img decoding=\"async\" width=\"344\" height=\"344\" src=\"https:\/\/www.showdowndisplays.eu\/wp-content\/uploads\/2024\/06\/OV_Icons_Errors-CMYK.png\" alt=\"\" class=\"wp-image-37095 size-full\" srcset=\"https:\/\/www.showdowndisplays.eu\/wp-content\/uploads\/2024\/06\/OV_Icons_Errors-CMYK.png 344w, https:\/\/www.showdowndisplays.eu\/wp-content\/uploads\/2024\/06\/OV_Icons_Errors-CMYK-270x270.png 270w, https:\/\/www.showdowndisplays.eu\/wp-content\/uploads\/2024\/06\/OV_Icons_Errors-CMYK-96x96.png 96w, https:\/\/www.showdowndisplays.eu\/wp-content\/uploads\/2024\/06\/OV_Icons_Errors-CMYK-200x200.png 200w\" sizes=\"(max-width: 344px) 100vw, 344px\" \/><\/noscript><\/figure><div class=\"wp-block-media-text__content\">\n<h3 class=\"wp-block-heading\">Upraven\u00e9 barvy<\/h3>\n\n\n\n<p>Na\u0161e tisk\u00e1rny pracuj\u00ed s barevn\u00fdm modelem CMYK. Va\u0161e data jsou v\u0161ak v modelu RGB (nebo v jin\u00e9m). N\u00e1\u0161 syst\u00e9m automaticky p\u0159evedl model RGB na CMYK a d\u00edky tomu mohou m\u00edt barvy m\u00edrn\u00e9 odchylky. Pokud v\u00e1m tato \u00faprava nevad\u00ed, klikn\u011bte na &#8216;Schv\u00e1lit tisk&#8217;. Chcete-li m\u00edt jistotu, \u017ee v\u0161e tiskneme ve spr\u00e1vn\u00fdch barv\u00e1ch, upravte pros\u00edm sv\u00e1 data do modelu CMYK a nahrajte nov\u00fd tiskov\u00fd soubor.<\/p>\n<\/div><\/div>\n\n\n\n<div class=\"wp-block-media-text is-stacked-on-mobile is-vertically-aligned-center\" style=\"grid-template-columns:15% auto\"><figure class=\"wp-block-media-text__media\"><img data-aspectratio=\"344\/344\" src=\"data:image\/gif;base64,R0lGODlhAQABAIAAAAAAAP\/\/\/yH5BAEAAAAALAAAAAABAAEAAAIBRAA7\" decoding=\"async\" width=\"344\" height=\"344\" data-src=\"https:\/\/www.showdowndisplays.eu\/wp-content\/uploads\/2024\/06\/OV_Icons_Errors-Artwork_size_adapted.png\" alt=\"\" class=\"wp-image-37030 size-full lazyload\" data-srcset=\"https:\/\/www.showdowndisplays.eu\/wp-content\/uploads\/2024\/06\/OV_Icons_Errors-Artwork_size_adapted.png 344w, https:\/\/www.showdowndisplays.eu\/wp-content\/uploads\/2024\/06\/OV_Icons_Errors-Artwork_size_adapted-270x270.png 270w, https:\/\/www.showdowndisplays.eu\/wp-content\/uploads\/2024\/06\/OV_Icons_Errors-Artwork_size_adapted-96x96.png 96w, https:\/\/www.showdowndisplays.eu\/wp-content\/uploads\/2024\/06\/OV_Icons_Errors-Artwork_size_adapted-200x200.png 200w\" sizes=\"(max-width: 344px) 100vw, 344px\" \/><noscript><img decoding=\"async\" width=\"344\" height=\"344\" src=\"https:\/\/www.showdowndisplays.eu\/wp-content\/uploads\/2024\/06\/OV_Icons_Errors-Artwork_size_adapted.png\" alt=\"\" class=\"wp-image-37030 size-full\" srcset=\"https:\/\/www.showdowndisplays.eu\/wp-content\/uploads\/2024\/06\/OV_Icons_Errors-Artwork_size_adapted.png 344w, https:\/\/www.showdowndisplays.eu\/wp-content\/uploads\/2024\/06\/OV_Icons_Errors-Artwork_size_adapted-270x270.png 270w, https:\/\/www.showdowndisplays.eu\/wp-content\/uploads\/2024\/06\/OV_Icons_Errors-Artwork_size_adapted-96x96.png 96w, https:\/\/www.showdowndisplays.eu\/wp-content\/uploads\/2024\/06\/OV_Icons_Errors-Artwork_size_adapted-200x200.png 200w\" sizes=\"(max-width: 344px) 100vw, 344px\" \/><\/noscript><\/figure><div class=\"wp-block-media-text__content\">\n<h3 class=\"wp-block-heading\">Rozm\u011br grafiky upraven<\/h3>\n\n\n\n<p>Velikost va\u0161\u00ed grafiky se li\u0161\u00ed od tiskov\u00e9 \u0161ablony o 1-2 %. N\u00e1\u0161 automatick\u00fd software m\u00edrn\u011b upravil velikost tak, aby p\u0159esn\u011b odpov\u00eddala tiskov\u00e9 \u0161ablon\u011b. Zkontrolujte, zda va\u0161e grafika st\u00e1le vypad\u00e1, jak o\u010dek\u00e1v\u00e1te. Pokud je v\u0161e v po\u0159\u00e1dku, m\u016f\u017eete kliknout na tla\u010d\u00edtko &#8220;Schv\u00e1lit tisk&#8221;. Pokud nejste spokojeni s touto \u00fapravou, upravte sv\u00e1 data na spr\u00e1vnou velikost a nahrajte je znovu.<\/p>\n<\/div><\/div>\n\n\n\n<div class=\"wp-block-media-text is-stacked-on-mobile is-vertically-aligned-center\" style=\"grid-template-columns:15% auto\"><figure class=\"wp-block-media-text__media\"><img data-aspectratio=\"344\/344\" src=\"data:image\/gif;base64,R0lGODlhAQABAIAAAAAAAP\/\/\/yH5BAEAAAAALAAAAAABAAEAAAIBRAA7\" decoding=\"async\" width=\"344\" height=\"344\" data-src=\"https:\/\/www.showdowndisplays.eu\/wp-content\/uploads\/2024\/06\/OV_Icons_Errors-Safe_Area-1.png\" alt=\"\" class=\"wp-image-37071 size-full lazyload\" data-srcset=\"https:\/\/www.showdowndisplays.eu\/wp-content\/uploads\/2024\/06\/OV_Icons_Errors-Safe_Area-1.png 344w, https:\/\/www.showdowndisplays.eu\/wp-content\/uploads\/2024\/06\/OV_Icons_Errors-Safe_Area-1-270x270.png 270w, https:\/\/www.showdowndisplays.eu\/wp-content\/uploads\/2024\/06\/OV_Icons_Errors-Safe_Area-1-96x96.png 96w, https:\/\/www.showdowndisplays.eu\/wp-content\/uploads\/2024\/06\/OV_Icons_Errors-Safe_Area-1-200x200.png 200w\" sizes=\"(max-width: 344px) 100vw, 344px\" \/><noscript><img decoding=\"async\" width=\"344\" height=\"344\" src=\"https:\/\/www.showdowndisplays.eu\/wp-content\/uploads\/2024\/06\/OV_Icons_Errors-Safe_Area-1.png\" alt=\"\" class=\"wp-image-37071 size-full\" srcset=\"https:\/\/www.showdowndisplays.eu\/wp-content\/uploads\/2024\/06\/OV_Icons_Errors-Safe_Area-1.png 344w, https:\/\/www.showdowndisplays.eu\/wp-content\/uploads\/2024\/06\/OV_Icons_Errors-Safe_Area-1-270x270.png 270w, https:\/\/www.showdowndisplays.eu\/wp-content\/uploads\/2024\/06\/OV_Icons_Errors-Safe_Area-1-96x96.png 96w, https:\/\/www.showdowndisplays.eu\/wp-content\/uploads\/2024\/06\/OV_Icons_Errors-Safe_Area-1-200x200.png 200w\" sizes=\"(max-width: 344px) 100vw, 344px\" \/><\/noscript><\/figure><div class=\"wp-block-media-text__content\">\n<h3 class=\"wp-block-heading\">Text je mimo bezpe\u010dnou oblast<\/h3>\n\n\n\n<p>B\u011bhem ru\u010dn\u00ed kontroly na\u0161\u00edm specialistou jsme si v\u0161imli, \u017ee text je um\u00edst\u011bn mimo bezpe\u010dnou oblast. Zkontrolujte pros\u00edm tiskovou \u0161ablonu a prohl\u00e9dn\u011bte si um\u00edst\u011bn\u00ed bezpe\u010dn\u00e9 oblasti. Pokud text um\u00edst\u00edte mimo tuto oblast, nem\u016f\u017eeme zaru\u010dit, \u017ee bude na produktu dob\u0159e viditeln\u00fd. Doporu\u010dujeme upravit grafiku a nahr\u00e1t nov\u00fd soubor. Pokud bylo um\u00edst\u011bn\u00ed z\u00e1m\u011brem, dejte v\u011bd\u011bt na\u0161emu t\u00fdmu p\u00e9\u010de o z\u00e1kazn\u00edky, \u017ee s tiskovou korekturou souhlas\u00edte.<\/p>\n<\/div><\/div>\n\n\n\n<div class=\"wp-block-media-text is-stacked-on-mobile is-vertically-aligned-center\" style=\"grid-template-columns:15% auto\"><figure class=\"wp-block-media-text__media\"><img data-aspectratio=\"344\/344\" src=\"data:image\/gif;base64,R0lGODlhAQABAIAAAAAAAP\/\/\/yH5BAEAAAAALAAAAAABAAEAAAIBRAA7\" decoding=\"async\" width=\"344\" height=\"344\" data-src=\"https:\/\/www.showdowndisplays.eu\/wp-content\/uploads\/2024\/06\/OV_Icons_Errors-Blurry.png\" alt=\"\" class=\"wp-image-37055 size-full lazyload\" data-srcset=\"https:\/\/www.showdowndisplays.eu\/wp-content\/uploads\/2024\/06\/OV_Icons_Errors-Blurry.png 344w, https:\/\/www.showdowndisplays.eu\/wp-content\/uploads\/2024\/06\/OV_Icons_Errors-Blurry-270x270.png 270w, https:\/\/www.showdowndisplays.eu\/wp-content\/uploads\/2024\/06\/OV_Icons_Errors-Blurry-96x96.png 96w, https:\/\/www.showdowndisplays.eu\/wp-content\/uploads\/2024\/06\/OV_Icons_Errors-Blurry-200x200.png 200w\" sizes=\"(max-width: 344px) 100vw, 344px\" \/><noscript><img decoding=\"async\" width=\"344\" height=\"344\" src=\"https:\/\/www.showdowndisplays.eu\/wp-content\/uploads\/2024\/06\/OV_Icons_Errors-Blurry.png\" alt=\"\" class=\"wp-image-37055 size-full\" srcset=\"https:\/\/www.showdowndisplays.eu\/wp-content\/uploads\/2024\/06\/OV_Icons_Errors-Blurry.png 344w, https:\/\/www.showdowndisplays.eu\/wp-content\/uploads\/2024\/06\/OV_Icons_Errors-Blurry-270x270.png 270w, https:\/\/www.showdowndisplays.eu\/wp-content\/uploads\/2024\/06\/OV_Icons_Errors-Blurry-96x96.png 96w, https:\/\/www.showdowndisplays.eu\/wp-content\/uploads\/2024\/06\/OV_Icons_Errors-Blurry-200x200.png 200w\" sizes=\"(max-width: 344px) 100vw, 344px\" \/><\/noscript><\/figure><div class=\"wp-block-media-text__content\">\n<h3 class=\"wp-block-heading\">Obraz je rozmazan\u00fd<\/h3>\n\n\n\n<p>Nahran\u00e1 grafika je neostr\u00e1 \u010di rozmazan\u00e1, co\u017e m\u016f\u017ee v\u00e9st k neostr\u00e9mu v\u00fdsledku tisku. Data m\u016f\u017eete bu\u010f schv\u00e1lit, pokud v\u0161ak nebyl rozmazan\u00fd obr\u00e1zek va\u0161\u00edm z\u00e1m\u011brem, nahrajte pros\u00edm nov\u00e1 data.<\/p>\n<\/div><\/div>\n\n\n\n<div class=\"wp-block-media-text is-stacked-on-mobile is-vertically-aligned-center\" style=\"grid-template-columns:15% auto\"><figure class=\"wp-block-media-text__media\"><img data-aspectratio=\"344\/344\" src=\"data:image\/gif;base64,R0lGODlhAQABAIAAAAAAAP\/\/\/yH5BAEAAAAALAAAAAABAAEAAAIBRAA7\" decoding=\"async\" width=\"344\" height=\"344\" data-src=\"https:\/\/www.showdowndisplays.eu\/wp-content\/uploads\/2024\/07\/OV_Icons_Errors-Backside_copied.png\" alt=\"\" class=\"wp-image-38774 size-full lazyload\" data-srcset=\"https:\/\/www.showdowndisplays.eu\/wp-content\/uploads\/2024\/07\/OV_Icons_Errors-Backside_copied.png 344w, https:\/\/www.showdowndisplays.eu\/wp-content\/uploads\/2024\/07\/OV_Icons_Errors-Backside_copied-270x270.png 270w, https:\/\/www.showdowndisplays.eu\/wp-content\/uploads\/2024\/07\/OV_Icons_Errors-Backside_copied-96x96.png 96w, https:\/\/www.showdowndisplays.eu\/wp-content\/uploads\/2024\/07\/OV_Icons_Errors-Backside_copied-200x200.png 200w\" sizes=\"(max-width: 344px) 100vw, 344px\" \/><noscript><img decoding=\"async\" width=\"344\" height=\"344\" src=\"https:\/\/www.showdowndisplays.eu\/wp-content\/uploads\/2024\/07\/OV_Icons_Errors-Backside_copied.png\" alt=\"\" class=\"wp-image-38774 size-full\" srcset=\"https:\/\/www.showdowndisplays.eu\/wp-content\/uploads\/2024\/07\/OV_Icons_Errors-Backside_copied.png 344w, https:\/\/www.showdowndisplays.eu\/wp-content\/uploads\/2024\/07\/OV_Icons_Errors-Backside_copied-270x270.png 270w, https:\/\/www.showdowndisplays.eu\/wp-content\/uploads\/2024\/07\/OV_Icons_Errors-Backside_copied-96x96.png 96w, https:\/\/www.showdowndisplays.eu\/wp-content\/uploads\/2024\/07\/OV_Icons_Errors-Backside_copied-200x200.png 200w\" sizes=\"(max-width: 344px) 100vw, 344px\" \/><\/noscript><\/figure><div class=\"wp-block-media-text__content\">\n<h3 class=\"wp-block-heading\">Zadn\u00ed strana zkop\u00edrov\u00e1na<\/h3>\n\n\n\n<p>P\u0159i objedn\u00e1v\u00e1n\u00ed produktu pro oboustrann\u00fd tisk pot\u0159ebuje na\u0161e tiskov\u00e9 centrum 2 str\u00e1nky v 1 souboru, aby bylo mo\u017en\u00e9 tisknout p\u0159edn\u00ed a zadn\u00ed stranu. Kdy\u017e nahrajete pouze 1 str\u00e1nkov\u00fd soubor, vytvo\u0159\u00edme pro v\u00e1s kopii t\u00e9to str\u00e1nky. T\u00edmto zp\u016fsobem vytiskneme stejnou grafiku pro p\u0159edn\u00ed i zadn\u00ed stranu. Pokud je to pro v\u00e1s v po\u0159\u00e1dku, schvalte n\u00e1tisk. Pokud chcete na zadn\u00ed stran\u011b tisku n\u011bco jin\u00e9ho, \u200b\u200bnezapome\u0148te nahr\u00e1t 1 soubor, kter\u00fd obsahuje 2 str\u00e1nky. Jedna str\u00e1nka pro tisk na p\u0159edn\u00ed stran\u011b a jedna str\u00e1nka pro tisk na zadn\u00ed stran\u011b produktu. Toto neplat\u00ed pro oboustrannou tisk na reklamn\u00ed vlajky; pro oboustrann\u00e9 vlajky je v\u017edy nutn\u00e9 nahr\u00e1t PDF obsahuj\u00edc\u00ed dv\u011b str\u00e1nky.<\/p>\n<\/div><\/div>\n\n\n\n<div class=\"wp-block-media-text is-stacked-on-mobile is-vertically-aligned-center\" style=\"grid-template-columns:15% auto\"><figure class=\"wp-block-media-text__media\"><img data-aspectratio=\"344\/344\" src=\"data:image\/gif;base64,R0lGODlhAQABAIAAAAAAAP\/\/\/yH5BAEAAAAALAAAAAABAAEAAAIBRAA7\" decoding=\"async\" width=\"344\" height=\"344\" data-src=\"https:\/\/www.showdowndisplays.eu\/wp-content\/uploads\/2024\/06\/OV_Icons_Errors-Wrong_size.png\" alt=\"\" class=\"wp-image-37079 size-full lazyload\" data-srcset=\"https:\/\/www.showdowndisplays.eu\/wp-content\/uploads\/2024\/06\/OV_Icons_Errors-Wrong_size.png 344w, https:\/\/www.showdowndisplays.eu\/wp-content\/uploads\/2024\/06\/OV_Icons_Errors-Wrong_size-270x270.png 270w, https:\/\/www.showdowndisplays.eu\/wp-content\/uploads\/2024\/06\/OV_Icons_Errors-Wrong_size-96x96.png 96w, https:\/\/www.showdowndisplays.eu\/wp-content\/uploads\/2024\/06\/OV_Icons_Errors-Wrong_size-200x200.png 200w\" sizes=\"(max-width: 344px) 100vw, 344px\" \/><noscript><img decoding=\"async\" width=\"344\" height=\"344\" src=\"https:\/\/www.showdowndisplays.eu\/wp-content\/uploads\/2024\/06\/OV_Icons_Errors-Wrong_size.png\" alt=\"\" class=\"wp-image-37079 size-full\" srcset=\"https:\/\/www.showdowndisplays.eu\/wp-content\/uploads\/2024\/06\/OV_Icons_Errors-Wrong_size.png 344w, https:\/\/www.showdowndisplays.eu\/wp-content\/uploads\/2024\/06\/OV_Icons_Errors-Wrong_size-270x270.png 270w, https:\/\/www.showdowndisplays.eu\/wp-content\/uploads\/2024\/06\/OV_Icons_Errors-Wrong_size-96x96.png 96w, https:\/\/www.showdowndisplays.eu\/wp-content\/uploads\/2024\/06\/OV_Icons_Errors-Wrong_size-200x200.png 200w\" sizes=\"(max-width: 344px) 100vw, 344px\" \/><\/noscript><\/figure><div class=\"wp-block-media-text__content\">\n<h3 class=\"wp-block-heading\">Chybn\u00e9 rozm\u011bry<\/h3>\n\n\n\n<p>Zd\u00e1 se, \u017ee nahran\u00e1 grafika m\u00e1 jin\u00e9 rozm\u011bry ne\u017e tiskov\u00e1 \u0161ablona pro tento produkt. V d\u016fsledku toho nejsme schopni soubor vytisknout. St\u00e1hn\u011bte si pros\u00edm spr\u00e1vnou tiskovou \u0161ablonu, upravte sv\u00e1 data a nahrajte nov\u00fd tiskov\u00fd soubor. Nov\u00e1 data znovu zkontroluje n\u00e1\u0161 automatick\u00fd syst\u00e9m.<\/p>\n<\/div><\/div>\n\n\n\n<div class=\"wp-block-media-text is-stacked-on-mobile is-vertically-aligned-center\" style=\"grid-template-columns:15% auto\"><figure class=\"wp-block-media-text__media\"><img data-aspectratio=\"344\/344\" src=\"data:image\/gif;base64,R0lGODlhAQABAIAAAAAAAP\/\/\/yH5BAEAAAAALAAAAAABAAEAAAIBRAA7\" decoding=\"async\" width=\"344\" height=\"344\" data-src=\"https:\/\/www.showdowndisplays.eu\/wp-content\/uploads\/2024\/06\/OV_Icons_Errors-Missing_bleed.png\" alt=\"\" class=\"wp-image-37087 size-full lazyload\" data-srcset=\"https:\/\/www.showdowndisplays.eu\/wp-content\/uploads\/2024\/06\/OV_Icons_Errors-Missing_bleed.png 344w, https:\/\/www.showdowndisplays.eu\/wp-content\/uploads\/2024\/06\/OV_Icons_Errors-Missing_bleed-270x270.png 270w, https:\/\/www.showdowndisplays.eu\/wp-content\/uploads\/2024\/06\/OV_Icons_Errors-Missing_bleed-96x96.png 96w, https:\/\/www.showdowndisplays.eu\/wp-content\/uploads\/2024\/06\/OV_Icons_Errors-Missing_bleed-200x200.png 200w\" sizes=\"(max-width: 344px) 100vw, 344px\" \/><noscript><img decoding=\"async\" width=\"344\" height=\"344\" src=\"https:\/\/www.showdowndisplays.eu\/wp-content\/uploads\/2024\/06\/OV_Icons_Errors-Missing_bleed.png\" alt=\"\" class=\"wp-image-37087 size-full\" srcset=\"https:\/\/www.showdowndisplays.eu\/wp-content\/uploads\/2024\/06\/OV_Icons_Errors-Missing_bleed.png 344w, https:\/\/www.showdowndisplays.eu\/wp-content\/uploads\/2024\/06\/OV_Icons_Errors-Missing_bleed-270x270.png 270w, https:\/\/www.showdowndisplays.eu\/wp-content\/uploads\/2024\/06\/OV_Icons_Errors-Missing_bleed-96x96.png 96w, https:\/\/www.showdowndisplays.eu\/wp-content\/uploads\/2024\/06\/OV_Icons_Errors-Missing_bleed-200x200.png 200w\" sizes=\"(max-width: 344px) 100vw, 344px\" \/><\/noscript><\/figure><div class=\"wp-block-media-text__content\">\n<h3 class=\"wp-block-heading\">Chyb\u011bj\u00edc\u00ed spad\u00e1vka<\/h3>\n\n\n\n<p>P\u0159i ru\u010dn\u00ed kontrole na\u0161\u00edm specialistou jsme si v\u0161imli, \u017ee ve va\u0161em souboru chyb\u00ed spad\u00e1vka. Pozad\u00ed mus\u00ed p\u0159esahovat do oblasti spad\u00e1vky, jak je uvedeno v \u0161ablon\u011b. Spad\u00e1vka je nutn\u00e1 k tomu, aby tisk pokryl celou plochu bez b\u00edl\u00fdch m\u00edst kolem okraj\u016f. Pokud maj\u00ed okraje z\u016fstat b\u00edl\u00e9, p\u0159idejte pros\u00edm b\u00edlou a\u017e do oblasti spad\u00e1vky. Aby v\u00e1\u0161 tisk byl spr\u00e1vn\u011b vyti\u0161t\u011bn a\u017e k okraj\u016fm, upravte grafiku tak, aby p\u0159esahovala do oblasti spad\u00e1vky a nahrajte nov\u00fd tiskov\u00fd soubor.<\/p>\n<\/div><\/div>\n<\/div><\/div>\n","protected":false},"excerpt":{"rendered":"<p>Obraz m\u00e1 n\u00edzk\u00e9 rozli\u0161en\u00ed (&gt;150 DPI, je pixelovat\u00fd) Nahran\u00e1 data maj\u00ed rozli\u0161en\u00ed DPI ni\u017e\u0161\u00ed ne\u017e 150. To p\u0159i tisku m\u016f\u017ee&#8230;<\/p>\n","protected":false},"author":5,"featured_media":0,"parent":0,"menu_order":0,"comment_status":"closed","ping_status":"closed","template":"","meta":{"_acf_changed":false,"footnotes":""},"class_list":["post-37348","page","type-page","status-publish","hentry"],"acf":[],"_links":{"self":[{"href":"https:\/\/www.showdowndisplays.eu\/cs\/wp-json\/wp\/v2\/pages\/37348","targetHints":{"allow":["GET"]}}],"collection":[{"href":"https:\/\/www.showdowndisplays.eu\/cs\/wp-json\/wp\/v2\/pages"}],"about":[{"href":"https:\/\/www.showdowndisplays.eu\/cs\/wp-json\/wp\/v2\/types\/page"}],"author":[{"embeddable":true,"href":"https:\/\/www.showdowndisplays.eu\/cs\/wp-json\/wp\/v2\/users\/5"}],"replies":[{"embeddable":true,"href":"https:\/\/www.showdowndisplays.eu\/cs\/wp-json\/wp\/v2\/comments?post=37348"}],"version-history":[{"count":3,"href":"https:\/\/www.showdowndisplays.eu\/cs\/wp-json\/wp\/v2\/pages\/37348\/revisions"}],"predecessor-version":[{"id":39423,"href":"https:\/\/www.showdowndisplays.eu\/cs\/wp-json\/wp\/v2\/pages\/37348\/revisions\/39423"}],"wp:attachment":[{"href":"https:\/\/www.showdowndisplays.eu\/cs\/wp-json\/wp\/v2\/media?parent=37348"}],"curies":[{"name":"wp","href":"https:\/\/api.w.org\/{rel}","templated":true}]}}