{"id":35140,"date":"2024-04-26T12:08:48","date_gmt":"2024-04-26T12:08:48","guid":{"rendered":"https:\/\/www.showdowndisplays.eu\/?page_id=35140"},"modified":"2025-07-07T07:29:34","modified_gmt":"2025-07-07T07:29:34","slug":"sublimacni-tisk","status":"publish","type":"page","link":"https:\/\/www.showdowndisplays.eu\/cs\/tiskove-sluzby\/sublimacni-tisk\/","title":{"rendered":"Sublima\u010dn\u00ed tisk"},"content":{"rendered":"\n<div class=\"wp-block-media-text alignwide has-media-on-the-right is-stacked-on-mobile is-image-fill-element image-text-2\" style=\"grid-template-columns:auto 52%\"><div class=\"wp-block-media-text__content\">\n<h2 class=\"wp-block-heading\">Sublima\u010dn\u00ed tisk<\/h2>\n\n\n\n<p>Sublima\u010dn\u00ed tisk se pou\u017e\u00edv\u00e1 pro potisk l\u00e1tek. Barva se sublimuje do vl\u00e1ken l\u00e1tky pot\u00e9, co je l\u00e1tka zalisov\u00e1na v tepeln\u00e9m lisu. Sublima\u010dn\u00ed tisk lze prov\u00e9st jako p\u0159\u00edm\u00fd tisk nebo transferov\u00fd tisk.<\/p>\n\n\n\n<p>Tisk\u00e1rny pro p\u0159\u00edm\u00fd tisk tisknou p\u0159\u00edmo na l\u00e1tku. L\u00e1tka se pak lisuje v tepeln\u00e9m lisu a doch\u00e1z\u00ed k sublimaci barvy uvnit\u0159 vl\u00e1ken. Tisk\u00e1rny pro transferov\u00fd tisk pou\u017e\u00edvaj\u00ed p\u0159enosov\u00fd pap\u00edr a tisknou zrcadlov\u011b. N\u00e1sledn\u011b se pap\u00edr p\u0159itiskne na l\u00e1tku v tepeln\u00e9m lisu a grafika se tak p\u0159enese na l\u00e1tku.<\/p>\n\n\n\n<p>V\u011bt\u0161ina materi\u00e1l\u016f pro sublima\u010dn\u00ed tisk je klasifikov\u00e1na jako B1. Je zda tak\u00e9 minim\u00e1ln\u00ed ekologick\u00fd dopad, proto\u017ee inkoust je na vodn\u00ed b\u00e1zi a v\u0161echna tiskov\u00e1 m\u00e9dia jsou na b\u00e1zi polyesterov\u00fdch l\u00e1tek. Na\u0161e tiskov\u00e9 studio v\u00e1m zajist\u00ed grafiku do \u0161\u00ed\u0159ky a\u017e 3.200 mm.<\/p>\n\n\n\n<p><strong>Eco materi\u00e1ly pro tisk<\/strong><br>&#8220;Pozitivn\u00ed dopad na spole\u010dnost a \u017eivotn\u00ed prost\u0159ed\u00ed&#8221;. To je n\u00e1\u0161 c\u00edl! Jako v\u00fdrobce, tisk\u00e1rna a dodavatel kompletn\u00edho \u0159e\u0161en\u00ed pro v\u00e1s i va\u0161e z\u00e1kazn\u00edky se chceme neust\u00e1le zlep\u0161ovat. Proto nab\u00edz\u00edme ekologicky \u0161etrn\u00fd tisk!<\/p>\n\n\n\n<div style=\"height:100px\" aria-hidden=\"true\" class=\"wp-block-spacer\"><\/div>\n<\/div><figure class=\"wp-block-media-text__media\"><img data-aspectratio=\"767\/1024\" src=\"data:image\/gif;base64,R0lGODlhAQABAIAAAAAAAP\/\/\/yH5BAEAAAAALAAAAAABAAEAAAIBRAA7\" decoding=\"async\" width=\"767\" height=\"1024\" data-src=\"https:\/\/www.showdowndisplays.eu\/wp-content\/uploads\/2021\/07\/Printer-collage-767x1024.png\" alt=\"\" class=\"wp-image-13032 size-full lazyload\" style=\"object-position:50% 50%\" data-srcset=\"https:\/\/www.showdowndisplays.eu\/wp-content\/uploads\/2021\/07\/Printer-collage-767x1024.png 767w, https:\/\/www.showdowndisplays.eu\/wp-content\/uploads\/2021\/07\/Printer-collage-202x270.png 202w, https:\/\/www.showdowndisplays.eu\/wp-content\/uploads\/2021\/07\/Printer-collage-768x1025.png 768w, https:\/\/www.showdowndisplays.eu\/wp-content\/uploads\/2021\/07\/Printer-collage-330x440.png 330w, https:\/\/www.showdowndisplays.eu\/wp-content\/uploads\/2021\/07\/Printer-collage-96x128.png 96w, https:\/\/www.showdowndisplays.eu\/wp-content\/uploads\/2021\/07\/Printer-collage-150x200.png 150w, https:\/\/www.showdowndisplays.eu\/wp-content\/uploads\/2021\/07\/Printer-collage-342x456.png 342w, https:\/\/www.showdowndisplays.eu\/wp-content\/uploads\/2021\/07\/Printer-collage.png 1080w\" sizes=\"(max-width: 767px) 100vw, 767px\" \/><noscript><img decoding=\"async\" width=\"767\" height=\"1024\" src=\"https:\/\/www.showdowndisplays.eu\/wp-content\/uploads\/2021\/07\/Printer-collage-767x1024.png\" alt=\"\" class=\"wp-image-13032 size-full\" style=\"object-position:50% 50%\" srcset=\"https:\/\/www.showdowndisplays.eu\/wp-content\/uploads\/2021\/07\/Printer-collage-767x1024.png 767w, https:\/\/www.showdowndisplays.eu\/wp-content\/uploads\/2021\/07\/Printer-collage-202x270.png 202w, https:\/\/www.showdowndisplays.eu\/wp-content\/uploads\/2021\/07\/Printer-collage-768x1025.png 768w, https:\/\/www.showdowndisplays.eu\/wp-content\/uploads\/2021\/07\/Printer-collage-330x440.png 330w, https:\/\/www.showdowndisplays.eu\/wp-content\/uploads\/2021\/07\/Printer-collage-96x128.png 96w, https:\/\/www.showdowndisplays.eu\/wp-content\/uploads\/2021\/07\/Printer-collage-150x200.png 150w, https:\/\/www.showdowndisplays.eu\/wp-content\/uploads\/2021\/07\/Printer-collage-342x456.png 342w, https:\/\/www.showdowndisplays.eu\/wp-content\/uploads\/2021\/07\/Printer-collage.png 1080w\" sizes=\"(max-width: 767px) 100vw, 767px\" \/><\/noscript><\/figure><\/div>\n\n\n\n<h2 class=\"wp-block-heading has-text-align-center\">Tiskneme na<\/h2>\n\n\n\r\n\r\n    <div class=\"quick-products-wrapper\">\r\n        <div id=\"quick-productsblock_87ed1c5c57981db342ef934f11e878ab\" class=\"quick-products\">\r\n                                                                <a href=\"https:\/\/www.showdowndisplays.eu\/print-services\/meet-our-printers-and-cutter\/\" class=\"quick-products__item\">\r\n                        <span class=\"quick-products__image\">\r\n                            <img data-aspectratio=\"800\/501\" decoding=\"async\" width=\"800\" height=\"501\" data-aspectratio=\"800\/501\" src=\"data:image\/gif;base64,R0lGODlhAQABAIAAAAAAAP\/\/\/yH5BAEAAAAALAAAAAABAAEAAAIBRAA7\" data-src=\"https:\/\/www.showdowndisplays.eu\/wp-content\/uploads\/2021\/04\/HP-STITCH-S500.png\" class=\"attachment-full size-full lazyload\" alt=\" width\" data-srcset=\"https:\/\/www.showdowndisplays.eu\/wp-content\/uploads\/2021\/04\/HP-STITCH-S500.png 800w, https:\/\/www.showdowndisplays.eu\/wp-content\/uploads\/2021\/04\/HP-STITCH-S500-431x270.png 431w, https:\/\/www.showdowndisplays.eu\/wp-content\/uploads\/2021\/04\/HP-STITCH-S500-768x481.png 768w, https:\/\/www.showdowndisplays.eu\/wp-content\/uploads\/2021\/04\/HP-STITCH-S500-380x238.png 380w, https:\/\/www.showdowndisplays.eu\/wp-content\/uploads\/2021\/04\/HP-STITCH-S500-96x60.png 96w, https:\/\/www.showdowndisplays.eu\/wp-content\/uploads\/2021\/04\/HP-STITCH-S500-200x125.png 200w\" sizes=\"(max-width: 800px) 100vw, 800px\" \/><noscript><img decoding=\"async\" width=\"800\" height=\"501\" data-aspectratio=\"800\/501\" src=\"data:image\/gif;base64,R0lGODlhAQABAIAAAAAAAP\/\/\/yH5BAEAAAAALAAAAAABAAEAAAIBRAA7\" data-src=\"https:\/\/www.showdowndisplays.eu\/wp-content\/uploads\/2021\/04\/HP-STITCH-S500.png\" class=\"attachment-full size-full lazyload\" alt=\" width\" data-srcset=\"https:\/\/www.showdowndisplays.eu\/wp-content\/uploads\/2021\/04\/HP-STITCH-S500.png 800w, https:\/\/www.showdowndisplays.eu\/wp-content\/uploads\/2021\/04\/HP-STITCH-S500-431x270.png 431w, https:\/\/www.showdowndisplays.eu\/wp-content\/uploads\/2021\/04\/HP-STITCH-S500-768x481.png 768w, https:\/\/www.showdowndisplays.eu\/wp-content\/uploads\/2021\/04\/HP-STITCH-S500-380x238.png 380w, https:\/\/www.showdowndisplays.eu\/wp-content\/uploads\/2021\/04\/HP-STITCH-S500-96x60.png 96w, https:\/\/www.showdowndisplays.eu\/wp-content\/uploads\/2021\/04\/HP-STITCH-S500-200x125.png 200w\" sizes=\"(max-width: 800px) 100vw, 800px\" \/><\/noscript>                        <\/span>\r\n                        <span class=\"quick-products__title\">HP STITCH S500<\/span>\r\n                    <\/a>\r\n                                                                                <a href=\"https:\/\/www.showdowndisplays.eu\/print-services\/meet-our-printers-and-cutter\/\" class=\"quick-products__item\">\r\n                        <span class=\"quick-products__image\">\r\n                            <img data-aspectratio=\"400\/250\" decoding=\"async\" width=\"400\" height=\"250\" data-aspectratio=\"400\/250\" src=\"data:image\/gif;base64,R0lGODlhAQABAIAAAAAAAP\/\/\/yH5BAEAAAAALAAAAAABAAEAAAIBRAA7\" data-src=\"https:\/\/www.showdowndisplays.eu\/wp-content\/uploads\/2021\/04\/HP-STITCH-S1000-3.jpg\" class=\"attachment-full size-full lazyload\" alt=\" width\" data-srcset=\"https:\/\/www.showdowndisplays.eu\/wp-content\/uploads\/2021\/04\/HP-STITCH-S1000-3.jpg 400w, https:\/\/www.showdowndisplays.eu\/wp-content\/uploads\/2021\/04\/HP-STITCH-S1000-3-380x238.jpg 380w, https:\/\/www.showdowndisplays.eu\/wp-content\/uploads\/2021\/04\/HP-STITCH-S1000-3-96x60.jpg 96w, https:\/\/www.showdowndisplays.eu\/wp-content\/uploads\/2021\/04\/HP-STITCH-S1000-3-200x125.jpg 200w\" sizes=\"(max-width: 400px) 100vw, 400px\" \/><noscript><img decoding=\"async\" width=\"400\" height=\"250\" data-aspectratio=\"400\/250\" src=\"data:image\/gif;base64,R0lGODlhAQABAIAAAAAAAP\/\/\/yH5BAEAAAAALAAAAAABAAEAAAIBRAA7\" data-src=\"https:\/\/www.showdowndisplays.eu\/wp-content\/uploads\/2021\/04\/HP-STITCH-S1000-3.jpg\" class=\"attachment-full size-full lazyload\" alt=\" width\" data-srcset=\"https:\/\/www.showdowndisplays.eu\/wp-content\/uploads\/2021\/04\/HP-STITCH-S1000-3.jpg 400w, https:\/\/www.showdowndisplays.eu\/wp-content\/uploads\/2021\/04\/HP-STITCH-S1000-3-380x238.jpg 380w, https:\/\/www.showdowndisplays.eu\/wp-content\/uploads\/2021\/04\/HP-STITCH-S1000-3-96x60.jpg 96w, https:\/\/www.showdowndisplays.eu\/wp-content\/uploads\/2021\/04\/HP-STITCH-S1000-3-200x125.jpg 200w\" sizes=\"(max-width: 400px) 100vw, 400px\" \/><\/noscript>                        <\/span>\r\n                        <span class=\"quick-products__title\">HP STITCH S1000<\/span>\r\n                    <\/a>\r\n                                                        <a href=\"https:\/\/www.showdowndisplays.eu\/print-services\/meet-our-printers-and-cutter\/\"  class=\"quick-products__view-all\">\r\n                    <span>\u010c\u00edst d\u00e1le<\/span>\r\n                <\/a>\r\n                    <\/div>\r\n    <\/div>\r\n\r\n\n\n    <div class=\"marketing\">\r\n                                <div class=\"marketing__item marketing__item--2\">\r\n\r\n                <div class=\"marketing__image\">\r\n                                    <\/div>\r\n                <div class=\"marketing__content-wrapper global-style\">\r\n                                        <div class=\"marketing__content\">\r\n                        <h4>Nej\u010dast\u011bji se pou\u017e\u00edv\u00e1 pro<\/h4>\n<ul class=\"wp-block-list\">\n<li>Zipper st\u011bna<\/li>\n<li>Reklamn\u00ed pulty<\/li>\n<li>Reklamn\u00ed ubrusy<\/li>\n<li>Pop-up Impress St\u011bna<\/li>\n<li>Vlajky<\/li>\n<li>Stany<\/li>\n<li>Produkty s l\u00e1tkou se silikonov\u00fdm zakon\u010den\u00edm<\/li>\n<\/ul>\n                    <\/div>\r\n                <\/div>\r\n\r\n                \r\n            <\/div>\r\n\r\n                                <div class=\"marketing__item marketing__item--2\">\r\n\r\n                <div class=\"marketing__image\">\r\n                                    <\/div>\r\n                <div class=\"marketing__content-wrapper global-style\">\r\n                                        <div class=\"marketing__content\">\r\n                        <h4>Vhodn\u00e9 tiskov\u00e9 materi\u00e1ly<\/h4>\n<ul class=\"wp-block-list\">\n<li>Vlajka (p\u0159\u00edm\u00fd tisk) 100% PES 110 g\/m<sup>2<\/sup><\/li>\n<li>Silverback (p\u0159\u00edm\u00fd tisk) 100% PES 120 g\/m<sup>2<\/sup><\/li>\n<li>Soft Knit 100% PES 230g\/m<sup>2<\/sup><\/li>\n<li>Starlight 100% PES 180g\/m<sup>2<\/sup><\/li>\n<li>Samba 100% PES 195g\/m<sup>2<\/sup><\/li>\n<li>Poplin 100% PES 170g\/m<sup>2<\/sup><\/li>\n<li>Double Stretch 100% PES 280g\/m<sup>2<\/sup><\/li>\n<li>Lumina 100% PES 190g\/m<sup>2<\/sup><\/li>\n<li>Full Colour 100% PCT Polyester 280 g\/m<sup>2<\/sup><\/li>\n<li>Wind Green (ECO) 100% rPET 110 g\/m<sup>2<\/sup><\/li>\n<li>Expandable Green (ECO) 100% rPET 200 g\/m<sup>2<\/sup><\/li>\n<\/ul>\n<p><em>V\u0161e, co pot\u0159ebujete v\u011bd\u011bt, o na\u0161ich tiskov\u00fdch materi\u00e1lech naleznete <a href=\"https:\/\/www.showdowndisplays.eu\/wp-content\/uploads\/2025\/07\/Print-overview-2025-4.pdf\" target=\"_blank\" rel=\"noopener\">v tomto p\u0159ehledu<\/a>.<\/em><\/p>\n                    <\/div>\r\n                <\/div>\r\n\r\n                \r\n            <\/div>\r\n\r\n            <\/div>\r\n\n\n\n<div style=\"height:70px\" aria-hidden=\"true\" class=\"wp-block-spacer\"><\/div>\n\n\n\n<h2 class=\"wp-block-heading has-text-align-center\">Souvisej\u00edc\u00ed str\u00e1nky<\/h2>\n\n\n    <div class=\"marketing\">\r\n                                <div class=\"marketing__item marketing__item--4\">\r\n\r\n                <div class=\"marketing__image\">\r\n                    <img data-aspectratio=\"380\/238\" decoding=\"async\" width=\"380\" height=\"238\" data-aspectratio=\"380\/238\" src=\"data:image\/gif;base64,R0lGODlhAQABAIAAAAAAAP\/\/\/yH5BAEAAAAALAAAAAABAAEAAAIBRAA7\" data-src=\"https:\/\/www.showdowndisplays.eu\/wp-content\/uploads\/2021\/08\/Print-services_related-pages-380x238.jpg\" class=\"attachment-about-us size-about-us lazyload\" alt=\" width\" data-srcset=\"https:\/\/www.showdowndisplays.eu\/wp-content\/uploads\/2021\/08\/Print-services_related-pages-380x238.jpg 380w, https:\/\/www.showdowndisplays.eu\/wp-content\/uploads\/2021\/08\/Print-services_related-pages-432x270.jpg 432w, https:\/\/www.showdowndisplays.eu\/wp-content\/uploads\/2021\/08\/Print-services_related-pages-768x480.jpg 768w, https:\/\/www.showdowndisplays.eu\/wp-content\/uploads\/2021\/08\/Print-services_related-pages-96x60.jpg 96w, https:\/\/www.showdowndisplays.eu\/wp-content\/uploads\/2021\/08\/Print-services_related-pages-200x125.jpg 200w, https:\/\/www.showdowndisplays.eu\/wp-content\/uploads\/2021\/08\/Print-services_related-pages.jpg 800w\" sizes=\"(max-width: 380px) 100vw, 380px\" \/><noscript><img decoding=\"async\" width=\"380\" height=\"238\" data-aspectratio=\"380\/238\" src=\"data:image\/gif;base64,R0lGODlhAQABAIAAAAAAAP\/\/\/yH5BAEAAAAALAAAAAABAAEAAAIBRAA7\" data-src=\"https:\/\/www.showdowndisplays.eu\/wp-content\/uploads\/2021\/08\/Print-services_related-pages-380x238.jpg\" class=\"attachment-about-us size-about-us lazyload\" alt=\" width\" data-srcset=\"https:\/\/www.showdowndisplays.eu\/wp-content\/uploads\/2021\/08\/Print-services_related-pages-380x238.jpg 380w, https:\/\/www.showdowndisplays.eu\/wp-content\/uploads\/2021\/08\/Print-services_related-pages-432x270.jpg 432w, https:\/\/www.showdowndisplays.eu\/wp-content\/uploads\/2021\/08\/Print-services_related-pages-768x480.jpg 768w, https:\/\/www.showdowndisplays.eu\/wp-content\/uploads\/2021\/08\/Print-services_related-pages-96x60.jpg 96w, https:\/\/www.showdowndisplays.eu\/wp-content\/uploads\/2021\/08\/Print-services_related-pages-200x125.jpg 200w, https:\/\/www.showdowndisplays.eu\/wp-content\/uploads\/2021\/08\/Print-services_related-pages.jpg 800w\" sizes=\"(max-width: 380px) 100vw, 380px\" \/><\/noscript>                <\/div>\r\n                <div class=\"marketing__content-wrapper global-style\">\r\n                                            <div class=\"marketing__title-wrapper\">\r\n                            <h3>Tiskov\u00e9 slu\u017eby<\/h3>\r\n                        <\/div>\r\n                                        <div class=\"marketing__content\">\r\n                                            <\/div>\r\n                <\/div>\r\n\r\n                                    <a href=\"https:\/\/www.showdowndisplays.eu\/print-services\/\"  class=\"marketing__read-more link-with-arrow link-with-arrow--blue\">\u010c\u00edst d\u00e1le<\/a>\r\n                \r\n            <\/div>\r\n\r\n                                <div class=\"marketing__item marketing__item--4\">\r\n\r\n                <div class=\"marketing__image\">\r\n                    <img data-aspectratio=\"380\/238\" decoding=\"async\" width=\"380\" height=\"238\" data-aspectratio=\"380\/238\" src=\"data:image\/gif;base64,R0lGODlhAQABAIAAAAAAAP\/\/\/yH5BAEAAAAALAAAAAABAAEAAAIBRAA7\" data-src=\"https:\/\/www.showdowndisplays.eu\/wp-content\/uploads\/2024\/04\/VR5D-E-angle_380x238.png\" class=\"attachment-about-us size-about-us lazyload\" alt=\" width\" data-srcset=\"https:\/\/www.showdowndisplays.eu\/wp-content\/uploads\/2024\/04\/VR5D-E-angle_380x238.png 380w, https:\/\/www.showdowndisplays.eu\/wp-content\/uploads\/2024\/04\/VR5D-E-angle_380x238-96x60.png 96w, https:\/\/www.showdowndisplays.eu\/wp-content\/uploads\/2024\/04\/VR5D-E-angle_380x238-200x125.png 200w\" sizes=\"(max-width: 380px) 100vw, 380px\" \/><noscript><img decoding=\"async\" width=\"380\" height=\"238\" data-aspectratio=\"380\/238\" src=\"data:image\/gif;base64,R0lGODlhAQABAIAAAAAAAP\/\/\/yH5BAEAAAAALAAAAAABAAEAAAIBRAA7\" data-src=\"https:\/\/www.showdowndisplays.eu\/wp-content\/uploads\/2024\/04\/VR5D-E-angle_380x238.png\" class=\"attachment-about-us size-about-us lazyload\" alt=\" width\" data-srcset=\"https:\/\/www.showdowndisplays.eu\/wp-content\/uploads\/2024\/04\/VR5D-E-angle_380x238.png 380w, https:\/\/www.showdowndisplays.eu\/wp-content\/uploads\/2024\/04\/VR5D-E-angle_380x238-96x60.png 96w, https:\/\/www.showdowndisplays.eu\/wp-content\/uploads\/2024\/04\/VR5D-E-angle_380x238-200x125.png 200w\" sizes=\"(max-width: 380px) 100vw, 380px\" \/><\/noscript>                <\/div>\r\n                <div class=\"marketing__content-wrapper global-style\">\r\n                                            <div class=\"marketing__title-wrapper\">\r\n                            <h3>Seznamte se s na\u0161imi tisk\u00e1rnami<\/h3>\r\n                        <\/div>\r\n                                        <div class=\"marketing__content\">\r\n                                            <\/div>\r\n                <\/div>\r\n\r\n                                    <a href=\"https:\/\/www.showdowndisplays.eu\/print-services\/meet-our-printers-and-cutter\/\"  class=\"marketing__read-more link-with-arrow link-with-arrow--blue\">\u010c\u00edst d\u00e1le<\/a>\r\n                \r\n            <\/div>\r\n\r\n                                <div class=\"marketing__item marketing__item--4\">\r\n\r\n                <div class=\"marketing__image\">\r\n                    <img data-aspectratio=\"380\/238\" decoding=\"async\" width=\"380\" height=\"238\" data-aspectratio=\"380\/238\" src=\"data:image\/gif;base64,R0lGODlhAQABAIAAAAAAAP\/\/\/yH5BAEAAAAALAAAAAABAAEAAAIBRAA7\" data-src=\"https:\/\/www.showdowndisplays.eu\/wp-content\/uploads\/2021\/07\/Print-template-grijze-achtergrond-380x238.png\" class=\"attachment-about-us size-about-us lazyload\" alt=\" width\" data-srcset=\"https:\/\/www.showdowndisplays.eu\/wp-content\/uploads\/2021\/07\/Print-template-grijze-achtergrond-380x238.png 380w, https:\/\/www.showdowndisplays.eu\/wp-content\/uploads\/2021\/07\/Print-template-grijze-achtergrond-432x270.png 432w, https:\/\/www.showdowndisplays.eu\/wp-content\/uploads\/2021\/07\/Print-template-grijze-achtergrond-768x480.png 768w, https:\/\/www.showdowndisplays.eu\/wp-content\/uploads\/2021\/07\/Print-template-grijze-achtergrond-96x60.png 96w, https:\/\/www.showdowndisplays.eu\/wp-content\/uploads\/2021\/07\/Print-template-grijze-achtergrond-200x125.png 200w, https:\/\/www.showdowndisplays.eu\/wp-content\/uploads\/2021\/07\/Print-template-grijze-achtergrond.png 800w\" sizes=\"(max-width: 380px) 100vw, 380px\" \/><noscript><img decoding=\"async\" width=\"380\" height=\"238\" data-aspectratio=\"380\/238\" src=\"data:image\/gif;base64,R0lGODlhAQABAIAAAAAAAP\/\/\/yH5BAEAAAAALAAAAAABAAEAAAIBRAA7\" data-src=\"https:\/\/www.showdowndisplays.eu\/wp-content\/uploads\/2021\/07\/Print-template-grijze-achtergrond-380x238.png\" class=\"attachment-about-us size-about-us lazyload\" alt=\" width\" data-srcset=\"https:\/\/www.showdowndisplays.eu\/wp-content\/uploads\/2021\/07\/Print-template-grijze-achtergrond-380x238.png 380w, https:\/\/www.showdowndisplays.eu\/wp-content\/uploads\/2021\/07\/Print-template-grijze-achtergrond-432x270.png 432w, https:\/\/www.showdowndisplays.eu\/wp-content\/uploads\/2021\/07\/Print-template-grijze-achtergrond-768x480.png 768w, https:\/\/www.showdowndisplays.eu\/wp-content\/uploads\/2021\/07\/Print-template-grijze-achtergrond-96x60.png 96w, https:\/\/www.showdowndisplays.eu\/wp-content\/uploads\/2021\/07\/Print-template-grijze-achtergrond-200x125.png 200w, https:\/\/www.showdowndisplays.eu\/wp-content\/uploads\/2021\/07\/Print-template-grijze-achtergrond.png 800w\" sizes=\"(max-width: 380px) 100vw, 380px\" \/><\/noscript>                <\/div>\r\n                <div class=\"marketing__content-wrapper global-style\">\r\n                                            <div class=\"marketing__title-wrapper\">\r\n                            <h3>Tiskov\u00e9 \u0161ablony<\/h3>\r\n                        <\/div>\r\n                                        <div class=\"marketing__content\">\r\n                                            <\/div>\r\n                <\/div>\r\n\r\n                                    <a href=\"https:\/\/www.showdowndisplays.eu\/marketing-support\/practical-information\/\"  class=\"marketing__read-more link-with-arrow link-with-arrow--blue\">\u010c\u00edst d\u00e1le<\/a>\r\n                \r\n            <\/div>\r\n\r\n                                <div class=\"marketing__item marketing__item--4\">\r\n\r\n                <div class=\"marketing__image\">\r\n                    <img data-aspectratio=\"380\/238\" decoding=\"async\" width=\"380\" height=\"238\" data-aspectratio=\"380\/238\" src=\"data:image\/gif;base64,R0lGODlhAQABAIAAAAAAAP\/\/\/yH5BAEAAAAALAAAAAABAAEAAAIBRAA7\" data-src=\"https:\/\/www.showdowndisplays.eu\/wp-content\/uploads\/2021\/07\/Sample-box-verkleind-380x238.png\" class=\"attachment-about-us size-about-us lazyload\" alt=\" width\" data-srcset=\"https:\/\/www.showdowndisplays.eu\/wp-content\/uploads\/2021\/07\/Sample-box-verkleind-380x238.png 380w, https:\/\/www.showdowndisplays.eu\/wp-content\/uploads\/2021\/07\/Sample-box-verkleind-432x270.png 432w, https:\/\/www.showdowndisplays.eu\/wp-content\/uploads\/2021\/07\/Sample-box-verkleind-768x480.png 768w, https:\/\/www.showdowndisplays.eu\/wp-content\/uploads\/2021\/07\/Sample-box-verkleind-96x60.png 96w, https:\/\/www.showdowndisplays.eu\/wp-content\/uploads\/2021\/07\/Sample-box-verkleind-200x125.png 200w, https:\/\/www.showdowndisplays.eu\/wp-content\/uploads\/2021\/07\/Sample-box-verkleind.png 800w\" sizes=\"(max-width: 380px) 100vw, 380px\" \/><noscript><img decoding=\"async\" width=\"380\" height=\"238\" data-aspectratio=\"380\/238\" src=\"data:image\/gif;base64,R0lGODlhAQABAIAAAAAAAP\/\/\/yH5BAEAAAAALAAAAAABAAEAAAIBRAA7\" data-src=\"https:\/\/www.showdowndisplays.eu\/wp-content\/uploads\/2021\/07\/Sample-box-verkleind-380x238.png\" class=\"attachment-about-us size-about-us lazyload\" alt=\" width\" data-srcset=\"https:\/\/www.showdowndisplays.eu\/wp-content\/uploads\/2021\/07\/Sample-box-verkleind-380x238.png 380w, https:\/\/www.showdowndisplays.eu\/wp-content\/uploads\/2021\/07\/Sample-box-verkleind-432x270.png 432w, https:\/\/www.showdowndisplays.eu\/wp-content\/uploads\/2021\/07\/Sample-box-verkleind-768x480.png 768w, https:\/\/www.showdowndisplays.eu\/wp-content\/uploads\/2021\/07\/Sample-box-verkleind-96x60.png 96w, https:\/\/www.showdowndisplays.eu\/wp-content\/uploads\/2021\/07\/Sample-box-verkleind-200x125.png 200w, https:\/\/www.showdowndisplays.eu\/wp-content\/uploads\/2021\/07\/Sample-box-verkleind.png 800w\" sizes=\"(max-width: 380px) 100vw, 380px\" \/><\/noscript>                <\/div>\r\n                <div class=\"marketing__content-wrapper global-style\">\r\n                                            <div class=\"marketing__title-wrapper\">\r\n                            <h3>Tiskov\u00fd vzorn\u00edk<\/h3>\r\n                        <\/div>\r\n                                        <div class=\"marketing__content\">\r\n                                            <\/div>\r\n                <\/div>\r\n\r\n                                    <a href=\"https:\/\/www.showdowndisplays.eu\/marketing-support\/your-own-samples\/\"  class=\"marketing__read-more link-with-arrow link-with-arrow--blue\">\u010c\u00edst d\u00e1le<\/a>\r\n                \r\n            <\/div>\r\n\r\n            <\/div>\r\n","protected":false},"excerpt":{"rendered":"<p>Tiskneme na Souvisej\u00edc\u00ed str\u00e1nky<\/p>\n","protected":false},"author":5,"featured_media":0,"parent":16520,"menu_order":1,"comment_status":"closed","ping_status":"closed","template":"","meta":{"_acf_changed":false,"footnotes":""},"class_list":["post-35140","page","type-page","status-publish","hentry"],"acf":[],"_links":{"self":[{"href":"https:\/\/www.showdowndisplays.eu\/cs\/wp-json\/wp\/v2\/pages\/35140","targetHints":{"allow":["GET"]}}],"collection":[{"href":"https:\/\/www.showdowndisplays.eu\/cs\/wp-json\/wp\/v2\/pages"}],"about":[{"href":"https:\/\/www.showdowndisplays.eu\/cs\/wp-json\/wp\/v2\/types\/page"}],"author":[{"embeddable":true,"href":"https:\/\/www.showdowndisplays.eu\/cs\/wp-json\/wp\/v2\/users\/5"}],"replies":[{"embeddable":true,"href":"https:\/\/www.showdowndisplays.eu\/cs\/wp-json\/wp\/v2\/comments?post=35140"}],"version-history":[{"count":8,"href":"https:\/\/www.showdowndisplays.eu\/cs\/wp-json\/wp\/v2\/pages\/35140\/revisions"}],"predecessor-version":[{"id":46888,"href":"https:\/\/www.showdowndisplays.eu\/cs\/wp-json\/wp\/v2\/pages\/35140\/revisions\/46888"}],"up":[{"embeddable":true,"href":"https:\/\/www.showdowndisplays.eu\/cs\/wp-json\/wp\/v2\/pages\/16520"}],"wp:attachment":[{"href":"https:\/\/www.showdowndisplays.eu\/cs\/wp-json\/wp\/v2\/media?parent=35140"}],"curies":[{"name":"wp","href":"https:\/\/api.w.org\/{rel}","templated":true}]}}