{"id":27628,"date":"2025-05-02T11:10:58","date_gmt":"2025-05-02T11:10:58","guid":{"rendered":"https:\/\/www.showdowndisplays.eu\/?page_id=27628"},"modified":"2025-05-02T11:10:58","modified_gmt":"2025-05-02T11:10:58","slug":"api-propojeni","status":"publish","type":"page","link":"https:\/\/www.showdowndisplays.eu\/cs\/marketingova-podpora\/api-propojeni\/","title":{"rendered":"API propojen\u00ed"},"content":{"rendered":"\n<div class=\"wp-block-group alignwide\"><div class=\"wp-block-group__inner-container is-layout-constrained wp-block-group-is-layout-constrained\">\n<div class=\"wp-block-group alignwide image-text-2\"><div class=\"wp-block-group__inner-container is-layout-constrained wp-block-group-is-layout-constrained\">\n<div class=\"wp-block-group alignwide block-white-background\"><div class=\"wp-block-group__inner-container is-layout-constrained wp-block-group-is-layout-constrained\">\n<h2 class=\"wp-block-heading\">API propojen\u00ed<\/h2>\n\n\n\n<p>Chcete zautomatizovat a zrychlit proces objedn\u00e1vek? Pak pro V\u00e1s m\u00e1me skv\u011bl\u00e9 \u0159e\u0161en\u00ed! API rozhran\u00ed velmi snadno propoj\u00ed V\u00e1\u0161 ERP syst\u00e9m nebo internetov\u00fd obchod s na\u0161\u00edm ERP syst\u00e9mem. T\u00edmto zp\u016fsobem budou Va\u0161e objedn\u00e1vky zpracov\u00e1ny mnohem rychleji a Vy m\u016f\u017eete sv\u00e9mu z\u00e1kazn\u00edkovi poskytnout aktu\u00e1ln\u00ed informace o stavu objedn\u00e1vky nebo k\u00f3d pro sledov\u00e1n\u00ed z\u00e1silky, jakmile bude odesl\u00e1na. Snadn\u00e9, \u017ee?<\/p>\n\n\n\n<div class=\"wp-block-media-text alignwide is-stacked-on-mobile\" style=\"grid-template-columns:42% auto\"><figure class=\"wp-block-media-text__media\"><img data-aspectratio=\"580\/387\" src=\"data:image\/gif;base64,R0lGODlhAQABAIAAAAAAAP\/\/\/yH5BAEAAAAALAAAAAABAAEAAAIBRAA7\" decoding=\"async\" width=\"580\" height=\"387\" data-src=\"https:\/\/www.showdowndisplays.eu\/wp-content\/uploads\/2023\/04\/API_Connection-1.jpg\" alt=\"\" class=\"wp-image-27607 size-full lazyload\" data-srcset=\"https:\/\/www.showdowndisplays.eu\/wp-content\/uploads\/2023\/04\/API_Connection-1.jpg 580w, https:\/\/www.showdowndisplays.eu\/wp-content\/uploads\/2023\/04\/API_Connection-1-405x270.jpg 405w, https:\/\/www.showdowndisplays.eu\/wp-content\/uploads\/2023\/04\/API_Connection-1-380x254.jpg 380w, https:\/\/www.showdowndisplays.eu\/wp-content\/uploads\/2023\/04\/API_Connection-1-96x64.jpg 96w, https:\/\/www.showdowndisplays.eu\/wp-content\/uploads\/2023\/04\/API_Connection-1-200x133.jpg 200w\" sizes=\"(max-width: 580px) 100vw, 580px\" \/><noscript><img decoding=\"async\" width=\"580\" height=\"387\" src=\"https:\/\/www.showdowndisplays.eu\/wp-content\/uploads\/2023\/04\/API_Connection-1.jpg\" alt=\"\" class=\"wp-image-27607 size-full\" srcset=\"https:\/\/www.showdowndisplays.eu\/wp-content\/uploads\/2023\/04\/API_Connection-1.jpg 580w, https:\/\/www.showdowndisplays.eu\/wp-content\/uploads\/2023\/04\/API_Connection-1-405x270.jpg 405w, https:\/\/www.showdowndisplays.eu\/wp-content\/uploads\/2023\/04\/API_Connection-1-380x254.jpg 380w, https:\/\/www.showdowndisplays.eu\/wp-content\/uploads\/2023\/04\/API_Connection-1-96x64.jpg 96w, https:\/\/www.showdowndisplays.eu\/wp-content\/uploads\/2023\/04\/API_Connection-1-200x133.jpg 200w\" sizes=\"(max-width: 580px) 100vw, 580px\" \/><\/noscript><\/figure><div class=\"wp-block-media-text__content\">\n<p>Je pro n\u00e1s nejvy\u0161\u0161\u00ed prioritou, b\u00fdt V\u00e1m spolehliv\u00fdm partnerem s v\u00fdjime\u010dn\u00fdmi slu\u017ebami. U n\u00e1s najdete v\u0161e na jednom m\u00edst\u011b v\u010detn\u011b neutr\u00e1ln\u00edho zas\u00edl\u00e1n\u00ed p\u0159\u00edmo k Va\u0161emu z\u00e1kazn\u00edkovi. A d\u00edky propojen\u00ed API p\u0159\u00edmo do Va\u0161eho ERP syst\u00e9mu to bude fungovat rychle, hladce a jednodu\u0161e!<\/p>\n<\/div><\/div>\n\n\n\n\n\n\n\n<p><strong>Jak to funguje?<\/strong><\/p>\n\n\n\n<ol class=\"wp-block-list\">\n<li>Ode\u0161lete objedn\u00e1vku prost\u0159ednictv\u00edm API propojen\u00ed z Va\u0161eho ERP syst\u00e9mu nebo e-shopu do na\u0161eho ERP syst\u00e9mu<\/li>\n\n\n\n<li>Va\u0161i objedn\u00e1vku zpracujeme a ode\u0161leme. M\u016f\u017eeme ji tak\u00e9 odeslat neutr\u00e1ln\u011b p\u0159\u00edmo k Va\u0161emu z\u00e1kazn\u00edkovi nebo do Va\u0161eho skladu<\/li>\n\n\n\n<li>Ihned z\u00edsk\u00e1te aktu\u00e1ln\u00ed stav objedn\u00e1vky a k\u00f3d pro sledov\u00e1n\u00ed<\/li>\n\n\n\n<li>Vy nebo V\u00e1\u0161 z\u00e1kazn\u00edk obdr\u017e\u00edte objedn\u00e1vku v nejkrat\u0161\u00edm mo\u017en\u00e9m term\u00ednu<\/li>\n<\/ol>\n\n\n\n<p>Chcete z\u00edskat v\u00edce informac\u00ed o automatizaci propojen\u00ed API? N\u00e1\u0161 vy\u0161kolen\u00fd obchodn\u00edk s V\u00e1mi r\u00e1d probere mo\u017enosti!<\/p>\n\n\n\n<p><em>Aby bylo mo\u017en\u00e9 uva\u017eovat o mo\u017enostech integrace pomoc\u00ed API, po\u010det objedn\u00e1vek mus\u00ed b\u00fdt minim\u00e1ln\u011b 300 ro\u010dn\u011b.<\/em><\/p>\n\n\n\n<div class=\"wp-block-buttons is-layout-flex wp-block-buttons-is-layout-flex\">\n<div class=\"wp-block-button\"><a class=\"wp-block-button__link wp-element-button\" href=\"mailto:quotation@showdowndisplays.eu\" target=\"_blank\" rel=\"noreferrer noopener\">\u017d\u00e1dost o informace o propojen\u00ed API<\/a><\/div>\n<\/div>\n<\/div><\/div>\n<\/div><\/div>\n<\/div><\/div>\n\n\n\n\n\n\n\n<div class=\"wp-block-media-text alignwide is-stacked-on-mobile\"><figure class=\"wp-block-media-text__media\"><\/figure><div class=\"wp-block-media-text__content\">\n\n<\/div><\/div>\n\n\n\n<div class=\"wp-block-media-text alignwide is-stacked-on-mobile\"><figure class=\"wp-block-media-text__media\"><\/figure><div class=\"wp-block-media-text__content\">\n\n<\/div><\/div>\n","protected":false},"excerpt":{"rendered":"<p>API propojen\u00ed Chcete zautomatizovat a zrychlit proces objedn\u00e1vek? Pak pro V\u00e1s m\u00e1me skv\u011bl\u00e9 \u0159e\u0161en\u00ed! API rozhran\u00ed velmi snadno propoj\u00ed V\u00e1\u0161&#8230;<\/p>\n","protected":false},"author":5,"featured_media":0,"parent":5272,"menu_order":0,"comment_status":"closed","ping_status":"closed","template":"","meta":{"_acf_changed":false,"footnotes":""},"class_list":["post-27628","page","type-page","status-publish","hentry"],"acf":[],"_links":{"self":[{"href":"https:\/\/www.showdowndisplays.eu\/cs\/wp-json\/wp\/v2\/pages\/27628","targetHints":{"allow":["GET"]}}],"collection":[{"href":"https:\/\/www.showdowndisplays.eu\/cs\/wp-json\/wp\/v2\/pages"}],"about":[{"href":"https:\/\/www.showdowndisplays.eu\/cs\/wp-json\/wp\/v2\/types\/page"}],"author":[{"embeddable":true,"href":"https:\/\/www.showdowndisplays.eu\/cs\/wp-json\/wp\/v2\/users\/5"}],"replies":[{"embeddable":true,"href":"https:\/\/www.showdowndisplays.eu\/cs\/wp-json\/wp\/v2\/comments?post=27628"}],"version-history":[{"count":5,"href":"https:\/\/www.showdowndisplays.eu\/cs\/wp-json\/wp\/v2\/pages\/27628\/revisions"}],"predecessor-version":[{"id":45862,"href":"https:\/\/www.showdowndisplays.eu\/cs\/wp-json\/wp\/v2\/pages\/27628\/revisions\/45862"}],"up":[{"embeddable":true,"href":"https:\/\/www.showdowndisplays.eu\/cs\/wp-json\/wp\/v2\/pages\/5272"}],"wp:attachment":[{"href":"https:\/\/www.showdowndisplays.eu\/cs\/wp-json\/wp\/v2\/media?parent=27628"}],"curies":[{"name":"wp","href":"https:\/\/api.w.org\/{rel}","templated":true}]}}