{"id":27539,"date":"2025-10-17T13:07:18","date_gmt":"2025-10-17T13:07:18","guid":{"rendered":"https:\/\/www.showdowndisplays.eu\/?page_id=27539"},"modified":"2025-10-21T12:41:40","modified_gmt":"2025-10-21T12:41:40","slug":"automatisation-and-webshop-upload","status":"publish","type":"page","link":"https:\/\/www.showdowndisplays.eu\/cs\/marketingova-podpora\/automatisation-and-webshop-upload\/","title":{"rendered":"Jednoduch\u00e9 p\u0159id\u00e1n\u00ed na e-shop"},"content":{"rendered":"\n<div class=\"wp-block-group block-white-background\"><div class=\"wp-block-group__inner-container is-layout-flow wp-block-group-is-layout-flow\">\n<div class=\"wp-block-group\"><div class=\"wp-block-group__inner-container is-layout-flow wp-block-group-is-layout-flow\">\n<h2 class=\"wp-block-heading\">Bal\u00ed\u010dek produktov\u00fdch dat<\/h2>\n\n\n\n<p>Na na\u0161\u00ed online platform\u011b pro prodejce si m\u016f\u017eete st\u00e1hnout v\u0161echny pot\u0159ebn\u00e9 produktov\u00e9 informace, kter\u00e9 v\u00e1m umo\u017en\u00ed snadno p\u0159idat produkty na v\u00e1\u0161 web. Abychom v\u00e1m to je\u0161t\u011b v\u00edce usnadnili, m\u016f\u017eete si v\u0161echny produktov\u00e9 informace vy\u017e\u00e1dat tak\u00e9 prost\u0159ednictv\u00edm na\u0161eho bal\u00ed\u010dku produktov\u00fdch dat.<\/p>\n\n\n\n<div class=\"wp-block-columns is-layout-flex wp-container-core-columns-is-layout-9d6595d7 wp-block-columns-is-layout-flex\">\n<div class=\"wp-block-column is-layout-flow wp-block-column-is-layout-flow\">\n<p>Tento bal\u00ed\u010dek obsahuje:<\/p>\n\n\n\n<ul class=\"wp-block-list\">\n<li>K\u00f3dy produkt\u016f (SKU) s p\u0159\u00edslu\u0161enstv\u00edm a tiskem<\/li>\n\n\n\n<li>Specifikace produkt\u016f<\/li>\n\n\n\n<li>Neutr\u00e1ln\u00ed popisy produkt\u016f dostupn\u00e9 v angli\u010dtin\u011b, n\u011bm\u010din\u011b a nizozem\u0161tin\u011b<\/li>\n\n\n\n<li>Technick\u00fd list s obr\u00e1zky, ke sta\u017een\u00ed ze serveru s obr\u00e1zky<\/li>\n\n\n\n<li>Cen\u00edk<\/li>\n<\/ul>\n\n\n\n<div class=\"wp-block-buttons is-layout-flex wp-block-buttons-is-layout-flex\">\n<div class=\"wp-block-button\"><a class=\"wp-block-button__link wp-element-button\" href=\"https:\/\/www.showdowndisplays.eu\/cs\/request-product-data-package\/\" target=\"_blank\" rel=\"noreferrer noopener\">Vy\u017e\u00e1dat bal\u00ed\u010dek produktov\u00fdch dat<\/a><\/div>\n<\/div>\n<\/div>\n\n\n\n<div class=\"wp-block-column is-layout-flow wp-block-column-is-layout-flow\"><div class=\"wp-block-image\">\n<figure class=\"aligncenter size-large is-resized\"><img data-aspectratio=\"1024\/1024\" src=\"data:image\/gif;base64,R0lGODlhAQABAIAAAAAAAP\/\/\/yH5BAEAAAAALAAAAAABAAEAAAIBRAA7\" decoding=\"async\" width=\"1024\" height=\"1024\" data-src=\"https:\/\/www.showdowndisplays.eu\/wp-content\/uploads\/2021\/08\/download-1915753_1280-1024x1024.png\" alt=\"\" class=\"wp-image-13315 lazyload\" style=\"width:227px;height:227px\" data-srcset=\"https:\/\/www.showdowndisplays.eu\/wp-content\/uploads\/2021\/08\/download-1915753_1280-1024x1024.png 1024w, https:\/\/www.showdowndisplays.eu\/wp-content\/uploads\/2021\/08\/download-1915753_1280-270x270.png 270w, https:\/\/www.showdowndisplays.eu\/wp-content\/uploads\/2021\/08\/download-1915753_1280-768x768.png 768w, https:\/\/www.showdowndisplays.eu\/wp-content\/uploads\/2021\/08\/download-1915753_1280-380x380.png 380w, https:\/\/www.showdowndisplays.eu\/wp-content\/uploads\/2021\/08\/download-1915753_1280-96x96.png 96w, https:\/\/www.showdowndisplays.eu\/wp-content\/uploads\/2021\/08\/download-1915753_1280-200x200.png 200w, https:\/\/www.showdowndisplays.eu\/wp-content\/uploads\/2021\/08\/download-1915753_1280.png 1280w\" sizes=\"(max-width: 1024px) 100vw, 1024px\" \/><noscript><img decoding=\"async\" width=\"1024\" height=\"1024\" src=\"https:\/\/www.showdowndisplays.eu\/wp-content\/uploads\/2021\/08\/download-1915753_1280-1024x1024.png\" alt=\"\" class=\"wp-image-13315\" style=\"width:227px;height:227px\" srcset=\"https:\/\/www.showdowndisplays.eu\/wp-content\/uploads\/2021\/08\/download-1915753_1280-1024x1024.png 1024w, https:\/\/www.showdowndisplays.eu\/wp-content\/uploads\/2021\/08\/download-1915753_1280-270x270.png 270w, https:\/\/www.showdowndisplays.eu\/wp-content\/uploads\/2021\/08\/download-1915753_1280-768x768.png 768w, https:\/\/www.showdowndisplays.eu\/wp-content\/uploads\/2021\/08\/download-1915753_1280-380x380.png 380w, https:\/\/www.showdowndisplays.eu\/wp-content\/uploads\/2021\/08\/download-1915753_1280-96x96.png 96w, https:\/\/www.showdowndisplays.eu\/wp-content\/uploads\/2021\/08\/download-1915753_1280-200x200.png 200w, https:\/\/www.showdowndisplays.eu\/wp-content\/uploads\/2021\/08\/download-1915753_1280.png 1280w\" sizes=\"(max-width: 1024px) 100vw, 1024px\" \/><\/noscript><\/figure>\n<\/div>\n\n\n\n<\/div>\n<\/div>\n<\/div><\/div>\n\n\n\n\n<\/div><\/div>\n","protected":false},"excerpt":{"rendered":"<p>Bal\u00ed\u010dek produktov\u00fdch dat Na na\u0161\u00ed online platform\u011b pro prodejce si m\u016f\u017eete st\u00e1hnout v\u0161echny pot\u0159ebn\u00e9 produktov\u00e9 informace, kter\u00e9 v\u00e1m umo\u017en\u00ed snadno&#8230;<\/p>\n","protected":false},"author":5,"featured_media":0,"parent":5272,"menu_order":0,"comment_status":"closed","ping_status":"closed","template":"","meta":{"_acf_changed":false,"footnotes":""},"class_list":["post-27539","page","type-page","status-publish","hentry"],"acf":[],"_links":{"self":[{"href":"https:\/\/www.showdowndisplays.eu\/cs\/wp-json\/wp\/v2\/pages\/27539","targetHints":{"allow":["GET"]}}],"collection":[{"href":"https:\/\/www.showdowndisplays.eu\/cs\/wp-json\/wp\/v2\/pages"}],"about":[{"href":"https:\/\/www.showdowndisplays.eu\/cs\/wp-json\/wp\/v2\/types\/page"}],"author":[{"embeddable":true,"href":"https:\/\/www.showdowndisplays.eu\/cs\/wp-json\/wp\/v2\/users\/5"}],"replies":[{"embeddable":true,"href":"https:\/\/www.showdowndisplays.eu\/cs\/wp-json\/wp\/v2\/comments?post=27539"}],"version-history":[{"count":5,"href":"https:\/\/www.showdowndisplays.eu\/cs\/wp-json\/wp\/v2\/pages\/27539\/revisions"}],"predecessor-version":[{"id":49486,"href":"https:\/\/www.showdowndisplays.eu\/cs\/wp-json\/wp\/v2\/pages\/27539\/revisions\/49486"}],"up":[{"embeddable":true,"href":"https:\/\/www.showdowndisplays.eu\/cs\/wp-json\/wp\/v2\/pages\/5272"}],"wp:attachment":[{"href":"https:\/\/www.showdowndisplays.eu\/cs\/wp-json\/wp\/v2\/media?parent=27539"}],"curies":[{"name":"wp","href":"https:\/\/api.w.org\/{rel}","templated":true}]}}