{"id":16586,"date":"2021-12-01T09:20:49","date_gmt":"2021-12-01T09:20:49","guid":{"rendered":"https:\/\/www.showdowndisplays.eu\/print-services\/meet-our-printers-and-cutter\/"},"modified":"2025-08-29T11:04:06","modified_gmt":"2025-08-29T11:04:06","slug":"meet-our-printers-and-cutter","status":"publish","type":"page","link":"https:\/\/www.showdowndisplays.eu\/cs\/tiskove-sluzby\/meet-our-printers-and-cutter\/","title":{"rendered":"Seznamte se s na\u0161imi tisk\u00e1rnami a \u0159eza\u010dkami"},"content":{"rendered":"","protected":false},"excerpt":{"rendered":"","protected":false},"author":3,"featured_media":0,"parent":16520,"menu_order":2,"comment_status":"closed","ping_status":"closed","template":"template-pages\/marketing-support.php","meta":{"_acf_changed":false,"footnotes":""},"class_list":["post-16586","page","type-page","status-publish","hentry"],"acf":[],"_links":{"self":[{"href":"https:\/\/www.showdowndisplays.eu\/cs\/wp-json\/wp\/v2\/pages\/16586","targetHints":{"allow":["GET"]}}],"collection":[{"href":"https:\/\/www.showdowndisplays.eu\/cs\/wp-json\/wp\/v2\/pages"}],"about":[{"href":"https:\/\/www.showdowndisplays.eu\/cs\/wp-json\/wp\/v2\/types\/page"}],"author":[{"embeddable":true,"href":"https:\/\/www.showdowndisplays.eu\/cs\/wp-json\/wp\/v2\/users\/3"}],"replies":[{"embeddable":true,"href":"https:\/\/www.showdowndisplays.eu\/cs\/wp-json\/wp\/v2\/comments?post=16586"}],"version-history":[{"count":16,"href":"https:\/\/www.showdowndisplays.eu\/cs\/wp-json\/wp\/v2\/pages\/16586\/revisions"}],"predecessor-version":[{"id":47741,"href":"https:\/\/www.showdowndisplays.eu\/cs\/wp-json\/wp\/v2\/pages\/16586\/revisions\/47741"}],"up":[{"embeddable":true,"href":"https:\/\/www.showdowndisplays.eu\/cs\/wp-json\/wp\/v2\/pages\/16520"}],"wp:attachment":[{"href":"https:\/\/www.showdowndisplays.eu\/cs\/wp-json\/wp\/v2\/media?parent=16586"}],"curies":[{"name":"wp","href":"https:\/\/api.w.org\/{rel}","templated":true}]}}