{"id":1471,"date":"2020-05-27T11:43:27","date_gmt":"2020-05-27T11:43:27","guid":{"rendered":"https:\/\/www.showdowndisplays.eu\/vacancies\/"},"modified":"2021-02-10T07:46:46","modified_gmt":"2021-02-10T07:46:46","slug":"nabidka-prace","status":"publish","type":"page","link":"https:\/\/www.showdowndisplays.eu\/cs\/nabidka-prace\/","title":{"rendered":"Nab\u00eddka pr\u00e1ce"},"content":{"rendered":"\n\n\n\n\n<h2 class=\"wp-block-heading\"><strong>P\u0159ijm\u011bte v\u00fdzvu pracovat v Showdown Displays Europe<\/strong><\/h2>\n\n\n\n<p>Showdown Displays Europe se st\u00e1le rozv\u00edj\u00ed hled\u00e1 nad\u0161en\u00e9 kolegy, kte\u0159\u00ed se p\u0159ipoj\u00ed k na\u0161emu t\u00fdmu. P\u0159idejte si tuto str\u00e1nku do obl\u00edben\u00fdch a \u017e\u00e1dn\u00e1 p\u0159\u00edle\u017eitost u\u017e v\u00e1m neunikne.<\/p>\n\n\n\n<p><strong>Chcete se k n\u00e1m p\u0159\u00eddat?<\/strong><\/p>\n\n\n\n<p>Ahoj, zdrav\u00ed v\u00e1s Zde\u0148ka a Michaela! Zaujala v\u00e1s n\u011bjak\u00e1 pozice? Nem\u00e1me pr\u00e1ci p\u0159esn\u011b pro v\u00e1s a mysl\u00edte, \u017ee bychom m\u011bli? Nebo se chcete jen na n\u011bco zeptat? Ozv\u011bte se n\u00e1m na +420 775 707 190 nebo napi\u0161te na <a href=\"mailto:zdenka.kasparova@showdowndisplays.eu\">zdenka.kasparova@showdowndisplays.eu<\/a> a my v\u00e1m obratem odpov\u00edme.<\/p>\n\n\n\n<p>Nena\u0161li jste nab\u00eddku p\u0159\u00edmo pro v\u00e1s? Po\u0161lete n\u00e1m otev\u0159enou \u017e\u00e1dost a my se v\u00e1m ozveme zp\u011bt v co nejkra\u0161\u00ed dob\u011b.<\/p>\n\n\n\n<p>Budeme se t\u011b\u0161it!<\/p>\n\n\n\n<figure class=\"wp-block-image size-large\"><img data-aspectratio=\"229\/332\" src=\"data:image\/gif;base64,R0lGODlhAQABAIAAAAAAAP\/\/\/yH5BAEAAAAALAAAAAABAAEAAAIBRAA7\" decoding=\"async\" width=\"229\" height=\"332\" data-src=\"https:\/\/www.showdowndisplays.eu\/wp-content\/uploads\/2020\/08\/Zdenka-Kasparova.png\" alt=\"\" class=\"wp-image-3556 lazyload\" data-srcset=\"https:\/\/www.showdowndisplays.eu\/wp-content\/uploads\/2020\/08\/Zdenka-Kasparova.png 229w, https:\/\/www.showdowndisplays.eu\/wp-content\/uploads\/2020\/08\/Zdenka-Kasparova-186x270.png 186w, https:\/\/www.showdowndisplays.eu\/wp-content\/uploads\/2020\/08\/Zdenka-Kasparova-96x139.png 96w, https:\/\/www.showdowndisplays.eu\/wp-content\/uploads\/2020\/08\/Zdenka-Kasparova-138x200.png 138w\" sizes=\"(max-width: 229px) 100vw, 229px\" \/><noscript><img decoding=\"async\" width=\"229\" height=\"332\" src=\"https:\/\/www.showdowndisplays.eu\/wp-content\/uploads\/2020\/08\/Zdenka-Kasparova.png\" alt=\"\" class=\"wp-image-3556\" srcset=\"https:\/\/www.showdowndisplays.eu\/wp-content\/uploads\/2020\/08\/Zdenka-Kasparova.png 229w, https:\/\/www.showdowndisplays.eu\/wp-content\/uploads\/2020\/08\/Zdenka-Kasparova-186x270.png 186w, https:\/\/www.showdowndisplays.eu\/wp-content\/uploads\/2020\/08\/Zdenka-Kasparova-96x139.png 96w, https:\/\/www.showdowndisplays.eu\/wp-content\/uploads\/2020\/08\/Zdenka-Kasparova-138x200.png 138w\" sizes=\"(max-width: 229px) 100vw, 229px\" \/><\/noscript><\/figure>\n\n\n\n<h2 class=\"wp-block-heading\">Aktu\u00e1ln\u00ed pracovn\u00ed nab\u00eddka<\/h2>\n\n\n\n<p>\u017d\u00e1dn\u00e1 voln\u00e1 m\u00edsta &#8211; kontaktujte n\u00e1s<\/p>\n","protected":false},"excerpt":{"rendered":"<p>P\u0159ijm\u011bte v\u00fdzvu pracovat v Showdown Displays Europe Showdown Displays Europe se st\u00e1le rozv\u00edj\u00ed hled\u00e1 nad\u0161en\u00e9 kolegy, kte\u0159\u00ed se p\u0159ipoj\u00ed k&#8230;<\/p>\n","protected":false},"author":3,"featured_media":0,"parent":0,"menu_order":0,"comment_status":"closed","ping_status":"closed","template":"template-pages\/vacancies.php","meta":{"_acf_changed":false,"footnotes":""},"class_list":["post-1471","page","type-page","status-publish","hentry"],"acf":[],"_links":{"self":[{"href":"https:\/\/www.showdowndisplays.eu\/cs\/wp-json\/wp\/v2\/pages\/1471","targetHints":{"allow":["GET"]}}],"collection":[{"href":"https:\/\/www.showdowndisplays.eu\/cs\/wp-json\/wp\/v2\/pages"}],"about":[{"href":"https:\/\/www.showdowndisplays.eu\/cs\/wp-json\/wp\/v2\/types\/page"}],"author":[{"embeddable":true,"href":"https:\/\/www.showdowndisplays.eu\/cs\/wp-json\/wp\/v2\/users\/3"}],"replies":[{"embeddable":true,"href":"https:\/\/www.showdowndisplays.eu\/cs\/wp-json\/wp\/v2\/comments?post=1471"}],"version-history":[{"count":10,"href":"https:\/\/www.showdowndisplays.eu\/cs\/wp-json\/wp\/v2\/pages\/1471\/revisions"}],"predecessor-version":[{"id":7368,"href":"https:\/\/www.showdowndisplays.eu\/cs\/wp-json\/wp\/v2\/pages\/1471\/revisions\/7368"}],"wp:attachment":[{"href":"https:\/\/www.showdowndisplays.eu\/cs\/wp-json\/wp\/v2\/media?parent=1471"}],"curies":[{"name":"wp","href":"https:\/\/api.w.org\/{rel}","templated":true}]}}