{"id":1459,"date":"2020-05-27T11:43:52","date_gmt":"2020-05-27T11:43:52","guid":{"rendered":"https:\/\/www.showdowndisplays.eu\/partnership\/"},"modified":"2023-01-27T08:18:23","modified_gmt":"2023-01-27T08:18:23","slug":"partnerstvi","status":"publish","type":"page","link":"https:\/\/www.showdowndisplays.eu\/cs\/partnerstvi\/","title":{"rendered":"Bu\u010fme partnery"},"content":{"rendered":"\n<div class=\"wp-block-media-text alignwide has-media-on-the-right is-stacked-on-mobile is-image-fill image-text-2\" style=\"grid-template-columns:auto 53%\"><figure class=\"wp-block-media-text__media\" style=\"background-image:url(https:\/\/www.showdowndisplays.eu\/wp-content\/uploads\/2022\/05\/Lets_Partner_CZ-V2-2.jpg);background-position:46% 87%\"><img data-aspectratio=\"672\/400\" src=\"data:image\/gif;base64,R0lGODlhAQABAIAAAAAAAP\/\/\/yH5BAEAAAAALAAAAAABAAEAAAIBRAA7\" decoding=\"async\" width=\"672\" height=\"400\" data-src=\"https:\/\/www.showdowndisplays.eu\/wp-content\/uploads\/2022\/05\/Lets_Partner_CZ-V2-2.jpg\" alt=\"\" class=\"wp-image-19327 size-full lazyload\" data-srcset=\"https:\/\/www.showdowndisplays.eu\/wp-content\/uploads\/2022\/05\/Lets_Partner_CZ-V2-2.jpg 672w, https:\/\/www.showdowndisplays.eu\/wp-content\/uploads\/2022\/05\/Lets_Partner_CZ-V2-2-454x270.jpg 454w, https:\/\/www.showdowndisplays.eu\/wp-content\/uploads\/2022\/05\/Lets_Partner_CZ-V2-2-380x226.jpg 380w, https:\/\/www.showdowndisplays.eu\/wp-content\/uploads\/2022\/05\/Lets_Partner_CZ-V2-2-96x57.jpg 96w, https:\/\/www.showdowndisplays.eu\/wp-content\/uploads\/2022\/05\/Lets_Partner_CZ-V2-2-200x119.jpg 200w\" sizes=\"(max-width: 672px) 100vw, 672px\" \/><noscript><img decoding=\"async\" width=\"672\" height=\"400\" src=\"https:\/\/www.showdowndisplays.eu\/wp-content\/uploads\/2022\/05\/Lets_Partner_CZ-V2-2.jpg\" alt=\"\" class=\"wp-image-19327 size-full\" srcset=\"https:\/\/www.showdowndisplays.eu\/wp-content\/uploads\/2022\/05\/Lets_Partner_CZ-V2-2.jpg 672w, https:\/\/www.showdowndisplays.eu\/wp-content\/uploads\/2022\/05\/Lets_Partner_CZ-V2-2-454x270.jpg 454w, https:\/\/www.showdowndisplays.eu\/wp-content\/uploads\/2022\/05\/Lets_Partner_CZ-V2-2-380x226.jpg 380w, https:\/\/www.showdowndisplays.eu\/wp-content\/uploads\/2022\/05\/Lets_Partner_CZ-V2-2-96x57.jpg 96w, https:\/\/www.showdowndisplays.eu\/wp-content\/uploads\/2022\/05\/Lets_Partner_CZ-V2-2-200x119.jpg 200w\" sizes=\"(max-width: 672px) 100vw, 672px\" \/><\/noscript><\/figure><div class=\"wp-block-media-text__content\">\n<h2 class=\"wp-block-heading\">Sta\u0148me se partnery<\/h2>\n\n\n\n<p>Spolupr\u00e1ce podporuje podnik\u00e1n\u00ed! Budeme Va\u0161\u00edm osobn\u00edm konzultantem, kter\u00fd V\u00e1s bude na ka\u017ed\u00e9m kroku podporovat, porozum\u00ed Va\u0161im pot\u0159eb\u00e1m a poskytne V\u00e1m zdroje, kter\u00e9 V\u00e1m pomohou na cest\u011b k \u00fasp\u011b\u0161n\u00e9mu podnik\u00e1n\u00ed.<\/p>\n\n\n\n<p>V\u0161e na jednom m\u00edst\u011b. Od reklamn\u00edch pouta\u010d\u016f, prezenta\u010dn\u00edch syst\u00e9m\u016f, POS materi\u00e1l\u016f a\u017e po vizu\u00e1ln\u00ed komunikaci. M\u016f\u017eeme V\u00e1m poskytnout kompletn\u00ed a snadno pou\u017eiteln\u00fd produkt, v\u010detn\u011b hardwaru a grafiky.<\/p>\n\n\n\n<p>Na\u0161e \u0161pi\u010dkov\u00e9 produkty, v\u00fdroba na odborn\u00e9 \u00farovni, tiskov\u00e9 slu\u017eby, kreativn\u00ed marketing, logistick\u00e1 podpora, p\u00e9\u010de o z\u00e1kazn\u00edky a dal\u0161\u00ed jsou V\u00e1m k dispozici. Dejme hlavy dohromady a podpo\u0159me spole\u010dn\u00e9 podnik\u00e1n\u00ed!<\/p>\n<\/div><\/div>\n\n\n\n<h3 class=\"wp-block-heading\"><strong>P\u0159esn\u011b a v\u010das<\/strong><\/h3>\n\n\n\n<ol class=\"wp-block-list\"><li>Konzultujte s n\u00e1mi Va\u0161e \u0159e\u0161en\u00ed jako se sv\u00fdm osobn\u00edm kreativn\u00edm partnerem se zku\u0161enostmi a odborn\u00fdmi znalostmi o produktu, regionu a trhu a \u0159e\u0161te s n\u00e1mi nov\u00e9 mo\u017enosti prodeje<\/li><li>D\u016fv\u011b\u0159ujte n\u00e1m! Budeme \u0159\u00eddit cel\u00fd proces od v\u00fdroby Va\u0161eho \u0159e\u0161en\u00ed a\u017e po jeho doru\u010den\u00ed z\u00e1kazn\u00edkovi<\/li><li>Objevte a reagujte na trendy a v\u00fdvoj na evropsk\u00e9m trhu pomoc\u00ed na\u0161ich v\u00fdrobn\u00edch a tiskov\u00fdch slu\u017eeb<\/li><li>Vyu\u017eijte na\u0161i marketingovou podporu k pos\u00edlen\u00ed Va\u0161eho podnik\u00e1n\u00ed. \u0158ekn\u011bte n\u00e1m, jak V\u00e1m m\u016f\u017eeme pomoci!&nbsp;<\/li><li>Kdekoli a kdykoli snadno vytvo\u0159te objedn\u00e1vku prost\u0159ednictv\u00edm na\u0161\u00ed online prodejn\u00ed platformy<\/li><\/ol>\n\n\n\n<div class=\"wp-block-buttons is-layout-flex wp-block-buttons-is-layout-flex\">\n<div class=\"wp-block-button\"><a class=\"wp-block-button__link\" href=\"https:\/\/shop.showdowndisplays.eu\/index.php?route=account\/register\" target=\"_blank\" rel=\"noreferrer noopener\">Vytvo\u0159it \u00fa\u010det<\/a><\/div>\n<\/div>\n\n\n\n<div class=\"wp-block-columns columns-with-background is-layout-flex wp-container-core-columns-is-layout-9d6595d7 wp-block-columns-is-layout-flex\">\n<div class=\"wp-block-column is-layout-flow wp-block-column-is-layout-flow\">\n<div class=\"wp-block-image\"><figure class=\"aligncenter size-large is-resized\"><img data-aspectratio=\"90\/90\" src=\"data:image\/gif;base64,R0lGODlhAQABAIAAAAAAAP\/\/\/yH5BAEAAAAALAAAAAABAAEAAAIBRAA7\" decoding=\"async\" data-src=\"https:\/\/www.showdowndisplays.eu\/wp-content\/uploads\/2021\/02\/Icon_1.png\" alt=\"\" class=\"wp-image-7149 lazyload\" width=\"90\" height=\"90\" data-srcset=\"https:\/\/www.showdowndisplays.eu\/wp-content\/uploads\/2021\/02\/Icon_1.png 400w, https:\/\/www.showdowndisplays.eu\/wp-content\/uploads\/2021\/02\/Icon_1-270x270.png 270w, https:\/\/www.showdowndisplays.eu\/wp-content\/uploads\/2021\/02\/Icon_1-380x380.png 380w, https:\/\/www.showdowndisplays.eu\/wp-content\/uploads\/2021\/02\/Icon_1-96x96.png 96w, https:\/\/www.showdowndisplays.eu\/wp-content\/uploads\/2021\/02\/Icon_1-200x200.png 200w\" sizes=\"(max-width: 90px) 100vw, 90px\" \/><noscript><img decoding=\"async\" src=\"https:\/\/www.showdowndisplays.eu\/wp-content\/uploads\/2021\/02\/Icon_1.png\" alt=\"\" class=\"wp-image-7149\" width=\"90\" height=\"90\" srcset=\"https:\/\/www.showdowndisplays.eu\/wp-content\/uploads\/2021\/02\/Icon_1.png 400w, https:\/\/www.showdowndisplays.eu\/wp-content\/uploads\/2021\/02\/Icon_1-270x270.png 270w, https:\/\/www.showdowndisplays.eu\/wp-content\/uploads\/2021\/02\/Icon_1-380x380.png 380w, https:\/\/www.showdowndisplays.eu\/wp-content\/uploads\/2021\/02\/Icon_1-96x96.png 96w, https:\/\/www.showdowndisplays.eu\/wp-content\/uploads\/2021\/02\/Icon_1-200x200.png 200w\" sizes=\"(max-width: 90px) 100vw, 90px\" \/><\/noscript><\/figure><\/div>\n\n\n\n<h4 class=\"has-text-align-center wp-block-heading\"><strong>1. Registrace<\/strong><\/h4>\n\n\n\n<p class=\"has-text-align-center\">Zaregistrujte se. Vypl\u0148te v\u0161echna pole a ode\u0161lete po\u017eadavek na registraci.<\/p>\n\n\n\n<div style=\"height:20px\" aria-hidden=\"true\" class=\"wp-block-spacer\"><\/div>\n\n\n\n<div class=\"wp-block-buttons is-content-justification-center is-layout-flex wp-container-core-buttons-is-layout-16018d1d wp-block-buttons-is-layout-flex\">\n<div class=\"wp-block-button\"><a class=\"wp-block-button__link has-black-color has-luminous-vivid-amber-background-color has-text-color has-background\" href=\"https:\/\/shop.showdowndisplays.eu\/index.php?route=account\/register\" target=\"_blank\" rel=\"noreferrer noopener\">P\u0159ihl\u00e1sit se<\/a><\/div>\n<\/div>\n<\/div>\n\n\n\n<div class=\"wp-block-column is-layout-flow wp-block-column-is-layout-flow\">\n<div class=\"wp-block-image\"><figure class=\"aligncenter size-large is-resized\"><img data-aspectratio=\"90\/90\" src=\"data:image\/gif;base64,R0lGODlhAQABAIAAAAAAAP\/\/\/yH5BAEAAAAALAAAAAABAAEAAAIBRAA7\" decoding=\"async\" data-src=\"https:\/\/www.showdowndisplays.eu\/wp-content\/uploads\/2021\/02\/Icon_2.png\" alt=\"\" class=\"wp-image-7156 lazyload\" width=\"90\" height=\"90\" data-srcset=\"https:\/\/www.showdowndisplays.eu\/wp-content\/uploads\/2021\/02\/Icon_2.png 400w, https:\/\/www.showdowndisplays.eu\/wp-content\/uploads\/2021\/02\/Icon_2-270x270.png 270w, https:\/\/www.showdowndisplays.eu\/wp-content\/uploads\/2021\/02\/Icon_2-380x380.png 380w, https:\/\/www.showdowndisplays.eu\/wp-content\/uploads\/2021\/02\/Icon_2-96x96.png 96w, https:\/\/www.showdowndisplays.eu\/wp-content\/uploads\/2021\/02\/Icon_2-200x200.png 200w\" sizes=\"(max-width: 90px) 100vw, 90px\" \/><noscript><img decoding=\"async\" src=\"https:\/\/www.showdowndisplays.eu\/wp-content\/uploads\/2021\/02\/Icon_2.png\" alt=\"\" class=\"wp-image-7156\" width=\"90\" height=\"90\" srcset=\"https:\/\/www.showdowndisplays.eu\/wp-content\/uploads\/2021\/02\/Icon_2.png 400w, https:\/\/www.showdowndisplays.eu\/wp-content\/uploads\/2021\/02\/Icon_2-270x270.png 270w, https:\/\/www.showdowndisplays.eu\/wp-content\/uploads\/2021\/02\/Icon_2-380x380.png 380w, https:\/\/www.showdowndisplays.eu\/wp-content\/uploads\/2021\/02\/Icon_2-96x96.png 96w, https:\/\/www.showdowndisplays.eu\/wp-content\/uploads\/2021\/02\/Icon_2-200x200.png 200w\" sizes=\"(max-width: 90px) 100vw, 90px\" \/><\/noscript><\/figure><\/div>\n\n\n\n<h4 class=\"has-text-align-center wp-block-heading\"><strong>2. Ov\u011b\u0159en\u00ed \u00fa\u010dtu<\/strong><\/h4>\n\n\n\n<p class=\"has-text-align-center\">Po\u017eadavek na registraci bude p\u0159ed\u00e1n Va\u0161emu obchodn\u00edmu z\u00e1stupci. Zkontroluje Va\u0161i \u017e\u00e1dost a zajist\u00ed, aby u Va\u0161eho profilu byly vypln\u011bny v\u0161echny po\u017eadovan\u00e9 informace.<\/p>\n<\/div>\n\n\n\n<div class=\"wp-block-column is-layout-flow wp-block-column-is-layout-flow\">\n<div class=\"wp-block-image\"><figure class=\"aligncenter size-large is-resized\"><img data-aspectratio=\"90\/90\" src=\"data:image\/gif;base64,R0lGODlhAQABAIAAAAAAAP\/\/\/yH5BAEAAAAALAAAAAABAAEAAAIBRAA7\" decoding=\"async\" data-src=\"https:\/\/www.showdowndisplays.eu\/wp-content\/uploads\/2021\/02\/Icon_3.png\" alt=\"\" class=\"wp-image-7163 lazyload\" width=\"90\" height=\"90\" data-srcset=\"https:\/\/www.showdowndisplays.eu\/wp-content\/uploads\/2021\/02\/Icon_3.png 400w, https:\/\/www.showdowndisplays.eu\/wp-content\/uploads\/2021\/02\/Icon_3-270x270.png 270w, https:\/\/www.showdowndisplays.eu\/wp-content\/uploads\/2021\/02\/Icon_3-380x380.png 380w, https:\/\/www.showdowndisplays.eu\/wp-content\/uploads\/2021\/02\/Icon_3-96x96.png 96w, https:\/\/www.showdowndisplays.eu\/wp-content\/uploads\/2021\/02\/Icon_3-200x200.png 200w\" sizes=\"(max-width: 90px) 100vw, 90px\" \/><noscript><img decoding=\"async\" src=\"https:\/\/www.showdowndisplays.eu\/wp-content\/uploads\/2021\/02\/Icon_3.png\" alt=\"\" class=\"wp-image-7163\" width=\"90\" height=\"90\" srcset=\"https:\/\/www.showdowndisplays.eu\/wp-content\/uploads\/2021\/02\/Icon_3.png 400w, https:\/\/www.showdowndisplays.eu\/wp-content\/uploads\/2021\/02\/Icon_3-270x270.png 270w, https:\/\/www.showdowndisplays.eu\/wp-content\/uploads\/2021\/02\/Icon_3-380x380.png 380w, https:\/\/www.showdowndisplays.eu\/wp-content\/uploads\/2021\/02\/Icon_3-96x96.png 96w, https:\/\/www.showdowndisplays.eu\/wp-content\/uploads\/2021\/02\/Icon_3-200x200.png 200w\" sizes=\"(max-width: 90px) 100vw, 90px\" \/><\/noscript><\/figure><\/div>\n\n\n\n<h4 class=\"has-text-align-center wp-block-heading\"><strong>3. Potvrzen\u00ed<\/strong><\/h4>\n\n\n\n<p class=\"has-text-align-center\">Za\u0161leme V\u00e1m potvrzen\u00ed o tom, \u017ee V\u00e1\u0161 \u00fa\u010det je aktivov\u00e1n. V tuto chv\u00edli si m\u016f\u017eete prohl\u00e9dnout v\u0161echny na\u0161e produkty a st\u00e1hnout r\u016fzn\u00e9 materi\u00e1ly. Poj\u010fme nakupovat!<\/p>\n<\/div>\n<\/div>\n\n\n\n<div class=\"wp-block-media-text alignwide is-stacked-on-mobile is-image-fill image-text-2\" style=\"grid-template-columns:53% auto\"><figure class=\"wp-block-media-text__media\" style=\"background-image:url(https:\/\/www.showdowndisplays.eu\/wp-content\/uploads\/2021\/05\/Foto-website-marketing-materials.jpg);background-position:98% 51%\"><img data-aspectratio=\"1024\/768\" src=\"data:image\/gif;base64,R0lGODlhAQABAIAAAAAAAP\/\/\/yH5BAEAAAAALAAAAAABAAEAAAIBRAA7\" decoding=\"async\" width=\"1024\" height=\"768\" data-src=\"https:\/\/www.showdowndisplays.eu\/wp-content\/uploads\/2021\/05\/Foto-website-marketing-materials.jpg\" alt=\"\" class=\"wp-image-11169 size-full lazyload\" data-srcset=\"https:\/\/www.showdowndisplays.eu\/wp-content\/uploads\/2021\/05\/Foto-website-marketing-materials.jpg 1024w, https:\/\/www.showdowndisplays.eu\/wp-content\/uploads\/2021\/05\/Foto-website-marketing-materials-360x270.jpg 360w, https:\/\/www.showdowndisplays.eu\/wp-content\/uploads\/2021\/05\/Foto-website-marketing-materials-768x576.jpg 768w, https:\/\/www.showdowndisplays.eu\/wp-content\/uploads\/2021\/05\/Foto-website-marketing-materials-380x285.jpg 380w, https:\/\/www.showdowndisplays.eu\/wp-content\/uploads\/2021\/05\/Foto-website-marketing-materials-96x72.jpg 96w, https:\/\/www.showdowndisplays.eu\/wp-content\/uploads\/2021\/05\/Foto-website-marketing-materials-200x150.jpg 200w\" sizes=\"(max-width: 1024px) 100vw, 1024px\" \/><noscript><img decoding=\"async\" width=\"1024\" height=\"768\" src=\"https:\/\/www.showdowndisplays.eu\/wp-content\/uploads\/2021\/05\/Foto-website-marketing-materials.jpg\" alt=\"\" class=\"wp-image-11169 size-full\" srcset=\"https:\/\/www.showdowndisplays.eu\/wp-content\/uploads\/2021\/05\/Foto-website-marketing-materials.jpg 1024w, https:\/\/www.showdowndisplays.eu\/wp-content\/uploads\/2021\/05\/Foto-website-marketing-materials-360x270.jpg 360w, https:\/\/www.showdowndisplays.eu\/wp-content\/uploads\/2021\/05\/Foto-website-marketing-materials-768x576.jpg 768w, https:\/\/www.showdowndisplays.eu\/wp-content\/uploads\/2021\/05\/Foto-website-marketing-materials-380x285.jpg 380w, https:\/\/www.showdowndisplays.eu\/wp-content\/uploads\/2021\/05\/Foto-website-marketing-materials-96x72.jpg 96w, https:\/\/www.showdowndisplays.eu\/wp-content\/uploads\/2021\/05\/Foto-website-marketing-materials-200x150.jpg 200w\" sizes=\"(max-width: 1024px) 100vw, 1024px\" \/><\/noscript><\/figure><div class=\"wp-block-media-text__content\">\n<h3 class=\"wp-block-heading\"><strong><strong>Objednejte si cokoliv, kdykoliv<\/strong><\/strong><\/h3>\n\n\n\n<p>Na\u0161e online platforma V\u00e1m umo\u017en\u00ed hledat produkty a zad\u00e1vat objedn\u00e1vky kdekoli a kdykoli budete cht\u00edt. Platforma poskytuje v\u0161echny informace, kter\u00e9 pot\u0159ebujete: n\u00e1\u0161 kompletn\u00ed sortiment, dostupn\u00e9 z\u00e1soby a datum odesl\u00e1n\u00ed, p\u0159ehledn\u011b na jednom m\u00edst\u011b.<\/p>\n\n\n\n<p>Ve sv\u00e9m osobn\u00edm \u00fa\u010dtu m\u00e1te tak\u00e9 p\u0159\u00edstup k nejr\u016fzn\u011bj\u0161\u00edm marketingov\u00fdm materi\u00e1l\u016fm, jako jsou fotografie produkt\u016f, instrukt\u00e1\u017en\u00ed videa, produktov\u00e9 listy, tiskov\u00e9 \u0161ablony a dal\u0161\u00ed. P\u0159esv\u011bd\u010dte se sami!<\/p>\n\n\n\n<p>M\u00e1te na n\u00e1s n\u011bjak\u00e9 ot\u00e1zky nebo jste nena\u0161li to, co hled\u00e1te? Zavolejte n\u00e1m na <a href=\"tel:+420 224 817 477\">+420 224 817 477<\/a> nebo n\u00e1m po\u0161lete e-mail na <a rel=\"noreferrer noopener\" href=\"mailto:infoCZ@showdowndisplays.eu\" target=\"_blank\">infoCZ@showdowndisplays.eu<\/a>.<\/p>\n<\/div><\/div>\n\n\n\n<div style=\"height:20px\" aria-hidden=\"true\" class=\"wp-block-spacer\"><\/div>\n\n\n\n<h2 class=\"has-text-align-center wp-block-heading\">Souvisej\u00edc\u00ed str\u00e1nky<\/h2>\n\n\n    <div class=\"marketing\">\r\n                                <div class=\"marketing__item marketing__item--3\">\r\n\r\n                <div class=\"marketing__image\">\r\n                    <img data-aspectratio=\"380\/238\" decoding=\"async\" width=\"380\" height=\"238\" data-aspectratio=\"380\/238\" src=\"data:image\/gif;base64,R0lGODlhAQABAIAAAAAAAP\/\/\/yH5BAEAAAAALAAAAAABAAEAAAIBRAA7\" data-src=\"https:\/\/www.showdowndisplays.eu\/wp-content\/uploads\/2021\/08\/Customisation_Related-pages-380x238.jpg\" class=\"attachment-about-us size-about-us lazyload\" alt=\"Showdown-customisation\" data-srcset=\"https:\/\/www.showdowndisplays.eu\/wp-content\/uploads\/2021\/08\/Customisation_Related-pages-380x238.jpg 380w, https:\/\/www.showdowndisplays.eu\/wp-content\/uploads\/2021\/08\/Customisation_Related-pages-432x270.jpg 432w, https:\/\/www.showdowndisplays.eu\/wp-content\/uploads\/2021\/08\/Customisation_Related-pages-768x480.jpg 768w, https:\/\/www.showdowndisplays.eu\/wp-content\/uploads\/2021\/08\/Customisation_Related-pages-96x60.jpg 96w, https:\/\/www.showdowndisplays.eu\/wp-content\/uploads\/2021\/08\/Customisation_Related-pages-200x125.jpg 200w, https:\/\/www.showdowndisplays.eu\/wp-content\/uploads\/2021\/08\/Customisation_Related-pages.jpg 800w\" sizes=\"(max-width: 380px) 100vw, 380px\" \/><noscript><img decoding=\"async\" width=\"380\" height=\"238\" data-aspectratio=\"380\/238\" src=\"data:image\/gif;base64,R0lGODlhAQABAIAAAAAAAP\/\/\/yH5BAEAAAAALAAAAAABAAEAAAIBRAA7\" data-src=\"https:\/\/www.showdowndisplays.eu\/wp-content\/uploads\/2021\/08\/Customisation_Related-pages-380x238.jpg\" class=\"attachment-about-us size-about-us lazyload\" alt=\"Showdown-customisation\" data-srcset=\"https:\/\/www.showdowndisplays.eu\/wp-content\/uploads\/2021\/08\/Customisation_Related-pages-380x238.jpg 380w, https:\/\/www.showdowndisplays.eu\/wp-content\/uploads\/2021\/08\/Customisation_Related-pages-432x270.jpg 432w, https:\/\/www.showdowndisplays.eu\/wp-content\/uploads\/2021\/08\/Customisation_Related-pages-768x480.jpg 768w, https:\/\/www.showdowndisplays.eu\/wp-content\/uploads\/2021\/08\/Customisation_Related-pages-96x60.jpg 96w, https:\/\/www.showdowndisplays.eu\/wp-content\/uploads\/2021\/08\/Customisation_Related-pages-200x125.jpg 200w, https:\/\/www.showdowndisplays.eu\/wp-content\/uploads\/2021\/08\/Customisation_Related-pages.jpg 800w\" sizes=\"(max-width: 380px) 100vw, 380px\" \/><\/noscript>                <\/div>\r\n                <div class=\"marketing__content-wrapper global-style\">\r\n                                            <div class=\"marketing__title-wrapper\">\r\n                            <h3>\u0158e\u0161en\u00ed na m\u00edru<\/h3>\r\n                        <\/div>\r\n                                        <div class=\"marketing__content\">\r\n                                            <\/div>\r\n                <\/div>\r\n\r\n                                    <a href=\"https:\/\/www.showdowndisplays.eu\/cs\/reseni-na-miru\/\"  class=\"marketing__read-more link-with-arrow link-with-arrow--blue\"> \u010c\u00edst d\u00e1le<\/a>\r\n                \r\n            <\/div>\r\n\r\n                                <div class=\"marketing__item marketing__item--3\">\r\n\r\n                <div class=\"marketing__image\">\r\n                    <img data-aspectratio=\"380\/238\" decoding=\"async\" width=\"380\" height=\"238\" data-aspectratio=\"380\/238\" src=\"data:image\/gif;base64,R0lGODlhAQABAIAAAAAAAP\/\/\/yH5BAEAAAAALAAAAAABAAEAAAIBRAA7\" data-src=\"https:\/\/www.showdowndisplays.eu\/wp-content\/uploads\/2021\/01\/Product-photos-and-videos-3-380x238.jpg\" class=\"attachment-about-us size-about-us lazyload\" alt=\" width\" data-srcset=\"https:\/\/www.showdowndisplays.eu\/wp-content\/uploads\/2021\/01\/Product-photos-and-videos-3-380x238.jpg 380w, https:\/\/www.showdowndisplays.eu\/wp-content\/uploads\/2021\/01\/Product-photos-and-videos-3-432x270.jpg 432w, https:\/\/www.showdowndisplays.eu\/wp-content\/uploads\/2021\/01\/Product-photos-and-videos-3-1024x640.jpg 1024w, https:\/\/www.showdowndisplays.eu\/wp-content\/uploads\/2021\/01\/Product-photos-and-videos-3-768x480.jpg 768w, https:\/\/www.showdowndisplays.eu\/wp-content\/uploads\/2021\/01\/Product-photos-and-videos-3-1536x960.jpg 1536w, https:\/\/www.showdowndisplays.eu\/wp-content\/uploads\/2021\/01\/Product-photos-and-videos-3-96x60.jpg 96w, https:\/\/www.showdowndisplays.eu\/wp-content\/uploads\/2021\/01\/Product-photos-and-videos-3-200x125.jpg 200w, https:\/\/www.showdowndisplays.eu\/wp-content\/uploads\/2021\/01\/Product-photos-and-videos-3.jpg 1600w\" sizes=\"(max-width: 380px) 100vw, 380px\" \/><noscript><img decoding=\"async\" width=\"380\" height=\"238\" data-aspectratio=\"380\/238\" src=\"data:image\/gif;base64,R0lGODlhAQABAIAAAAAAAP\/\/\/yH5BAEAAAAALAAAAAABAAEAAAIBRAA7\" data-src=\"https:\/\/www.showdowndisplays.eu\/wp-content\/uploads\/2021\/01\/Product-photos-and-videos-3-380x238.jpg\" class=\"attachment-about-us size-about-us lazyload\" alt=\" width\" data-srcset=\"https:\/\/www.showdowndisplays.eu\/wp-content\/uploads\/2021\/01\/Product-photos-and-videos-3-380x238.jpg 380w, https:\/\/www.showdowndisplays.eu\/wp-content\/uploads\/2021\/01\/Product-photos-and-videos-3-432x270.jpg 432w, https:\/\/www.showdowndisplays.eu\/wp-content\/uploads\/2021\/01\/Product-photos-and-videos-3-1024x640.jpg 1024w, https:\/\/www.showdowndisplays.eu\/wp-content\/uploads\/2021\/01\/Product-photos-and-videos-3-768x480.jpg 768w, https:\/\/www.showdowndisplays.eu\/wp-content\/uploads\/2021\/01\/Product-photos-and-videos-3-1536x960.jpg 1536w, https:\/\/www.showdowndisplays.eu\/wp-content\/uploads\/2021\/01\/Product-photos-and-videos-3-96x60.jpg 96w, https:\/\/www.showdowndisplays.eu\/wp-content\/uploads\/2021\/01\/Product-photos-and-videos-3-200x125.jpg 200w, https:\/\/www.showdowndisplays.eu\/wp-content\/uploads\/2021\/01\/Product-photos-and-videos-3.jpg 1600w\" sizes=\"(max-width: 380px) 100vw, 380px\" \/><\/noscript>                <\/div>\r\n                <div class=\"marketing__content-wrapper global-style\">\r\n                                            <div class=\"marketing__title-wrapper\">\r\n                            <h3>Marketingov\u00e1 podpora<\/h3>\r\n                        <\/div>\r\n                                        <div class=\"marketing__content\">\r\n                                            <\/div>\r\n                <\/div>\r\n\r\n                                    <a href=\"https:\/\/www.showdowndisplays.eu\/cs\/marketingova-podpora\/\"  class=\"marketing__read-more link-with-arrow link-with-arrow--blue\">\u010c\u00edst d\u00e1le<\/a>\r\n                \r\n            <\/div>\r\n\r\n            <\/div>\r\n","protected":false},"excerpt":{"rendered":"<p>Sta\u0148me se partnery Spolupr\u00e1ce podporuje podnik\u00e1n\u00ed! Budeme Va\u0161\u00edm osobn\u00edm konzultantem, kter\u00fd V\u00e1s bude na ka\u017ed\u00e9m kroku podporovat, porozum\u00ed Va\u0161im pot\u0159eb\u00e1m&#8230;<\/p>\n","protected":false},"author":3,"featured_media":0,"parent":0,"menu_order":0,"comment_status":"closed","ping_status":"closed","template":"","meta":{"_acf_changed":false,"footnotes":""},"class_list":["post-1459","page","type-page","status-publish","hentry"],"acf":[],"_links":{"self":[{"href":"https:\/\/www.showdowndisplays.eu\/cs\/wp-json\/wp\/v2\/pages\/1459","targetHints":{"allow":["GET"]}}],"collection":[{"href":"https:\/\/www.showdowndisplays.eu\/cs\/wp-json\/wp\/v2\/pages"}],"about":[{"href":"https:\/\/www.showdowndisplays.eu\/cs\/wp-json\/wp\/v2\/types\/page"}],"author":[{"embeddable":true,"href":"https:\/\/www.showdowndisplays.eu\/cs\/wp-json\/wp\/v2\/users\/3"}],"replies":[{"embeddable":true,"href":"https:\/\/www.showdowndisplays.eu\/cs\/wp-json\/wp\/v2\/comments?post=1459"}],"version-history":[{"count":27,"href":"https:\/\/www.showdowndisplays.eu\/cs\/wp-json\/wp\/v2\/pages\/1459\/revisions"}],"predecessor-version":[{"id":26450,"href":"https:\/\/www.showdowndisplays.eu\/cs\/wp-json\/wp\/v2\/pages\/1459\/revisions\/26450"}],"wp:attachment":[{"href":"https:\/\/www.showdowndisplays.eu\/cs\/wp-json\/wp\/v2\/media?parent=1459"}],"curies":[{"name":"wp","href":"https:\/\/api.w.org\/{rel}","templated":true}]}}