{"id":12335,"date":"2021-04-30T12:56:55","date_gmt":"2021-04-30T12:56:55","guid":{"rendered":"https:\/\/www.showdowndisplays.eu\/services\/"},"modified":"2025-12-17T14:44:14","modified_gmt":"2025-12-17T14:44:14","slug":"nase-sluzby","status":"publish","type":"page","link":"https:\/\/www.showdowndisplays.eu\/cs\/nase-sluzby\/","title":{"rendered":"Na\u0161e slu\u017eby"},"content":{"rendered":"\n<div class=\"wp-block-group\"><div class=\"wp-block-group__inner-container is-layout-flow wp-block-group-is-layout-flow\">\n<h6 class=\"wp-block-heading has-text-align-center\"><a href=\"#print-services\">Tiskov\u00e9 slu\u017eby<\/a>  \u2022  <a href=\"#drop-shipment\">Dropshipping<\/a>  \u2022  <a href=\"#marketing-support\">Marketingov\u00e1 podpora<\/a>  \u2022  <a href=\"#customisation\">\u0158e\u0161en\u00ed na m\u00edru<\/a><\/h6>\n<\/div><\/div>\n\n\n\n<div style=\"height:30px\" aria-hidden=\"true\" class=\"wp-block-spacer\"><\/div>\n\n\n\n<div class=\"wp-block-media-text alignwide has-media-on-the-right is-stacked-on-mobile is-image-fill-element image-text-2\"><div class=\"wp-block-media-text__content\">\n<div style=\"height:20px\" aria-hidden=\"true\" class=\"wp-block-spacer\"><\/div>\n\n\n\n<h4 class=\"wp-block-heading\" id=\"print-services\">Tiskov\u00e9 slu\u017eby<\/h4>\n\n\n\n<h2 class=\"wp-block-heading\">Kompletn\u00ed \u0159e\u0161en\u00ed na jednom m\u00edst\u011b<\/h2>\n\n\n\n<p>Z\u00edskejte kompletn\u00ed produkt na jednom m\u00edst\u011b, od n\u00e1s. D\u00edky vlastn\u00ed v\u00fdrob\u011b a vlastn\u00edmu tiskov\u00e9mu studiu v \u010cesk\u00e9 republice V\u00e1m zajist\u00edme nejen produkt, ale tak\u00e9 tisk.<\/p>\n\n\n\n<div class=\"wp-block-buttons is-layout-flex wp-block-buttons-is-layout-flex\">\n<div class=\"wp-block-button\"><a class=\"wp-block-button__link wp-element-button\" href=\"https:\/\/www.showdowndisplays.eu\/cs\/nase-sluzby\/print-services-2\/\" target=\"_blank\" rel=\"noreferrer noopener\">Pod\u00edvejte se na na\u0161e tiskov\u00e9 slu\u017eby<\/a><\/div>\n<\/div>\n\n\n\n<div style=\"height:20px\" aria-hidden=\"true\" class=\"wp-block-spacer\"><\/div>\n<\/div><figure class=\"wp-block-media-text__media\"><img data-aspectratio=\"1024\/683\" src=\"data:image\/gif;base64,R0lGODlhAQABAIAAAAAAAP\/\/\/yH5BAEAAAAALAAAAAABAAEAAAIBRAA7\" decoding=\"async\" width=\"1024\" height=\"683\" data-src=\"https:\/\/www.showdowndisplays.eu\/wp-content\/uploads\/2022\/07\/Print-services_landscape_up.jpg\" alt=\"\" class=\"wp-image-23955 size-full lazyload\" style=\"object-position:50% 50%\" data-srcset=\"https:\/\/www.showdowndisplays.eu\/wp-content\/uploads\/2022\/07\/Print-services_landscape_up.jpg 1024w, https:\/\/www.showdowndisplays.eu\/wp-content\/uploads\/2022\/07\/Print-services_landscape_up-405x270.jpg 405w, https:\/\/www.showdowndisplays.eu\/wp-content\/uploads\/2022\/07\/Print-services_landscape_up-768x512.jpg 768w, https:\/\/www.showdowndisplays.eu\/wp-content\/uploads\/2022\/07\/Print-services_landscape_up-380x253.jpg 380w, https:\/\/www.showdowndisplays.eu\/wp-content\/uploads\/2022\/07\/Print-services_landscape_up-96x64.jpg 96w, https:\/\/www.showdowndisplays.eu\/wp-content\/uploads\/2022\/07\/Print-services_landscape_up-200x133.jpg 200w\" sizes=\"(max-width: 1024px) 100vw, 1024px\" \/><noscript><img decoding=\"async\" width=\"1024\" height=\"683\" src=\"https:\/\/www.showdowndisplays.eu\/wp-content\/uploads\/2022\/07\/Print-services_landscape_up.jpg\" alt=\"\" class=\"wp-image-23955 size-full\" style=\"object-position:50% 50%\" srcset=\"https:\/\/www.showdowndisplays.eu\/wp-content\/uploads\/2022\/07\/Print-services_landscape_up.jpg 1024w, https:\/\/www.showdowndisplays.eu\/wp-content\/uploads\/2022\/07\/Print-services_landscape_up-405x270.jpg 405w, https:\/\/www.showdowndisplays.eu\/wp-content\/uploads\/2022\/07\/Print-services_landscape_up-768x512.jpg 768w, https:\/\/www.showdowndisplays.eu\/wp-content\/uploads\/2022\/07\/Print-services_landscape_up-380x253.jpg 380w, https:\/\/www.showdowndisplays.eu\/wp-content\/uploads\/2022\/07\/Print-services_landscape_up-96x64.jpg 96w, https:\/\/www.showdowndisplays.eu\/wp-content\/uploads\/2022\/07\/Print-services_landscape_up-200x133.jpg 200w\" sizes=\"(max-width: 1024px) 100vw, 1024px\" \/><\/noscript><\/figure><\/div>\n\n\n\n<div style=\"height:20px\" aria-hidden=\"true\" class=\"wp-block-spacer\"><\/div>\n\n\n\n<div class=\"wp-block-media-text alignwide is-stacked-on-mobile is-image-fill-element\"><figure class=\"wp-block-media-text__media\"><img data-aspectratio=\"1024\/683\" src=\"data:image\/gif;base64,R0lGODlhAQABAIAAAAAAAP\/\/\/yH5BAEAAAAALAAAAAABAAEAAAIBRAA7\" decoding=\"async\" width=\"1024\" height=\"683\" data-src=\"https:\/\/www.showdowndisplays.eu\/wp-content\/uploads\/2023\/01\/Dropshipment-1.jpg\" alt=\"\" class=\"wp-image-26136 size-full lazyload\" style=\"object-position:50% 50%\" data-srcset=\"https:\/\/www.showdowndisplays.eu\/wp-content\/uploads\/2023\/01\/Dropshipment-1.jpg 1024w, https:\/\/www.showdowndisplays.eu\/wp-content\/uploads\/2023\/01\/Dropshipment-1-405x270.jpg 405w, https:\/\/www.showdowndisplays.eu\/wp-content\/uploads\/2023\/01\/Dropshipment-1-768x512.jpg 768w, https:\/\/www.showdowndisplays.eu\/wp-content\/uploads\/2023\/01\/Dropshipment-1-380x253.jpg 380w, https:\/\/www.showdowndisplays.eu\/wp-content\/uploads\/2023\/01\/Dropshipment-1-96x64.jpg 96w, https:\/\/www.showdowndisplays.eu\/wp-content\/uploads\/2023\/01\/Dropshipment-1-200x133.jpg 200w\" sizes=\"(max-width: 1024px) 100vw, 1024px\" \/><noscript><img decoding=\"async\" width=\"1024\" height=\"683\" src=\"https:\/\/www.showdowndisplays.eu\/wp-content\/uploads\/2023\/01\/Dropshipment-1.jpg\" alt=\"\" class=\"wp-image-26136 size-full\" style=\"object-position:50% 50%\" srcset=\"https:\/\/www.showdowndisplays.eu\/wp-content\/uploads\/2023\/01\/Dropshipment-1.jpg 1024w, https:\/\/www.showdowndisplays.eu\/wp-content\/uploads\/2023\/01\/Dropshipment-1-405x270.jpg 405w, https:\/\/www.showdowndisplays.eu\/wp-content\/uploads\/2023\/01\/Dropshipment-1-768x512.jpg 768w, https:\/\/www.showdowndisplays.eu\/wp-content\/uploads\/2023\/01\/Dropshipment-1-380x253.jpg 380w, https:\/\/www.showdowndisplays.eu\/wp-content\/uploads\/2023\/01\/Dropshipment-1-96x64.jpg 96w, https:\/\/www.showdowndisplays.eu\/wp-content\/uploads\/2023\/01\/Dropshipment-1-200x133.jpg 200w\" sizes=\"(max-width: 1024px) 100vw, 1024px\" \/><\/noscript><\/figure><div class=\"wp-block-media-text__content\">\n<div style=\"height:20px\" aria-hidden=\"true\" class=\"wp-block-spacer\"><\/div>\n\n\n\n<h4 class=\"wp-block-heading\" id=\"drop-shipment\">Dropshipping<\/h4>\n\n\n\n<h2 class=\"wp-block-heading\">Zkra\u0165te dodac\u00ed lh\u016fty, vyu\u017eijte n\u00e1\u0161 dropshipping<\/h2>\n\n\n\n<p>Bu\u010fte rychlej\u0161\u00ed a nasm\u011brujte sv\u00e9 objedn\u00e1vky p\u0159\u00edmo ke sv\u00fdm z\u00e1kazn\u00edk\u016fm, vyu\u017eijte slu\u017ebu p\u0159\u00edm\u00e9ho zas\u00edl\u00e1n\u00ed, tzv. dropshipping. Va\u0161\u00ed dod\u00e1vku ode\u0161leme p\u0159\u00edmo od n\u00e1s, nemus\u00edte se o nic starat. Pokud budete cht\u00edt, r\u00e1di k n\u00ed p\u0159ilo\u017e\u00edme dodac\u00ed list s Va\u0161\u00edm vlastn\u00edm logem.<\/p>\n\n\n\n<div class=\"wp-block-buttons is-layout-flex wp-block-buttons-is-layout-flex\">\n<div class=\"wp-block-button\"><a class=\"wp-block-button__link wp-element-button\" href=\"https:\/\/www.showdowndisplays.eu\/cs\/drop-shipment-service-voor-resellers\/\">Zjist\u011bte v\u00edce o dropshippingu<\/a><\/div>\n<\/div>\n<\/div><\/div>\n\n\n\n<div style=\"height:20px\" aria-hidden=\"true\" class=\"wp-block-spacer\"><\/div>\n\n\n\n<div class=\"wp-block-media-text alignwide has-media-on-the-right is-stacked-on-mobile is-image-fill-element image-text-2\"><div class=\"wp-block-media-text__content\">\n<div style=\"height:20px\" aria-hidden=\"true\" class=\"wp-block-spacer\"><\/div>\n\n\n\n<h4 class=\"wp-block-heading\" id=\"marketing-support\">Marketingov\u00e1 podpora<\/h4>\n\n\n\n<h2 class=\"wp-block-heading\">Pom\u016f\u017eeme v\u00e1m s marketingov\u00fdmi materi\u00e1ly<\/h2>\n\n\n\n<p>Poskytneme V\u00e1m ve\u0161kerou podporu, abyste mohli propagovat na\u0161e v\u00fdrobky u sv\u00fdch z\u00e1kazn\u00edk\u016f. Jako n\u00e1\u0161 partner z\u00edsk\u00e1te p\u0159\u00edstup k r\u016fzn\u00fdm n\u00e1stroj\u016fm a slu\u017eb\u00e1m, kter\u00e9 V\u00e1m pomohou nav\u00fd\u0161it prodej.<\/p>\n\n\n\n<div class=\"wp-block-buttons is-layout-flex wp-block-buttons-is-layout-flex\">\n<div class=\"wp-block-button\"><a class=\"wp-block-button__link wp-element-button\" href=\"https:\/\/www.showdowndisplays.eu\/cs\/marketingova-podpora\/\">Objevte na\u0161i marketingovou podporu<\/a><\/div>\n<\/div>\n\n\n\n<div style=\"height:20px\" aria-hidden=\"true\" class=\"wp-block-spacer\"><\/div>\n<\/div><figure class=\"wp-block-media-text__media\"><img data-aspectratio=\"1024\/591\" src=\"data:image\/gif;base64,R0lGODlhAQABAIAAAAAAAP\/\/\/yH5BAEAAAAALAAAAAABAAEAAAIBRAA7\" decoding=\"async\" width=\"1024\" height=\"591\" data-src=\"https:\/\/www.showdowndisplays.eu\/wp-content\/uploads\/2021\/06\/marketing-support-1024x591.jpg\" alt=\"\" class=\"wp-image-12108 size-full lazyload\" style=\"object-position:72% 48%\"\/><noscript><img decoding=\"async\" width=\"1024\" height=\"591\" src=\"https:\/\/www.showdowndisplays.eu\/wp-content\/uploads\/2021\/06\/marketing-support-1024x591.jpg\" alt=\"\" class=\"wp-image-12108 size-full\" style=\"object-position:72% 48%\"\/><\/noscript><\/figure><\/div>\n\n\n\n<div style=\"height:20px\" aria-hidden=\"true\" class=\"wp-block-spacer\"><\/div>\n\n\n\n<div class=\"wp-block-media-text alignwide is-stacked-on-mobile is-image-fill-element\" id=\"customisation\"><figure class=\"wp-block-media-text__media\"><img data-aspectratio=\"1024\/683\" src=\"data:image\/gif;base64,R0lGODlhAQABAIAAAAAAAP\/\/\/yH5BAEAAAAALAAAAAABAAEAAAIBRAA7\" decoding=\"async\" width=\"1024\" height=\"683\" data-src=\"https:\/\/www.showdowndisplays.eu\/wp-content\/uploads\/2020\/12\/IMG_5980_edit_res-1-1024x683.jpg\" alt=\"\" class=\"wp-image-5842 size-full lazyload\" style=\"object-position:50% 50%\" data-srcset=\"https:\/\/www.showdowndisplays.eu\/wp-content\/uploads\/2020\/12\/IMG_5980_edit_res-1-1024x683.jpg 1024w, https:\/\/www.showdowndisplays.eu\/wp-content\/uploads\/2020\/12\/IMG_5980_edit_res-1-405x270.jpg 405w, https:\/\/www.showdowndisplays.eu\/wp-content\/uploads\/2020\/12\/IMG_5980_edit_res-1-768x512.jpg 768w, https:\/\/www.showdowndisplays.eu\/wp-content\/uploads\/2020\/12\/IMG_5980_edit_res-1-380x253.jpg 380w, https:\/\/www.showdowndisplays.eu\/wp-content\/uploads\/2020\/12\/IMG_5980_edit_res-1-96x64.jpg 96w, https:\/\/www.showdowndisplays.eu\/wp-content\/uploads\/2020\/12\/IMG_5980_edit_res-1-200x133.jpg 200w, https:\/\/www.showdowndisplays.eu\/wp-content\/uploads\/2020\/12\/IMG_5980_edit_res-1.jpg 1296w\" sizes=\"(max-width: 1024px) 100vw, 1024px\" \/><noscript><img decoding=\"async\" width=\"1024\" height=\"683\" src=\"https:\/\/www.showdowndisplays.eu\/wp-content\/uploads\/2020\/12\/IMG_5980_edit_res-1-1024x683.jpg\" alt=\"\" class=\"wp-image-5842 size-full\" style=\"object-position:50% 50%\" srcset=\"https:\/\/www.showdowndisplays.eu\/wp-content\/uploads\/2020\/12\/IMG_5980_edit_res-1-1024x683.jpg 1024w, https:\/\/www.showdowndisplays.eu\/wp-content\/uploads\/2020\/12\/IMG_5980_edit_res-1-405x270.jpg 405w, https:\/\/www.showdowndisplays.eu\/wp-content\/uploads\/2020\/12\/IMG_5980_edit_res-1-768x512.jpg 768w, https:\/\/www.showdowndisplays.eu\/wp-content\/uploads\/2020\/12\/IMG_5980_edit_res-1-380x253.jpg 380w, https:\/\/www.showdowndisplays.eu\/wp-content\/uploads\/2020\/12\/IMG_5980_edit_res-1-96x64.jpg 96w, https:\/\/www.showdowndisplays.eu\/wp-content\/uploads\/2020\/12\/IMG_5980_edit_res-1-200x133.jpg 200w, https:\/\/www.showdowndisplays.eu\/wp-content\/uploads\/2020\/12\/IMG_5980_edit_res-1.jpg 1296w\" sizes=\"(max-width: 1024px) 100vw, 1024px\" \/><\/noscript><\/figure><div class=\"wp-block-media-text__content\">\n<div style=\"height:20px\" aria-hidden=\"true\" class=\"wp-block-spacer\"><\/div>\n\n\n\n<h4 class=\"wp-block-heading\" id=\"customisation\">\u0158e\u0161en\u00ed na m\u00edru<\/h4>\n\n\n\n<h2 class=\"wp-block-heading\">Nebojte se vystoupit z davu!<\/h2>\n\n\n\n<p>P\u0159esto\u017ee m\u00e1me jedno z nejv\u011bt\u0161\u00edch produktov\u00fdch portfoli\u00ed v Evrop\u011b, r\u00e1di s V\u00e1mi projedn\u00e1me i Va\u0161e specifick\u00e9 po\u017eadavky a p\u0159iprav\u00edme \u0159e\u0161en\u00ed na m\u00edru. Je na\u010dase se odli\u0161it a vystoupit z davu!<\/p>\n\n\n\n<div class=\"wp-block-buttons is-layout-flex wp-block-buttons-is-layout-flex\">\n<div class=\"wp-block-button\"><a class=\"wp-block-button__link wp-element-button\" href=\"https:\/\/www.showdowndisplays.eu\/cs\/reseni-na-miru\/\">Dozv\u011bd\u011bt se v\u00edce o \u0159e\u0161en\u00ed na m\u00edru<\/a><\/div>\n<\/div>\n\n\n\n<div style=\"height:35px\" aria-hidden=\"true\" class=\"wp-block-spacer\"><\/div>\n<\/div><\/div>\n\n\n\n\n","protected":false},"excerpt":{"rendered":"<p>Tiskov\u00e9 slu\u017eby \u2022 Dropshipping \u2022 Marketingov\u00e1 podpora \u2022 \u0158e\u0161en\u00ed na m\u00edru<\/p>\n","protected":false},"author":3,"featured_media":0,"parent":0,"menu_order":1,"comment_status":"closed","ping_status":"closed","template":"","meta":{"_acf_changed":false,"footnotes":""},"class_list":["post-12335","page","type-page","status-publish","hentry"],"acf":[],"_links":{"self":[{"href":"https:\/\/www.showdowndisplays.eu\/cs\/wp-json\/wp\/v2\/pages\/12335","targetHints":{"allow":["GET"]}}],"collection":[{"href":"https:\/\/www.showdowndisplays.eu\/cs\/wp-json\/wp\/v2\/pages"}],"about":[{"href":"https:\/\/www.showdowndisplays.eu\/cs\/wp-json\/wp\/v2\/types\/page"}],"author":[{"embeddable":true,"href":"https:\/\/www.showdowndisplays.eu\/cs\/wp-json\/wp\/v2\/users\/3"}],"replies":[{"embeddable":true,"href":"https:\/\/www.showdowndisplays.eu\/cs\/wp-json\/wp\/v2\/comments?post=12335"}],"version-history":[{"count":15,"href":"https:\/\/www.showdowndisplays.eu\/cs\/wp-json\/wp\/v2\/pages\/12335\/revisions"}],"predecessor-version":[{"id":51894,"href":"https:\/\/www.showdowndisplays.eu\/cs\/wp-json\/wp\/v2\/pages\/12335\/revisions\/51894"}],"wp:attachment":[{"href":"https:\/\/www.showdowndisplays.eu\/cs\/wp-json\/wp\/v2\/media?parent=12335"}],"curies":[{"name":"wp","href":"https:\/\/api.w.org\/{rel}","templated":true}]}}